{"id":2618,"date":"2026-01-08T12:56:49","date_gmt":"2026-01-08T05:56:49","guid":{"rendered":"https:\/\/3onedatavn.com\/?page_id=2618"},"modified":"2026-01-08T13:07:15","modified_gmt":"2026-01-08T06:07:15","slug":"contact","status":"publish","type":"page","link":"https:\/\/3onedatavn.com\/vi\/contact\/","title":{"rendered":"Contact"},"content":{"rendered":"<div data-elementor-type=\"wp-page\" data-elementor-id=\"2618\" class=\"elementor elementor-2618\" data-elementor-post-type=\"page\">\n\t\t\t\t<div class=\"elementor-element elementor-element-9296b8a brc1 e-flex e-con-boxed e-con e-parent\" data-id=\"9296b8a\" data-element_type=\"container\" data-settings=\"{&quot;background_background&quot;:&quot;classic&quot;}\">\n\t\t\t\t\t<div class=\"e-con-inner\">\n\t\t\t\t<div class=\"elementor-element elementor-element-5255563 brc1t elementor-widget elementor-widget-text-editor\" data-id=\"5255563\" data-element_type=\"widget\" data-widget_type=\"text-editor.default\">\n\t\t\t\t\t\t\t\t\t<div class=\"banner-title\"><strong>Vui l\u00f2ng \u0111\u1ec3 l\u1ea1i th\u00f4ng tin tr\u1ef1c tuy\u1ebfn<\/strong><\/div><div class=\"banner-tip\">D\u00f9 b\u1ea1n c\u1ea7n t\u01b0 v\u1ea5n b\u00e1n h\u00e0ng, d\u1ecbch v\u1ee5 hay h\u1ed7 tr\u1ee3 k\u1ef9 thu\u1eadt, ch\u00fang t\u00f4i lu\u00f4n s\u1eb5n s\u00e0ng h\u1ed7 tr\u1ee3.<\/div>\t\t\t\t\t\t\t\t<\/div>\n\t\t\t\t\t<\/div>\n\t\t\t\t<\/div>\n\t\t<div class=\"elementor-element elementor-element-ad5a75f e-flex e-con-boxed e-con e-parent\" data-id=\"ad5a75f\" data-element_type=\"container\" data-settings=\"{&quot;background_background&quot;:&quot;classic&quot;}\">\n\t\t\t\t\t<div class=\"e-con-inner\">\n\t\t\t\t<div class=\"elementor-element elementor-element-ae4d3ea elementor-widget elementor-widget-html\" data-id=\"ae4d3ea\" data-element_type=\"widget\" data-widget_type=\"html.default\">\n\t\t\t\t\t<div class=\"everest-forms\"><script type='text\/javascript'>\n\/* <![CDATA[ *\/\nvar evf_settings = {\"currency_code\":\"USD\",\"currency_thousands\":\",\",\"currency_decimal\":\".\",\"currency_symbol\":\"$\",\"currency_symbol_pos\":\"left\"}\n\/* ]]> *\/\n<\/script>\n<div class=\"evf-container default\" id=\"evf-2224\"><form id=\"evf-form-2224\" class=\"everest-form\" data-formid=\"2224\" data-ajax_submission=\"0\" data-keyboard_friendly_form=\"0\" data-form_state_type=\"\" method=\"post\" enctype=\"multipart\/form-data\" action=\"\/vi\/wp-json\/wp\/v2\/pages\/2618\" data-trp-original-action=\"\/vi\/wp-json\/wp\/v2\/pages\/2618\"><div class=\"evf-field-container\"><input type=\"hidden\" id=\"_wpnonce2224\" name=\"_wpnonce2224\" value=\"10afdcb7f2\" \/><input type=\"hidden\" name=\"_wp_http_referer\" value=\"\/vi\/wp-json\/wp\/v2\/pages\/2618\" \/><div class=\"evf-frontend-row\" data-row=\"row_1\" conditional_rules=\"[]\"><div class=\"evf-frontend-grid evf-grid-1\" data-grid=\"grid_1\"><div id=\"evf-2224-field_TxKSsBv0vj-7-container\" class=\"evf-field evf-field-html form-row fo-ss\" data-field-id=\"TxKSsBv0vj-7\"><div id=\"evf-2224-field_TxKSsBv0vj-7\" class=\"input-text\" conditional_id=\"TxKSsBv0vj-7\"><div class=\"fo1\">  <div class=\"fo1-tit\"><span>Th\u00f4ng tin c\u1ee7a b\u1ea1n<\/span><\/div>\r\n<\/div><\/div><\/div><div id=\"evf-2224-field_O4GiEANjOL-1-container\" class=\"evf-field evf-field-first-name form-row validate-required\" data-required-field-message=\"Enter contents for the required field\" data-field-id=\"O4GiEANjOL-1\"><label class=\"evf-field-label\" for=\"evf-2224-field_O4GiEANjOL-1\"><span class=\"evf-label\">T\u00ean<\/span> <abbr class=\"required\" title=\"Required\">*<\/abbr><\/label><input type=\"text\" id=\"evf-2224-field_O4GiEANjOL-1\" class=\"input-text\" name=\"everest_forms[form_fields][O4GiEANjOL-1]\" conditional_id=\"O4GiEANjOL-1\" required><\/div><div id=\"evf-2224-field_X0gj12XLvF-2-container\" class=\"evf-field evf-field-last-name form-row validate-required\" data-required-field-message=\"Enter contents for the required field\" data-field-id=\"X0gj12XLvF-2\"><label class=\"evf-field-label\" for=\"evf-2224-field_X0gj12XLvF-2\"><span class=\"evf-label\">H\u1ecd<\/span> <abbr class=\"required\" title=\"Required\">*<\/abbr><\/label><input type=\"text\" id=\"evf-2224-field_X0gj12XLvF-2\" class=\"input-text\" name=\"everest_forms[form_fields][X0gj12XLvF-2]\" conditional_id=\"X0gj12XLvF-2\" required><\/div><div id=\"evf-2224-field_lQTAwTM5aO-3-container\" class=\"evf-field evf-field-country form-row validate-required\" data-required-field-message=\"Enter contents for the required field\" data-field-id=\"lQTAwTM5aO-3\"><label class=\"evf-field-label\" for=\"evf-2224-field_lQTAwTM5aO-3\"><span class=\"evf-label\">Khu v\u1ef1c \/ Qu\u1ed1c gia<\/span> <abbr class=\"required\" title=\"Required\">*<\/abbr><\/label><select id=\"evf-2224-field_lQTAwTM5aO-3\" class=\"input-text\" name=\"everest_forms[form_fields][lQTAwTM5aO-3]\" conditional_id=\"lQTAwTM5aO-3\" required><option value=\"\" class=\"placeholder\" disabled selected>--- Select a country ---<\/option><option value=\"AF\" >Afghanistan<\/option><option value=\"AX\" >\u00c5land Islands<\/option><option value=\"AL\" >Albania<\/option><option value=\"DZ\" >Algeria<\/option><option value=\"AS\" >American Samoa<\/option><option value=\"AD\" >Andorra<\/option><option value=\"AO\" >Angola<\/option><option value=\"AI\" >Anguilla<\/option><option value=\"AQ\" >Antarctica<\/option><option value=\"AG\" >Antigua and Barbuda<\/option><option value=\"AR\" >Argentina<\/option><option value=\"AM\" >Armenia<\/option><option value=\"AW\" >Aruba<\/option><option value=\"AU\" >Australia<\/option><option value=\"AT\" >Austria<\/option><option value=\"AZ\" >Azerbaijan<\/option><option value=\"BS\" >Bahamas<\/option><option value=\"BH\" >Bahrain<\/option><option value=\"BD\" >Bangladesh<\/option><option value=\"BB\" >Barbados<\/option><option value=\"BY\" >Belarus<\/option><option value=\"BE\" >Belgium<\/option><option value=\"PW\" >Belau<\/option><option value=\"BZ\" >Belize<\/option><option value=\"BJ\" >Benin<\/option><option value=\"BM\" >Bermuda<\/option><option value=\"BT\" >Bhutan<\/option><option value=\"BO\" >Bolivia<\/option><option value=\"BQ\" >Bonaire, Saint Eustatius and Saba<\/option><option value=\"BA\" >Bosnia and Herzegovina<\/option><option value=\"BW\" >Botswana<\/option><option value=\"BV\" >Bouvet Island<\/option><option value=\"BR\" >Brazil<\/option><option value=\"IO\" >British Indian Ocean Territory<\/option><option value=\"BN\" >Brunei<\/option><option value=\"BG\" >Bulgaria<\/option><option value=\"BF\" >Burkina Faso<\/option><option value=\"BI\" >Burundi<\/option><option value=\"KH\" >Cambodia<\/option><option value=\"CM\" >Cameroon<\/option><option value=\"CA\" >Canada<\/option><option value=\"CV\" >Cape Verde<\/option><option value=\"KY\" >Cayman Islands<\/option><option value=\"CF\" >Central African Republic<\/option><option value=\"TD\" >Chad<\/option><option value=\"CL\" >Chile<\/option><option value=\"CN\" >China<\/option><option value=\"CX\" >Christmas Island<\/option><option value=\"CC\" >Cocos (Keeling) Islands<\/option><option value=\"CO\" >Colombia<\/option><option value=\"KM\" >Comoros<\/option><option value=\"CG\" >Congo (Brazzaville)<\/option><option value=\"CD\" >Congo (Kinshasa)<\/option><option value=\"CK\" >Cook Islands<\/option><option value=\"CR\" >Costa Rica<\/option><option value=\"HR\" >Croatia<\/option><option value=\"CU\" >Cuba<\/option><option value=\"CW\" >Cura&ccedil;ao<\/option><option value=\"CY\" >Cyprus<\/option><option value=\"CZ\" >Czech Republic<\/option><option value=\"DK\" >Denmark<\/option><option value=\"DJ\" >Djibouti<\/option><option value=\"DM\" >Dominica<\/option><option value=\"DO\" >Dominican Republic<\/option><option value=\"EC\" >Ecuador<\/option><option value=\"EG\" >Egypt<\/option><option value=\"SV\" >El Salvador<\/option><option value=\"GQ\" >Equatorial Guinea<\/option><option value=\"ER\" >Eritrea<\/option><option value=\"EE\" >Estonia<\/option><option value=\"ET\" >Ethiopia<\/option><option value=\"FK\" >Falkland Islands<\/option><option value=\"FO\" >Faroe Islands<\/option><option value=\"FJ\" >Fiji<\/option><option value=\"FI\" >Finland<\/option><option value=\"FR\" >France<\/option><option value=\"GF\" >French Guiana<\/option><option value=\"PF\" >French Polynesia<\/option><option value=\"TF\" >French Southern Territories<\/option><option value=\"GA\" >Gabon<\/option><option value=\"GM\" >Gambia<\/option><option value=\"GE\" >Georgia<\/option><option value=\"DE\" >Germany<\/option><option value=\"GH\" >Ghana<\/option><option value=\"GI\" >Gibraltar<\/option><option value=\"GR\" >Greece<\/option><option value=\"GL\" >Greenland<\/option><option value=\"GD\" >Grenada<\/option><option value=\"GP\" >Guadeloupe<\/option><option value=\"GU\" >Guam<\/option><option value=\"GT\" >Guatemala<\/option><option value=\"GG\" >Guernsey<\/option><option value=\"GN\" >Guinea<\/option><option value=\"GW\" >Guinea-Bissau<\/option><option value=\"GY\" >Guyana<\/option><option value=\"HT\" >Haiti<\/option><option value=\"HM\" >Heard Island and McDonald Islands<\/option><option value=\"HN\" >Honduras<\/option><option value=\"HK\" >Hong Kong<\/option><option value=\"HU\" >Hungary<\/option><option value=\"IS\" >Iceland<\/option><option value=\"IN\" >India<\/option><option value=\"ID\" >Indonesia<\/option><option value=\"IR\" >Iran<\/option><option value=\"IQ\" >Iraq<\/option><option value=\"IE\" >Ireland<\/option><option value=\"IM\" >Isle of Man<\/option><option value=\"IL\" >Israel<\/option><option value=\"IT\" >Italy<\/option><option value=\"CI\" >Ivory Coast<\/option><option value=\"JM\" >Jamaica<\/option><option value=\"JP\" >Japan<\/option><option value=\"JE\" >Jersey<\/option><option value=\"JO\" >Jordan<\/option><option value=\"KZ\" >Kazakhstan<\/option><option value=\"KE\" >Kenya<\/option><option value=\"KI\" >Kiribati<\/option><option value=\"KW\" >Kuwait<\/option><option value=\"XK\" >Kosovo<\/option><option value=\"KG\" >Kyrgyzstan<\/option><option value=\"LA\" >Laos<\/option><option value=\"LV\" >Latvia<\/option><option value=\"LB\" >Lebanon<\/option><option value=\"LS\" >Lesotho<\/option><option value=\"LR\" >Liberia<\/option><option value=\"LY\" >Libya<\/option><option value=\"LI\" >Liechtenstein<\/option><option value=\"LT\" >Lithuania<\/option><option value=\"LU\" >Luxembourg<\/option><option value=\"MO\" >Macao<\/option><option value=\"MK\" >North Macedonia<\/option><option value=\"MG\" >Madagascar<\/option><option value=\"MW\" >Malawi<\/option><option value=\"MY\" >Malaysia<\/option><option value=\"MV\" >Maldives<\/option><option value=\"ML\" >Mali<\/option><option value=\"MT\" >Malta<\/option><option value=\"MH\" >Marshall Islands<\/option><option value=\"MQ\" >Martinique<\/option><option value=\"MR\" >Mauritania<\/option><option value=\"MU\" >Mauritius<\/option><option value=\"YT\" >Mayotte<\/option><option value=\"MX\" >Mexico<\/option><option value=\"FM\" >Micronesia<\/option><option value=\"MD\" >Moldova<\/option><option value=\"MC\" >Monaco<\/option><option value=\"MN\" >Mongolia<\/option><option value=\"ME\" >Montenegro<\/option><option value=\"MS\" >Montserrat<\/option><option value=\"MA\" >Morocco<\/option><option value=\"MZ\" >Mozambique<\/option><option value=\"MM\" >Myanmar<\/option><option value=\"NA\" >Namibia<\/option><option value=\"NR\" >Nauru<\/option><option value=\"NP\" >Nepal<\/option><option value=\"NL\" >Netherlands<\/option><option value=\"NC\" >New Caledonia<\/option><option value=\"NZ\" >New Zealand<\/option><option value=\"NI\" >Nicaragua<\/option><option value=\"NE\" >Niger<\/option><option value=\"NG\" >Nigeria<\/option><option value=\"NU\" >Niue<\/option><option value=\"NF\" >Norfolk Island<\/option><option value=\"MP\" >Northern Mariana Islands<\/option><option value=\"KP\" >North Korea<\/option><option value=\"NO\" >Norway<\/option><option value=\"OM\" >Oman<\/option><option value=\"PK\" >Pakistan<\/option><option value=\"PS\" >Palestinian Territory<\/option><option value=\"PA\" >Panama<\/option><option value=\"PG\" >Papua New Guinea<\/option><option value=\"PY\" >Paraguay<\/option><option value=\"PE\" >Peru<\/option><option value=\"PH\" >Philippines<\/option><option value=\"PN\" >Pitcairn<\/option><option value=\"PL\" >Poland<\/option><option value=\"PT\" >Portugal<\/option><option value=\"PR\" >Puerto Rico<\/option><option value=\"QA\" >Qatar<\/option><option value=\"RE\" >Reunion<\/option><option value=\"RO\" >Romania<\/option><option value=\"RU\" >Russia<\/option><option value=\"RW\" >Rwanda<\/option><option value=\"BL\" >Saint Barth&eacute;lemy<\/option><option value=\"SH\" >Saint Helena<\/option><option value=\"KN\" >Saint Kitts and Nevis<\/option><option value=\"LC\" >Saint Lucia<\/option><option value=\"MF\" >Saint Martin (French part)<\/option><option value=\"SX\" >Saint Martin (Dutch part)<\/option><option value=\"PM\" >Saint Pierre and Miquelon<\/option><option value=\"VC\" >Saint Vincent and the Grenadines<\/option><option value=\"SM\" >San Marino<\/option><option value=\"ST\" >S&atilde;o Tom&eacute; and Pr&iacute;ncipe<\/option><option value=\"SA\" >Saudi Arabia<\/option><option value=\"SN\" >Senegal<\/option><option value=\"RS\" >Serbia<\/option><option value=\"SC\" >Seychelles<\/option><option value=\"SL\" >Sierra Leone<\/option><option value=\"SG\" >Singapore<\/option><option value=\"SK\" >Slovakia<\/option><option value=\"SI\" >Slovenia<\/option><option value=\"SB\" >Solomon Islands<\/option><option value=\"SO\" >Somalia<\/option><option value=\"ZA\" >South Africa<\/option><option value=\"GS\" >South Georgia\/Sandwich Islands<\/option><option value=\"KR\" >South Korea<\/option><option value=\"SS\" >South Sudan<\/option><option value=\"ES\" >Spain<\/option><option value=\"LK\" >Sri Lanka<\/option><option value=\"SD\" >Sudan<\/option><option value=\"SR\" >Suriname<\/option><option value=\"SJ\" >Svalbard and Jan Mayen<\/option><option value=\"SZ\" >Swaziland<\/option><option value=\"SE\" >Sweden<\/option><option value=\"CH\" >Switzerland<\/option><option value=\"SY\" >Syria<\/option><option value=\"TW\" >Taiwan<\/option><option value=\"TJ\" >Tajikistan<\/option><option value=\"TZ\" >Tanzania<\/option><option value=\"TH\" >Thailand<\/option><option value=\"TL\" >Timor-Leste<\/option><option value=\"TG\" >Togo<\/option><option value=\"TK\" >Tokelau<\/option><option value=\"TO\" >Tonga<\/option><option value=\"TT\" >Trinidad and Tobago<\/option><option value=\"TN\" >Tunisia<\/option><option value=\"TR\" >Turkey<\/option><option value=\"TM\" >Turkmenistan<\/option><option value=\"TC\" >Turks and Caicos Islands<\/option><option value=\"TV\" >Tuvalu<\/option><option value=\"UG\" >Uganda<\/option><option value=\"UA\" >Ukraine<\/option><option value=\"AE\" >United Arab Emirates<\/option><option value=\"GB\" >United Kingdom (UK)<\/option><option value=\"US\" >United States (US)<\/option><option value=\"UM\" >United States (US) Minor Outlying Islands<\/option><option value=\"UY\" >Uruguay<\/option><option value=\"UZ\" >Uzbekistan<\/option><option value=\"VU\" >Vanuatu<\/option><option value=\"VA\" >Vatican<\/option><option value=\"VE\" >Venezuela<\/option><option value=\"VN\" >Vietnam<\/option><option value=\"VG\" >Virgin Islands (British)<\/option><option value=\"VI\" >Virgin Islands (US)<\/option><option value=\"WF\" >Wallis and Futuna<\/option><option value=\"EH\" >Western Sahara<\/option><option value=\"WS\" >Samoa<\/option><option value=\"YE\" >Yemen<\/option><option value=\"ZM\" >Zambia<\/option><option value=\"ZW\" >Zimbabwe<\/option><\/select><\/div><div id=\"evf-2224-field_OUUKxH53V0-4-container\" class=\"evf-field evf-field-email form-row validate-required validate-email\" data-required-field-message=\"Enter the message for the valid email\" data-field-id=\"OUUKxH53V0-4\"><label class=\"evf-field-label\" for=\"evf-2224-field_OUUKxH53V0-4\"><span class=\"evf-label\">Email<\/span> <abbr class=\"required\" title=\"Required\">*<\/abbr><\/label><input type=\"email\" id=\"evf-2224-field_OUUKxH53V0-4\" class=\"input-text\" name=\"everest_forms[form_fields][OUUKxH53V0-4]\" conditional_id=\"OUUKxH53V0-4\" required><\/div><div id=\"evf-2224-field_f575dkjfvc-6-container\" class=\"evf-field evf-field-text form-row validate-required\" data-required-field-message=\"Enter contents for the required field\" data-field-id=\"f575dkjfvc-6\"><label class=\"evf-field-label\" for=\"evf-2224-field_f575dkjfvc-6\"><span class=\"evf-label\">T\u00ean c\u00f4ng ty<\/span> <abbr class=\"required\" title=\"Required\">*<\/abbr><\/label><input type=\"text\" id=\"evf-2224-field_f575dkjfvc-6\" class=\"input-text\" name=\"everest_forms[form_fields][f575dkjfvc-6]\" conditional_id=\"f575dkjfvc-6\" required><\/div><div id=\"evf-2224-field_6CTuudBbfq-5-container\" class=\"evf-field evf-field-phone form-row validate-required validate-phone\" data-required-field-message=\"Enter the message for valid phone number.\" data-field-id=\"6CTuudBbfq-5\"><label class=\"evf-field-label\" for=\"evf-2224-field_6CTuudBbfq-5\"><span class=\"evf-label\">S\u1ed1 \u0111i\u1ec7n tho\u1ea1i<\/span> <abbr class=\"required\" title=\"Required\">*<\/abbr><\/label><input type=\"tel\" id=\"evf-2224-field_6CTuudBbfq-5\" class=\"input-text evf-masked-input\" data-rule-phone-field=\"true\" data-inputmask-mask=\"(999) 999-9999\" name=\"everest_forms[form_fields][6CTuudBbfq-5]\" conditional_id=\"6CTuudBbfq-5\" required><\/div><\/div><\/div><div class=\"evf-frontend-row\" data-row=\"row_2\" conditional_rules=\"[]\"><div class=\"evf-frontend-grid evf-grid-1\" data-grid=\"grid_1\"><div id=\"evf-2224-field_lt6ZLvXmzM-8-container\" class=\"evf-field evf-field-html form-row fo-ss\" data-field-id=\"lt6ZLvXmzM-8\"><div id=\"evf-2224-field_lt6ZLvXmzM-8\" class=\"input-text\" conditional_id=\"lt6ZLvXmzM-8\"><div class=\"fo1\">\r\n  <div class=\"fo1-tit\"><span>Lo\u1ea1i y\u00eau c\u1ea7u<\/span><\/div>\r\n<\/div><\/div><\/div><div id=\"evf-2224-field_nG4pGsXVD9-9-container\" class=\"evf-field evf-field-select form-row w30 validate-required\" data-required-field-message=\"Enter contents for the required field\" data-field-id=\"nG4pGsXVD9-9\"><label class=\"evf-field-label\" for=\"evf-2224-field_nG4pGsXVD9-9\"><span class=\"evf-label\">Lo\u1ea1i nhu c\u1ea7u<\/span> <abbr class=\"required\" title=\"Required\">*<\/abbr><\/label><select id=\"evf-2224-field_nG4pGsXVD9-9\" class=\"input-text evf-field-required\" name=\"everest_forms[form_fields][nG4pGsXVD9-9]\" required=\"required\" conditional_id=\"nG4pGsXVD9-9\" ><option value=\"Pricing\/Quotes\" >Pricing\/Quotes<\/option><option value=\"Website Feedback\" >Website Feedback<\/option><\/select><\/div><div id=\"evf-2224-field_uSsdCvezY5-10-container\" class=\"evf-field evf-field-text form-row w70 validate-required\" data-required-field-message=\"Enter contents for the required field\" data-field-id=\"uSsdCvezY5-10\"><label class=\"evf-field-label\" for=\"evf-2224-field_uSsdCvezY5-10\"><span class=\"evf-label\">Ti\u00eau \u0111\u1ec1<\/span> <abbr class=\"required\" title=\"Required\">*<\/abbr><\/label><input type=\"text\" id=\"evf-2224-field_uSsdCvezY5-10\" class=\"input-text\" name=\"everest_forms[form_fields][uSsdCvezY5-10]\" conditional_id=\"uSsdCvezY5-10\" required><\/div><div id=\"evf-2224-field_o9S6NwTle2-11-container\" class=\"evf-field evf-field-textarea form-row textarea\" data-field-id=\"o9S6NwTle2-11\"><label class=\"evf-field-label\" for=\"evf-2224-field_o9S6NwTle2-11\"><span class=\"evf-label\">N\u1ed9i dung tin nh\u1eafn<\/span> <\/label><textarea id=\"evf-2224-field_o9S6NwTle2-11\" class=\"input-text\" name=\"everest_forms[form_fields][o9S6NwTle2-11]\" placeholder=\"Vui l\u00f2ng m\u00f4 t\u1ea3 ng\u1eafn g\u1ecdn y\u00eau c\u1ea7u c\u1ee7a b\u1ea1n v\u00e0 c\u00e1ch ch\u00fang t\u00f4i c\u00f3 th\u1ec3 h\u1ed7 tr\u1ee3\" conditional_id=\"o9S6NwTle2-11\"  ><\/textarea><\/div><div id=\"evf-2224-field_9haW5dZPKK-12-container\" class=\"evf-field evf-field-privacy-policy form-row validate-required\" data-required-field-message=\"Enter contents for the required field\" data-field-id=\"9haW5dZPKK-12\"><label class=\"evf-field-label evf-label-hide\" for=\"evf-2224-field_9haW5dZPKK-12\"><span class=\"evf-label\">Privacy Policy<\/span> <abbr class=\"required\" title=\"Required\">*<\/abbr><\/label><input type=\"checkbox\" value=\"I have read and agree to [3onedata Privacy Policy](https:\/\/3onedatavn.com)\" id=\"evf-2224-field_9haW5dZPKK-12\" class=\"input-text\" name=\"everest_forms[form_fields][9haW5dZPKK-12]\" conditional_id=\"9haW5dZPKK-12\" required \/><label class=\"evf-privacy-policy-consent-message\" for=\"evf-2224-field_9haW5dZPKK-12\">T\u00f4i \u0111\u00e3 \u0111\u1ecdc v\u00e0 \u0111\u1ed3ng \u00fd v\u1edbi <a data-page-id=\"\" target=\"_blank\" rel=\"noopener noreferrer nofollow\" href=\"https:\/\/3onedatavn.com\" class=\"\">Ch\u00ednh s\u00e1ch b\u1ea3o m\u1eadt c\u1ee7a 3onedata<\/a><\/label><div class=\"evf-privacy-policy-local-page-contents\"><\/div><\/div><div id=\"evf-2224-field_SiY30oZ7Dr-13-container\" class=\"evf-field evf-field-html form-row\" data-field-id=\"SiY30oZ7Dr-13\"><div id=\"evf-2224-field_SiY30oZ7Dr-13\" class=\"input-text\" conditional_id=\"SiY30oZ7Dr-13\"><button style=\"background: #2b99f4!important\" type=\"submit\" name=\"everest_forms[submit]\" class=\"everest-forms-submit-button button evf-submit\" id=\"evf-submit-2224\" value=\"evf-submit\" data-process-text=\"Processing\u2026\" aria-live=\"assertive\">G\u1eedi y\u00eau c\u1ea7u<\/button><\/div><\/div><\/div><\/div><\/div><div class=\"evf-honeypot-container evf-field-hp\"><label for=\"evf-2224-field-hp\" class=\"evf-field-label\">S\u1ed1 \u0111i\u1ec7n tho\u1ea1i<\/label><input type=\"text\" name=\"everest_forms[hp]\" id=\"evf-2224-field-hp\" class=\"input-text\"><\/div><div class=\"evf-submit-container\" ><input type=\"hidden\" name=\"everest_forms[id]\" value=\"2224\"><input type=\"hidden\" name=\"everest_forms[author]\" value=\"1\"><button type='submit' name='everest_forms[submit]' class='everest-forms-submit-button button evf-submit' id='evf-submit-2224' value='evf-submit' data-process-text=\"Processing\u2026\" conditional_rules='&quot;&quot;' conditional_id='evf-submit-2224'  aria-live=\"assertive\">G\u1eedi y\u00eau c\u1ea7u<\/button><\/div><input type=\"hidden\" name=\"trp-form-language\" value=\"vi\"\/><\/form><\/div><!-- .evf-container --><\/div>\t\t\t\t<\/div>\n\t\t\t\t\t<\/div>\n\t\t\t\t<\/div>\n\t\t\t\t<\/div>","protected":false},"excerpt":{"rendered":"<p>Leave an online messageWhether it&#8217;s for sales, service, or support<\/p>","protected":false},"author":1,"featured_media":0,"parent":0,"menu_order":0,"comment_status":"closed","ping_status":"closed","template":"elementor_header_footer","meta":{"footnotes":""},"class_list":["post-2618","page","type-page","status-publish","hentry"],"blocksy_meta":[],"acf":[],"_links":{"self":[{"href":"https:\/\/3onedatavn.com\/vi\/wp-json\/wp\/v2\/pages\/2618","targetHints":{"allow":["GET"]}}],"collection":[{"href":"https:\/\/3onedatavn.com\/vi\/wp-json\/wp\/v2\/pages"}],"about":[{"href":"https:\/\/3onedatavn.com\/vi\/wp-json\/wp\/v2\/types\/page"}],"author":[{"embeddable":true,"href":"https:\/\/3onedatavn.com\/vi\/wp-json\/wp\/v2\/users\/1"}],"replies":[{"embeddable":true,"href":"https:\/\/3onedatavn.com\/vi\/wp-json\/wp\/v2\/comments?post=2618"}],"version-history":[{"count":3,"href":"https:\/\/3onedatavn.com\/vi\/wp-json\/wp\/v2\/pages\/2618\/revisions"}],"predecessor-version":[{"id":2628,"href":"https:\/\/3onedatavn.com\/vi\/wp-json\/wp\/v2\/pages\/2618\/revisions\/2628"}],"wp:attachment":[{"href":"https:\/\/3onedatavn.com\/vi\/wp-json\/wp\/v2\/media?parent=2618"}],"curies":[{"name":"wp","href":"https:\/\/api.w.org\/{rel}","templated":true}]}}