{"id":1526,"date":"2025-12-30T17:01:22","date_gmt":"2025-12-30T10:01:22","guid":{"rendered":"https:\/\/3onedatavn.com\/?post_type=product&#038;p=1526"},"modified":"2026-01-12T09:52:37","modified_gmt":"2026-01-12T02:52:37","slug":"ics5556-series","status":"publish","type":"product","link":"https:\/\/3onedatavn.com\/vi\/san-pham\/ics5556-series\/","title":{"rendered":"ICS5556 Series"},"content":{"rendered":"<h2>T\u1ed5ng quan v\u1ec1 b\u1ed9 chuy\u1ec3n m\u1ea1ch Ethernet qu\u1ea3n l\u00fd l\u1edbp 3 56 c\u1ed5ng 10G Modular  c\u1ee7a 3onedata, d\u00f2ng  ICS5556<\/h2>\n<p>D\u00f2ng ICS5556 l\u00e0 switch Ethernet Layer 3 Gigabit\/10 Gigabit v\u1edbi t\u1ed5ng c\u1ed9ng 56 c\u1ed5ng, s\u1eed d\u1ee5ng thi\u1ebft k\u1ebf c\u1ea5u tr\u00fac m\u00f4-\u0111un v\u00e0 h\u1ed7 tr\u1ee3 nhi\u1ec1u t\u1ed5 h\u1ee3p khung m\u00e1y v\u00e0 card m\u1edf r\u1ed9ng kh\u00e1c nhau. Khung m\u00e1y h\u1ed7 tr\u1ee3 8 khe c\u1eafm SFP+ 10 Gigabit; c\u00e1c card m\u1edf r\u1ed9ng h\u1ed7 tr\u1ee3 12 c\u1ed5ng SFP Gigabit ho\u1eb7c 12 c\u1ed5ng RJ45 Gigabit (t\u00f9y ch\u1ecdn). To\u00e0n b\u1ed9 thi\u1ebft b\u1ecb \u0111\u01b0\u1ee3c thi\u1ebft k\u1ebf l\u1eafp \u0111\u1eb7t rack chu\u1ea9n 2U. V\u1edbi s\u1ed1 l\u01b0\u1ee3ng giao di\u1ec7n phong ph\u00fa, b\u0103ng th\u00f4ng k\u1ebft h\u1ee3p Gigabit\/10 Gigabit c\u00f9ng kh\u1ea3 n\u0103ng truy\u1ec1n t\u1ea3i kh\u1ed1i l\u01b0\u1ee3ng l\u1edbn d\u1eef li\u1ec7u video, tho\u1ea1i v\u00e0 d\u1eef li\u1ec7u v\u1edbi hi\u1ec7u n\u0103ng cao v\u00e0 t\u1ed1c \u0111\u1ed9 v\u01b0\u1ee3t tr\u1ed9i, s\u1ea3n ph\u1ea9m \u0111\u00e1p \u1ee9ng t\u1ed1t c\u00e1c y\u00eau c\u1ea7u \u1ee9ng d\u1ee5ng c\u1ee7a m\u1ea1ng c\u00f4ng nghi\u1ec7p quy m\u00f4 l\u1edbn.<br \/>\nH\u1ec7 th\u1ed1ng qu\u1ea3n l\u00fd m\u1ea1ng h\u1ed7 tr\u1ee3 \u0111a d\u1ea1ng c\u00e1c giao th\u1ee9c m\u1ea1ng v\u00e0 ti\u00eau chu\u1ea9n c\u00f4ng nghi\u1ec7p nh\u01b0: ARP, VRRP, RIP, OSPF, BGP, NAT, ERPS, STP\/RSTP\/MSTP, VLAN 802.1Q, ch\u1ee9c n\u0103ng QoS, IGMP Snooping v\u00e0 multicast t\u0129nh, PIM, LLDP, g\u1ed9p c\u1ed5ng (port trunking), nh\u00e2n b\u1ea3n c\u1ed5ng (port mirror), v.v. H\u1ec7 th\u1ed1ng \u0111\u01b0\u1ee3c trang b\u1ecb \u0111\u1ea7y \u0111\u1ee7 c\u00e1c ch\u1ee9c n\u0103ng qu\u1ea3n l\u00fd, h\u1ed7 tr\u1ee3 c\u1ea5u h\u00ecnh c\u1ed5ng, th\u1ed1ng k\u00ea c\u1ed5ng, ch\u1ea9n \u0111o\u00e1n m\u1ea1ng, c\u1ea5u h\u00ecnh nhanh, n\u00e2ng c\u1ea5p tr\u1ef1c tuy\u1ebfn, ph\u00e1t hi\u1ec7n v\u00f2ng l\u1eb7p (loop detection), v.v. Thi\u1ebft b\u1ecb h\u1ed7 tr\u1ee3 nhi\u1ec1u ph\u01b0\u01a1ng th\u1ee9c truy c\u1eadp v\u00e0 qu\u1ea3n l\u00fd nh\u01b0 CLI, WEB, Telnet, SSH, SNMP, c\u00f9ng c\u00e1c ph\u01b0\u01a1ng th\u1ee9c kh\u00e1c. V\u1edbi thi\u1ebft k\u1ebf giao di\u1ec7n th\u00e2n thi\u1ec7n v\u00e0 thao t\u00e1c \u0111\u01a1n gi\u1ea3n, h\u1ec7 th\u1ed1ng qu\u1ea3n l\u00fd m\u1ea1ng mang l\u1ea1i tr\u1ea3i nghi\u1ec7m ng\u01b0\u1eddi d\u00f9ng thu\u1eadn ti\u1ec7n v\u00e0 hi\u1ec7u qu\u1ea3.<br \/>\n\u201cN\u00fat RESET c\u00f3 th\u1ec3 \u0111\u01b0\u1ee3c s\u1eed d\u1ee5ng \u0111\u1ec3 kh\u1edfi \u0111\u1ed9ng l\u1ea1i thi\u1ebft b\u1ecb v\u00e0 kh\u00f4i ph\u1ee5c c\u00e0i \u0111\u1eb7t g\u1ed1c. S\u1ea3n ph\u1ea9m h\u1ed7 tr\u1ee3 ngu\u1ed3n AC d\u1ef1 ph\u00f2ng; ngu\u1ed3n \u0111\u1ea7u v\u00e0o bao g\u1ed3m hai m\u00f4-\u0111un ngu\u1ed3n \u0111\u1ed9c l\u1eadp, \u0111\u1ea3m b\u1ea3o thi\u1ebft b\u1ecb v\u1eabn ho\u1ea1t \u0111\u1ed9ng b\u00ecnh th\u01b0\u1eddng khi m\u1ed9t ngu\u1ed3n g\u1eb7p s\u1ef1 c\u1ed1. Khi x\u1ea3y ra l\u1ed7i ngu\u1ed3n ho\u1eb7c l\u1ed7i li\u00ean k\u1ebft, \u0111\u00e8n ch\u1ec9 th\u1ecb ALM s\u1ebd s\u00e1ng v\u00e0 ph\u00e1t t\u00edn hi\u1ec7u c\u1ea3nh b\u00e1o; \u0111\u1ed3ng th\u1eddi, thi\u1ebft b\u1ecb b\u00e1o \u0111\u1ed9ng \u0111\u01b0\u1ee3c k\u1ebft n\u1ed1i qua r\u01a1-le c\u0169ng s\u1ebd ph\u00e1t c\u1ea3nh b\u00e1o \u0111\u1ec3 h\u1ed7 tr\u1ee3 x\u1eed l\u00fd s\u1ef1 c\u1ed1 nhanh ch\u00f3ng t\u1ea1i hi\u1ec7n tr\u01b0\u1eddng. Ph\u1ea7n c\u1ee9ng \u0111\u01b0\u1ee3c thi\u1ebft k\u1ebf v\u1edbi d\u1ea3i nhi\u1ec7t \u0111\u1ed9 v\u00e0 \u0111i\u1ec7n \u00e1p r\u1ed9ng, \u0111\u00e3 v\u01b0\u1ee3t qua c\u00e1c th\u1eed nghi\u1ec7m ti\u00eau chu\u1ea9n c\u00f4ng nghi\u1ec7p nghi\u00eam ng\u1eb7t, ph\u00f9 h\u1ee3p v\u1edbi m\u00f4i tr\u01b0\u1eddng c\u00f4ng nghi\u1ec7p c\u00f3 y\u00eau c\u1ea7u kh\u1eaft khe v\u1ec1 EMC. S\u1ea3n ph\u1ea9m \u0111\u01b0\u1ee3c \u1ee9ng d\u1ee5ng r\u1ed9ng r\u00e3i trong c\u00e1c l\u0129nh v\u1ef1c nh\u01b0 l\u01b0\u1edbi \u0111i\u1ec7n th\u00f4ng minh, giao th\u00f4ng \u0111\u01b0\u1eddng s\u1eaft, th\u00e0nh ph\u1ed1 th\u00f4ng minh, th\u00e0nh ph\u1ed1 an ninh, n\u0103ng l\u01b0\u1ee3ng m\u1edbi, s\u1ea3n xu\u1ea5t th\u00f4ng minh v\u00e0 c\u00e1c ng\u00e0nh c\u00f4ng nghi\u1ec7p kh\u00e1c<\/p>\n<p><strong>T\u00ednh n\u0103ng b\u1ed5 sung<\/strong><br \/>\nSNMPv1\/v2c\/v3 \u0111\u01b0\u1ee3c s\u1eed d\u1ee5ng cho qu\u1ea3n l\u00fd m\u1ea1ng \u1edf nhi\u1ec1u c\u1ea5p \u0111\u1ed9 kh\u00e1c nhau<br \/>\nRMON c\u00f3 th\u1ec3 \u0111\u01b0\u1ee3c s\u1eed d\u1ee5ng \u0111\u1ec3 gi\u00e1m s\u00e1t m\u1ea1ng m\u1ed9t c\u00e1ch hi\u1ec7u qu\u1ea3 v\u00e0 linh ho\u1ea1t<br \/>\nPort mirroring cho ph\u00e9p ph\u00e2n t\u00edch v\u00e0 gi\u00e1m s\u00e1t d\u1eef li\u1ec7u, thu\u1eadn ti\u1ec7n cho vi\u1ec7c g\u1ee1 l\u1ed7i (debug) tr\u1ef1c tuy\u1ebfn<br \/>\nQoS h\u1ed7 tr\u1ee3 ph\u00e2n lo\u1ea1i l\u01b0u l\u01b0\u1ee3ng th\u1eddi gian th\u1ef1c v\u00e0 thi\u1ebft l\u1eadp m\u1ee9c \u0111\u1ed9 \u01b0u ti\u00ean<br \/>\nLLDP cho ph\u00e9p t\u1ef1 \u0111\u1ed9ng ph\u00e1t hi\u1ec7n c\u1ea5u tr\u00fac li\u00ean k\u1ebft (topology), thu\u1eadn ti\u1ec7n cho qu\u1ea3n l\u00fd tr\u1ef1c quan<br \/>\nDHCP Server c\u00f3 th\u1ec3 \u0111\u01b0\u1ee3c s\u1eed d\u1ee5ng \u0111\u1ec3 ph\u00e2n ph\u1ed1i \u0111\u1ecba ch\u1ec9 IP theo nhi\u1ec1u chi\u1ebfn l\u01b0\u1ee3c kh\u00e1c nhau<br \/>\nDHCP Snooping gi\u00fap \u0111\u1ea3m b\u1ea3o c\u00e1c DHCP client ch\u1ec9 nh\u1eadn \u0111\u1ecba ch\u1ec9 IP t\u1eeb DHCP Server h\u1ee3p l\u1ec7<br \/>\nCh\u1ee9c n\u0103ng DHCP Relay cho ph\u00e9p c\u1ea5u h\u00ecnh \u0111\u1ecba ch\u1ec9 IP, gateway v\u00e0 DNS xuy\u00ean qua c\u00e1c ph\u00e2n \u0111o\u1ea1n m\u1ea1ng kh\u00e1c nhau<br \/>\nQu\u1ea3n l\u00fd file gi\u00fap c\u1ea5u h\u00ecnh thi\u1ebft b\u1ecb nhanh ch\u00f3ng v\u00e0 n\u00e2ng c\u1ea5p tr\u1ef1c tuy\u1ebfn thu\u1eadn ti\u1ec7n<br \/>\nQu\u1ea3n l\u00fd log ghi l\u1ea1i th\u00f4ng tin kh\u1edfi \u0111\u1ed9ng, v\u1eadn h\u00e0nh v\u00e0 k\u1ebft n\u1ed1i c\u1ee7a thi\u1ebft b\u1ecb<br \/>\nQu\u1ea3n l\u00fd b\u0103ng th\u00f4ng cho ph\u00e9p ph\u00e2n b\u1ed5 b\u0103ng th\u00f4ng m\u1ea1ng m\u1ed9t c\u00e1ch h\u1ee3p l\u00fd, ng\u0103n ng\u1eeba c\u00e1c tr\u1ea1ng th\u00e1i m\u1ea1ng kh\u00f4ng th\u1ec3 d\u1ef1 \u0111o\u00e1n<br \/>\nPort statistics \u0111\u01b0\u1ee3c s\u1eed d\u1ee5ng \u0111\u1ec3 th\u1ed1ng k\u00ea l\u01b0u l\u01b0\u1ee3ng th\u1eddi gian th\u1ef1c c\u1ee7a t\u1eebng c\u1ed5ng<br \/>\nARP \u0111\u01b0\u1ee3c s\u1eed d\u1ee5ng \u0111\u1ec3 ph\u00e2n gi\u1ea3i \u0111\u1ecba ch\u1ec9 MAC<br \/>\nM\u1eadt kh\u1ea9u ng\u01b0\u1eddi d\u00f9ng cho ph\u00e9p qu\u1ea3n l\u00fd ng\u01b0\u1eddi d\u00f9ng theo ph\u00e2n c\u1ea5p, gi\u00fap n\u00e2ng cao t\u00ednh b\u1ea3o m\u1eadt trong qu\u1ea3n l\u00fd thi\u1ebft b\u1ecb<br \/>\nACL gi\u00fap n\u00e2ng cao t\u00ednh linh ho\u1ea1t v\u00e0 b\u1ea3o m\u1eadt c\u1ee7a m\u1ea1ng<br \/>\nStorm suppression c\u00f3 th\u1ec3 h\u1ea1n ch\u1ebf ph\u00e1t s\u00f3ng, ph\u00e1t \u0111a \u0111i\u1ec3m kh\u00f4ng x\u00e1c \u0111\u1ecbnh v\u00e0 ph\u00e1t \u0111\u01a1n \u0111i\u1ec3m<br \/>\nC\u1ea5u h\u00ecnh qua TELNET v\u00e0 SSH \u0111\u1ea3m b\u1ea3o truy c\u1eadp d\u1eef li\u1ec7u an to\u00e0n<br \/>\nVLAN \u0111\u01b0\u1ee3c s\u1eed d\u1ee5ng \u0111\u1ec3 \u0111\u01a1n gi\u1ea3n h\u00f3a vi\u1ec7c l\u1eadp k\u1ebf ho\u1ea1ch m\u1ea1ng<br \/>\nPort Trunking c\u00f3 th\u1ec3 t\u0103ng b\u0103ng th\u00f4ng m\u1ea1ng v\u00e0 n\u00e2ng cao \u0111\u1ed9 tin c\u1eady c\u1ee7a k\u1ebft n\u1ed1i m\u1ea1ng, gi\u00fap t\u1ed1i \u01b0u h\u00f3a vi\u1ec7c s\u1eed d\u1ee5ng b\u0103ng th\u00f4ng<br \/>\nPIM-DM\/PIM-SM, IGMP Snooping v\u00e0 multicast t\u0129nh c\u00f3 th\u1ec3 \u0111\u01b0\u1ee3c s\u1eed d\u1ee5ng \u0111\u1ec3 l\u1ecdc d\u1eef li\u1ec7u multicast, gi\u00fap ti\u1ebft ki\u1ec7m b\u0103ng th\u00f4ng m\u1ea1ng.<br \/>\nQu\u1ea3n l\u00fd b\u0103ng th\u00f4ng v\u00e0 \u0111i\u1ec1u khi\u1ec3n lu\u1ed3ng cho ph\u00e9p ph\u00e2n b\u1ed5 b\u0103ng th\u00f4ng m\u1ea1ng m\u1ed9t c\u00e1ch h\u1ee3p l\u00fd, ng\u0103n ng\u1eeba c\u00e1c tr\u1ea1ng th\u00e1i m\u1ea1ng kh\u00f4ng th\u1ec3 d\u1ef1 \u0111o\u00e1n<br \/>\nPort isolation cho ph\u00e9p c\u00e1ch ly c\u00e1c c\u1ed5ng trong c\u00f9ng m\u1ed9t VLAN, \u0111\u1ed3ng th\u1eddi ti\u1ebft ki\u1ec7m t\u00e0i nguy\u00ean VLAN<br \/>\nSW-Ring v\u00e0 STP\/RSTP\/MSTP c\u00f3 th\u1ec3 \u0111\u1ea3m b\u1ea3o d\u1ef1 ph\u00f2ng m\u1ea1ng, gi\u00fap ng\u0103n ng\u1eeba hi\u1ec7n t\u01b0\u1ee3ng b\u00e3o m\u1ea1ng (network storm)<br \/>\nPing, Traceroute, Port Loopback v\u00e0 ch\u1ea9n \u0111o\u00e1n k\u1ef9 thu\u1eadt s\u1ed1 SFP (SFP Digital Diagnosis) c\u00f3 th\u1ec3 th\u1ef1c hi\u1ec7n ch\u1ea9n \u0111o\u00e1n v\u00e0 x\u1eed l\u00fd s\u1ef1 c\u1ed1 m\u1ea1ng<br \/>\nVRRP, RIP, OSPF, BGP c\u00f3 th\u1ec3 th\u1ef1c hi\u1ec7n c\u1ea5u h\u00ecnh \u0111\u1ecbnh tuy\u1ebfn \u0111\u1ed9ng<br \/>\nNAT \u00e1nh x\u1ea1 \u0111\u1ecba ch\u1ec9 IP ri\u00eang (private IP) sang \u0111\u1ecba ch\u1ec9 IP h\u1ee3p l\u1ec7 c\u1ee7a m\u1ea1ng b\u00ean ngo\u00e0i, gi\u00fap gi\u1ea3m t\u1ed1c \u0111\u1ed9 ti\u00eau th\u1ee5 kh\u00f4ng gian \u0111\u1ecba ch\u1ec9 IP<br \/>\nV\u1edbi \u0111\u1ed9 tin c\u1eady v\u00e0 \u1ed5n \u0111\u1ecbnh cao, ERPS c\u00f3 th\u1ec3 ng\u0103n ng\u1eeba hi\u1ec7n t\u01b0\u1ee3ng b\u00e3o broadcast do v\u00f2ng l\u1eb7p d\u1eef li\u1ec7u (data loopback)<br \/>\nPh\u00e1t hi\u1ec7n v\u00f2ng l\u1eb7p (Loop detection) c\u00f3 th\u1ec3 lo\u1ea1i b\u1ecf hi\u1ec7u qu\u1ea3 \u1ea3nh h\u01b0\u1edfng do v\u00f2ng l\u1eb7p c\u1ed5ng (port loopback) b\u1eb1ng c\u00e1ch ph\u00e1t hi\u1ec7n s\u1ef1 t\u1ed3n t\u1ea1i c\u1ee7a v\u00f2ng l\u1eb7p<\/p>\n<h3 class=\"lft-tit\">T\u00e0i li\u1ec7u h\u1ed7 tr\u1ee3<\/h3>\n<div class=\"soft-list\">\n<div class=\"item-top\">\n<div class=\"item-tit\">T\u00ean s\u1ea3n ph\u1ea9m<\/div>\n<div class=\"item-tit\">Phi\u00ean b\u1ea3n<\/div>\n<div class=\"item-tit\">Ng\u00e0y<\/div>\n<\/div>\n<div class=\"item-cont\">\n<div class=\"item-value\">ICS5556 Series V1.0.0 Quick Installation Guide_20230804.pdf<\/div>\n<div class=\"item-value file\"><a href=\"https:\/\/3onedatavn.com\/wp-content\/uploads\/2025\/12\/ics5556-series-v100-quick-installation-guide-20230804.pdf\"><img decoding=\"async\" class=\"alignnone\" src=\"https:\/\/www.3onedata.com\/template\/default\/images\/gather\/details-06H.png\" alt=\"\" width=\"16\" height=\"16\" \/><\/a><\/div>\n<div class=\"item-value\"><\/div>\n<div class=\"item-value\">2023-09-22<\/div>\n<\/div>\n<div class=\"item-cont\">\n<div class=\"item-value\">ICS5556 Series V1.0.0 Datasheet_20230804.pdf<\/div>\n<div class=\"item-value file\"><a href=\"https:\/\/3onedatavn.com\/wp-content\/uploads\/2025\/12\/ics5556-series-v100-datasheet-20230804.pdf\"><img decoding=\"async\" class=\"alignnone\" src=\"https:\/\/www.3onedata.com\/template\/default\/images\/gather\/details-06H.png\" alt=\"\" width=\"16\" height=\"16\" \/><\/a><\/div>\n<div class=\"item-value\"><\/div>\n<div class=\"item-value\">2023-09-22<\/div>\n<\/div>\n<div class=\"item-cont\">\n<div class=\"item-value\">ICS5556 Series V1.0.0 User Manual_20211103.pdf<\/div>\n<div class=\"item-value file\"><a href=\"https:\/\/3onedatavn.com\/wp-content\/uploads\/2025\/12\/ics5556-series-v100-user-manual-20211103.pdf\"><img decoding=\"async\" src=\"https:\/\/www.3onedata.com\/template\/default\/images\/gather\/details-06H.png\" alt=\"\" \/><\/a><\/div>\n<div class=\"item-value\"><\/div>\n<div class=\"item-value\">2023-09-22<\/div>\n<\/div>\n<div class=\"item-cont\">\n<div class=\"item-value\">ICS5556 Series V1.0.0 CLI User Manual_20211102.pdf<\/div>\n<div class=\"item-value file\"><a href=\"https:\/\/3onedatavn.com\/wp-content\/uploads\/2025\/12\/ics5556-series-v100-cli-user-manual-20211102.pdf\"><img decoding=\"async\" class=\"alignnone\" src=\"https:\/\/www.3onedata.com\/template\/default\/images\/gather\/details-06H.png\" alt=\"\" width=\"16\" height=\"16\" \/><\/a><\/div>\n<div class=\"item-value\"><\/div>\n<div class=\"item-value\">2023-09-22<\/div>\n<\/div>\n<\/div>","protected":false},"excerpt":{"rendered":"<h1>56 Port 10G Modular Layer 3 Managed Industrial Ethernet Switch<\/h1>\n<p>T\u00e1m c\u1ed5ng SFP+ 10G v\u00e0 4 khe c\u1eafm card m\u1edf r\u1ed9ng, c\u00f3 th\u1ec3 l\u1eafp card 12 c\u1ed5ng SFP Gigabit ho\u1eb7c card 12 c\u1ed5ng Gigabit \u0111\u1ed3ng (t\u00f9y ch\u1ecdn)<\/p>\n<p>C\u00f4ng ngh\u1ec7 v\u00f2ng \u0111eo tay \u0111\u01b0\u1ee3c c\u1ea5p b\u1eb1ng s\u00e1ng ch\u1ebf, h\u1ed7 tr\u1ee3 v\u00f2ng \u0111eo tay \u0111\u01a1n, v\u00f2ng n\u1ed1i, chu\u1ed7i, ch\u1ee9c n\u0103ng Dual-homing.<br \/>\nH\u1ed7 tr\u1ee3 ERPS v\u00e0 ch\u1ee9c n\u0103ng ph\u00e1t hi\u1ec7n v\u00f2ng l\u1eb7p (loop detection), gi\u00fap lo\u1ea1i b\u1ecf v\u00f2ng l\u1eb7p hi\u1ec7u qu\u1ea3 v\u00e0 ng\u0103n ch\u1eb7n hi\u1ec7n t\u01b0\u1ee3ng b\u00e3o broadcast do v\u00f2ng l\u1eb7p d\u1eef li\u1ec7u g\u00e2y ra<br \/>\nB\u0103ng th\u00f4ng 10 Gigabit cho ph\u00e9p truy\u1ec1n t\u1ea3i kh\u1ed1i l\u01b0\u1ee3ng l\u1edbn d\u1eef li\u1ec7u video, tho\u1ea1i v\u00e0 d\u1eef li\u1ec7u v\u1edbi hi\u1ec7u n\u0103ng cao v\u00e0 t\u1ed1c \u0111\u1ed9 v\u01b0\u1ee3t tr\u1ed9i<br \/>\nH\u1ed7 tr\u1ee3 ngu\u1ed3n AC d\u1ef1 ph\u00f2ng, d\u1ea3i \u0111i\u1ec7n \u00e1p \u0111\u1ea7u v\u00e0o: 100~240VAC<br \/>\nSupport -40~65\u2103 wide operating temperature range<\/p>","protected":false},"featured_media":1534,"template":"","meta":[],"product_brand":[],"product_cat":[33],"product_tag":[],"class_list":{"0":"post-1526","1":"product","2":"type-product","3":"status-publish","4":"has-post-thumbnail","6":"product_cat-layer-3-managed-switch","8":"first","9":"instock","10":"shipping-taxable","11":"product-type-simple"},"acf":[],"_links":{"self":[{"href":"https:\/\/3onedatavn.com\/vi\/wp-json\/wp\/v2\/product\/1526","targetHints":{"allow":["GET"]}}],"collection":[{"href":"https:\/\/3onedatavn.com\/vi\/wp-json\/wp\/v2\/product"}],"about":[{"href":"https:\/\/3onedatavn.com\/vi\/wp-json\/wp\/v2\/types\/product"}],"wp:featuredmedia":[{"embeddable":true,"href":"https:\/\/3onedatavn.com\/vi\/wp-json\/wp\/v2\/media\/1534"}],"wp:attachment":[{"href":"https:\/\/3onedatavn.com\/vi\/wp-json\/wp\/v2\/media?parent=1526"}],"wp:term":[{"taxonomy":"product_brand","embeddable":true,"href":"https:\/\/3onedatavn.com\/vi\/wp-json\/wp\/v2\/product_brand?post=1526"},{"taxonomy":"product_cat","embeddable":true,"href":"https:\/\/3onedatavn.com\/vi\/wp-json\/wp\/v2\/product_cat?post=1526"},{"taxonomy":"product_tag","embeddable":true,"href":"https:\/\/3onedatavn.com\/vi\/wp-json\/wp\/v2\/product_tag?post=1526"}],"curies":[{"name":"wp","href":"https:\/\/api.w.org\/{rel}","templated":true}]}}