{"id":1659,"date":"2025-12-31T09:25:10","date_gmt":"2025-12-31T02:25:10","guid":{"rendered":"https:\/\/3onedatavn.com\/?post_type=product&#038;p=1659"},"modified":"2026-01-12T14:08:04","modified_gmt":"2026-01-12T07:08:04","slug":"ics5530-16gs8gc6xs-2p220","status":"publish","type":"product","link":"https:\/\/3onedatavn.com\/vi\/san-pham\/ics5530-16gs8gc6xs-2p220\/","title":{"rendered":"ICS5530-16GS8GC6XS-2P220"},"content":{"rendered":"<h2>T\u1ed5ng quan v\u1ec1 switch Ethernet qu\u1ea3n l\u00fd Layer 3 3onedata ICS5530-16GS8GC6XS v\u1edbi 30 c\u1ed5ng SFP+ 10Gb<\/h2>\n<p>D\u00f2ng ICS5530 l\u00e0 switch Ethernet c\u00f4ng nghi\u1ec7p qu\u1ea3n l\u00fd Layer 3 Gigabit\/10 Gigabit v\u1edbi t\u1ed5ng c\u1ed9ng 30 c\u1ed5ng. Thi\u1ebft b\u1ecb cung c\u1ea5p c\u00e1c khe SFP Gigabit, c\u00e1c c\u1ed5ng Combo quang\/\u0111\u1ed3ng Gigabit v\u00e0 c\u00e1c khe SFP+ 10 Gigabit. S\u1ea3n ph\u1ea9m \u0111\u01b0\u1ee3c thi\u1ebft k\u1ebf l\u1eafp \u0111\u1eb7t rack chu\u1ea9n 1U. V\u1edbi s\u1ed1 l\u01b0\u1ee3ng giao di\u1ec7n phong ph\u00fa c\u00f9ng b\u0103ng th\u00f4ng k\u1ebft h\u1ee3p Gigabit\/10 Gigabit, thi\u1ebft b\u1ecb \u0111\u00e1p \u1ee9ng t\u1ed1t c\u00e1c y\u00eau c\u1ea7u \u1ee9ng d\u1ee5ng c\u1ee7a m\u1ea1ng c\u00f4ng nghi\u1ec7p quy m\u00f4 l\u1edbn.<br \/>\nH\u1ec7 th\u1ed1ng qu\u1ea3n l\u00fd m\u1ea1ng h\u1ed7 tr\u1ee3 \u0111a d\u1ea1ng c\u00e1c giao th\u1ee9c m\u1ea1ng v\u00e0 ti\u00eau chu\u1ea9n c\u00f4ng nghi\u1ec7p nh\u01b0: ARP, VRRP, RIP, OSPF, BGP, STP\/RSTP\/MSTP, VLAN 802.1Q, ch\u1ee9c n\u0103ng QoS, multicast t\u0129nh IGMP, LLDP, g\u1ed9p c\u1ed5ng (port trunking), sao ch\u00e9p c\u1ed5ng (port mirror), v.v. H\u1ec7 th\u1ed1ng \u0111\u01b0\u1ee3c trang b\u1ecb \u0111\u1ea7y \u0111\u1ee7 c\u00e1c ch\u1ee9c n\u0103ng qu\u1ea3n l\u00fd, h\u1ed7 tr\u1ee3 c\u1ea5u h\u00ecnh c\u1ed5ng, th\u1ed1ng k\u00ea c\u1ed5ng, x\u00e1c th\u1ef1c 802.1X, ch\u1ea9n \u0111o\u00e1n m\u1ea1ng, c\u1ea5u h\u00ecnh nhanh, n\u00e2ng c\u1ea5p tr\u1ef1c tuy\u1ebfn, v.v. Thi\u1ebft b\u1ecb h\u1ed7 tr\u1ee3 nhi\u1ec1u ph\u01b0\u01a1ng th\u1ee9c truy c\u1eadp v\u00e0 qu\u1ea3n l\u00fd nh\u01b0 CLI, WEB, Telnet, SSH, SNMP v\u00e0 c\u00e1c ph\u01b0\u01a1ng th\u1ee9c kh\u00e1c. V\u1edbi thi\u1ebft k\u1ebf giao di\u1ec7n th\u00e2n thi\u1ec7n v\u00e0 thao t\u00e1c \u0111\u01a1n gi\u1ea3n, h\u1ec7 th\u1ed1ng qu\u1ea3n l\u00fd m\u1ea1ng mang l\u1ea1i tr\u1ea3i nghi\u1ec7m ng\u01b0\u1eddi d\u00f9ng thu\u1eadn ti\u1ec7n v\u00e0 hi\u1ec7u qu\u1ea3.<br \/>\nS\u1ea3n ph\u1ea9m h\u1ed7 tr\u1ee3 ngu\u1ed3n k\u00e9p DC ho\u1eb7c AC. \u0110\u1ea7u v\u00e0o ngu\u1ed3n g\u1ed3m hai m\u1ea1ch c\u1ea5p ngu\u1ed3n \u0111\u1ed9c l\u1eadp, \u0111\u1ea3m b\u1ea3o thi\u1ebft b\u1ecb v\u1eabn ho\u1ea1t \u0111\u1ed9ng b\u00ecnh th\u01b0\u1eddng khi m\u1ed9t ngu\u1ed3n g\u1eb7p s\u1ef1 c\u1ed1. Khi x\u1ea3y ra l\u1ed7i ngu\u1ed3n ho\u1eb7c l\u1ed7i li\u00ean k\u1ebft c\u1ed5ng, \u0111\u00e8n ch\u1ec9 th\u1ecb ALARM s\u1ebd s\u00e1ng v\u00e0 ph\u00e1t t\u00edn hi\u1ec7u c\u1ea3nh b\u00e1o; \u0111\u1ed3ng th\u1eddi, thi\u1ebft b\u1ecb b\u00e1o \u0111\u1ed9ng k\u1ebft n\u1ed1i qua r\u01a1-le c\u0169ng s\u1ebd ph\u00e1t c\u1ea3nh b\u00e1o \u0111\u1ec3 h\u1ed7 tr\u1ee3 x\u1eed l\u00fd s\u1ef1 c\u1ed1 nhanh ch\u00f3ng t\u1ea1i hi\u1ec7n tr\u01b0\u1eddng. Ph\u1ea7n c\u1ee9ng \u00e1p d\u1ee5ng thi\u1ebft k\u1ebf kh\u00f4ng qu\u1ea1t, ti\u00eau th\u1ee5 \u0111i\u1ec7n n\u0103ng th\u1ea5p, d\u1ea3i nhi\u1ec7t \u0111\u1ed9 v\u00e0 \u0111i\u1ec7n \u00e1p r\u1ed9ng, \u0111\u00e3 v\u01b0\u1ee3t qua c\u00e1c th\u1eed nghi\u1ec7m ti\u00eau chu\u1ea9n c\u00f4ng nghi\u1ec7p nghi\u00eam ng\u1eb7t, ph\u00f9 h\u1ee3p v\u1edbi m\u00f4i tr\u01b0\u1eddng c\u00f4ng nghi\u1ec7p c\u00f3 y\u00eau c\u1ea7u kh\u1eaft khe v\u1ec1 EMC. S\u1ea3n ph\u1ea9m \u0111\u01b0\u1ee3c \u1ee9ng d\u1ee5ng r\u1ed9ng r\u00e3i trong c\u00e1c l\u0129nh v\u1ef1c nh\u01b0 th\u00e0nh ph\u1ed1 th\u00f4ng minh, giao th\u00f4ng \u0111\u01b0\u1eddng s\u1eaft, th\u00e0nh ph\u1ed1 an ninh, n\u0103ng l\u01b0\u1ee3ng m\u1edbi, s\u1ea3n xu\u1ea5t th\u00f4ng minh v\u00e0 c\u00e1c ng\u00e0nh c\u00f4ng nghi\u1ec7p kh\u00e1c.<\/p>\n<p><strong>T\u00ednh n\u0103ng b\u1ed5 sung<\/strong><\/p>\n<p class=\"15\">SNMPv1\/v2c\/v3 \u0111\u01b0\u1ee3c s\u1eed d\u1ee5ng cho qu\u1ea3n l\u00fd m\u1ea1ng \u1edf nhi\u1ec1u c\u1ea5p \u0111\u1ed9 kh\u00e1c nhau<\/p>\n<p class=\"15\">RMON c\u00f3 th\u1ec3 \u0111\u01b0\u1ee3c s\u1eed d\u1ee5ng \u0111\u1ec3 gi\u00e1m s\u00e1t m\u1ea1ng m\u1ed9t c\u00e1ch hi\u1ec7u qu\u1ea3 v\u00e0 linh ho\u1ea1t<\/p>\n<p class=\"15\">Port mirroring cho ph\u00e9p ph\u00e2n t\u00edch v\u00e0 gi\u00e1m s\u00e1t d\u1eef li\u1ec7u, thu\u1eadn ti\u1ec7n cho vi\u1ec7c g\u1ee1 l\u1ed7i (debug) tr\u1ef1c tuy\u1ebfn<\/p>\n<p class=\"15\">QoS h\u1ed7 tr\u1ee3 ph\u00e2n lo\u1ea1i l\u01b0u l\u01b0\u1ee3ng th\u1eddi gian th\u1ef1c v\u00e0 thi\u1ebft l\u1eadp m\u1ee9c \u0111\u1ed9 \u01b0u ti\u00ean<\/p>\n<p class=\"15\">LLDP cho ph\u00e9p t\u1ef1 \u0111\u1ed9ng ph\u00e1t hi\u1ec7n c\u1ea5u tr\u00fac li\u00ean k\u1ebft (topology), thu\u1eadn ti\u1ec7n cho qu\u1ea3n l\u00fd tr\u1ef1c quan<\/p>\n<p class=\"15\">DHCP Server v\u00e0 DHCP Client c\u00f3 th\u1ec3 \u0111\u01b0\u1ee3c s\u1eed d\u1ee5ng \u0111\u1ec3 c\u1ea5p ph\u00e1t \u0111\u1ecba ch\u1ec9 IP theo nhi\u1ec1u chi\u1ebfn l\u01b0\u1ee3c kh\u00e1c nhau<\/p>\n<p class=\"15\">File management is convenient for the device rapid configuration and online upgrade<\/p>\n<p class=\"15\">Qu\u1ea3n l\u00fd log ghi l\u1ea1i th\u00f4ng tin kh\u1edfi \u0111\u1ed9ng, v\u1eadn h\u00e0nh v\u00e0 k\u1ebft n\u1ed1i c\u1ee7a thi\u1ebft b\u1ecb<\/p>\n<p class=\"15\">Qu\u1ea3n l\u00fd b\u0103ng th\u00f4ng cho ph\u00e9p ph\u00e2n b\u1ed5 b\u0103ng th\u00f4ng m\u1ea1ng m\u1ed9t c\u00e1ch h\u1ee3p l\u00fd, ng\u0103n ng\u1eeba c\u00e1c tr\u1ea1ng th\u00e1i m\u1ea1ng kh\u00f4ng th\u1ec3 d\u1ef1 \u0111o\u00e1n<\/p>\n<p class=\"15\">Port statistics \u0111\u01b0\u1ee3c s\u1eed d\u1ee5ng \u0111\u1ec3 th\u1ed1ng k\u00ea l\u01b0u l\u01b0\u1ee3ng th\u1eddi gian th\u1ef1c c\u1ee7a t\u1eebng c\u1ed5ng<\/p>\n<p class=\"15\">ARP \u0111\u01b0\u1ee3c s\u1eed d\u1ee5ng \u0111\u1ec3 ph\u00e2n gi\u1ea3i \u0111\u1ecba ch\u1ec9 MAC<\/p>\n<p class=\"15\">M\u1eadt kh\u1ea9u ng\u01b0\u1eddi d\u00f9ng cho ph\u00e9p qu\u1ea3n l\u00fd ng\u01b0\u1eddi d\u00f9ng theo ph\u00e2n c\u1ea5p, gi\u00fap n\u00e2ng cao t\u00ednh b\u1ea3o m\u1eadt trong qu\u1ea3n l\u00fd thi\u1ebft b\u1ecb<\/p>\n<p class=\"15\">ACL gi\u00fap n\u00e2ng cao t\u00ednh linh ho\u1ea1t v\u00e0 b\u1ea3o m\u1eadt c\u1ee7a m\u1ea1ng<\/p>\n<p class=\"15\">C\u1ea3nh b\u00e1o r\u01a1-le gi\u00fap thu\u1eadn ti\u1ec7n cho vi\u1ec7c x\u1eed l\u00fd s\u1ef1 c\u1ed1 t\u1ea1i hi\u1ec7n tr\u01b0\u1eddng l\u1eafp \u0111\u1eb7t<\/p>\n<p class=\"15\">Storm suppression c\u00f3 th\u1ec3 h\u1ea1n ch\u1ebf ph\u00e1t s\u00f3ng, ph\u00e1t \u0111a \u0111i\u1ec3m kh\u00f4ng x\u00e1c \u0111\u1ecbnh v\u00e0 ph\u00e1t \u0111\u01a1n \u0111i\u1ec3m<\/p>\n<p class=\"15\">TELNET configuration and HTTPS configuration can guarantee the access security of data<\/p>\n<p class=\"15\">VLAN \u0111\u01b0\u1ee3c s\u1eed d\u1ee5ng \u0111\u1ec3 \u0111\u01a1n gi\u1ea3n h\u00f3a vi\u1ec7c l\u1eadp k\u1ebf ho\u1ea1ch m\u1ea1ng<\/p>\n<p class=\"15\">Port Trunking v\u00e0 LACP c\u00f3 th\u1ec3 t\u0103ng b\u0103ng th\u00f4ng m\u1ea1ng v\u00e0 n\u00e2ng cao \u0111\u1ed9 tin c\u1eady c\u1ee7a k\u1ebft n\u1ed1i m\u1ea1ng, gi\u00fap t\u1ed1i \u01b0u h\u00f3a vi\u1ec7c s\u1eed d\u1ee5ng b\u0103ng th\u00f4ng.<\/p>\n<p class=\"15\">PIM-DM\/PIM-SM\/PIM-SSM, IGMP Snooping, GMRP and static multicast can be used for filtering multicast traffic to save the network bandwidth<\/p>\n<p class=\"15\">Qu\u1ea3n l\u00fd b\u0103ng th\u00f4ng v\u00e0 \u0111i\u1ec1u khi\u1ec3n lu\u1ed3ng cho ph\u00e9p ph\u00e2n b\u1ed5 b\u0103ng th\u00f4ng m\u1ea1ng m\u1ed9t c\u00e1ch h\u1ee3p l\u00fd, ng\u0103n ng\u1eeba c\u00e1c tr\u1ea1ng th\u00e1i m\u1ea1ng kh\u00f4ng th\u1ec3 d\u1ef1 \u0111o\u00e1n<\/p>\n<p class=\"15\">Port isolation cho ph\u00e9p c\u00e1ch ly c\u00e1c c\u1ed5ng trong c\u00f9ng m\u1ed9t VLAN, \u0111\u1ed3ng th\u1eddi ti\u1ebft ki\u1ec7m t\u00e0i nguy\u00ean VLAN<\/p>\n<p class=\"15\">SW-Ring v\u00e0 STP\/RSTP\/MSTP c\u00f3 th\u1ec3 \u0111\u1ea3m b\u1ea3o d\u1ef1 ph\u00f2ng m\u1ea1ng, gi\u00fap ng\u0103n ng\u1eeba hi\u1ec7n t\u01b0\u1ee3ng b\u00e3o m\u1ea1ng (network storm)<\/p>\n<p class=\"15\">Ping, Traceroute, Port Loopback v\u00e0 ch\u1ea9n \u0111o\u00e1n k\u1ef9 thu\u1eadt s\u1ed1 DDM c\u00f3 th\u1ec3 th\u1ef1c hi\u1ec7n ch\u1ea9n \u0111o\u00e1n v\u00e0 x\u1eed l\u00fd s\u1ef1 c\u1ed1 m\u1ea1ng<\/p>\n<p class=\"15\">VRRP, RIP, OSPF, BGP c\u00f3 th\u1ec3 th\u1ef1c hi\u1ec7n c\u1ea5u h\u00ecnh \u0111\u1ecbnh tuy\u1ebfn \u0111\u1ed9ng<\/p>\n<p class=\"15\">V\u1edbi \u0111\u1ed9 tin c\u1eady v\u00e0 \u1ed5n \u0111\u1ecbnh cao, ERPS c\u00f3 th\u1ec3 ng\u0103n ng\u1eeba hi\u1ec7n t\u01b0\u1ee3ng b\u00e3o broadcast do v\u00f2ng l\u1eb7p d\u1eef li\u1ec7u (data loopback)<\/p>\n<p class=\"15\">Ph\u00e1t hi\u1ec7n v\u00f2ng l\u1eb7p (Loop detection) c\u00f3 th\u1ec3 lo\u1ea1i b\u1ecf hi\u1ec7u qu\u1ea3 \u1ea3nh h\u01b0\u1edfng do v\u00f2ng l\u1eb7p c\u1ed5ng (port loopback) b\u1eb1ng c\u00e1ch ph\u00e1t hi\u1ec7n s\u1ef1 t\u1ed3n t\u1ea1i c\u1ee7a v\u00f2ng l\u1eb7p<\/p>","protected":false},"excerpt":{"rendered":"<h1>30 Port 10Gb SFP+ Layer 3 Managed Industrial Ethernet Switch<\/h1>\n<p style=\"font-weight: 400;\">\u00a0Support 6 10Gigabit fiber ports (SFP+ slots), 8 Gigabit Combo (SFP slots or RJ45), 16Gigabit SFP slots<\/p>\n<p style=\"font-weight: 400;\">\u00a0Adopt SW-Ring patented technology, support single ring, coupling ring, chain ring,Dual-homing ring network function, automatic recovery time of network failure&lt; 20ms<\/p>\n<p style=\"font-weight: 400;\">\u00a0Support DC or AC dual power (optional), input voltage: 18~72VDC or 100~240VAC\/DC<\/p>\n<p style=\"font-weight: 400;\">\u00a0Support-40~75\u2103 wide operating temperature range<\/p>","protected":false},"featured_media":1664,"template":"","meta":[],"product_brand":[],"product_cat":[33],"product_tag":[],"class_list":{"0":"post-1659","1":"product","2":"type-product","3":"status-publish","4":"has-post-thumbnail","6":"product_cat-layer-3-managed-switch","8":"first","9":"instock","10":"shipping-taxable","11":"product-type-simple"},"acf":[],"_links":{"self":[{"href":"https:\/\/3onedatavn.com\/vi\/wp-json\/wp\/v2\/product\/1659","targetHints":{"allow":["GET"]}}],"collection":[{"href":"https:\/\/3onedatavn.com\/vi\/wp-json\/wp\/v2\/product"}],"about":[{"href":"https:\/\/3onedatavn.com\/vi\/wp-json\/wp\/v2\/types\/product"}],"wp:featuredmedia":[{"embeddable":true,"href":"https:\/\/3onedatavn.com\/vi\/wp-json\/wp\/v2\/media\/1664"}],"wp:attachment":[{"href":"https:\/\/3onedatavn.com\/vi\/wp-json\/wp\/v2\/media?parent=1659"}],"wp:term":[{"taxonomy":"product_brand","embeddable":true,"href":"https:\/\/3onedatavn.com\/vi\/wp-json\/wp\/v2\/product_brand?post=1659"},{"taxonomy":"product_cat","embeddable":true,"href":"https:\/\/3onedatavn.com\/vi\/wp-json\/wp\/v2\/product_cat?post=1659"},{"taxonomy":"product_tag","embeddable":true,"href":"https:\/\/3onedatavn.com\/vi\/wp-json\/wp\/v2\/product_tag?post=1659"}],"curies":[{"name":"wp","href":"https:\/\/api.w.org\/{rel}","templated":true}]}}