{"id":1671,"date":"2025-12-31T09:57:35","date_gmt":"2025-12-31T02:57:35","guid":{"rendered":"https:\/\/3onedatavn.com\/?post_type=product&#038;p=1671"},"modified":"2026-01-12T14:32:52","modified_gmt":"2026-01-12T07:32:52","slug":"__trashed","status":"publish","type":"product","link":"https:\/\/3onedatavn.com\/vi\/san-pham\/__trashed\/","title":{"rendered":"ICS5400 Series"},"content":{"rendered":"<h2>T\u1ed5ng quan v\u1ec1 d\u00f2ng Layer 3 Managed Ethernet Switch 3onedata ICS5400 v\u1edbi 28\/32\/36\/44 c\u1ed5ng 10 Gigabit<\/h2>\n<p>D\u00f2ng ICS5400 l\u00e0 switch Ethernet c\u00f4ng nghi\u1ec7p qu\u1ea3n l\u00fd Layer 3 v\u1edbi 28\/32\/36\/44 c\u1ed5ng Gigabit\/10 Gigabit. Thi\u1ebft b\u1ecb cung c\u1ea5p c\u1ed5ng \u0111\u1ed3ng Gigabit, khe SFP Gigabit v\u00e0 khe SFP+ 10 Gigabit, c\u00f3 kh\u1ea3 n\u0103ng t\u1ef1 th\u01b0\u01a1ng l\u01b0\u1ee3ng t\u1ed1c \u0111\u1ed9 v\u00e0 ch\u1ebf \u0111\u1ed9 song c\u00f4ng v\u1edbi thi\u1ebft b\u1ecb \u0111\u1ea7u b\u00ean kia. H\u1ed7 tr\u1ee3 ngu\u1ed3n DC 12~55V ho\u1eb7c AC 85~264V, \u0111\u01b0\u1ee3c thi\u1ebft k\u1ebf l\u1eafp \u0111\u1eb7t chu\u1ea9n rack, \u0111\u00e1p \u1ee9ng y\u00eau c\u1ea7u t\u1ea1i c\u00e1c v\u1ecb tr\u00ed \u1ee9ng d\u1ee5ng kh\u00e1c nhau<br \/>\nH\u1ec7 th\u1ed1ng qu\u1ea3n l\u00fd m\u1ea1ng h\u1ed7 tr\u1ee3 nhi\u1ec1u giao th\u1ee9c m\u1ea1ng v\u00e0 ti\u00eau chu\u1ea9n c\u00f4ng nghi\u1ec7p, bao g\u1ed3m IPv6, PTP, OSPF, PIM, VRRP, ISIS, NAT, Ring, MRP, STP\/RSTP\/MSTP, ERPS, VLAN, IGMP\/MLD, IGMP\/MLD Snooping, DHCP Server\/Relay, LLDP, LACP, v\u00e0 sao ch\u00e9p c\u1ed5ng. H\u1ec7 th\u1ed1ng n\u00e0y c\u00f3 \u0111\u1ea7y \u0111\u1ee7 c\u00e1c ch\u1ee9c n\u0103ng qu\u1ea3n l\u00fd v\u00e0 h\u1ed7 tr\u1ee3 qu\u1ea3n l\u00fd t\u1eadp trung SNMP, th\u1ed1ng k\u00ea c\u1ed5ng, \u1ee9c ch\u1ebf b\u00e3o, ch\u1ea9n \u0111o\u00e1n m\u1ea1ng, c\u1eadp nh\u1eadt tr\u1ef1c tuy\u1ebfn, v.v. C\u00e1c ph\u01b0\u01a1ng th\u1ee9c truy c\u1eadp nh\u01b0 CLI, HTTP, HTTPS, TELNET, SSH v\u00e0 c\u00e1c ph\u01b0\u01a1ng th\u1ee9c kh\u00e1c c\u00f3 th\u1ec3 \u0111\u01b0\u1ee3c h\u1ed7 tr\u1ee3. H\u1ec7 th\u1ed1ng qu\u1ea3n l\u00fd m\u1ea1ng mang l\u1ea1i tr\u1ea3i nghi\u1ec7m ng\u01b0\u1eddi d\u00f9ng tuy\u1ec7t v\u1eddi th\u00f4ng qua thi\u1ebft k\u1ebf giao di\u1ec7n th\u00e2n thi\u1ec7n v\u00e0 thao t\u00e1c d\u1ec5 d\u00e0ng, ti\u1ec7n l\u1ee3i.<br \/>\nNgu\u1ed3n c\u1ea5p \u0111i\u1ec7n \u0111\u1ea7u v\u00e0o bao g\u1ed3m hai m\u1ea1ch ngu\u1ed3n \u0111\u1ed9c l\u1eadp, \u0111\u1ea3m b\u1ea3o thi\u1ebft b\u1ecb ho\u1ea1t \u0111\u1ed9ng b\u00ecnh th\u01b0\u1eddng ngay c\u1ea3 khi m\u1ed9t trong hai ngu\u1ed3n c\u1ea5p \u0111i\u1ec7n b\u1ecb h\u1ecfng. Khi ngu\u1ed3n c\u1ea5p \u0111i\u1ec7n ho\u1eb7c c\u1ed5ng k\u1ebft n\u1ed1i g\u1eb7p s\u1ef1 c\u1ed1, \u0111\u00e8n b\u00e1o ALM s\u1ebd s\u00e1ng v\u00e0 ph\u00e1t t\u00edn hi\u1ec7u c\u1ea3nh b\u00e1o. \u0110\u1ed3ng th\u1eddi, thi\u1ebft b\u1ecb c\u1ea3nh b\u00e1o k\u1ebft n\u1ed1i v\u1edbi r\u01a1le s\u1ebd ph\u00e1t t\u00edn hi\u1ec7u c\u1ea3nh b\u00e1o \u0111\u1ec3 x\u1eed l\u00fd s\u1ef1 c\u1ed1 nhanh ch\u00f3ng t\u1ea1i hi\u1ec7n tr\u01b0\u1eddng. Ph\u1ea7n c\u1ee9ng s\u1eed d\u1ee5ng thi\u1ebft k\u1ebf kh\u00f4ng qu\u1ea1t, ti\u00eau th\u1ee5 \u0111i\u1ec7n n\u0103ng th\u1ea5p v\u00e0 ch\u1ecbu \u0111\u01b0\u1ee3c nhi\u1ec7t \u0111\u1ed9 r\u1ed9ng, \u0111\u00e3 v\u01b0\u1ee3t qua c\u00e1c b\u00e0i ki\u1ec3m tra ti\u00eau chu\u1ea9n c\u00f4ng nghi\u1ec7p nghi\u00eam ng\u1eb7t, v\u00e0 ph\u00f9 h\u1ee3p v\u1edbi m\u00f4i tr\u01b0\u1eddng c\u00f4ng nghi\u1ec7p c\u00f3 y\u00eau c\u1ea7u kh\u1eaft khe v\u1ec1 EMC. Thi\u1ebft b\u1ecb c\u00f3 th\u1ec3 \u0111\u01b0\u1ee3c \u1ee9ng d\u1ee5ng r\u1ed9ng r\u00e3i trong c\u00e1c l\u0129nh v\u1ef1c nh\u01b0 giao th\u00f4ng \u0111\u01b0\u1eddng s\u1eaft, khai th\u00e1c m\u1ecf th\u00f4ng minh, th\u00e0nh ph\u1ed1 th\u00f4ng minh, n\u0103ng l\u01b0\u1ee3ng m\u1edbi, l\u01b0\u1edbi \u0111i\u1ec7n th\u00f4ng minh, s\u1ea3n xu\u1ea5t th\u00f4ng minh, y t\u1ebf th\u00f4ng minh, c\u00f4ng nghi\u1ec7p d\u1ea7u kh\u00ed v\u00e0 h\u00f3a d\u1ea7u, c\u00f9ng c\u00e1c l\u0129nh v\u1ef1c c\u00f4ng nghi\u1ec7p kh\u00e1c.<\/p>\n<p><strong>T\u00ednh n\u0103ng b\u1ed5 sung<\/strong><br \/>\nSNMPv1\/v2c\/v3 \u0111\u01b0\u1ee3c s\u1eed d\u1ee5ng cho qu\u1ea3n l\u00fd m\u1ea1ng \u1edf nhi\u1ec1u c\u1ea5p \u0111\u1ed9 kh\u00e1c nhau<br \/>\nLLDP cho ph\u00e9p t\u1ef1 \u0111\u1ed9ng ph\u00e1t hi\u1ec7n c\u1ea5u tr\u00fac li\u00ean k\u1ebft (topology), thu\u1eadn ti\u1ec7n cho qu\u1ea3n l\u00fd tr\u1ef1c quan<br \/>\nDHCP Server v\u00e0 DHCP Client c\u00f3 th\u1ec3 \u0111\u01b0\u1ee3c s\u1eed d\u1ee5ng \u0111\u1ec3 c\u1ea5p ph\u00e1t \u0111\u1ecba ch\u1ec9 IP theo nhi\u1ec1u chi\u1ebfn l\u01b0\u1ee3c kh\u00e1c nhau<br \/>\nCh\u1ee9c n\u0103ng DHCP Relay cho ph\u00e9p c\u1ea5u h\u00ecnh \u0111\u1ecba ch\u1ec9 IP, gateway v\u00e0 DNS xuy\u00ean qua c\u00e1c ph\u00e2n \u0111o\u1ea1n m\u1ea1ng kh\u00e1c nhau<br \/>\nQu\u1ea3n l\u00fd file gi\u00fap c\u1ea5u h\u00ecnh thi\u1ebft b\u1ecb nhanh ch\u00f3ng v\u00e0 n\u00e2ng c\u1ea5p tr\u1ef1c tuy\u1ebfn thu\u1eadn ti\u1ec7n<br \/>\nTh\u00f4ng tin log v\u00e0 m\u00e1y ch\u1ee7 log c\u00f3 th\u1ec3 ghi l\u1ea1i c\u00e1c ho\u1ea1t \u0111\u1ed9ng c\u1ee7a ng\u01b0\u1eddi d\u00f9ng, l\u1ed7i h\u1ec7 th\u1ed1ng, b\u1ea3o m\u1eadt h\u1ec7 th\u1ed1ng v\u00e0 c\u00e1c th\u00f4ng tin kh\u00e1c c\u1ea3 t\u1ea1i ch\u1ed7 v\u00e0 t\u1eeb xa<br \/>\nC\u1ea5u h\u00ecnh ph\u00e2n quy\u1ec1n ng\u01b0\u1eddi d\u00f9ng cho ph\u00e9p thi\u1ebft l\u1eadp m\u1ee9c quy\u1ec1n h\u1ea1n cho t\u1eebng ng\u01b0\u1eddi d\u00f9ng<br \/>\nC\u1ea5u h\u00ecnh SSH v\u00e0 HTTPS c\u00f3 th\u1ec3 n\u00e2ng cao b\u1ea3o m\u1eadt qu\u1ea3n l\u00fd thi\u1ebft b\u1ecb v\u00e0 \u0111\u1ea3m b\u1ea3o an to\u00e0n truy c\u1eadp d\u1eef li\u1ec7u<br \/>\nRing, MRP v\u00e0 STP\/RSTP\/MSTP c\u00f3 th\u1ec3 \u0111\u1ea3m b\u1ea3o d\u1ef1 ph\u00f2ng m\u1ea1ng, gi\u00fap ng\u0103n ng\u1eeba hi\u1ec7n t\u01b0\u1ee3ng b\u00e3o m\u1ea1ng (network storm)<br \/>\nCh\u1ee9c n\u0103ng ERPS c\u00f3 th\u1ec3 th\u1ef1c hi\u1ec7n d\u1ef1 ph\u00f2ng li\u00ean k\u1ebft v\u00e0 n\u00e2ng cao \u0111\u1ed9 tin c\u1eady c\u1ee7a m\u1ea1ng.<br \/>\nC\u1ea3nh b\u00e1o r\u01a1-le gi\u00fap thu\u1eadn ti\u1ec7n cho vi\u1ec7c x\u1eed l\u00fd s\u1ef1 c\u1ed1 t\u1ea1i hi\u1ec7n tr\u01b0\u1eddng l\u1eafp \u0111\u1eb7t<br \/>\nStorm suppression c\u00f3 th\u1ec3 h\u1ea1n ch\u1ebf ph\u00e1t s\u00f3ng, ph\u00e1t \u0111a \u0111i\u1ec3m kh\u00f4ng x\u00e1c \u0111\u1ecbnh v\u00e0 ph\u00e1t \u0111\u01a1n \u0111i\u1ec3m<br \/>\nVLAN \u0111\u01b0\u1ee3c s\u1eed d\u1ee5ng \u0111\u1ec3 \u0111\u01a1n gi\u1ea3n h\u00f3a vi\u1ec7c l\u1eadp k\u1ebf ho\u1ea1ch m\u1ea1ng<br \/>\nPort Trunking v\u00e0 LACP c\u00f3 th\u1ec3 t\u0103ng b\u0103ng th\u00f4ng m\u1ea1ng v\u00e0 n\u00e2ng cao \u0111\u1ed9 tin c\u1eady c\u1ee7a k\u1ebft n\u1ed1i m\u1ea1ng, gi\u00fap t\u1ed1i \u01b0u h\u00f3a vi\u1ec7c s\u1eed d\u1ee5ng b\u0103ng th\u00f4ng.<br \/>\nIGMP\/MLD Snooping c\u00f3 th\u1ec3 \u0111\u01b0\u1ee3c s\u1eed d\u1ee5ng \u0111\u1ec3 l\u1ecdc l\u01b0u l\u01b0\u1ee3ng multicast, gi\u00fap ti\u1ebft ki\u1ec7m b\u0103ng th\u00f4ng m\u1ea1ng.<br \/>\nIGMP\/MLD c\u00f3 th\u1ec3 \u0111\u01b0\u1ee3c s\u1eed d\u1ee5ng \u0111\u1ec3 qu\u1ea3n l\u00fd v\u00e0 duy tr\u00ec c\u00e1c th\u00e0nh vi\u00ean multicast.<br \/>\nARP \u0111\u01b0\u1ee3c s\u1eed d\u1ee5ng \u0111\u1ec3 ph\u00e2n gi\u1ea3i \u0111\u1ecba ch\u1ec9 MAC<br \/>\nVRRP, RIP\/RIPng, ISIS, OSPF\/OSPFv3 v\u00e0 BGP c\u00f3 th\u1ec3 th\u1ef1c hi\u1ec7n c\u1ea5u h\u00ecnh \u0111\u1ecbnh tuy\u1ebfn \u0111\u1ed9ng.<br \/>\nPIM-DM v\u00e0 PIM-SM c\u00f3 th\u1ec3 \u0111\u01b0\u1ee3c s\u1eed d\u1ee5ng \u0111\u1ec3 t\u1ea1o v\u00e0 duy tr\u00ec b\u1ea3ng \u0111\u1ecbnh tuy\u1ebfn multicast, \u0111\u1ed3ng th\u1eddi th\u1ef1c hi\u1ec7n chuy\u1ec3n ti\u1ebfp \u0111\u1ecbnh tuy\u1ebfn multicast<br \/>\nNAT \u00e1nh x\u1ea1 \u0111\u1ecba ch\u1ec9 IP ri\u00eang (private IP) sang \u0111\u1ecba ch\u1ec9 IP h\u1ee3p l\u1ec7 c\u1ee7a m\u1ea1ng b\u00ean ngo\u00e0i, gi\u00fap gi\u1ea3m t\u1ed1c \u0111\u1ed9 ti\u00eau th\u1ee5 kh\u00f4ng gian \u0111\u1ecba ch\u1ec9 IP<br \/>\nPh\u00e1t hi\u1ec7n v\u00f2ng l\u1eb7p (Loop detection) c\u00f3 th\u1ec3 lo\u1ea1i b\u1ecf hi\u1ec7u qu\u1ea3 \u1ea3nh h\u01b0\u1edfng do v\u00f2ng l\u1eb7p c\u1ed5ng (port loopback) b\u1eb1ng c\u00e1ch ph\u00e1t hi\u1ec7n s\u1ef1 t\u1ed3n t\u1ea1i c\u1ee7a v\u00f2ng l\u1eb7p<br \/>\nIPDT c\u00f3 th\u1ec3 theo d\u00f5i tr\u1ea1ng th\u00e1i thi\u1ebft b\u1ecb IP v\u00e0 th\u1ef1c hi\u1ec7n t\u01b0\u01a1ng t\u00e1c v\u1edbi c\u00e1c \u1ee9ng d\u1ee5ng kh\u00e1c.<br \/>\nSmart Link th\u1ef1c hi\u1ec7n d\u1ef1 ph\u00f2ng li\u00ean k\u1ebft, cung c\u1ea5p c\u01a1 ch\u1ebf d\u1ef1 ph\u00f2ng \u0111\u00e1ng tin c\u1eady, hi\u1ec7u qu\u1ea3 v\u00e0 chuy\u1ec3n \u0111\u1ed5i nhanh.<br \/>\nCh\u1ea9n \u0111o\u00e1n v\u00e0 kh\u1eafc ph\u1ee5c s\u1ef1 c\u1ed1 m\u1ea1ng c\u00f3 th\u1ec3 \u0111\u01b0\u1ee3c th\u1ef1c hi\u1ec7n th\u00f4ng qua Ping, Traceroute, SFP DDMI.<br \/>\nPort mirroring cho ph\u00e9p ph\u00e2n t\u00edch v\u00e0 gi\u00e1m s\u00e1t d\u1eef li\u1ec7u, thu\u1eadn ti\u1ec7n cho vi\u1ec7c g\u1ee1 l\u1ed7i (debug) tr\u1ef1c tuy\u1ebfn<\/p>","protected":false},"excerpt":{"rendered":"<h1>28\/32\/36\/44 Port 10Gigabit Layer 3 Industrial Ethernet Switch<\/h1>\n<p>T\u1ed1i \u0111a 24 c\u1ed5ng \u0111\u1ed3ng Gigabit, 16 khe SFP Gigabit, 4 khe SFP+ 10 Gigabit.<br \/>\n\u00c1p d\u1ee5ng c\u00f4ng ngh\u1ec7 Ring \u0111\u01b0\u1ee3c c\u1ea5p b\u1eb1ng s\u00e1ng ch\u1ebf, h\u1ed7 tr\u1ee3 c\u00e1c c\u1ea5u tr\u00fac m\u1ea1ng v\u00f2ng \u0111\u01a1n, v\u00f2ng gh\u00e9p, v\u00f2ng chu\u1ed7i v\u00e0 dual-homing; th\u1eddi gian kh\u00f4i ph\u1ee5c t\u1ef1 \u0111\u1ed9ng khi x\u1ea3y ra s\u1ef1 c\u1ed1 m\u1ea1ng &lt; 20 ms<br \/>\nH\u1ed7 tr\u1ee3 nhi\u1ec1u giao th\u1ee9c m\u1ea1ng v\u00e0 ti\u00eau chu\u1ea9n c\u00f4ng nghi\u1ec7p, bao g\u1ed3m: IPv6, RIP, OSPF, PIM, VRRP, ISIS, NAT, MRP, STP\/RSTP\/MSTP, ERPS, VLAN, IGMP\/MLD, IGMP\/MLD Snooping, DHCP Server\/Relay, LLDP, LACP<br \/>\nT\u00f9y ch\u1ecdn ngu\u1ed3n DC (12~55VDC) ho\u1eb7c AC (85~264VAC) k\u00e9p, h\u1ed7 tr\u1ee3 d\u1ef1 ph\u00f2ng ngu\u1ed3n k\u00e9p<br \/>\nH\u1ed7 tr\u1ee3 d\u1ea3i nhi\u1ec7t \u0111\u1ed9 ho\u1ea1t \u0111\u1ed9ng r\u1ed9ng t\u1eeb -40\u00b0C \u0111\u1ebfn 75\u00b0C<\/p>","protected":false},"featured_media":1675,"template":"","meta":[],"product_brand":[],"product_cat":[33],"product_tag":[],"class_list":{"0":"post-1671","1":"product","2":"type-product","3":"status-publish","4":"has-post-thumbnail","6":"product_cat-layer-3-managed-switch","8":"first","9":"instock","10":"shipping-taxable","11":"product-type-simple"},"acf":[],"_links":{"self":[{"href":"https:\/\/3onedatavn.com\/vi\/wp-json\/wp\/v2\/product\/1671","targetHints":{"allow":["GET"]}}],"collection":[{"href":"https:\/\/3onedatavn.com\/vi\/wp-json\/wp\/v2\/product"}],"about":[{"href":"https:\/\/3onedatavn.com\/vi\/wp-json\/wp\/v2\/types\/product"}],"wp:featuredmedia":[{"embeddable":true,"href":"https:\/\/3onedatavn.com\/vi\/wp-json\/wp\/v2\/media\/1675"}],"wp:attachment":[{"href":"https:\/\/3onedatavn.com\/vi\/wp-json\/wp\/v2\/media?parent=1671"}],"wp:term":[{"taxonomy":"product_brand","embeddable":true,"href":"https:\/\/3onedatavn.com\/vi\/wp-json\/wp\/v2\/product_brand?post=1671"},{"taxonomy":"product_cat","embeddable":true,"href":"https:\/\/3onedatavn.com\/vi\/wp-json\/wp\/v2\/product_cat?post=1671"},{"taxonomy":"product_tag","embeddable":true,"href":"https:\/\/3onedatavn.com\/vi\/wp-json\/wp\/v2\/product_tag?post=1671"}],"curies":[{"name":"wp","href":"https:\/\/api.w.org\/{rel}","templated":true}]}}