{"id":1740,"date":"2026-01-05T09:25:04","date_gmt":"2026-01-05T02:25:04","guid":{"rendered":"https:\/\/3onedatavn.com\/?post_type=product&#038;p=1740"},"modified":"2026-01-09T14:29:07","modified_gmt":"2026-01-09T07:29:07","slug":"ics6400bt-8gp4xs-2lv","status":"publish","type":"product","link":"https:\/\/3onedatavn.com\/vi\/san-pham\/ics6400bt-8gp4xs-2lv\/","title":{"rendered":"ICS6400BT-8GP4XS-2LV"},"content":{"rendered":"<p><strong>Gi\u1edbi thi\u1ec7u<\/strong><\/p>\n<p style=\"font-weight: 400;\">ICS6400BT-8GP4XS-2LV l\u00e0 switch Ethernet c\u00f4ng nghi\u1ec7p Layer 3 12 c\u1ed5ng Gigabit \/ 10 Gigabit. Ngu\u1ed3n PoE tu\u00e2n theo ti\u00eau chu\u1ea9n IEEE 802.3af\/at\/bt, c\u00f3 th\u1ec3 c\u1ea5p ngu\u1ed3n cho thi\u1ebft b\u1ecb qua c\u00e1p Ethernet, gi\u00fap gi\u1ea3m s\u1ed1 l\u01b0\u1ee3ng k\u1ebft n\u1ed1i c\u00e1p c\u1ee7a c\u00e1c thi\u1ebft b\u1ecb \u0111\u01b0\u1ee3c c\u1ea5p ngu\u1ed3n. S\u1ea3n ph\u1ea9m cung c\u1ea5p c\u1ed5ng \u0111\u1ed3ng PoE Gigabit v\u00e0 khe SFP+ 10 Gigabit, \u0111\u1ed3ng th\u1eddi h\u1ed7 tr\u1ee3 g\u1eafn tr\u00ean thanh DIN-Rail, \u0111\u00e1p \u1ee9ng y\u00eau c\u1ea7u l\u1eafp \u0111\u1eb7t trong nhi\u1ec1u t\u00ecnh hu\u1ed1ng kh\u00e1c nhau<\/p>\n<p style=\"font-weight: 400;\">H\u1ec7 th\u1ed1ng qu\u1ea3n l\u00fd m\u1ea1ng h\u1ed7 tr\u1ee3 nhi\u1ec1u giao th\u1ee9c m\u1ea1ng v\u00e0 ti\u00eau chu\u1ea9n c\u00f4ng nghi\u1ec7p, ch\u1eb3ng h\u1ea1n nh\u01b0 Static Routing, RIP, VRRP, NAT, STP\/RSTP\/MSTP, ERPS, VLAN 802.1Q, QoS, DHCP Server, DHCP Client, IGMP Static Multicast, LLDP, Port Trunking, Port Mirroring, v.v.\n\nH\u1ec7 th\u1ed1ng c\u0169ng s\u1edf h\u1eefu c\u00e1c ch\u1ee9c n\u0103ng qu\u1ea3n l\u00fd \u0111\u1ea7y \u0111\u1ee7, bao g\u1ed3m C\u1ea5u h\u00ecnh c\u1ed5ng, Th\u1ed1ng k\u00ea c\u1ed5ng, Ki\u1ec3m so\u00e1t truy c\u1eadp, X\u00e1c th\u1ef1c 802.1X, Ch\u1ea9n \u0111o\u00e1n m\u1ea1ng, C\u1ea5u h\u00ecnh nhanh, N\u00e2ng c\u1ea5p tr\u1ef1c tuy\u1ebfn, v.v., \u0111\u1ed3ng th\u1eddi h\u1ed7 tr\u1ee3 c\u00e1c ph\u01b0\u01a1ng th\u1ee9c truy c\u1eadp CLI, HTTP, HTTPS, Telnet, SSH.\n\nH\u1ec7 th\u1ed1ng qu\u1ea3n l\u00fd m\u1ea1ng mang \u0111\u1ebfn tr\u1ea3i nghi\u1ec7m ng\u01b0\u1eddi d\u00f9ng tuy\u1ec7t v\u1eddi nh\u1edd giao di\u1ec7n th\u00e2n thi\u1ec7n v\u00e0 ho\u1ea1t \u0111\u1ed9ng \u0111\u01a1n gi\u1ea3n, thu\u1eadn ti\u1ec7n.<\/p>\n<p style=\"font-weight: 400;\">Ngu\u1ed3n c\u1ea5p \u0111\u1ea7u v\u00e0o l\u00e0 hai m\u1ea1ch ngu\u1ed3n \u0111\u1ed9c l\u1eadp, c\u00f3 th\u1ec3 \u0111\u1ea3m b\u1ea3o thi\u1ebft b\u1ecb ho\u1ea1t \u0111\u1ed9ng b\u00ecnh th\u01b0\u1eddng khi m\u1ed9t ngu\u1ed3n g\u1eb7p s\u1ef1 c\u1ed1. Thi\u1ebft k\u1ebf c\u00f4ng t\u1eafc DIP cho ph\u00e9p kh\u00f4i ph\u1ee5c c\u00e0i \u0111\u1eb7t g\u1ed1c c\u1ee7a thi\u1ebft b\u1ecb v\u00e0 kh\u1edfi \u0111\u1ed9ng l\u1ea1i. Khi ngu\u1ed3n ho\u1eb7c c\u1ed5ng g\u1eb7p s\u1ef1 c\u1ed1 k\u1ebft n\u1ed1i, \u0111\u00e8n ALM s\u1ebd s\u00e1ng v\u00e0 ph\u00e1t c\u1ea3nh b\u00e1o; \u0111\u1ed3ng th\u1eddi, thi\u1ebft b\u1ecb b\u00e1o \u0111\u1ed9ng k\u1ebft n\u1ed1i v\u1edbi relay c\u0169ng ph\u00e1t t\u00edn hi\u1ec7u c\u1ea3nh b\u00e1o, h\u1ed7 tr\u1ee3 x\u1eed l\u00fd s\u1ef1 c\u1ed1 nhanh t\u1ea1i hi\u1ec7n tr\u01b0\u1eddng.\n\nPh\u1ea7n c\u1ee9ng \u0111\u01b0\u1ee3c thi\u1ebft k\u1ebf kh\u00f4ng qu\u1ea1t, ti\u00eau th\u1ee5 \u0111i\u1ec7n th\u1ea5p, d\u1ea3i nhi\u1ec7t \u0111\u1ed9 v\u00e0 \u0111i\u1ec7n \u00e1p r\u1ed9ng v\u00e0 \u0111\u00e3 \u0111\u1ea1t c\u00e1c ki\u1ec3m tra nghi\u00eam ng\u1eb7t theo ti\u00eau chu\u1ea9n c\u00f4ng nghi\u1ec7p, ph\u00f9 h\u1ee3p cho m\u00f4i tr\u01b0\u1eddng c\u00f4ng nghi\u1ec7p kh\u1eaft khe v\u1ec1 EMC.\n\nS\u1ea3n ph\u1ea9m c\u00f3 th\u1ec3 \u1ee9ng d\u1ee5ng r\u1ed9ng r\u00e3i trong c\u00e1c l\u0129nh v\u1ef1c c\u00f4ng nghi\u1ec7p nh\u01b0 th\u00e0nh ph\u1ed1 th\u00f4ng minh, an ninh, c\u00f4ng vi\u00ean, v\u00e0 c\u1ea3nh s\u00e1t \u0111i\u1ec7n t\u1eed.<\/p>\n<p><br style=\"font-weight: 400;\" \/><br style=\"font-weight: 400;\" \/><br style=\"font-weight: 400;\" \/><span style=\"font-weight: 400;\"><strong>T\u00ednh n\u0103ng b\u1ed5 sung<\/strong><\/span><\/p>\n<p style=\"font-weight: 400;\">\u00a0SNMPv1\/v2c\/v3 \u0111\u01b0\u1ee3c s\u1eed d\u1ee5ng cho qu\u1ea3n l\u00fd m\u1ea1ng \u1edf nhi\u1ec1u c\u1ea5p \u0111\u1ed9 kh\u00e1c nhau<\/p>\n<p style=\"font-weight: 400;\">\u00a0RMON c\u00f3 th\u1ec3 \u0111\u01b0\u1ee3c s\u1eed d\u1ee5ng \u0111\u1ec3 gi\u00e1m s\u00e1t m\u1ea1ng m\u1ed9t c\u00e1ch hi\u1ec7u qu\u1ea3 v\u00e0 linh ho\u1ea1t<\/p>\n<p style=\"font-weight: 400;\">\u00a0QoS h\u1ed7 tr\u1ee3 ph\u00e2n lo\u1ea1i l\u01b0u l\u01b0\u1ee3ng th\u1eddi gian th\u1ef1c v\u00e0 thi\u1ebft l\u1eadp m\u1ee9c \u0111\u1ed9 \u01b0u ti\u00ean<\/p>\n<p style=\"font-weight: 400;\">\u00a0LLDP cho ph\u00e9p t\u1ef1 \u0111\u1ed9ng ph\u00e1t hi\u1ec7n c\u1ea5u tr\u00fac li\u00ean k\u1ebft (topology), thu\u1eadn ti\u1ec7n cho qu\u1ea3n l\u00fd tr\u1ef1c quan<\/p>\n<p style=\"font-weight: 400;\">\u00a0DHCP Server v\u00e0 DHCP Client c\u00f3 th\u1ec3 \u0111\u01b0\u1ee3c s\u1eed d\u1ee5ng \u0111\u1ec3 c\u1ea5p ph\u00e1t \u0111\u1ecba ch\u1ec9 IP theo nhi\u1ec1u chi\u1ebfn l\u01b0\u1ee3c kh\u00e1c nhau<\/p>\n<p style=\"font-weight: 400;\">\u00a0DHCP Snooping gi\u00fap \u0111\u1ea3m b\u1ea3o c\u00e1c DHCP client ch\u1ec9 nh\u1eadn \u0111\u1ecba ch\u1ec9 IP t\u1eeb DHCP Server h\u1ee3p l\u1ec7<\/p>\n<p style=\"font-weight: 400;\">\u00a0Ch\u1ee9c n\u0103ng DHCP Relay cho ph\u00e9p c\u1ea5u h\u00ecnh \u0111\u1ecba ch\u1ec9 IP, gateway v\u00e0 DNS xuy\u00ean qua c\u00e1c ph\u00e2n \u0111o\u1ea1n m\u1ea1ng kh\u00e1c nhau<\/p>\n<p style=\"font-weight: 400;\">\u00a0Qu\u1ea3n l\u00fd file gi\u00fap c\u1ea5u h\u00ecnh thi\u1ebft b\u1ecb nhanh ch\u00f3ng v\u00e0 n\u00e2ng c\u1ea5p tr\u1ef1c tuy\u1ebfn thu\u1eadn ti\u1ec7n<\/p>\n<p style=\"font-weight: 400;\">\u00a0Th\u00f4ng tin log v\u00e0 m\u00e1y ch\u1ee7 log c\u00f3 th\u1ec3 ghi l\u1ea1i c\u00e1c ho\u1ea1t \u0111\u1ed9ng c\u1ee7a ng\u01b0\u1eddi d\u00f9ng, l\u1ed7i h\u1ec7 th\u1ed1ng, b\u1ea3o m\u1eadt h\u1ec7 th\u1ed1ng v\u00e0 c\u00e1c th\u00f4ng tin kh\u00e1c c\u1ea3 t\u1ea1i ch\u1ed7 v\u00e0 t\u1eeb xa<\/p>\n<p style=\"font-weight: 400;\">\u00a0C\u1ea5u h\u00ecnh ph\u00e2n quy\u1ec1n ng\u01b0\u1eddi d\u00f9ng cho ph\u00e9p thi\u1ebft l\u1eadp m\u1ee9c quy\u1ec1n h\u1ea1n cho t\u1eebng ng\u01b0\u1eddi d\u00f9ng<\/p>\n<p style=\"font-weight: 400;\">\u00a0ACL gi\u00fap n\u00e2ng cao t\u00ednh linh ho\u1ea1t v\u00e0 b\u1ea3o m\u1eadt c\u1ee7a m\u1ea1ng, h\u1ed7 tr\u1ee3 ACL hai chi\u1ec1u IN v\u00e0 OUT<\/p>\n<p style=\"font-weight: 400;\">\u00a0C\u1ea3nh b\u00e1o r\u01a1-le gi\u00fap thu\u1eadn ti\u1ec7n cho vi\u1ec7c x\u1eed l\u00fd s\u1ef1 c\u1ed1 t\u1ea1i hi\u1ec7n tr\u01b0\u1eddng l\u1eafp \u0111\u1eb7t<\/p>\n<p style=\"font-weight: 400;\">\u00a0C\u1ea5u h\u00ecnh SSH v\u00e0 HTTPS c\u00f3 th\u1ec3 n\u00e2ng cao b\u1ea3o m\u1eadt qu\u1ea3n l\u00fd thi\u1ebft b\u1ecb v\u00e0 \u0111\u1ea3m b\u1ea3o an to\u00e0n truy c\u1eadp d\u1eef li\u1ec7u<\/p>\n<p style=\"font-weight: 400;\">\u00a0Ring, STP\/RSTP\/MSTP c\u00f3 th\u1ec3 th\u1ef1c hi\u1ec7n d\u1ef1 ph\u00f2ng m\u1ea1ng v\u00e0 ng\u0103n ng\u1eeba hi\u1ec7n t\u01b0\u1ee3ng b\u00e3o m\u1ea1ng (network storm)<\/p>\n<p style=\"font-weight: 400;\">\u00a0Ch\u1ee9c n\u0103ng ERPS c\u00f3 th\u1ec3 th\u1ef1c hi\u1ec7n d\u1ef1 ph\u00f2ng li\u00ean k\u1ebft v\u00e0 n\u00e2ng cao \u0111\u1ed9 tin c\u1eady c\u1ee7a m\u1ea1ng.<\/p>\n<p style=\"font-weight: 400;\">\u00a0Storm suppression c\u00f3 th\u1ec3 h\u1ea1n ch\u1ebf ph\u00e1t s\u00f3ng, ph\u00e1t \u0111a \u0111i\u1ec3m kh\u00f4ng x\u00e1c \u0111\u1ecbnh v\u00e0 ph\u00e1t \u0111\u01a1n \u0111i\u1ec3m<\/p>\n<p style=\"font-weight: 400;\">\u00a0VLAN \u0111\u01b0\u1ee3c s\u1eed d\u1ee5ng \u0111\u1ec3 \u0111\u01a1n gi\u1ea3n h\u00f3a vi\u1ec7c l\u1eadp k\u1ebf ho\u1ea1ch m\u1ea1ng<\/p>\n<p style=\"font-weight: 400;\">\u00a0Port Trunking v\u00e0 LACP c\u00f3 th\u1ec3 t\u0103ng b\u0103ng th\u00f4ng m\u1ea1ng v\u00e0 n\u00e2ng cao \u0111\u1ed9 tin c\u1eady c\u1ee7a k\u1ebft n\u1ed1i m\u1ea1ng, gi\u00fap t\u1ed1i \u01b0u h\u00f3a vi\u1ec7c s\u1eed d\u1ee5ng b\u0103ng th\u00f4ng.<\/p>\n<p style=\"font-weight: 400;\">\u00a0IGMP Snooping c\u00f3 th\u1ec3 \u0111\u01b0\u1ee3c s\u1eed d\u1ee5ng \u0111\u1ec3 l\u1ecdc l\u01b0u l\u01b0\u1ee3ng multicast, gi\u00fap ti\u1ebft ki\u1ec7m b\u0103ng th\u00f4ng m\u1ea1ng.<\/p>\n<p style=\"font-weight: 400;\">\u00a0IGMP c\u00f3 th\u1ec3 \u0111\u01b0\u1ee3c s\u1eed d\u1ee5ng \u0111\u1ec3 qu\u1ea3n l\u00fd v\u00e0 duy tr\u00ec c\u00e1c th\u00e0nh vi\u00ean multicast.<\/p>\n<p style=\"font-weight: 400;\">\u00a0ARP c\u00f3 th\u1ec3 \u0111\u01b0\u1ee3c s\u1eed d\u1ee5ng \u0111\u1ec3 ph\u00e2n gi\u1ea3i \u0111\u1ecba ch\u1ec9 MAC, trong khi m\u1eadt kh\u1ea9u ng\u01b0\u1eddi d\u00f9ng cho ph\u00e9p qu\u1ea3n l\u00fd ng\u01b0\u1eddi d\u00f9ng theo ph\u00e2n c\u1ea5p, gi\u00fap n\u00e2ng cao b\u1ea3o m\u1eadt qu\u1ea3n l\u00fd thi\u1ebft b\u1ecb.<\/p>\n<p style=\"font-weight: 400;\">\u00a0VRRP, RIP, ISIS, OSPF, BGP c\u00f3 th\u1ec3 th\u1ef1c hi\u1ec7n c\u1ea5u h\u00ecnh \u0111\u1ecbnh tuy\u1ebfn \u0111\u1ed9ng.<\/p>\n<p style=\"font-weight: 400;\">\u00a0PIM-DM\/PIM-SM\/PIM-SSM c\u00f3 th\u1ec3 \u0111\u01b0\u1ee3c s\u1eed d\u1ee5ng \u0111\u1ec3 t\u1ea1o v\u00e0 duy tr\u00ec c\u00e1c m\u1ee5c trong b\u1ea3ng \u0111\u1ecbnh tuy\u1ebfn multicast v\u00e0 th\u1ef1c hi\u1ec7n chuy\u1ec3n ti\u1ebfp \u0111\u1ecbnh tuy\u1ebfn multicast.<\/p>\n<p style=\"font-weight: 400;\">\u00a0NAT \u00e1nh x\u1ea1 \u0111\u1ecba ch\u1ec9 IP ri\u00eang (private IP) sang \u0111\u1ecba ch\u1ec9 IP h\u1ee3p l\u1ec7 c\u1ee7a m\u1ea1ng b\u00ean ngo\u00e0i, gi\u00fap gi\u1ea3m t\u1ed1c \u0111\u1ed9 ti\u00eau th\u1ee5 kh\u00f4ng gian \u0111\u1ecba ch\u1ec9 IP<\/p>\n<p style=\"font-weight: 400;\">\u00a0Ph\u00e1t hi\u1ec7n v\u00f2ng l\u1eb7p (Loop detection) c\u00f3 th\u1ec3 lo\u1ea1i b\u1ecf hi\u1ec7u qu\u1ea3 \u1ea3nh h\u01b0\u1edfng do v\u00f2ng l\u1eb7p c\u1ed5ng (port loopback) b\u1eb1ng c\u00e1ch ph\u00e1t hi\u1ec7n s\u1ef1 t\u1ed3n t\u1ea1i c\u1ee7a v\u00f2ng l\u1eb7p<\/p>\n<p style=\"font-weight: 400;\">\u00a0IPDT c\u00f3 th\u1ec3 theo d\u00f5i tr\u1ea1ng th\u00e1i thi\u1ebft b\u1ecb IP v\u00e0 th\u1ef1c hi\u1ec7n t\u01b0\u01a1ng t\u00e1c v\u1edbi c\u00e1c \u1ee9ng d\u1ee5ng kh\u00e1c.<\/p>\n<p style=\"font-weight: 400;\">\u00a0Qu\u1ea3n l\u00fd b\u0103ng th\u00f4ng v\u00e0 \u0111i\u1ec1u khi\u1ec3n lu\u1ed3ng cho ph\u00e9p ph\u00e2n b\u1ed5 b\u0103ng th\u00f4ng m\u1ea1ng m\u1ed9t c\u00e1ch h\u1ee3p l\u00fd, ng\u0103n ng\u1eeba c\u00e1c tr\u1ea1ng th\u00e1i m\u1ea1ng kh\u00f4ng th\u1ec3 d\u1ef1 \u0111o\u00e1n<\/p>\n<p style=\"font-weight: 400;\">\u00a0Port isolation c\u00f3 th\u1ec3 c\u00e1ch ly c\u00e1c c\u1ed5ng trong c\u00f9ng m\u1ed9t VLAN v\u00e0 ti\u1ebft ki\u1ec7m t\u00e0i nguy\u00ean VLAN.<\/p>\n<p style=\"font-weight: 400;\">\u00a0Smart Link th\u1ef1c hi\u1ec7n d\u1ef1 ph\u00f2ng li\u00ean k\u1ebft, cung c\u1ea5p c\u01a1 ch\u1ebf d\u1ef1 ph\u00f2ng \u0111\u00e1ng tin c\u1eady, hi\u1ec7u qu\u1ea3 v\u00e0 chuy\u1ec3n \u0111\u1ed5i nhanh.<\/p>\n<p style=\"font-weight: 400;\">\u00a0Ch\u1ea9n \u0111o\u00e1n v\u00e0 x\u1eed l\u00fd s\u1ef1 c\u1ed1 m\u1ea1ng c\u00f3 th\u1ec3 \u0111\u01b0\u1ee3c th\u1ef1c hi\u1ec7n th\u00f4ng qua Ping, Traceroute, ki\u1ec3m tra c\u00e1p v\u00e0 ch\u1ea9n \u0111o\u00e1n k\u1ef9 thu\u1eadt s\u1ed1 SFP (SFP DDM).<\/p>\n<p style=\"font-weight: 400;\">\u00a0Port mirroring cho ph\u00e9p ph\u00e2n t\u00edch v\u00e0 gi\u00e1m s\u00e1t d\u1eef li\u1ec7u, thu\u1eadn ti\u1ec7n cho vi\u1ec7c g\u1ee1 l\u1ed7i (debug) tr\u1ef1c tuy\u1ebfn<\/p>","protected":false},"excerpt":{"rendered":"<h1>DIN-Rail Mounting 12-Port Gigabit\/10Gigabit Layer 3 Industrial Ethernet Switch<\/h1>\n<p>H\u1ed7 tr\u1ee3 8 c\u1ed5ng \u0111\u1ed3ng PoE Gigabit, 4 khe SFP+ 10 Gigabit v\u00e0 1 giao di\u1ec7n USB<br \/>\n\u00c1p d\u1ee5ng c\u00f4ng ngh\u1ec7 Ring \u0111\u1ed9c quy\u1ec1n, h\u1ed7 tr\u1ee3 v\u00f2ng \u0111\u01a1n, v\u00f2ng gh\u00e9p, chu\u1ed7i v\u00e0 ch\u1ee9c n\u0103ng v\u00f2ng k\u1ebft n\u1ed1i k\u00e9p (Dual-homing), v\u1edbi th\u1eddi gian ph\u1ee5c h\u1ed3i t\u1ef1 \u0111\u1ed9ng khi s\u1ef1 c\u1ed1 m\u1ea1ng &lt; 50 ms<br \/>\nH\u1ed7 tr\u1ee3 c\u1ea5p ngu\u1ed3n PoE, v\u1edbi c\u00f4ng su\u1ea5t t\u1ed1i \u0111a 90W cho m\u1ed7i c\u1ed5ng PoE v\u00e0 c\u00f4ng su\u1ea5t t\u1ed1i \u0111a 360W cho to\u00e0n b\u1ed9 thi\u1ebft b\u1ecb<br \/>\nH\u1ed7 tr\u1ee3 2 ngu\u1ed3n 48VDC (44~57VDC), d\u1ef1 ph\u00f2ng ngu\u1ed3n k\u00e9p, \u0111\u1ed3ng th\u1eddi ch\u1ed1ng k\u1ebft n\u1ed1i ng\u01b0\u1ee3c<br \/>\nH\u1ed7 tr\u1ee3 d\u1ea3i nhi\u1ec7t \u0111\u1ed9 ho\u1ea1t \u0111\u1ed9ng r\u1ed9ng t\u1eeb -40\u00b0C \u0111\u1ebfn 75\u00b0C<\/p>","protected":false},"featured_media":1741,"template":"","meta":[],"product_brand":[],"product_cat":[33],"product_tag":[],"class_list":{"0":"post-1740","1":"product","2":"type-product","3":"status-publish","4":"has-post-thumbnail","6":"product_cat-layer-3-managed-switch","8":"first","9":"instock","10":"shipping-taxable","11":"product-type-simple"},"acf":[],"_links":{"self":[{"href":"https:\/\/3onedatavn.com\/vi\/wp-json\/wp\/v2\/product\/1740","targetHints":{"allow":["GET"]}}],"collection":[{"href":"https:\/\/3onedatavn.com\/vi\/wp-json\/wp\/v2\/product"}],"about":[{"href":"https:\/\/3onedatavn.com\/vi\/wp-json\/wp\/v2\/types\/product"}],"wp:featuredmedia":[{"embeddable":true,"href":"https:\/\/3onedatavn.com\/vi\/wp-json\/wp\/v2\/media\/1741"}],"wp:attachment":[{"href":"https:\/\/3onedatavn.com\/vi\/wp-json\/wp\/v2\/media?parent=1740"}],"wp:term":[{"taxonomy":"product_brand","embeddable":true,"href":"https:\/\/3onedatavn.com\/vi\/wp-json\/wp\/v2\/product_brand?post=1740"},{"taxonomy":"product_cat","embeddable":true,"href":"https:\/\/3onedatavn.com\/vi\/wp-json\/wp\/v2\/product_cat?post=1740"},{"taxonomy":"product_tag","embeddable":true,"href":"https:\/\/3onedatavn.com\/vi\/wp-json\/wp\/v2\/product_tag?post=1740"}],"curies":[{"name":"wp","href":"https:\/\/api.w.org\/{rel}","templated":true}]}}