{"id":1796,"date":"2026-01-05T11:00:45","date_gmt":"2026-01-05T04:00:45","guid":{"rendered":"https:\/\/3onedatavn.com\/?post_type=product&#038;p=1796"},"modified":"2026-02-05T09:41:05","modified_gmt":"2026-02-05T02:41:05","slug":"ies7110-series","status":"publish","type":"product","link":"https:\/\/3onedatavn.com\/vi\/san-pham\/ies7110-series\/","title":{"rendered":"IES7110 Series"},"content":{"rendered":"<h2>T\u1ed5ng quan v\u1ec1 Switch Ethernet c\u00f4ng nghi\u1ec7p Gigabit Layer 2 qu\u1ea3n l\u00fd 10 c\u1ed5ng \u2013 D\u00f2ng IES7110 c\u1ee7a 3onedata.<\/h2>\n<p style=\"font-weight: 400;\">IES7110 series l\u00e0 d\u00f2ng switch Ethernet c\u00f4ng nghi\u1ec7p Layer 2 qu\u1ea3n l\u00fd, g\u1ed3m 10 c\u1ed5ng 100M\/Gigabit. D\u00f2ng s\u1ea3n ph\u1ea9m n\u00e0y bao g\u1ed3m 6 model, h\u1ed7 tr\u1ee3 nhi\u1ec1u lo\u1ea1i giao di\u1ec7n kh\u00e1c nhau nh\u01b0 c\u1ed5ng \u0111\u1ed3ng 100M, c\u1ed5ng quang 100M v\u00e0 khe SFP Gigabit. Thi\u1ebft b\u1ecb h\u1ed7 tr\u1ee3 l\u1eafp \u0111\u1eb7t tr\u00ean thanh DIN-Rail ho\u1eb7c g\u1eafn t\u01b0\u1eddng, \u0111\u00e1p \u1ee9ng y\u00eau c\u1ea7u c\u1ee7a nhi\u1ec1u k\u1ecbch b\u1ea3n \u1ee9ng d\u1ee5ng kh\u00e1c nhau.<\/p>\n<p style=\"font-weight: 400;\">H\u1ec7 th\u1ed1ng qu\u1ea3n l\u00fd m\u1ea1ng h\u1ed7 tr\u1ee3 nhi\u1ec1u giao th\u1ee9c m\u1ea1ng v\u00e0 ti\u00eau chu\u1ea9n c\u00f4ng nghi\u1ec7p kh\u00e1c nhau nh\u01b0 STP\/RSTP, VLAN 802.1Q, ch\u1ee9c n\u0103ng QoS, LLDP, IGMP Snooping, Multicast \u0111\u1ed9ng, Port Trunking, Port Mirroring, 802.1X. H\u1ec7 th\u1ed1ng c\u0169ng s\u1edf h\u1eefu \u0111\u1ea7y \u0111\u1ee7 c\u00e1c ch\u1ee9c n\u0103ng qu\u1ea3n l\u00fd, bao g\u1ed3m c\u1ea5u h\u00ecnh c\u1ed5ng, th\u1ed1ng k\u00ea c\u1ed5ng, ki\u1ec3m so\u00e1t truy c\u1eadp, ch\u1ea9n \u0111o\u00e1n m\u1ea1ng, c\u1ea5u h\u00ecnh nhanh, n\u00e2ng c\u1ea5p tr\u1ef1c tuy\u1ebfn, v.v., \u0111\u1ed3ng th\u1eddi h\u1ed7 tr\u1ee3 nhi\u1ec1u ph\u01b0\u01a1ng th\u1ee9c truy c\u1eadp nh\u01b0 CLI, WEB, Telnet, SNMP v\u00e0 c\u00e1c ph\u01b0\u01a1ng th\u1ee9c kh\u00e1c. V\u1edbi thi\u1ebft k\u1ebf giao di\u1ec7n th\u00e2n thi\u1ec7n c\u00f9ng c\u00e1ch v\u1eadn h\u00e0nh \u0111\u01a1n gi\u1ea3n v\u00e0 ti\u1ec7n l\u1ee3i, h\u1ec7 th\u1ed1ng qu\u1ea3n l\u00fd m\u1ea1ng mang l\u1ea1i tr\u1ea3i nghi\u1ec7m ng\u01b0\u1eddi d\u00f9ng t\u1ed1i \u01b0u.<\/p>\n<p style=\"font-weight: 400;\">\u0110\u1ea7u v\u00e0o ngu\u1ed3n DC g\u1ed3m hai m\u1ea1ch ngu\u1ed3n \u0111\u1ed9c l\u1eadp, gi\u00fap \u0111\u1ea3m b\u1ea3o thi\u1ebft b\u1ecb v\u1eabn ho\u1ea1t \u0111\u1ed9ng b\u00ecnh th\u01b0\u1eddng khi m\u1ed9t ngu\u1ed3n g\u1eb7p s\u1ef1 c\u1ed1. Thi\u1ebft k\u1ebf c\u00f4ng t\u1eafc DIP cho ph\u00e9p kh\u00f4i ph\u1ee5c c\u00e0i \u0111\u1eb7t g\u1ed1c c\u1ee7a thi\u1ebft b\u1ecb. Khi ngu\u1ed3n DC ho\u1eb7c c\u1ed5ng m\u1ea1ng x\u1ea3y ra l\u1ed7i k\u1ebft n\u1ed1i, \u0111\u00e8n b\u00e1o ALARM s\u1ebd s\u00e1ng v\u00e0 ph\u00e1t t\u00edn hi\u1ec7u c\u1ea3nh b\u00e1o; \u0111\u1ed3ng th\u1eddi thi\u1ebft b\u1ecb c\u1ea3nh b\u00e1o \u0111\u01b0\u1ee3c k\u1ebft n\u1ed1i qua r\u01a1-le c\u0169ng s\u1ebd g\u1eedi c\u1ea3nh b\u00e1o, h\u1ed7 tr\u1ee3 x\u1eed l\u00fd s\u1ef1 c\u1ed1 nhanh t\u1ea1i hi\u1ec7n tr\u01b0\u1eddng.Ph\u1ea7n c\u1ee9ng \u00e1p d\u1ee5ng thi\u1ebft k\u1ebf kh\u00f4ng qu\u1ea1t, ti\u00eau th\u1ee5 \u0111i\u1ec7n n\u0103ng th\u1ea5p, d\u1ea3i nhi\u1ec7t \u0111\u1ed9 v\u00e0 \u0111i\u1ec7n \u00e1p r\u1ed9ng, \u0111\u1ed3ng th\u1eddi \u0111\u00e3 v\u01b0\u1ee3t qua c\u00e1c th\u1eed nghi\u1ec7m nghi\u00eam ng\u1eb7t theo ti\u00eau chu\u1ea9n c\u00f4ng nghi\u1ec7p, ph\u00f9 h\u1ee3p v\u1edbi m\u00f4i tr\u01b0\u1eddng c\u00f4ng nghi\u1ec7p c\u00f3 y\u00eau c\u1ea7u EMC kh\u1eaft khe. Thi\u1ebft b\u1ecb c\u00f3 th\u1ec3 \u0111\u01b0\u1ee3c \u1ee9ng d\u1ee5ng r\u1ed9ng r\u00e3i trong c\u00e1c l\u0129nh v\u1ef1c nh\u01b0 l\u01b0\u1edbi \u0111i\u1ec7n th\u00f4ng minh, giao th\u00f4ng \u0111\u01b0\u1eddng s\u1eaft, th\u00e0nh ph\u1ed1 th\u00f4ng minh, th\u00e0nh ph\u1ed1 an ninh, n\u0103ng l\u01b0\u1ee3ng m\u1edbi, s\u1ea3n xu\u1ea5t th\u00f4ng minh v\u00e0 nhi\u1ec1u l\u0129nh v\u1ef1c c\u00f4ng nghi\u1ec7p kh\u00e1c.<\/p>\n<p><br style=\"font-weight: 400;\" \/><br style=\"font-weight: 400;\" \/><br style=\"font-weight: 400;\" \/><span style=\"font-weight: 400;\"><strong>T\u00ednh n\u0103ng b\u1ed5 sung<\/strong><\/span><br style=\"font-weight: 400;\" \/><span style=\"font-weight: 400;\">SNMPv1\/v2c \u0111\u01b0\u1ee3c s\u1eed d\u1ee5ng cho qu\u1ea3n l\u00fd m\u1ea1ng \u1edf nhi\u1ec1u c\u1ea5p \u0111\u1ed9 kh\u00e1c nhau<\/span><br style=\"font-weight: 400;\" \/><span style=\"font-weight: 400;\">Port mirroring cho ph\u00e9p ph\u00e2n t\u00edch v\u00e0 gi\u00e1m s\u00e1t d\u1eef li\u1ec7u, thu\u1eadn ti\u1ec7n cho vi\u1ec7c g\u1ee1 l\u1ed7i (debug) tr\u1ef1c tuy\u1ebfn<\/span><br style=\"font-weight: 400;\" \/><span style=\"font-weight: 400;\">QoS h\u1ed7 tr\u1ee3 ph\u00e2n lo\u1ea1i l\u01b0u l\u01b0\u1ee3ng th\u1eddi gian th\u1ef1c v\u00e0 thi\u1ebft l\u1eadp m\u1ee9c \u0111\u1ed9 \u01b0u ti\u00ean<\/span><br style=\"font-weight: 400;\" \/><span style=\"font-weight: 400;\">Ch\u1ee9c n\u0103ng qu\u1ea3n l\u00fd t\u1ec7p tin gi\u00fap c\u1ea5u h\u00ecnh nhanh thi\u1ebft b\u1ecb v\u00e0 n\u00e2ng c\u1ea5p tr\u1ef1c tuy\u1ebfn m\u1ed9t c\u00e1ch thu\u1eadn ti\u1ec7n<\/span><br style=\"font-weight: 400;\" \/><span style=\"font-weight: 400;\">Port statistics \u0111\u01b0\u1ee3c s\u1eed d\u1ee5ng \u0111\u1ec3 th\u1ed1ng k\u00ea l\u01b0u l\u01b0\u1ee3ng th\u1eddi gian th\u1ef1c c\u1ee7a t\u1eebng c\u1ed5ng<\/span><br style=\"font-weight: 400;\" \/><span style=\"font-weight: 400;\">M\u1eadt kh\u1ea9u ng\u01b0\u1eddi d\u00f9ng cho ph\u00e9p qu\u1ea3n l\u00fd ph\u00e2n c\u1ea5p ng\u01b0\u1eddi d\u00f9ng, gi\u00fap n\u00e2ng cao m\u1ee9c \u0111\u1ed9 b\u1ea3o m\u1eadt trong c\u00f4ng t\u00e1c qu\u1ea3n tr\u1ecb thi\u1ebft b\u1ecb.<\/span><br style=\"font-weight: 400;\" \/><span style=\"font-weight: 400;\">C\u1ea3nh b\u00e1o r\u01a1-le gi\u00fap thu\u1eadn ti\u1ec7n cho vi\u1ec7c x\u1eed l\u00fd s\u1ef1 c\u1ed1 t\u1ea1i hi\u1ec7n tr\u01b0\u1eddng l\u1eafp \u0111\u1eb7t<\/span><br style=\"font-weight: 400;\" \/><span style=\"font-weight: 400;\">Ch\u1ee9c n\u0103ng ki\u1ec3m so\u00e1t b\u00e3o m\u1ea1ng (Storm Suppression) gi\u00fap h\u1ea1n ch\u1ebf l\u01b0u l\u01b0\u1ee3ng broadcast, multicast kh\u00f4ng x\u00e1c \u0111\u1ecbnh v\u00e0 unicast kh\u00f4ng x\u00e1c \u0111\u1ecbnh<\/span><br style=\"font-weight: 400;\" \/><span style=\"font-weight: 400;\">VLAN gi\u00fap \u0111\u01a1n gi\u1ea3n h\u00f3a vi\u1ec7c thi\u1ebft k\u1ebf v\u00e0 quy ho\u1ea1ch m\u1ea1ng<\/span><br style=\"font-weight: 400;\" \/><span style=\"font-weight: 400;\">G\u1ed9p c\u1ed5ng (Port Trunking) gi\u00fap t\u0103ng b\u0103ng th\u00f4ng m\u1ea1ng v\u00e0 n\u00e2ng cao \u0111\u1ed9 tin c\u1eady c\u1ee7a k\u1ebft n\u1ed1i m\u1ea1ng, t\u1eeb \u0111\u00f3 \u0111\u1ea1t hi\u1ec7u qu\u1ea3 s\u1eed d\u1ee5ng b\u0103ng th\u00f4ng t\u1ed1i \u01b0u.<\/span><br style=\"font-weight: 400;\" \/><span style=\"font-weight: 400;\">Qu\u1ea3n l\u00fd b\u0103ng th\u00f4ng v\u00e0 \u0111i\u1ec1u khi\u1ec3n lu\u1ed3ng cho ph\u00e9p ph\u00e2n b\u1ed5 b\u0103ng th\u00f4ng m\u1ea1ng m\u1ed9t c\u00e1ch h\u1ee3p l\u00fd, ng\u0103n ng\u1eeba c\u00e1c tr\u1ea1ng th\u00e1i m\u1ea1ng kh\u00f4ng th\u1ec3 d\u1ef1 \u0111o\u00e1n<\/span><br style=\"font-weight: 400;\" \/><span style=\"font-weight: 400;\">H\u1ed7 tr\u1ee3 IGMP Snooping v\u00e0 Static Multicast nh\u1eb1m l\u1ecdc l\u01b0u l\u01b0\u1ee3ng multicast v\u00e0 ti\u1ebft ki\u1ec7m b\u0103ng th\u00f4ng<\/span><br style=\"font-weight: 400;\" \/><span style=\"font-weight: 400;\">SW-Ring v\u00e0 STP\/RSTP c\u00f3 th\u1ec3 \u0111\u1ea3m b\u1ea3o d\u1ef1 ph\u00f2ng m\u1ea1ng, gi\u00fap ng\u0103n ng\u1eeba hi\u1ec7n t\u01b0\u1ee3ng b\u00e3o m\u1ea1ng (network storm)<\/span><\/p>","protected":false},"excerpt":{"rendered":"<h1>Switch Ethernet c\u00f4ng nghi\u1ec7p Layer 2 qu\u1ea3n l\u00fd 10 c\u1ed5ng 100M\/Gigabit, l\u1eafp ray DIN ho\u1eb7c g\u1eafn t\u01b0\u1eddng<\/h1>\n<p>Support 2 Gigabit fiber ports (SFP slot) and 8 optional 100M Ethernet fiber\/copper ports<br \/>\nAdopt Ring patent technology, support single ring, coupling ring, chain ring, Dual-homing ring network function, automatic recovery time of network failure &lt; 50ms<br \/>\nGigabit bandwidth can realize transmitting large amounts of video, voice and data with high performance and high speed<br \/>\nDC Product supports dual power input, with input voltage of 12\/24\/48VDC (12~60VDC).<br \/>\nAC Product supports input voltage of 100~240VAC\/DC<br \/>\nH\u1ed7 tr\u1ee3 d\u1ea3i nhi\u1ec7t \u0111\u1ed9 ho\u1ea1t \u0111\u1ed9ng r\u1ed9ng t\u1eeb -40\u00b0C \u0111\u1ebfn 75\u00b0C<\/p>","protected":false},"featured_media":1800,"template":"","meta":[],"product_brand":[],"product_cat":[34],"product_tag":[],"class_list":{"0":"post-1796","1":"product","2":"type-product","3":"status-publish","4":"has-post-thumbnail","6":"product_cat-layer-2-managed-switch","8":"first","9":"instock","10":"shipping-taxable","11":"product-type-simple"},"acf":[],"_links":{"self":[{"href":"https:\/\/3onedatavn.com\/vi\/wp-json\/wp\/v2\/product\/1796","targetHints":{"allow":["GET"]}}],"collection":[{"href":"https:\/\/3onedatavn.com\/vi\/wp-json\/wp\/v2\/product"}],"about":[{"href":"https:\/\/3onedatavn.com\/vi\/wp-json\/wp\/v2\/types\/product"}],"wp:featuredmedia":[{"embeddable":true,"href":"https:\/\/3onedatavn.com\/vi\/wp-json\/wp\/v2\/media\/1800"}],"wp:attachment":[{"href":"https:\/\/3onedatavn.com\/vi\/wp-json\/wp\/v2\/media?parent=1796"}],"wp:term":[{"taxonomy":"product_brand","embeddable":true,"href":"https:\/\/3onedatavn.com\/vi\/wp-json\/wp\/v2\/product_brand?post=1796"},{"taxonomy":"product_cat","embeddable":true,"href":"https:\/\/3onedatavn.com\/vi\/wp-json\/wp\/v2\/product_cat?post=1796"},{"taxonomy":"product_tag","embeddable":true,"href":"https:\/\/3onedatavn.com\/vi\/wp-json\/wp\/v2\/product_tag?post=1796"}],"curies":[{"name":"wp","href":"https:\/\/api.w.org\/{rel}","templated":true}]}}