{"id":1812,"date":"2026-01-05T11:32:25","date_gmt":"2026-01-05T04:32:25","guid":{"rendered":"https:\/\/3onedatavn.com\/?post_type=product&#038;p=1812"},"modified":"2026-02-04T09:44:43","modified_gmt":"2026-02-04T02:44:43","slug":"ies618-4d-series","status":"publish","type":"product","link":"https:\/\/3onedatavn.com\/vi\/san-pham\/ies618-4d-series\/","title":{"rendered":"IES618-4D Series"},"content":{"rendered":"<h2>T\u1ed5ng quan v\u1ec1 d\u00f2ng s\u1ea3n ph\u1ea9m IES618-4D c\u1ee7a 3onedata \u2014 B\u1ed9 chuy\u1ec3n m\u1ea1ch Ethernet c\u00f4ng nghi\u1ec7p qu\u1ea3n l\u00fd l\u1edbp 2, 8 c\u1ed5ng, t\u00edch h\u1ee3p 4 c\u1ed5ng Serial<\/h2>\n<p style=\"font-weight: 400;\">D\u00f2ng IES618-4D l\u00e0 c\u00e1c b\u1ed9 chuy\u1ec3n m\u1ea1ch Ethernet c\u00f4ng nghi\u1ec7p c\u00f3 qu\u1ea3n l\u00fd l\u1edbp 2, \u0111\u01b0\u1ee3c t\u00edch h\u1ee3p 4 c\u1ed5ng Serial. D\u00f2ng s\u1ea3n ph\u1ea9m n\u00e0y bao g\u1ed3m 6 model kh\u00e1c nhau, cung c\u1ea5p c\u00e1c c\u1ed5ng Ethernet \u0111\u1ed3ng 100 Mbps, Ethernet quang 100 Mbps, c\u00f9ng c\u00e1c c\u1ed5ng RS-232 v\u00e0 RS-485, \u0111\u00e1p \u1ee9ng y\u00eau c\u1ea7u c\u1ee7a nhi\u1ec1u k\u1ecbch b\u1ea3n \u1ee9ng d\u1ee5ng kh\u00e1c nhau.<\/p>\n<p style=\"font-weight: 400;\">H\u1ec7 th\u1ed1ng qu\u1ea3n l\u00fd m\u1ea1ng h\u1ed7 tr\u1ee3 nhi\u1ec1u giao th\u1ee9c m\u1ea1ng v\u00e0 ti\u00eau chu\u1ea9n c\u00f4ng nghi\u1ec7p nh\u01b0 STP\/RSTP, VLAN 802.1Q, QoS, IGMP Static Multicast, g\u1ed9p c\u1ed5ng (Port Trunking), ph\u1ea3n chi\u1ebfu c\u1ed5ng (Port Mirroring), v.v. \u0110\u1ed3ng th\u1eddi, h\u1ec7 th\u1ed1ng cung c\u1ea5p \u0111\u1ea7y \u0111\u1ee7 c\u00e1c ch\u1ee9c n\u0103ng qu\u1ea3n l\u00fd, bao g\u1ed3m c\u1ea5u h\u00ecnh c\u1ed5ng, th\u1ed1ng k\u00ea c\u1ed5ng, ki\u1ec3m so\u00e1t truy c\u1eadp, ch\u1ea9n \u0111o\u00e1n m\u1ea1ng, c\u1ea5u h\u00ecnh nhanh, n\u00e2ng c\u1ea5p tr\u1ef1c tuy\u1ebfn v\u00e0 nhi\u1ec1u ch\u1ee9c n\u0103ng kh\u00e1c. M\u1ed7i c\u1ed5ng Serial h\u1ed7 tr\u1ee3 \u0111\u1ed3ng th\u1eddi 4 phi\u00ean k\u1ebft n\u1ed1i TCP ho\u1eb7c UDP, h\u1ed7 tr\u1ee3 ch\u1ebf \u0111\u1ed9 TCP Server v\u00e0 c\u00e1c ch\u1ebf \u0111\u1ed9 ho\u1ea1t \u0111\u1ed9ng c\u1ed5ng Serial kh\u00e1c. Ngo\u00e0i ra, thi\u1ebft b\u1ecb h\u1ed7 tr\u1ee3 nhi\u1ec1u ph\u01b0\u01a1ng th\u1ee9c truy c\u1eadp v\u00e0 qu\u1ea3n l\u00fd nh\u01b0 CLI, WEB, Telnet, SNMP. V\u1edbi thi\u1ebft k\u1ebf giao di\u1ec7n h\u1ec7 th\u1ed1ng qu\u1ea3n l\u00fd th\u00e2n thi\u1ec7n, thao t\u00e1c \u0111\u01a1n gi\u1ea3n v\u00e0 thu\u1eadn ti\u1ec7n, s\u1ea3n ph\u1ea9m mang l\u1ea1i tr\u1ea3i nghi\u1ec7m s\u1eed d\u1ee5ng t\u1ed1t cho ng\u01b0\u1eddi d\u00f9ng<\/p>\n<p style=\"font-weight: 400;\">C\u00f4ng t\u1eafc DIP cho ph\u00e9p kh\u00f4i ph\u1ee5c nhanh c\u00e0i \u0111\u1eb7t m\u1eb7c \u0111\u1ecbnh c\u1ee7a nh\u00e0 s\u1ea3n xu\u1ea5t v\u00e0 th\u1ef1c hi\u1ec7n n\u00e2ng c\u1ea5p s\u1ea3n ph\u1ea9m. Khi ngu\u1ed3n c\u1ea5p ho\u1eb7c c\u1ed5ng m\u1ea1ng x\u1ea3y ra s\u1ef1 c\u1ed1 m\u1ea5t k\u1ebft n\u1ed1i, \u0111\u00e8n b\u00e1o ALARM s\u1ebd s\u00e1ng v\u00e0 ph\u00e1t t\u00edn hi\u1ec7u c\u1ea3nh b\u00e1o; \u0111\u1ed3ng th\u1eddi, thi\u1ebft b\u1ecb c\u1ea3nh b\u00e1o \u0111\u01b0\u1ee3c k\u1ebft n\u1ed1i qua relay s\u1ebd g\u1eedi t\u00edn hi\u1ec7u b\u00e1o \u0111\u1ed9ng, gi\u00fap nhanh ch\u00f3ng x\u00e1c \u0111\u1ecbnh v\u00e0 x\u1eed l\u00fd s\u1ef1 c\u1ed1 t\u1ea1i hi\u1ec7n tr\u01b0\u1eddng. Thi\u1ebft b\u1ecb s\u1eed d\u1ee5ng thi\u1ebft k\u1ebf ph\u1ea7n c\u1ee9ng kh\u00f4ng qu\u1ea1t, ti\u00eau th\u1ee5 \u0111i\u1ec7n n\u0103ng th\u1ea5p, h\u1ed7 tr\u1ee3 d\u1ea3i nhi\u1ec7t \u0111\u1ed9 v\u00e0 \u0111i\u1ec7n \u00e1p r\u1ed9ng, \u0111\u1ed3ng th\u1eddi \u0111\u00e3 v\u01b0\u1ee3t qua c\u00e1c th\u1eed nghi\u1ec7m nghi\u00eam ng\u1eb7t theo ti\u00eau chu\u1ea9n c\u00f4ng nghi\u1ec7p, ph\u00f9 h\u1ee3p cho m\u00f4i tr\u01b0\u1eddng c\u00f4ng nghi\u1ec7p c\u00f3 y\u00eau c\u1ea7u cao v\u1ec1 EMC. S\u1ea3n ph\u1ea9m \u0111\u01b0\u1ee3c \u1ee9ng d\u1ee5ng r\u1ed9ng r\u00e3i trong c\u00e1c l\u0129nh v\u1ef1c nh\u01b0 l\u01b0\u1edbi \u0111i\u1ec7n th\u00f4ng minh, giao th\u00f4ng \u0111\u01b0\u1eddng s\u1eaft, th\u00e0nh ph\u1ed1 th\u00f4ng minh, th\u00e0nh ph\u1ed1 an to\u00e0n, n\u0103ng l\u01b0\u1ee3ng m\u1edbi, s\u1ea3n xu\u1ea5t th\u00f4ng minh v\u00e0 nhi\u1ec1u l\u0129nh v\u1ef1c c\u00f4ng nghi\u1ec7p kh\u00e1c.<\/p>\n<p><br style=\"font-weight: 400;\" \/><br style=\"font-weight: 400;\" \/><span style=\"font-weight: 400;\"><strong>T\u00ednh n\u0103ng b\u1ed5 sung<\/strong><\/span><\/p>\n<ul style=\"font-weight: 400;\">\n<li>SNMPv1\/v2c \u0111\u01b0\u1ee3c s\u1eed d\u1ee5ng cho qu\u1ea3n l\u00fd m\u1ea1ng \u1edf nhi\u1ec1u c\u1ea5p \u0111\u1ed9 kh\u00e1c nhau<\/li>\n<li>Port mirroring cho ph\u00e9p ph\u00e2n t\u00edch v\u00e0 gi\u00e1m s\u00e1t d\u1eef li\u1ec7u, thu\u1eadn ti\u1ec7n cho vi\u1ec7c g\u1ee1 l\u1ed7i (debug) tr\u1ef1c tuy\u1ebfn<\/li>\n<li>QoS h\u1ed7 tr\u1ee3 ph\u00e2n lo\u1ea1i l\u01b0u l\u01b0\u1ee3ng th\u1eddi gian th\u1ef1c v\u00e0 thi\u1ebft l\u1eadp m\u1ee9c \u0111\u1ed9 \u01b0u ti\u00ean<\/li>\n<li>Ch\u1ee9c n\u0103ng qu\u1ea3n l\u00fd t\u1ec7p tin gi\u00fap c\u1ea5u h\u00ecnh nhanh thi\u1ebft b\u1ecb v\u00e0 n\u00e2ng c\u1ea5p tr\u1ef1c tuy\u1ebfn m\u1ed9t c\u00e1ch thu\u1eadn ti\u1ec7n<\/li>\n<li>Port statistics \u0111\u01b0\u1ee3c s\u1eed d\u1ee5ng \u0111\u1ec3 th\u1ed1ng k\u00ea l\u01b0u l\u01b0\u1ee3ng th\u1eddi gian th\u1ef1c c\u1ee7a t\u1eebng c\u1ed5ng<\/li>\n<li>M\u1eadt kh\u1ea9u ng\u01b0\u1eddi d\u00f9ng cho ph\u00e9p qu\u1ea3n l\u00fd ph\u00e2n c\u1ea5p ng\u01b0\u1eddi d\u00f9ng, gi\u00fap n\u00e2ng cao m\u1ee9c \u0111\u1ed9 b\u1ea3o m\u1eadt trong c\u00f4ng t\u00e1c qu\u1ea3n tr\u1ecb thi\u1ebft b\u1ecb.<\/li>\n<li>C\u1ea3nh b\u00e1o r\u01a1-le gi\u00fap thu\u1eadn ti\u1ec7n cho vi\u1ec7c x\u1eed l\u00fd s\u1ef1 c\u1ed1 t\u1ea1i hi\u1ec7n tr\u01b0\u1eddng l\u1eafp \u0111\u1eb7t<\/li>\n<li>Ch\u1ee9c n\u0103ng ki\u1ec3m so\u00e1t b\u00e3o m\u1ea1ng (Storm Suppression) gi\u00fap h\u1ea1n ch\u1ebf l\u01b0u l\u01b0\u1ee3ng broadcast, multicast kh\u00f4ng x\u00e1c \u0111\u1ecbnh v\u00e0 unicast kh\u00f4ng x\u00e1c \u0111\u1ecbnh<\/li>\n<li>VLAN gi\u00fap \u0111\u01a1n gi\u1ea3n h\u00f3a vi\u1ec7c thi\u1ebft k\u1ebf v\u00e0 quy ho\u1ea1ch m\u1ea1ng<\/li>\n<li>G\u1ed9p c\u1ed5ng (Port Trunking) gi\u00fap t\u0103ng b\u0103ng th\u00f4ng m\u1ea1ng v\u00e0 n\u00e2ng cao \u0111\u1ed9 tin c\u1eady c\u1ee7a k\u1ebft n\u1ed1i m\u1ea1ng, t\u1eeb \u0111\u00f3 \u0111\u1ea1t hi\u1ec7u qu\u1ea3 s\u1eed d\u1ee5ng b\u0103ng th\u00f4ng t\u1ed1i \u01b0u.<\/li>\n<li>Qu\u1ea3n l\u00fd b\u0103ng th\u00f4ng v\u00e0 \u0111i\u1ec1u khi\u1ec3n lu\u1ed3ng cho ph\u00e9p ph\u00e2n b\u1ed5 b\u0103ng th\u00f4ng m\u1ea1ng m\u1ed9t c\u00e1ch h\u1ee3p l\u00fd, ng\u0103n ng\u1eeba c\u00e1c tr\u1ea1ng th\u00e1i m\u1ea1ng kh\u00f4ng th\u1ec3 d\u1ef1 \u0111o\u00e1n<\/li>\n<li>Multicast t\u0129nh (Static Multicast) c\u00f3 th\u1ec3 \u0111\u01b0\u1ee3c s\u1eed d\u1ee5ng \u0111\u1ec3 l\u1ecdc l\u01b0u l\u01b0\u1ee3ng multicast, gi\u00fap ti\u1ebft ki\u1ec7m b\u0103ng th\u00f4ng m\u1ea1ng.<\/li>\n<li>SW-Ring v\u00e0 STP\/RSTP c\u00f3 th\u1ec3 \u0111\u1ea3m b\u1ea3o d\u1ef1 ph\u00f2ng m\u1ea1ng, gi\u00fap ng\u0103n ng\u1eeba hi\u1ec7n t\u01b0\u1ee3ng b\u00e3o m\u1ea1ng (network storm)<\/li>\n<li>H\u1ed7 tr\u1ee3 nhi\u1ec1u ch\u1ebf \u0111\u1ed9 ho\u1ea1t \u0111\u1ed9ng c\u1ee7a c\u1ed5ng Serial, bao g\u1ed3m: TCP Server, TCP Client, UDP, TCP Auto, Realcom, TCP Server n\u00e2ng cao v\u00e0 UDP n\u00e2ng cao<\/li>\n<\/ul>","protected":false},"excerpt":{"rendered":"<h1>Switch Ethernet c\u00f4ng nghi\u1ec7p 8 c\u1ed5ng, c\u00f3 qu\u1ea3n l\u00fd l\u1edbp 2, t\u00edch h\u1ee3p 4 c\u1ed5ng Serial (RS-232\/RS-485)<\/h1>\n<p style=\"font-weight: 400;\">H\u1ed7 tr\u1ee3 4 c\u1ed5ng n\u1ed1i ti\u1ebfp (serial), 4 c\u1ed5ng \u0111\u1ed3ng 100 M v\u00e0 4 c\u1ed5ng quang ho\u1eb7c c\u1ed5ng \u0111\u1ed3ng t\u00f9y ch\u1ecdn.<\/p>\n<p style=\"font-weight: 400;\">\u00c1p d\u1ee5ng c\u00f4ng ngh\u1ec7 \u0111\u1ed9c quy\u1ec1n SW-Ring, h\u1ed7 tr\u1ee3 c\u00e1c c\u1ea5u tr\u00fac m\u1ea1ng: v\u00f2ng \u0111\u01a1n (single ring), v\u00f2ng gh\u00e9p (coupling ring), chu\u1ed7i (chain), Dual-homing; th\u1eddi gian t\u1ef1 \u0111\u1ed9ng kh\u00f4i ph\u1ee5c m\u1ea1ng khi x\u1ea3y ra s\u1ef1 c\u1ed1 &lt; 20 ms<\/p>\n<p style=\"font-weight: 400;\">H\u1ed7 tr\u1ee3 nhi\u1ec1u ch\u1ebf \u0111\u1ed9 ho\u1ea1t \u0111\u1ed9ng c\u1ee7a c\u1ed5ng serial nh\u01b0: TCP Client, TCP Server, UDP, TcpAuto, TCP Server n\u00e2ng cao v\u00e0 UDP n\u00e2ng cao<\/p>\n<p style=\"font-weight: 400;\">H\u1ed7 tr\u1ee3 ngu\u1ed3n v\u00e0o DC 12~48V v\u1edbi hai ng\u00f5 c\u1ea5p ngu\u1ed3n d\u1ef1 ph\u00f2ng, kh\u00f4ng ph\u00e2n c\u1ef1c v\u00e0 c\u00f3 b\u1ea3o v\u1ec7 ch\u1ed1ng \u0111\u1ea5u ng\u01b0\u1ee3c<\/p>\n<p style=\"font-weight: 400;\">H\u1ed7 tr\u1ee3 d\u1ea3i nhi\u1ec7t \u0111\u1ed9 ho\u1ea1t \u0111\u1ed9ng r\u1ed9ng t\u1eeb -40\u00b0C \u0111\u1ebfn 75\u2103<\/p>","protected":false},"featured_media":1815,"template":"","meta":[],"product_brand":[],"product_cat":[34],"product_tag":[],"class_list":{"0":"post-1812","1":"product","2":"type-product","3":"status-publish","4":"has-post-thumbnail","6":"product_cat-layer-2-managed-switch","8":"first","9":"instock","10":"shipping-taxable","11":"product-type-simple"},"acf":[],"_links":{"self":[{"href":"https:\/\/3onedatavn.com\/vi\/wp-json\/wp\/v2\/product\/1812","targetHints":{"allow":["GET"]}}],"collection":[{"href":"https:\/\/3onedatavn.com\/vi\/wp-json\/wp\/v2\/product"}],"about":[{"href":"https:\/\/3onedatavn.com\/vi\/wp-json\/wp\/v2\/types\/product"}],"wp:featuredmedia":[{"embeddable":true,"href":"https:\/\/3onedatavn.com\/vi\/wp-json\/wp\/v2\/media\/1815"}],"wp:attachment":[{"href":"https:\/\/3onedatavn.com\/vi\/wp-json\/wp\/v2\/media?parent=1812"}],"wp:term":[{"taxonomy":"product_brand","embeddable":true,"href":"https:\/\/3onedatavn.com\/vi\/wp-json\/wp\/v2\/product_brand?post=1812"},{"taxonomy":"product_cat","embeddable":true,"href":"https:\/\/3onedatavn.com\/vi\/wp-json\/wp\/v2\/product_cat?post=1812"},{"taxonomy":"product_tag","embeddable":true,"href":"https:\/\/3onedatavn.com\/vi\/wp-json\/wp\/v2\/product_tag?post=1812"}],"curies":[{"name":"wp","href":"https:\/\/api.w.org\/{rel}","templated":true}]}}