{"id":1819,"date":"2026-01-05T11:41:08","date_gmt":"2026-01-05T04:41:08","guid":{"rendered":"https:\/\/3onedatavn.com\/?post_type=product&#038;p=1819"},"modified":"2026-02-03T16:31:39","modified_gmt":"2026-02-03T09:31:39","slug":"ies618-series","status":"publish","type":"product","link":"https:\/\/3onedatavn.com\/vi\/san-pham\/ies618-series\/","title":{"rendered":"IES618 Series"},"content":{"rendered":"<h2>Overview of 3onedata&#8217;s 8 Port Layer 2 Managed Industrial Ethernet Switch IES618 Series<\/h2>\n<p>IES618 series are layer 2 managed industrial Ethernet switches. This series provides 6 types of products and support different combination schemes of copper port and fiber port, which can meet the requirements of different application scenes.<\/p>\n<p>Network management system supports various network protocols and industrial standards, such as STP\/RSTP, ERPS, 802.1Q VLAN, QoS Function, Port Trunking, Port Mirroring, LLDP, 802.1X. It also possesses complete management functions, including Port Configuration, Port Statistics, Access Control, Network Diagnosis, Rapid Configuration, Online Upgrading and so on, and supports CLI, WEB, Telnet, SNMP and other access methods. Network management system could bring you great user experience through its friendly interface design and easy and convenient operation.<\/p>\n<p>DIP switch can achieve restoring factory defaults. When DC power supply or port has link failure, ALM indicator will be bright and send out alarm, meanwhile, alarm device connected to the relay will send out alarm for rapid scene troubleshooting. Hardware adopts fanless, low power consumption, wide temperature and voltage design and has passed rigorous industrial standard tests, which can suit for the industrial scene environment with harsh requirements for EMC. It can be widely used in smart grid, rail transit, smart city, safety city, new energy, intelligent manufacturing and other industrial fields.<\/p>\n<p>&nbsp;<\/p>\n<p><strong>T\u00ednh n\u0103ng b\u1ed5 sung<\/strong><\/p>\n<p>SNMPv1\/v2c \u0111\u01b0\u1ee3c s\u1eed d\u1ee5ng cho qu\u1ea3n l\u00fd m\u1ea1ng \u1edf nhi\u1ec1u c\u1ea5p \u0111\u1ed9 kh\u00e1c nhau<\/p>\n<p>Port mirroring cho ph\u00e9p ph\u00e2n t\u00edch v\u00e0 gi\u00e1m s\u00e1t d\u1eef li\u1ec7u, thu\u1eadn ti\u1ec7n cho vi\u1ec7c g\u1ee1 l\u1ed7i (debug) tr\u1ef1c tuy\u1ebfn<\/p>\n<p>QoS h\u1ed7 tr\u1ee3 ph\u00e2n lo\u1ea1i l\u01b0u l\u01b0\u1ee3ng th\u1eddi gian th\u1ef1c v\u00e0 thi\u1ebft l\u1eadp m\u1ee9c \u0111\u1ed9 \u01b0u ti\u00ean<\/p>\n<p>Qu\u1ea3n l\u00fd file gi\u00fap c\u1ea5u h\u00ecnh thi\u1ebft b\u1ecb nhanh ch\u00f3ng v\u00e0 n\u00e2ng c\u1ea5p tr\u1ef1c tuy\u1ebfn thu\u1eadn ti\u1ec7n<\/p>\n<p>Port statistics \u0111\u01b0\u1ee3c s\u1eed d\u1ee5ng \u0111\u1ec3 th\u1ed1ng k\u00ea l\u01b0u l\u01b0\u1ee3ng th\u1eddi gian th\u1ef1c c\u1ee7a t\u1eebng c\u1ed5ng<\/p>\n<p>M\u1eadt kh\u1ea9u ng\u01b0\u1eddi d\u00f9ng cho ph\u00e9p qu\u1ea3n l\u00fd ng\u01b0\u1eddi d\u00f9ng theo ph\u00e2n c\u1ea5p, gi\u00fap n\u00e2ng cao t\u00ednh b\u1ea3o m\u1eadt trong qu\u1ea3n l\u00fd thi\u1ebft b\u1ecb<\/p>\n<p>C\u1ea3nh b\u00e1o r\u01a1-le gi\u00fap thu\u1eadn ti\u1ec7n cho vi\u1ec7c x\u1eed l\u00fd s\u1ef1 c\u1ed1 t\u1ea1i hi\u1ec7n tr\u01b0\u1eddng l\u1eafp \u0111\u1eb7t<\/p>\n<p>Storm suppression c\u00f3 th\u1ec3 h\u1ea1n ch\u1ebf ph\u00e1t s\u00f3ng, ph\u00e1t \u0111a \u0111i\u1ec3m kh\u00f4ng x\u00e1c \u0111\u1ecbnh v\u00e0 ph\u00e1t \u0111\u01a1n \u0111i\u1ec3m<\/p>\n<p>VLAN \u0111\u01b0\u1ee3c s\u1eed d\u1ee5ng \u0111\u1ec3 \u0111\u01a1n gi\u1ea3n h\u00f3a vi\u1ec7c l\u1eadp k\u1ebf ho\u1ea1ch m\u1ea1ng<\/p>\n<p>Port Trunking c\u00f3 th\u1ec3 t\u0103ng b\u0103ng th\u00f4ng m\u1ea1ng v\u00e0 n\u00e2ng cao \u0111\u1ed9 tin c\u1eady c\u1ee7a k\u1ebft n\u1ed1i m\u1ea1ng, gi\u00fap t\u1ed1i \u01b0u h\u00f3a vi\u1ec7c s\u1eed d\u1ee5ng b\u0103ng th\u00f4ng<\/p>\n<p>Qu\u1ea3n l\u00fd b\u0103ng th\u00f4ng v\u00e0 \u0111i\u1ec1u khi\u1ec3n lu\u1ed3ng cho ph\u00e9p ph\u00e2n b\u1ed5 b\u0103ng th\u00f4ng m\u1ea1ng m\u1ed9t c\u00e1ch h\u1ee3p l\u00fd, ng\u0103n ng\u1eeba c\u00e1c tr\u1ea1ng th\u00e1i m\u1ea1ng kh\u00f4ng th\u1ec3 d\u1ef1 \u0111o\u00e1n<\/p>\n<p>IGMP Snooping c\u00f3 th\u1ec3 \u0111\u01b0\u1ee3c s\u1eed d\u1ee5ng \u0111\u1ec3 l\u1ecdc l\u01b0u l\u01b0\u1ee3ng multicast, gi\u00fap ti\u1ebft ki\u1ec7m b\u0103ng th\u00f4ng m\u1ea1ng.<\/p>\n<p>SW-Ring, ERPS and STP\/RSTP can achieve network redundancy, preventing network storm<\/p>\n<p>LLDP cho ph\u00e9p t\u1ef1 \u0111\u1ed9ng ph\u00e1t hi\u1ec7n c\u1ea5u tr\u00fac li\u00ean k\u1ebft (topology), thu\u1eadn ti\u1ec7n cho qu\u1ea3n l\u00fd tr\u1ef1c quan<\/p>\n<p>X\u00e1c th\u1ef1c 802.1X c\u00f3 th\u1ec3 t\u0103ng c\u01b0\u1eddng t\u00ednh linh ho\u1ea1t v\u00e0 b\u1ea3o m\u1eadt c\u1ee7a m\u1ea1ng<\/p>\n<p>Ch\u1ee9c n\u0103ng b\u1ea3o v\u1ec7 v\u00f2ng l\u1eb7p c\u00f3 th\u1ec3 ph\u00e1t hi\u1ec7n hi\u1ec7n t\u01b0\u1ee3ng l\u1eb7p c\u1ed5ng , t\u1eeb \u0111\u00f3 lo\u1ea1i b\u1ecf hi\u1ec7u qu\u1ea3 c\u00e1c \u1ea3nh h\u01b0\u1edfng do v\u00f2ng l\u1eb7p g\u00e2y ra<\/p>\n<p>Support port and power connection exception alarm, port rate, CPU and memory utilization rate threshold alarm<\/p>\n<h2><\/h2>","protected":false},"excerpt":{"rendered":"<h1>Switch Ethernet c\u00f4ng nghi\u1ec7p Layer 2 qu\u1ea3n l\u00fd 8 c\u1ed5ng.<\/h1>\n<p>H\u1ed7 tr\u1ee3 4 c\u1ed5ng Ethernet \u0111\u1ed3ng 100M v\u00e0 4 c\u1ed5ng Ethernet 100M (t\u00f9y ch\u1ecdn c\u1ed5ng quang ho\u1eb7c c\u1ed5ng \u0111\u1ed3ng).<\/p>\n<p>p d\u1ee5ng c\u00f4ng ngh\u1ec7 Ring \u0111\u1ed9c quy\u1ec1n, h\u1ed7 tr\u1ee3 c\u00e1c ch\u1ee9c n\u0103ng m\u1ea1ng v\u00f2ng v\u00f2ng \u0111\u01a1n (single ring), v\u00f2ng gh\u00e9p (coupling ring), v\u00f2ng chu\u1ed7i (chain ring) v\u00e0 Dual-homing; th\u1eddi gian kh\u00f4i ph\u1ee5c t\u1ef1 \u0111\u1ed9ng khi x\u1ea3y ra s\u1ef1 c\u1ed1 m\u1ea1ng \u2264 50 ms.<\/p>\n<p>H\u1ed7 tr\u1ee3 ngu\u1ed3n v\u00e0o 12~60VDC v\u1edbi c\u01a1 ch\u1ebf d\u1ef1 ph\u00f2ng ngu\u1ed3n k\u00e9p v\u00e0 kh\u00f4ng ph\u00e2n c\u1ef1c.<\/p>\n<p>H\u1ed7 tr\u1ee3 ngu\u1ed3n v\u00e0o 220VAC\/DC.<\/p>\n<p>H\u1ed7 tr\u1ee3 d\u1ea3i nhi\u1ec7t \u0111\u1ed9 ho\u1ea1t \u0111\u1ed9ng r\u1ed9ng t\u1eeb -40\u00b0C \u0111\u1ebfn 75\u00b0C<\/p>","protected":false},"featured_media":1823,"template":"","meta":[],"product_brand":[],"product_cat":[34],"product_tag":[],"class_list":{"0":"post-1819","1":"product","2":"type-product","3":"status-publish","4":"has-post-thumbnail","6":"product_cat-layer-2-managed-switch","8":"first","9":"instock","10":"shipping-taxable","11":"product-type-simple"},"acf":[],"_links":{"self":[{"href":"https:\/\/3onedatavn.com\/vi\/wp-json\/wp\/v2\/product\/1819","targetHints":{"allow":["GET"]}}],"collection":[{"href":"https:\/\/3onedatavn.com\/vi\/wp-json\/wp\/v2\/product"}],"about":[{"href":"https:\/\/3onedatavn.com\/vi\/wp-json\/wp\/v2\/types\/product"}],"wp:featuredmedia":[{"embeddable":true,"href":"https:\/\/3onedatavn.com\/vi\/wp-json\/wp\/v2\/media\/1823"}],"wp:attachment":[{"href":"https:\/\/3onedatavn.com\/vi\/wp-json\/wp\/v2\/media?parent=1819"}],"wp:term":[{"taxonomy":"product_brand","embeddable":true,"href":"https:\/\/3onedatavn.com\/vi\/wp-json\/wp\/v2\/product_brand?post=1819"},{"taxonomy":"product_cat","embeddable":true,"href":"https:\/\/3onedatavn.com\/vi\/wp-json\/wp\/v2\/product_cat?post=1819"},{"taxonomy":"product_tag","embeddable":true,"href":"https:\/\/3onedatavn.com\/vi\/wp-json\/wp\/v2\/product_tag?post=1819"}],"curies":[{"name":"wp","href":"https:\/\/api.w.org\/{rel}","templated":true}]}}