{"id":1832,"date":"2026-01-05T13:47:07","date_gmt":"2026-01-05T06:47:07","guid":{"rendered":"https:\/\/3onedatavn.com\/?post_type=product&#038;p=1832"},"modified":"2026-02-03T14:21:21","modified_gmt":"2026-02-03T07:21:21","slug":"ies6300sl-series","status":"publish","type":"product","link":"https:\/\/3onedatavn.com\/vi\/san-pham\/ies6300sl-series\/","title":{"rendered":"IES6300SL Series"},"content":{"rendered":"<p><strong>Gi\u1edbi thi\u1ec7u<\/strong><\/p>\n<p style=\"font-weight: 400;\">D\u00f2ng ES6300SL l\u00e0 c\u00e1c switch Ethernet c\u00f4ng nghi\u1ec7p Gigabit Layer 2 qu\u1ea3n l\u00fd \u0111\u01b0\u1ee3c v\u1edbi c\u1ea5u h\u00ecnh 6\/12\/20 c\u1ed5ng, h\u1ed7 tr\u1ee3 PoE t\u00f9y ch\u1ecdn. Ngu\u1ed3n c\u1ea5p PoE tu\u00e2n th\u1ee7 ti\u00eau chu\u1ea9n giao th\u1ee9c IEEE 802.3af\/at. D\u00f2ng s\u1ea3n ph\u1ea9m n\u00e0y bao g\u1ed3m 6 model, h\u1ed7 tr\u1ee3 khe SFP Gigabit, c\u1ed5ng \u0111\u1ed3ng Gigabit v\u00e0 c\u1ed5ng \u0111\u1ed3ng Gigabit PoE. S\u1ea3n ph\u1ea9m h\u1ed7 tr\u1ee3 l\u1eafp \u0111\u1eb7t tr\u00ean thanh DIN-rail ho\u1eb7c l\u1eafp \u0111\u1eb7t treo t\u01b0\u1eddng, \u0111\u00e1p \u1ee9ng y\u00eau c\u1ea7u c\u1ee7a c\u00e1c k\u1ecbch b\u1ea3n \u1ee9ng d\u1ee5ng kh\u00e1c nhau.<\/p>\n<p style=\"font-weight: 400;\">H\u1ec7 th\u1ed1ng qu\u1ea3n l\u00fd m\u1ea1ng h\u1ed7 tr\u1ee3 nhi\u1ec1u giao th\u1ee9c m\u1ea1ng v\u00e0 ti\u00eau chu\u1ea9n c\u00f4ng nghi\u1ec7p nh\u01b0 IPv4, VLAN, STP\/RSTP\/MSTP, ERPS, PoE, DHCP, LLDP, IGMP Snooping, QoS, gi\u00e1m s\u00e1t Modbus TCP, g\u1ed9p c\u1ed5ng (port trunking), nh\u00e2n b\u1ea3n c\u1ed5ng (port mirroring), v.v. H\u1ec7 th\u1ed1ng cung c\u1ea5p \u0111\u1ea7y \u0111\u1ee7 c\u00e1c ch\u1ee9c n\u0103ng qu\u1ea3n l\u00fd, h\u1ed7 tr\u1ee3 c\u1ea5u h\u00ecnh c\u1ed5ng, th\u1ed1ng k\u00ea c\u1ed5ng, ACL, x\u00e1c th\u1ef1c 802.1X, ch\u1ea9n \u0111o\u00e1n m\u1ea1ng, c\u1ea5u h\u00ecnh nhanh, n\u00e2ng c\u1ea5p tr\u1ef1c tuy\u1ebfn, v.v. \u0110\u1ed3ng th\u1eddi h\u1ed7 tr\u1ee3 nhi\u1ec1u ph\u01b0\u01a1ng th\u1ee9c truy c\u1eadp nh\u01b0 CLI, WEB, Telnet, SNMP, SSH v\u00e0 c\u00e1c ph\u01b0\u01a1ng th\u1ee9c kh\u00e1c.V\u1edbi thi\u1ebft k\u1ebf giao di\u1ec7n th\u00e2n thi\u1ec7n, thao t\u00e1c \u0111\u01a1n gi\u1ea3n v\u00e0 thu\u1eadn ti\u1ec7n, h\u1ec7 th\u1ed1ng qu\u1ea3n l\u00fd m\u1ea1ng mang l\u1ea1i tr\u1ea3i nghi\u1ec7m ng\u01b0\u1eddi d\u00f9ng t\u1ed1t.<\/p>\n<p style=\"font-weight: 400;\">Ngu\u1ed3n \u0111i\u1ec7n \u0111\u1ea7u v\u00e0o \u0111\u01b0\u1ee3c thi\u1ebft k\u1ebf v\u1edbi hai m\u1ea1ch ngu\u1ed3n \u0111\u1ed9c l\u1eadp, \u0111\u1ea3m b\u1ea3o thi\u1ebft b\u1ecb v\u1eabn ho\u1ea1t \u0111\u1ed9ng b\u00ecnh th\u01b0\u1eddng khi m\u1ed9t ngu\u1ed3n g\u1eb7p s\u1ef1 c\u1ed1. Thi\u1ebft k\u1ebf c\u00f4ng t\u1eafc DIP cho ph\u00e9p kh\u00f4i ph\u1ee5c c\u00e0i \u0111\u1eb7t g\u1ed1c v\u00e0 kh\u1edfi \u0111\u1ed9ng l\u1ea1i thi\u1ebft b\u1ecb. Khi ngu\u1ed3n \u0111i\u1ec7n ho\u1eb7c c\u1ed5ng x\u1ea3y ra l\u1ed7i k\u1ebft n\u1ed1i, \u0111\u00e8n b\u00e1o ALM s\u1ebd s\u00e1ng v\u00e0 ph\u00e1t t\u00edn hi\u1ec7u c\u1ea3nh b\u00e1o; \u0111\u1ed3ng th\u1eddi, thi\u1ebft b\u1ecb c\u1ea3nh b\u00e1o \u0111\u01b0\u1ee3c k\u1ebft n\u1ed1i qua r\u01a1-le s\u1ebd ph\u00e1t b\u00e1o \u0111\u1ed9ng, gi\u00fap x\u1eed l\u00fd s\u1ef1 c\u1ed1 t\u1ea1i hi\u1ec7n tr\u01b0\u1eddng m\u1ed9t c\u00e1ch nhanh ch\u00f3ng. Ph\u1ea7n c\u1ee9ng \u0111\u01b0\u1ee3c thi\u1ebft k\u1ebf kh\u00f4ng qu\u1ea1t, ti\u00eau th\u1ee5 \u0111i\u1ec7n n\u0103ng th\u1ea5p, h\u1ed7 tr\u1ee3 d\u1ea3i nhi\u1ec7t \u0111\u1ed9 v\u00e0 \u0111i\u1ec7n \u00e1p r\u1ed9ng, v\u00e0 \u0111\u00e3 v\u01b0\u1ee3t qua c\u00e1c b\u00e0i ki\u1ec3m tra nghi\u00eam ng\u1eb7t theo ti\u00eau chu\u1ea9n c\u00f4ng nghi\u1ec7p, ph\u00f9 h\u1ee3p v\u1edbi m\u00f4i tr\u01b0\u1eddng c\u00f4ng nghi\u1ec7p c\u00f3 y\u00eau c\u1ea7u kh\u1eaft khe v\u1ec1 EMC. S\u1ea3n ph\u1ea9m \u0111\u01b0\u1ee3c \u1ee9ng d\u1ee5ng r\u1ed9ng r\u00e3i trong c\u00e1c l\u0129nh v\u1ef1c nh\u01b0 th\u00e0nh ph\u1ed1 th\u00f4ng minh, th\u00e0nh ph\u1ed1 an to\u00e0n, s\u1ea3n xu\u1ea5t th\u00f4ng minh v\u00e0 c\u00e1c l\u0129nh v\u1ef1c c\u00f4ng nghi\u1ec7p kh\u00e1c.<\/p>\n<p><strong>T\u00ednh n\u0103ng v\u00e0 \u01b0u \u0111i\u1ec3m<\/strong><\/p>\n<p style=\"font-weight: 400;\">\u00a0SNMPv1\/v2c\/v3 \u0111\u01b0\u1ee3c s\u1eed d\u1ee5ng cho qu\u1ea3n l\u00fd m\u1ea1ng \u1edf nhi\u1ec1u c\u1ea5p \u0111\u1ed9 kh\u00e1c nhau<\/p>\n<p style=\"font-weight: 400;\">\u00a0RMON c\u00f3 th\u1ec3 \u0111\u01b0\u1ee3c s\u1eed d\u1ee5ng \u0111\u1ec3 gi\u00e1m s\u00e1t m\u1ea1ng m\u1ed9t c\u00e1ch hi\u1ec7u qu\u1ea3 v\u00e0 linh ho\u1ea1t<\/p>\n<p style=\"font-weight: 400;\">\u00a0Port mirroring cho ph\u00e9p ph\u00e2n t\u00edch v\u00e0 gi\u00e1m s\u00e1t d\u1eef li\u1ec7u, thu\u1eadn ti\u1ec7n cho vi\u1ec7c g\u1ee1 l\u1ed7i (debug) tr\u1ef1c tuy\u1ebfn<\/p>\n<p style=\"font-weight: 400;\">\u00a0QoS h\u1ed7 tr\u1ee3 ph\u00e2n lo\u1ea1i l\u01b0u l\u01b0\u1ee3ng th\u1eddi gian th\u1ef1c v\u00e0 thi\u1ebft l\u1eadp m\u1ee9c \u0111\u1ed9 \u01b0u ti\u00ean<\/p>\n<p style=\"font-weight: 400;\">\u00a0LLDP cho ph\u00e9p t\u1ef1 \u0111\u1ed9ng ph\u00e1t hi\u1ec7n c\u1ea5u tr\u00fac li\u00ean k\u1ebft (topology), thu\u1eadn ti\u1ec7n cho qu\u1ea3n l\u00fd tr\u1ef1c quan<\/p>\n<p style=\"font-weight: 400;\">\u00a0DHCP Server, DHCP Client v\u00e0 DHCP Option 82 c\u00f3 th\u1ec3 \u0111\u01b0\u1ee3c s\u1eed d\u1ee5ng \u0111\u1ec3 ph\u00e2n b\u1ed5 \u0111\u1ecba ch\u1ec9 IP theo nhi\u1ec1u chi\u1ebfn l\u01b0\u1ee3c kh\u00e1c nhau.<\/p>\n<p style=\"font-weight: 400;\">\u00a0DHCP Snooping gi\u00fap \u0111\u1ea3m b\u1ea3o c\u00e1c DHCP client ch\u1ec9 nh\u1eadn \u0111\u1ecba ch\u1ec9 IP t\u1eeb DHCP Server h\u1ee3p l\u1ec7<\/p>\n<p style=\"font-weight: 400;\">\u00a0C\u1ea5u h\u00ecnh ph\u00e2n quy\u1ec1n ng\u01b0\u1eddi d\u00f9ng cho ph\u00e9p thi\u1ebft l\u1eadp m\u1ee9c quy\u1ec1n h\u1ea1n cho t\u1eebng ng\u01b0\u1eddi d\u00f9ng<\/p>\n<p style=\"font-weight: 400;\">\u00a0C\u1ea5u h\u00ecnh SSH v\u00e0 HTTPS c\u00f3 th\u1ec3 n\u00e2ng cao b\u1ea3o m\u1eadt qu\u1ea3n l\u00fd thi\u1ebft b\u1ecb v\u00e0 \u0111\u1ea3m b\u1ea3o an to\u00e0n truy c\u1eadp d\u1eef li\u1ec7u<\/p>\n<p style=\"font-weight: 400;\">\u00a0VLAN \u0111\u01b0\u1ee3c s\u1eed d\u1ee5ng \u0111\u1ec3 \u0111\u01a1n gi\u1ea3n h\u00f3a vi\u1ec7c l\u1eadp k\u1ebf ho\u1ea1ch m\u1ea1ng<\/p>\n<p style=\"font-weight: 400;\">\u00a0C\u00f4ng ngh\u1ec7 PoE cho ph\u00e9p c\u1ea5p ngu\u1ed3n tr\u1ef1c ti\u1ebfp qua c\u00e1p Ethernet, gi\u00fap gi\u1ea3m s\u1ed1 l\u01b0\u1ee3ng d\u00e2y k\u1ebft n\u1ed1i cho c\u00e1c thi\u1ebft b\u1ecb s\u1eed d\u1ee5ng ngu\u1ed3n.<\/p>\n<p style=\"font-weight: 400;\">\u00a0Qu\u1ea3n l\u00fd file gi\u00fap c\u1ea5u h\u00ecnh thi\u1ebft b\u1ecb nhanh ch\u00f3ng v\u00e0 n\u00e2ng c\u1ea5p tr\u1ef1c tuy\u1ebfn thu\u1eadn ti\u1ec7n<\/p>\n<p style=\"font-weight: 400;\">\u00a0Ch\u1ee9c n\u0103ng qu\u1ea3n l\u00fd nh\u1eadt k\u00fd h\u1ed7 tr\u1ee3 ghi log Console, log RAM v\u00e0 log Flash.<\/p>\n<p style=\"font-weight: 400;\">\u00a0Qu\u1ea3n l\u00fd b\u0103ng th\u00f4ng cho ph\u00e9p ph\u00e2n b\u1ed5 b\u0103ng th\u00f4ng m\u1ea1ng m\u1ed9t c\u00e1ch h\u1ee3p l\u00fd, ng\u0103n ng\u1eeba c\u00e1c tr\u1ea1ng th\u00e1i m\u1ea1ng kh\u00f4ng th\u1ec3 d\u1ef1 \u0111o\u00e1n<\/p>\n<p style=\"font-weight: 400;\">\u00a0H\u1ed7 tr\u1ee3 b\u1ea3o m\u1eadt c\u1ed5ng (ch\u1ec9 cho ph\u00e9p \u0111\u1ecba ch\u1ec9 MAC \u0111\u01b0\u1ee3c ch\u1ec9 \u0111\u1ecbnh trong h\u1ec7 th\u1ed1ng).<\/p>\n<p style=\"font-weight: 400;\">\u00a0Port statistics \u0111\u01b0\u1ee3c s\u1eed d\u1ee5ng \u0111\u1ec3 th\u1ed1ng k\u00ea l\u01b0u l\u01b0\u1ee3ng th\u1eddi gian th\u1ef1c c\u1ee7a t\u1eebng c\u1ed5ng<\/p>\n<p style=\"font-weight: 400;\">\u00a0M\u1eadt kh\u1ea9u ng\u01b0\u1eddi d\u00f9ng cho ph\u00e9p qu\u1ea3n l\u00fd ng\u01b0\u1eddi d\u00f9ng theo ph\u00e2n c\u1ea5p, gi\u00fap n\u00e2ng cao t\u00ednh b\u1ea3o m\u1eadt trong qu\u1ea3n l\u00fd thi\u1ebft b\u1ecb<\/p>\n<p style=\"font-weight: 400;\">\u00a0ACL gi\u00fap n\u00e2ng cao t\u00ednh linh ho\u1ea1t v\u00e0 b\u1ea3o m\u1eadt c\u1ee7a m\u1ea1ng<\/p>\n<p style=\"font-weight: 400;\">\u00a0C\u1ea3nh b\u00e1o r\u01a1-le gi\u00fap thu\u1eadn ti\u1ec7n cho vi\u1ec7c x\u1eed l\u00fd s\u1ef1 c\u1ed1 t\u1ea1i hi\u1ec7n tr\u01b0\u1eddng l\u1eafp \u0111\u1eb7t<\/p>\n<p style=\"font-weight: 400;\">\u00a0Storm suppression c\u00f3 th\u1ec3 h\u1ea1n ch\u1ebf ph\u00e1t s\u00f3ng, ph\u00e1t \u0111a \u0111i\u1ec3m kh\u00f4ng x\u00e1c \u0111\u1ecbnh v\u00e0 ph\u00e1t \u0111\u01a1n \u0111i\u1ec3m<\/p>\n<p style=\"font-weight: 400;\">\u00a0Port Trunking c\u00f3 th\u1ec3 t\u0103ng b\u0103ng th\u00f4ng m\u1ea1ng v\u00e0 n\u00e2ng cao \u0111\u1ed9 tin c\u1eady c\u1ee7a k\u1ebft n\u1ed1i m\u1ea1ng, gi\u00fap t\u1ed1i \u01b0u h\u00f3a vi\u1ec7c s\u1eed d\u1ee5ng b\u0103ng th\u00f4ng<\/p>\n<p style=\"font-weight: 400;\">\u00a0IGMP Snooping v\u00e0 multicast t\u0129nh c\u00f3 th\u1ec3 \u0111\u01b0\u1ee3c s\u1eed d\u1ee5ng \u0111\u1ec3 l\u1ecdc d\u1eef li\u1ec7u multicast, gi\u00fap ti\u1ebft ki\u1ec7m b\u0103ng th\u00f4ng m\u1ea1ng.<\/p>\n<p style=\"font-weight: 400;\">\u00a0STP\/RSTP\/MSTP c\u00f3 th\u1ec3 th\u1ef1c hi\u1ec7n d\u1ef1 ph\u00f2ng m\u1ea1ng v\u00e0 ng\u0103n ng\u1eeba hi\u1ec7n t\u01b0\u1ee3ng b\u00e3o m\u1ea1ng (network storm)<\/p>\n<p style=\"font-weight: 400;\">\u00a0V\u1edbi \u0111\u1ed9 tin c\u1eady v\u00e0 \u1ed5n \u0111\u1ecbnh cao, ERPS c\u00f3 th\u1ec3 ng\u0103n ng\u1eeba hi\u1ec7n t\u01b0\u1ee3ng b\u00e3o broadcast do v\u00f2ng l\u1eb7p d\u1eef li\u1ec7u (data loopback)<\/p>\n<p style=\"font-weight: 400;\">\u00a0H\u1ed7 tr\u1ee3 giao th\u1ee9c Modbus TCP, cho ph\u00e9p gi\u00e1m s\u00e1t th\u00f4ng tin thi\u1ebft b\u1ecb theo th\u1eddi gian th\u1ef1c.<\/p>\n<p style=\"font-weight: 400;\">\u00a0Vi\u1ec7c ch\u1ea9n \u0111o\u00e1n v\u00e0 x\u1eed l\u00fd s\u1ef1 c\u1ed1 m\u1ea1ng c\u00f3 th\u1ec3 \u0111\u01b0\u1ee3c th\u1ef1c hi\u1ec7n th\u00f4ng qua Ping, Traceroute, ch\u1ea9n \u0111o\u00e1n c\u00e1p (Cable Diagnosis) v\u00e0 ch\u1ea9n \u0111o\u00e1n s\u1ed1 SFP (SFP Digital Diagnosis).<\/p>","protected":false},"excerpt":{"rendered":"<h1>DIN-Rail or Wall Mounting 6\/12\/20-Port Gigabit Layer 2 Managed Industrial Ethernet Switch (Optional PoE)<\/h1>\n<p>&nbsp;<\/p>\n<p>H\u1ed7 tr\u1ee3 c\u00e1c c\u1ea5u h\u00ecnh: 2 SFP Gigabit + 4 c\u1ed5ng \u0111\u1ed3ng Gigabit (PoE t\u00f9y ch\u1ecdn); 4 SFP Gigabit + 8 c\u1ed5ng \u0111\u1ed3ng Gigabit (PoE t\u00f9y ch\u1ecdn); 4 SFP Gigabit + 16 c\u1ed5ng \u0111\u1ed3ng Gigabit (PoE t\u00f9y ch\u1ecdn).<br \/>\nS\u1eed d\u1ee5ng c\u00f4ng ngh\u1ec7 \u0111\u01b0\u1ee3c c\u1ea5p b\u1eb1ng s\u00e1ng ch\u1ebf c\u1ee7a Ring, h\u1ed7 tr\u1ee3 v\u00f2ng \u0111\u01a1n, v\u00f2ng n\u1ed1i, x\u00edch, ch\u1ee9c n\u0103ng Dual-homing.<br \/>\nH\u1ed7 tr\u1ee3 nhi\u1ec1u giao th\u1ee9c m\u1ea1ng v\u00e0 ti\u00eau chu\u1ea9n c\u00f4ng nghi\u1ec7p, nh\u01b0 STP\/RSTP\/MSTP, ERPS, PoE, DHCP, VLAN, QoS, IGMP Snooping, LLDP, ACL v\u00e0 SNMP.<br \/>\n\u0110\u1ed1i v\u1edbi c\u00e1c s\u1ea3n ph\u1ea9m PoE, c\u00f4ng su\u1ea5t ti\u00eau th\u1ee5 t\u1ed1i \u0111a c\u1ee7a c\u1ea5u h\u00ecnh 6 c\u1ed5ng l\u00e0 120 W v\u00e0 c\u1ee7a c\u1ea5u h\u00ecnh 12\/16 c\u1ed5ng l\u00e0 240 W.<br \/>\nH\u1ed7 tr\u1ee3 d\u1ef1 ph\u00f2ng ngu\u1ed3n k\u00e9p. \u0110i\u1ec7n \u00e1p \u0111\u1ea7u v\u00e0o c\u1ee7a s\u1ea3n ph\u1ea9m kh\u00f4ng PoE l\u00e0 12\u201360VDC v\u00e0 c\u1ee7a s\u1ea3n ph\u1ea9m PoE l\u00e0 44\u201357VDC.<br \/>\nH\u1ed7 tr\u1ee3 d\u1ea3i nhi\u1ec7t \u0111\u1ed9 ho\u1ea1t \u0111\u1ed9ng r\u1ed9ng t\u1eeb -40\u00b0C \u0111\u1ebfn 75\u00b0C<\/p>","protected":false},"featured_media":1836,"template":"","meta":[],"product_brand":[],"product_cat":[34],"product_tag":[],"class_list":{"0":"post-1832","1":"product","2":"type-product","3":"status-publish","4":"has-post-thumbnail","6":"product_cat-layer-2-managed-switch","8":"first","9":"instock","10":"shipping-taxable","11":"product-type-simple"},"acf":[],"_links":{"self":[{"href":"https:\/\/3onedatavn.com\/vi\/wp-json\/wp\/v2\/product\/1832","targetHints":{"allow":["GET"]}}],"collection":[{"href":"https:\/\/3onedatavn.com\/vi\/wp-json\/wp\/v2\/product"}],"about":[{"href":"https:\/\/3onedatavn.com\/vi\/wp-json\/wp\/v2\/types\/product"}],"wp:featuredmedia":[{"embeddable":true,"href":"https:\/\/3onedatavn.com\/vi\/wp-json\/wp\/v2\/media\/1836"}],"wp:attachment":[{"href":"https:\/\/3onedatavn.com\/vi\/wp-json\/wp\/v2\/media?parent=1832"}],"wp:term":[{"taxonomy":"product_brand","embeddable":true,"href":"https:\/\/3onedatavn.com\/vi\/wp-json\/wp\/v2\/product_brand?post=1832"},{"taxonomy":"product_cat","embeddable":true,"href":"https:\/\/3onedatavn.com\/vi\/wp-json\/wp\/v2\/product_cat?post=1832"},{"taxonomy":"product_tag","embeddable":true,"href":"https:\/\/3onedatavn.com\/vi\/wp-json\/wp\/v2\/product_tag?post=1832"}],"curies":[{"name":"wp","href":"https:\/\/api.w.org\/{rel}","templated":true}]}}