{"id":1847,"date":"2026-01-05T14:04:54","date_gmt":"2026-01-05T07:04:54","guid":{"rendered":"https:\/\/3onedatavn.com\/?post_type=product&#038;p=1847"},"modified":"2026-02-09T15:06:37","modified_gmt":"2026-02-09T08:06:37","slug":"ies1024-series","status":"publish","type":"product","link":"https:\/\/3onedatavn.com\/vi\/san-pham\/ies1024-series\/","title":{"rendered":"IES1024 Series"},"content":{"rendered":"<h2>T\u1ed5ng quan v\u1ec1 d\u00f2ng switch Ethernet c\u00f4ng nghi\u1ec7p kh\u00f4ng qu\u1ea3n l\u00fd 24 c\u1ed5ng IES1024 c\u1ee7a 3onedata<\/h2>\n<p>D\u00f2ng IES1024 l\u00e0 switch Ethernet c\u00f4ng nghi\u1ec7p kh\u00f4ng qu\u1ea3n l\u00fd l\u1edbp 2, 24 c\u1ed5ng, t\u1ed1c \u0111\u1ed9 100M. D\u00f2ng s\u1ea3n ph\u1ea9m n\u00e0y bao g\u1ed3m 6 model, cung c\u1ea5p c\u1ea5u h\u00ecnh to\u00e0n b\u1ed9 c\u1ed5ng \u0111\u1ed3ng 100M ho\u1eb7c k\u1ebft h\u1ee3p c\u1ed5ng \u0111\u1ed3ng\/quang 100M. Thi\u1ebft b\u1ecb h\u1ed7 tr\u1ee3 l\u1eafp \u0111\u1eb7t d\u1ea1ng rack, \u0111\u00e1p \u1ee9ng y\u00eau c\u1ea7u c\u1ee7a nhi\u1ec1u m\u00f4i tr\u01b0\u1eddng \u1ee9ng d\u1ee5ng kh\u00e1c nhau.<br \/>\nD\u00f2ng IES1024 l\u00e0 switch Ethernet c\u00f4ng nghi\u1ec7p kh\u00f4ng qu\u1ea3n l\u00fd l\u1edbp 2, 24 c\u1ed5ng, t\u1ed1c \u0111\u1ed9 100M. D\u00f2ng s\u1ea3n ph\u1ea9m n\u00e0y bao g\u1ed3m 6 model, cung c\u1ea5p c\u1ea5u h\u00ecnh to\u00e0n b\u1ed9 c\u1ed5ng \u0111\u1ed3ng 100M ho\u1eb7c k\u1ebft h\u1ee3p c\u1ed5ng \u0111\u1ed3ng\/quang 100M. Thi\u1ebft b\u1ecb h\u1ed7 tr\u1ee3 l\u1eafp \u0111\u1eb7t d\u1ea1ng rack, \u0111\u00e1p \u1ee9ng y\u00eau c\u1ea7u c\u1ee7a nhi\u1ec1u m\u00f4i tr\u01b0\u1eddng \u1ee9ng d\u1ee5ng kh\u00e1c nhau.<\/p>","protected":false},"excerpt":{"rendered":"<h1>Switch Ethernet c\u00f4ng nghi\u1ec7p kh\u00f4ng qu\u1ea3n l\u00fd 24 c\u1ed5ng<\/h1>\n<p>H\u1ed7 tr\u1ee3 8 c\u1ed5ng \u0111\u1ed3ng 100M, 16 c\u1ed5ng 100M quang ho\u1eb7c \u0111\u1ed3ng t\u00f9y ch\u1ecdn<\/p>\n<p>Ngu\u1ed3n c\u1ea5p \u0111\u1ea7u v\u00e0o: 100\u2013240 VAC\/DC.<\/p>\n<p>H\u1ed7 tr\u1ee3 d\u1ea3i nhi\u1ec7t \u0111\u1ed9 ho\u1ea1t \u0111\u1ed9ng r\u1ed9ng t\u1eeb -40\u00b0C \u0111\u1ebfn 75\u00b0C<\/p>\n<p>&nbsp;<\/p>","protected":false},"featured_media":1850,"template":"","meta":[],"product_brand":[],"product_cat":[35],"product_tag":[],"class_list":{"0":"post-1847","1":"product","2":"type-product","3":"status-publish","4":"has-post-thumbnail","6":"product_cat-unmanaged-switch","8":"first","9":"instock","10":"shipping-taxable","11":"product-type-simple"},"acf":[],"_links":{"self":[{"href":"https:\/\/3onedatavn.com\/vi\/wp-json\/wp\/v2\/product\/1847","targetHints":{"allow":["GET"]}}],"collection":[{"href":"https:\/\/3onedatavn.com\/vi\/wp-json\/wp\/v2\/product"}],"about":[{"href":"https:\/\/3onedatavn.com\/vi\/wp-json\/wp\/v2\/types\/product"}],"wp:featuredmedia":[{"embeddable":true,"href":"https:\/\/3onedatavn.com\/vi\/wp-json\/wp\/v2\/media\/1850"}],"wp:attachment":[{"href":"https:\/\/3onedatavn.com\/vi\/wp-json\/wp\/v2\/media?parent=1847"}],"wp:term":[{"taxonomy":"product_brand","embeddable":true,"href":"https:\/\/3onedatavn.com\/vi\/wp-json\/wp\/v2\/product_brand?post=1847"},{"taxonomy":"product_cat","embeddable":true,"href":"https:\/\/3onedatavn.com\/vi\/wp-json\/wp\/v2\/product_cat?post=1847"},{"taxonomy":"product_tag","embeddable":true,"href":"https:\/\/3onedatavn.com\/vi\/wp-json\/wp\/v2\/product_tag?post=1847"}],"curies":[{"name":"wp","href":"https:\/\/api.w.org\/{rel}","templated":true}]}}