{"id":1854,"date":"2026-01-05T14:08:26","date_gmt":"2026-01-05T07:08:26","guid":{"rendered":"https:\/\/3onedatavn.com\/?post_type=product&#038;p=1854"},"modified":"2026-02-05T15:47:31","modified_gmt":"2026-02-05T08:47:31","slug":"ies2220-series","status":"publish","type":"product","link":"https:\/\/3onedatavn.com\/vi\/san-pham\/ies2220-series\/","title":{"rendered":"IES2220 Series"},"content":{"rendered":"<h2>T\u1ed5ng quan v\u1ec1 d\u00f2ng switch Ethernet c\u00f4ng nghi\u1ec7p Gigabit 20 c\u1ed5ng kh\u00f4ng qu\u1ea3n l\u00fd IES2220 c\u1ee7a 3onedata<\/h2>\n<p>D\u00f2ng IES2220 l\u00e0 switch Ethernet c\u00f4ng nghi\u1ec7p kh\u00f4ng qu\u1ea3n l\u00fd l\u1edbp 2, 20 c\u1ed5ng 100M\/Gigabit. D\u00f2ng s\u1ea3n ph\u1ea9m n\u00e0y cung c\u1ea5p c\u1ed5ng \u0111\u1ed3ng 100M (t\u00f9y ch\u1ecdn PoE) v\u00e0 khe c\u1eafm SFP Gigabit; ngu\u1ed3n PoE tu\u00e2n th\u1ee7 ti\u00eau chu\u1ea9n giao th\u1ee9c IEEE 802.3af\/at. Thi\u1ebft b\u1ecb h\u1ed7 tr\u1ee3 l\u1eafp \u0111\u1eb7t DIN-Rail ho\u1eb7c g\u1eafn t\u01b0\u1eddng, \u0111\u00e1p \u1ee9ng y\u00eau c\u1ea7u c\u1ee7a nhi\u1ec1u k\u1ecbch b\u1ea3n \u1ee9ng d\u1ee5ng kh\u00e1c nhau.<br \/>\nD\u00f2ng s\u1ea3n ph\u1ea9m n\u00e0y h\u1ed7 tr\u1ee3 t\u00f9y ch\u1ecdn ngu\u1ed3n AC\/DC. \u0110\u1ed1i v\u1edbi ngu\u1ed3n DC, thi\u1ebft b\u1ecb s\u1eed d\u1ee5ng hai m\u1ea1ch ngu\u1ed3n \u0111\u1ed9c l\u1eadp, \u0111\u1ea3m b\u1ea3o thi\u1ebft b\u1ecb v\u1eabn ho\u1ea1t \u0111\u1ed9ng b\u00ecnh th\u01b0\u1eddng khi m\u1ed9t ngu\u1ed3n g\u1eb7p s\u1ef1 c\u1ed1. Ph\u1ea7n c\u1ee9ng \u00e1p d\u1ee5ng thi\u1ebft k\u1ebf kh\u00f4ng qu\u1ea1t, ti\u00eau th\u1ee5 \u0111i\u1ec7n n\u0103ng th\u1ea5p, d\u1ea3i nhi\u1ec7t \u0111\u1ed9 v\u00e0 \u0111i\u1ec7n \u00e1p r\u1ed9ng, \u0111\u1ed3ng th\u1eddi \u0111\u00e3 v\u01b0\u1ee3t qua c\u00e1c th\u1eed nghi\u1ec7m ti\u00eau chu\u1ea9n c\u00f4ng nghi\u1ec7p nghi\u00eam ng\u1eb7t, ph\u00f9 h\u1ee3p v\u1edbi m\u00f4i tr\u01b0\u1eddng c\u00f4ng nghi\u1ec7p c\u00f3 y\u00eau c\u1ea7u EMC kh\u1eaft khe. S\u1ea3n ph\u1ea9m \u0111\u01b0\u1ee3c \u1ee9ng d\u1ee5ng r\u1ed9ng r\u00e3i trong c\u00e1c l\u0129nh v\u1ef1c nh\u01b0 l\u01b0\u1edbi \u0111i\u1ec7n th\u00f4ng minh, giao th\u00f4ng \u0111\u01b0\u1eddng s\u1eaft, th\u00e0nh ph\u1ed1 th\u00f4ng minh, th\u00e0nh ph\u1ed1 an ninh, n\u0103ng l\u01b0\u1ee3ng m\u1edbi, s\u1ea3n xu\u1ea5t th\u00f4ng minh v\u00e0 c\u00e1c l\u0129nh v\u1ef1c c\u00f4ng nghi\u1ec7p kh\u00e1c.<\/p>","protected":false},"excerpt":{"rendered":"<h1>Switch Ethernet c\u00f4ng nghi\u1ec7p Gigabit 20 c\u1ed5ng kh\u00f4ng qu\u1ea3n l\u00fd (Unmanaged).<\/h1>\n<p>B\u1ed1n khe SFP Gigabit v\u00e0 m\u01b0\u1eddi s\u00e1u c\u1ed5ng \u0111\u1ed3ng 100M (t\u00f9y ch\u1ecdn PoE).<br \/>\nM\u1ed7i c\u1ed5ng PoE h\u1ed7 tr\u1ee3 c\u00f4ng su\u1ea5t t\u1ed1i \u0111a l\u00ean \u0111\u1ebfn 30 W.<br \/>\nH\u1ed7 tr\u1ee3 t\u00f9y ch\u1ecdn ngu\u1ed3n AC\/DC, ngu\u1ed3n DC k\u00e9p d\u1ef1 ph\u00f2ng<br \/>\nH\u1ed7 tr\u1ee3 d\u1ea3i nhi\u1ec7t \u0111\u1ed9 ho\u1ea1t \u0111\u1ed9ng r\u1ed9ng t\u1eeb -40\u00b0C \u0111\u1ebfn 75\u00b0C<\/p>","protected":false},"featured_media":1857,"template":"","meta":[],"product_brand":[],"product_cat":[35],"product_tag":[],"class_list":{"0":"post-1854","1":"product","2":"type-product","3":"status-publish","4":"has-post-thumbnail","6":"product_cat-unmanaged-switch","8":"first","9":"instock","10":"shipping-taxable","11":"product-type-simple"},"acf":[],"_links":{"self":[{"href":"https:\/\/3onedatavn.com\/vi\/wp-json\/wp\/v2\/product\/1854","targetHints":{"allow":["GET"]}}],"collection":[{"href":"https:\/\/3onedatavn.com\/vi\/wp-json\/wp\/v2\/product"}],"about":[{"href":"https:\/\/3onedatavn.com\/vi\/wp-json\/wp\/v2\/types\/product"}],"wp:featuredmedia":[{"embeddable":true,"href":"https:\/\/3onedatavn.com\/vi\/wp-json\/wp\/v2\/media\/1857"}],"wp:attachment":[{"href":"https:\/\/3onedatavn.com\/vi\/wp-json\/wp\/v2\/media?parent=1854"}],"wp:term":[{"taxonomy":"product_brand","embeddable":true,"href":"https:\/\/3onedatavn.com\/vi\/wp-json\/wp\/v2\/product_brand?post=1854"},{"taxonomy":"product_cat","embeddable":true,"href":"https:\/\/3onedatavn.com\/vi\/wp-json\/wp\/v2\/product_cat?post=1854"},{"taxonomy":"product_tag","embeddable":true,"href":"https:\/\/3onedatavn.com\/vi\/wp-json\/wp\/v2\/product_tag?post=1854"}],"curies":[{"name":"wp","href":"https:\/\/api.w.org\/{rel}","templated":true}]}}