{"id":1858,"date":"2026-01-05T14:19:08","date_gmt":"2026-01-05T07:19:08","guid":{"rendered":"https:\/\/3onedatavn.com\/?post_type=product&#038;p=1858"},"modified":"2026-02-09T14:40:26","modified_gmt":"2026-02-09T07:40:26","slug":"ies3020g-series","status":"publish","type":"product","link":"https:\/\/3onedatavn.com\/vi\/san-pham\/ies3020g-series\/","title":{"rendered":"IES3020G Series"},"content":{"rendered":"<h2>T\u1ed5ng quan v\u1ec1 d\u00f2ng switch m\u1ea1ng Gigabit to\u00e0n ph\u1ea7n 16\/20 c\u1ed5ng kh\u00f4ng qu\u1ea3n l\u00fd IES3020G c\u1ee7a 3onedata<\/h2>\n<p>D\u00f2ng IES3020G l\u00e0 switch Ethernet c\u00f4ng nghi\u1ec7p kh\u00f4ng qu\u1ea3n l\u00fd l\u1edbp 2, Gigabit to\u00e0n ph\u1ea7n, 16\/20 c\u1ed5ng. D\u00f2ng s\u1ea3n ph\u1ea9m n\u00e0y cung c\u1ea5p c\u00e1c c\u1ed5ng \u0111\u1ed3ng Gigabit v\u00e0 khe SFP Gigabit. Thi\u1ebft b\u1ecb h\u1ed7 tr\u1ee3 l\u1eafp \u0111\u1eb7t DIN-Rail, \u0111\u00e1p \u1ee9ng y\u00eau c\u1ea7u c\u1ee7a nhi\u1ec1u m\u00f4i tr\u01b0\u1eddng \u1ee9ng d\u1ee5ng kh\u00e1c nhau.<br \/>\n\u0110\u1ea7u v\u00e0o ngu\u1ed3n g\u1ed3m hai m\u1ea1ch ngu\u1ed3n \u0111\u1ed9c l\u1eadp, \u0111\u1ea3m b\u1ea3o thi\u1ebft b\u1ecb v\u1eabn ho\u1ea1t \u0111\u1ed9ng b\u00ecnh th\u01b0\u1eddng khi m\u1ed9t ngu\u1ed3n g\u1eb7p s\u1ef1 c\u1ed1. Thi\u1ebft k\u1ebf c\u00f4ng t\u1eafc DIP cho ph\u00e9p th\u1ef1c hi\u1ec7n ch\u1ee9c n\u0103ng kh\u1edfi \u0111\u1ed9ng l\u1ea1i thi\u1ebft b\u1ecb. Ph\u1ea7n c\u1ee9ng s\u1eed d\u1ee5ng thi\u1ebft k\u1ebf kh\u00f4ng qu\u1ea1t, ti\u00eau th\u1ee5 \u0111i\u1ec7n n\u0103ng th\u1ea5p, d\u1ea3i nhi\u1ec7t \u0111\u1ed9 v\u00e0 \u0111i\u1ec7n \u00e1p r\u1ed9ng, \u0111\u1ed3ng th\u1eddi \u0111\u00e3 v\u01b0\u1ee3t qua c\u00e1c th\u1eed nghi\u1ec7m ti\u00eau chu\u1ea9n c\u00f4ng nghi\u1ec7p nghi\u00eam ng\u1eb7t, ph\u00f9 h\u1ee3p v\u1edbi m\u00f4i tr\u01b0\u1eddng c\u00f4ng nghi\u1ec7p c\u00f3 y\u00eau c\u1ea7u EMC kh\u1eaft khe. Thi\u1ebft b\u1ecb \u0111\u01b0\u1ee3c \u1ee9ng d\u1ee5ng r\u1ed9ng r\u00e3i trong l\u01b0\u1edbi \u0111i\u1ec7n th\u00f4ng minh, giao th\u00f4ng \u0111\u01b0\u1eddng s\u1eaft, th\u00e0nh ph\u1ed1 th\u00f4ng minh, th\u00e0nh ph\u1ed1 an ninh, n\u0103ng l\u01b0\u1ee3ng m\u1edbi, s\u1ea3n xu\u1ea5t th\u00f4ng minh v\u00e0 c\u00e1c l\u0129nh v\u1ef1c c\u00f4ng nghi\u1ec7p kh\u00e1c.<\/p>","protected":false},"excerpt":{"rendered":"<h1>Switch Ethernet c\u00f4ng nghi\u1ec7p Gigabit 16 c\u1ed5ng ho\u1eb7c 20 c\u1ed5ng kh\u00f4ng qu\u1ea3n l\u00fd<\/h1>\n<p>T\u00f9y ch\u1ecdn b\u1ed1n c\u1ed5ng quang Gigabit (khe SFP), m\u01b0\u1eddi s\u00e1u c\u1ed5ng \u0111\u1ed3ng Gigabit<br \/>\nH\u1ed7 tr\u1ee3 \u0111\u1ea7u v\u00e0o ngu\u1ed3n k\u00e9p, \u0111i\u1ec7n \u00e1p \u0111\u1ea7u v\u00e0o: 12~48VDC<br \/>\nH\u1ed7 tr\u1ee3 d\u1ea3i nhi\u1ec7t \u0111\u1ed9 ho\u1ea1t \u0111\u1ed9ng r\u1ed9ng t\u1eeb -40\u00b0C \u0111\u1ebfn 75\u00b0C<\/p>","protected":false},"featured_media":1861,"template":"","meta":[],"product_brand":[],"product_cat":[35],"product_tag":[],"class_list":{"0":"post-1858","1":"product","2":"type-product","3":"status-publish","4":"has-post-thumbnail","6":"product_cat-unmanaged-switch","8":"first","9":"instock","10":"shipping-taxable","11":"product-type-simple"},"acf":[],"_links":{"self":[{"href":"https:\/\/3onedatavn.com\/vi\/wp-json\/wp\/v2\/product\/1858","targetHints":{"allow":["GET"]}}],"collection":[{"href":"https:\/\/3onedatavn.com\/vi\/wp-json\/wp\/v2\/product"}],"about":[{"href":"https:\/\/3onedatavn.com\/vi\/wp-json\/wp\/v2\/types\/product"}],"wp:featuredmedia":[{"embeddable":true,"href":"https:\/\/3onedatavn.com\/vi\/wp-json\/wp\/v2\/media\/1861"}],"wp:attachment":[{"href":"https:\/\/3onedatavn.com\/vi\/wp-json\/wp\/v2\/media?parent=1858"}],"wp:term":[{"taxonomy":"product_brand","embeddable":true,"href":"https:\/\/3onedatavn.com\/vi\/wp-json\/wp\/v2\/product_brand?post=1858"},{"taxonomy":"product_cat","embeddable":true,"href":"https:\/\/3onedatavn.com\/vi\/wp-json\/wp\/v2\/product_cat?post=1858"},{"taxonomy":"product_tag","embeddable":true,"href":"https:\/\/3onedatavn.com\/vi\/wp-json\/wp\/v2\/product_tag?post=1858"}],"curies":[{"name":"wp","href":"https:\/\/api.w.org\/{rel}","templated":true}]}}