{"id":1876,"date":"2026-01-05T14:51:28","date_gmt":"2026-01-05T07:51:28","guid":{"rendered":"https:\/\/3onedatavn.com\/?post_type=product&#038;p=1876"},"modified":"2026-02-09T09:09:20","modified_gmt":"2026-02-09T02:09:20","slug":"ies318-series","status":"publish","type":"product","link":"https:\/\/3onedatavn.com\/vi\/san-pham\/ies318-series\/","title":{"rendered":"IES318 Series"},"content":{"rendered":"<p><strong>Gi\u1edbi thi\u1ec7u<\/strong><\/p>\n<p style=\"font-weight: 400;\">D\u00f2ng IES318 l\u00e0 switch Ethernet c\u00f4ng nghi\u1ec7p kh\u00f4ng qu\u1ea3n l\u00fd l\u1edbp 2, 8 c\u1ed5ng, t\u1ed1c \u0111\u1ed9 100M. D\u00f2ng s\u1ea3n ph\u1ea9m n\u00e0y bao g\u1ed3m 8 model, h\u1ed7 tr\u1ee3 c\u00e1c c\u1ed5ng \u0111\u1ed3ng 100M v\u00e0 c\u1ed5ng quang 100M. Thi\u1ebft b\u1ecb h\u1ed7 tr\u1ee3 l\u1eafp \u0111\u1eb7t treo t\u01b0\u1eddng ho\u1eb7c g\u1eafn DIN-Rail, \u0111\u00e1p \u1ee9ng y\u00eau c\u1ea7u c\u1ee7a nhi\u1ec1u m\u00f4i tr\u01b0\u1eddng \u1ee9ng d\u1ee5ng kh\u00e1c nhau.<\/p>\n<p style=\"font-weight: 400;\">\u0110\u1ea7u v\u00e0o ngu\u1ed3n DC g\u1ed3m hai m\u1ea1ch ngu\u1ed3n \u0111\u1ed9c l\u1eadp, \u0111\u1ea3m b\u1ea3o thi\u1ebft b\u1ecb v\u1eabn ho\u1ea1t \u0111\u1ed9ng b\u00ecnh th\u01b0\u1eddng khi m\u1ed9t ngu\u1ed3n g\u1eb7p s\u1ef1 c\u1ed1. Thi\u1ebft k\u1ebf c\u00f4ng t\u1eafc DIP cho ph\u00e9p th\u1ef1c hi\u1ec7n c\u1ea3nh b\u00e1o c\u1ed5ng v\u00e0 c\u1ea3nh b\u00e1o ngu\u1ed3n. Khi ngu\u1ed3n ho\u1eb7c c\u1ed5ng x\u1ea3y ra l\u1ed7i k\u1ebft n\u1ed1i, \u0111\u00e8n b\u00e1o ALARM s\u1ebd s\u00e1ng v\u00e0 ph\u00e1t t\u00edn hi\u1ec7u c\u1ea3nh b\u00e1o; \u0111\u1ed3ng th\u1eddi, thi\u1ebft b\u1ecb c\u1ea3nh b\u00e1o \u0111\u01b0\u1ee3c k\u1ebft n\u1ed1i qua r\u01a1-le s\u1ebd ph\u00e1t t\u00edn hi\u1ec7u b\u00e1o \u0111\u1ed9ng, gi\u00fap nhanh ch\u00f3ng x\u00e1c \u0111\u1ecbnh v\u00e0 x\u1eed l\u00fd s\u1ef1 c\u1ed1 t\u1ea1i hi\u1ec7n tr\u01b0\u1eddng. Ph\u1ea7n c\u1ee9ng s\u1eed d\u1ee5ng thi\u1ebft k\u1ebf kh\u00f4ng qu\u1ea1t, ti\u00eau th\u1ee5 \u0111i\u1ec7n n\u0103ng th\u1ea5p, d\u1ea3i nhi\u1ec7t \u0111\u1ed9 v\u00e0 \u0111i\u1ec7n \u00e1p r\u1ed9ng, \u0111\u1ed3ng th\u1eddi \u0111\u00e3 v\u01b0\u1ee3t qua c\u00e1c th\u1eed nghi\u1ec7m ti\u00eau chu\u1ea9n c\u00f4ng nghi\u1ec7p nghi\u00eam ng\u1eb7t, ph\u00f9 h\u1ee3p v\u1edbi m\u00f4i tr\u01b0\u1eddng c\u00f4ng nghi\u1ec7p c\u00f3 y\u00eau c\u1ea7u EMC kh\u1eaft khe. Thi\u1ebft b\u1ecb \u0111\u01b0\u1ee3c \u1ee9ng d\u1ee5ng r\u1ed9ng r\u00e3i trong l\u01b0\u1edbi \u0111i\u1ec7n th\u00f4ng minh, \u0111\u01b0\u1eddng s\u1eaft \u2013 giao th\u00f4ng \u0111\u00f4 th\u1ecb, th\u00e0nh ph\u1ed1 th\u00f4ng minh, th\u00e0nh ph\u1ed1 an ninh, n\u0103ng l\u01b0\u1ee3ng m\u1edbi, s\u1ea3n xu\u1ea5t th\u00f4ng minh v\u00e0 c\u00e1c l\u0129nh v\u1ef1c c\u00f4ng nghi\u1ec7p kh\u00e1c.<\/p>","protected":false},"excerpt":{"rendered":"<h1>Unmanaged 8 Port Ethernet Data Switch<\/h1>\n<p class=\"16\">H\u1ed7 tr\u1ee3 4 c\u1ed5ng Ethernet \u0111\u1ed3ng 100M v\u00e0 4 c\u1ed5ng Ethernet 100M (t\u00f9y ch\u1ecdn c\u1ed5ng quang ho\u1eb7c c\u1ed5ng \u0111\u1ed3ng).<\/p>\n<p class=\"16\">H\u1ed7 tr\u1ee3 \u0111\u1ea7u ra c\u1ea3nh b\u00e1o b\u1eb1ng r\u01a1-le<\/p>\n<p class=\"16\">H\u1ed7 tr\u1ee3 \u0111\u1ea7u v\u00e0o ngu\u1ed3n k\u00e9p 9~60VDC v\u00e0 ngu\u1ed3n kh\u00f4ng ph\u00e2n c\u1ef1c<\/p>\n<p class=\"16\">H\u1ed7 tr\u1ee3 ngu\u1ed3n v\u00e0o 220VAC\/DC.<\/p>\n<p class=\"16\">H\u1ed7 tr\u1ee3 ho\u1ea1t \u0111\u1ed9ng trong d\u1ea3i nhi\u1ec7t \u0111\u1ed9 r\u1ed9ng t\u1eeb -40 \u0111\u1ebfn 75 \u00b0C<\/p>","protected":false},"featured_media":1879,"template":"","meta":[],"product_brand":[],"product_cat":[35],"product_tag":[],"class_list":{"0":"post-1876","1":"product","2":"type-product","3":"status-publish","4":"has-post-thumbnail","6":"product_cat-unmanaged-switch","8":"first","9":"instock","10":"shipping-taxable","11":"product-type-simple"},"acf":[],"_links":{"self":[{"href":"https:\/\/3onedatavn.com\/vi\/wp-json\/wp\/v2\/product\/1876","targetHints":{"allow":["GET"]}}],"collection":[{"href":"https:\/\/3onedatavn.com\/vi\/wp-json\/wp\/v2\/product"}],"about":[{"href":"https:\/\/3onedatavn.com\/vi\/wp-json\/wp\/v2\/types\/product"}],"wp:featuredmedia":[{"embeddable":true,"href":"https:\/\/3onedatavn.com\/vi\/wp-json\/wp\/v2\/media\/1879"}],"wp:attachment":[{"href":"https:\/\/3onedatavn.com\/vi\/wp-json\/wp\/v2\/media?parent=1876"}],"wp:term":[{"taxonomy":"product_brand","embeddable":true,"href":"https:\/\/3onedatavn.com\/vi\/wp-json\/wp\/v2\/product_brand?post=1876"},{"taxonomy":"product_cat","embeddable":true,"href":"https:\/\/3onedatavn.com\/vi\/wp-json\/wp\/v2\/product_cat?post=1876"},{"taxonomy":"product_tag","embeddable":true,"href":"https:\/\/3onedatavn.com\/vi\/wp-json\/wp\/v2\/product_tag?post=1876"}],"curies":[{"name":"wp","href":"https:\/\/api.w.org\/{rel}","templated":true}]}}