{"id":1891,"date":"2026-01-05T15:07:22","date_gmt":"2026-01-05T08:07:22","guid":{"rendered":"https:\/\/3onedatavn.com\/?post_type=product&#038;p=1891"},"modified":"2026-02-06T10:24:35","modified_gmt":"2026-02-06T03:24:35","slug":"ies2105-series","status":"publish","type":"product","link":"https:\/\/3onedatavn.com\/vi\/san-pham\/ies2105-series\/","title":{"rendered":"IES2105 Series"},"content":{"rendered":"<h2>T\u1ed5ng quan v\u1ec1 d\u00f2ng switch Ethernet kh\u00f4ng qu\u1ea3n l\u00fd 5 c\u1ed5ng IES2105 c\u1ee7a 3onedata<\/h2>\n<p>D\u00f2ng IES2105 l\u00e0 switch Ethernet c\u00f4ng nghi\u1ec7p kh\u00f4ng qu\u1ea3n l\u00fd, g\u1ed3m c\u00e1c phi\u00ean b\u1ea3n PoE v\u00e0 kh\u00f4ng PoE. D\u00f2ng s\u1ea3n ph\u1ea9m n\u00e0y cung c\u1ea5p 8 model \u0111\u1ec3 l\u1ef1a ch\u1ecdn, h\u1ed7 tr\u1ee3 c\u1ed5ng c\u00e1p \u0111\u1ed3ng 100M, c\u1ed5ng quang 100M v\u00e0 c\u1ed5ng c\u00e1p \u0111\u1ed3ng PoE 100M, \u0111\u1ed3ng th\u1eddi h\u1ed7 tr\u1ee3 nhi\u1ec1u ph\u01b0\u01a1ng \u00e1n ngu\u1ed3n c\u1ea5p nh\u01b0 220VAC, 12~48VDC v\u00e0 ngu\u1ed3n PoE 48VDC. Thi\u1ebft b\u1ecb h\u1ed7 tr\u1ee3 l\u1eafp DIN-Rail, \u0111\u00e1p \u1ee9ng y\u00eau c\u1ea7u c\u1ee7a nhi\u1ec1u k\u1ecbch b\u1ea3n \u1ee9ng d\u1ee5ng kh\u00e1c nhau.<br \/>\nC\u00f4ng t\u1eafc DIP h\u1ed7 tr\u1ee3 c\u00e1c ch\u1ee9c n\u0103ng nh\u01b0 jumbo frame, VLAN m\u1ed9t ph\u00edm v\u00e0 \u0111i\u1ec1u khi\u1ec3n lu\u1ed3ng. Ph\u1ea7n c\u1ee9ng \u0111\u01b0\u1ee3c thi\u1ebft k\u1ebf kh\u00f4ng qu\u1ea1t, ti\u00eau th\u1ee5 \u0111i\u1ec7n n\u0103ng th\u1ea5p, h\u1ed7 tr\u1ee3 d\u1ea3i nhi\u1ec7t \u0111\u1ed9 v\u00e0 \u0111i\u1ec7n \u00e1p r\u1ed9ng, \u0111\u00e3 v\u01b0\u1ee3t qua c\u00e1c th\u1eed nghi\u1ec7m ti\u00eau chu\u1ea9n c\u00f4ng nghi\u1ec7p nghi\u00eam ng\u1eb7t, ph\u00f9 h\u1ee3p v\u1edbi m\u00f4i tr\u01b0\u1eddng c\u00f4ng nghi\u1ec7p c\u00f3 y\u00eau c\u1ea7u kh\u1eaft khe v\u1ec1 EMC. Thi\u1ebft b\u1ecb \u0111\u01b0\u1ee3c \u1ee9ng d\u1ee5ng r\u1ed9ng r\u00e3i trong c\u00e1c l\u0129nh v\u1ef1c nh\u01b0 l\u01b0\u1edbi \u0111i\u1ec7n th\u00f4ng minh, giao th\u00f4ng \u0111\u01b0\u1eddng s\u1eaft, th\u00e0nh ph\u1ed1 th\u00f4ng minh, th\u00e0nh ph\u1ed1 an to\u00e0n, n\u0103ng l\u01b0\u1ee3ng m\u1edbi, s\u1ea3n xu\u1ea5t th\u00f4ng minh v\u00e0 c\u00e1c ng\u00e0nh c\u00f4ng nghi\u1ec7p kh\u00e1c.<\/p>","protected":false},"excerpt":{"rendered":"<h1>5 Port Unmanaged Industrial Ethernet Switch<\/h1>\n<p>H\u1ed7 tr\u1ee3 5 c\u1ed5ng 100M t\u00f9y ch\u1ecdn PoE\/kh\u00f4ng PoE, c\u1ed5ng quang ho\u1eb7c c\u1ed5ng c\u00e1p \u0111\u1ed3ng<\/p>\n<p>C\u00f4ng su\u1ea5t \u0111\u1ea7u ra t\u1ed1i \u0111a m\u1ed7i c\u1ed5ng PoE: 30W<\/p>\n<p>S\u1ea3n ph\u1ea9m PoE h\u1ed7 tr\u1ee3 ngu\u1ed3n c\u1ea5p PoE \u0111\u1ea7u v\u00e0o 48VDC.<\/p>\n<p>S\u1ea3n ph\u1ea9m kh\u00f4ng PoE h\u1ed7 tr\u1ee3 t\u00f9y ch\u1ecdn ngu\u1ed3n c\u1ea5p \u0111\u1ea7u v\u00e0o 220VAC \/ 12~48VDC.<\/p>\n<p>H\u1ed7 tr\u1ee3 d\u1ea3i nhi\u1ec7t \u0111\u1ed9 ho\u1ea1t \u0111\u1ed9ng r\u1ed9ng t\u1eeb -40\u00b0C \u0111\u1ebfn 75\u00b0C<\/p>","protected":false},"featured_media":1894,"template":"","meta":[],"product_brand":[],"product_cat":[35],"product_tag":[],"class_list":{"0":"post-1891","1":"product","2":"type-product","3":"status-publish","4":"has-post-thumbnail","6":"product_cat-unmanaged-switch","8":"first","9":"instock","10":"shipping-taxable","11":"product-type-simple"},"acf":[],"_links":{"self":[{"href":"https:\/\/3onedatavn.com\/vi\/wp-json\/wp\/v2\/product\/1891","targetHints":{"allow":["GET"]}}],"collection":[{"href":"https:\/\/3onedatavn.com\/vi\/wp-json\/wp\/v2\/product"}],"about":[{"href":"https:\/\/3onedatavn.com\/vi\/wp-json\/wp\/v2\/types\/product"}],"wp:featuredmedia":[{"embeddable":true,"href":"https:\/\/3onedatavn.com\/vi\/wp-json\/wp\/v2\/media\/1894"}],"wp:attachment":[{"href":"https:\/\/3onedatavn.com\/vi\/wp-json\/wp\/v2\/media?parent=1891"}],"wp:term":[{"taxonomy":"product_brand","embeddable":true,"href":"https:\/\/3onedatavn.com\/vi\/wp-json\/wp\/v2\/product_brand?post=1891"},{"taxonomy":"product_cat","embeddable":true,"href":"https:\/\/3onedatavn.com\/vi\/wp-json\/wp\/v2\/product_cat?post=1891"},{"taxonomy":"product_tag","embeddable":true,"href":"https:\/\/3onedatavn.com\/vi\/wp-json\/wp\/v2\/product_tag?post=1891"}],"curies":[{"name":"wp","href":"https:\/\/api.w.org\/{rel}","templated":true}]}}