{"id":1903,"date":"2026-01-05T15:25:16","date_gmt":"2026-01-05T08:25:16","guid":{"rendered":"https:\/\/3onedatavn.com\/?post_type=product&#038;p=1903"},"modified":"2026-02-05T16:44:41","modified_gmt":"2026-02-05T09:44:41","slug":"ies2300sl-with-fiber-port-series","status":"publish","type":"product","link":"https:\/\/3onedatavn.com\/vi\/san-pham\/ies2300sl-with-fiber-port-series\/","title":{"rendered":"IES2300SL with Fiber-Port Series"},"content":{"rendered":"<p><strong>Gi\u1edbi thi\u1ec7u<\/strong><\/p>\n<p style=\"font-weight: 400;\">D\u00f2ng IES2300SL Fiber-Port l\u00e0 switch Ethernet c\u00f4ng nghi\u1ec7p Gigabit Layer 2 kh\u00f4ng qu\u1ea3n l\u00fd, g\u1ed3m c\u00e1c phi\u00ean b\u1ea3n 6\/10\/18 c\u1ed5ng, h\u1ed7 tr\u1ee3 PoE t\u00f9y ch\u1ecdn. Ngu\u1ed3n PoE tu\u00e2n th\u1ee7 ti\u00eau chu\u1ea9n giao th\u1ee9c IEEE 802.3af\/at. D\u00f2ng s\u1ea3n ph\u1ea9m n\u00e0y h\u1ed7 tr\u1ee3 khe SFP Gigabit, c\u1ed5ng Gigabit c\u00e1p \u0111\u1ed3ng v\u00e0 c\u1ed5ng Gigabit PoE c\u00e1p \u0111\u1ed3ng. Thi\u1ebft b\u1ecb h\u1ed7 tr\u1ee3 l\u1eafp DIN-Rail ho\u1eb7c treo t\u01b0\u1eddng, \u0111\u00e1p \u1ee9ng y\u00eau c\u1ea7u c\u1ee7a nhi\u1ec1u k\u1ecbch b\u1ea3n \u1ee9ng d\u1ee5ng kh\u00e1c nhau.<\/p>\n<p style=\"font-weight: 400;\">Ngu\u1ed3n c\u1ea5p \u0111\u1ea7u v\u00e0o g\u1ed3m hai m\u1ea1ch ngu\u1ed3n \u0111\u1ed9c l\u1eadp, \u0111\u1ea3m b\u1ea3o thi\u1ebft b\u1ecb v\u1eabn ho\u1ea1t \u0111\u1ed9ng b\u00ecnh th\u01b0\u1eddng khi m\u1ed9t ngu\u1ed3n g\u1eb7p s\u1ef1 c\u1ed1. C\u00f4ng t\u1eafc DIP cho ph\u00e9p th\u1ef1c hi\u1ec7n kh\u1edfi \u0111\u1ed9ng l\u1ea1i thi\u1ebft b\u1ecb. Ph\u1ea7n c\u1ee9ng \u0111\u01b0\u1ee3c thi\u1ebft k\u1ebf kh\u00f4ng qu\u1ea1t, ti\u00eau th\u1ee5 \u0111i\u1ec7n n\u0103ng th\u1ea5p, h\u1ed7 tr\u1ee3 d\u1ea3i nhi\u1ec7t \u0111\u1ed9 v\u00e0 \u0111i\u1ec7n \u00e1p r\u1ed9ng, \u0111\u1ed3ng th\u1eddi \u0111\u00e3 v\u01b0\u1ee3t qua c\u00e1c th\u1eed nghi\u1ec7m ti\u00eau chu\u1ea9n c\u00f4ng nghi\u1ec7p nghi\u00eam ng\u1eb7t, ph\u00f9 h\u1ee3p v\u1edbi m\u00f4i tr\u01b0\u1eddng c\u00f4ng nghi\u1ec7p c\u00f3 y\u00eau c\u1ea7u kh\u1eaft khe v\u1ec1 EMC. Thi\u1ebft b\u1ecb \u0111\u01b0\u1ee3c \u1ee9ng d\u1ee5ng r\u1ed9ng r\u00e3i trong c\u00e1c l\u0129nh v\u1ef1c nh\u01b0 th\u00e0nh ph\u1ed1 th\u00f4ng minh, th\u00e0nh ph\u1ed1 an ninh, s\u1ea3n xu\u1ea5t th\u00f4ng minh v\u00e0 c\u00e1c ng\u00e0nh c\u00f4ng nghi\u1ec7p kh\u00e1c.<\/p>","protected":false},"excerpt":{"rendered":"<h1>Switch Ethernet c\u00f4ng nghi\u1ec7p Gigabit Layer 2 kh\u00f4ng qu\u1ea3n l\u00fd, 6\/10\/18 c\u1ed5ng, h\u1ed7 tr\u1ee3 l\u1eafp DIN-Rail ho\u1eb7c treo t\u01b0\u1eddng (t\u00f9y ch\u1ecdn PoE)<\/h1>\n<p>H\u1ed7 tr\u1ee3 2 khe SFP Gigabit v\u00e0 4 c\u1ed5ng Gigabit c\u00e1p \u0111\u1ed3ng<br \/>\nH\u1ed7 tr\u1ee3 2 khe SFP Gigabit v\u00e0 8\/16 c\u1ed5ng Gigabit c\u00e1p \u0111\u1ed3ng (t\u00f9y ch\u1ecdn PoE)<br \/>\nC\u00f4ng su\u1ea5t ti\u00eau th\u1ee5 t\u1ed1i \u0111a (PoE): 240W<br \/>\nH\u1ed7 tr\u1ee3 d\u1ef1 ph\u00f2ng ngu\u1ed3n k\u00e9p. \u0110i\u1ec7n \u00e1p \u0111\u1ea7u v\u00e0o c\u1ee7a s\u1ea3n ph\u1ea9m kh\u00f4ng PoE l\u00e0 12\u201360VDC v\u00e0 c\u1ee7a s\u1ea3n ph\u1ea9m PoE l\u00e0 44\u201357VDC.<br \/>\nH\u1ed7 tr\u1ee3 d\u1ea3i nhi\u1ec7t \u0111\u1ed9 ho\u1ea1t \u0111\u1ed9ng r\u1ed9ng t\u1eeb -40\u00b0C \u0111\u1ebfn 75\u00b0C<\/p>","protected":false},"featured_media":1906,"template":"","meta":[],"product_brand":[],"product_cat":[35],"product_tag":[],"class_list":{"0":"post-1903","1":"product","2":"type-product","3":"status-publish","4":"has-post-thumbnail","6":"product_cat-unmanaged-switch","8":"first","9":"instock","10":"shipping-taxable","11":"product-type-simple"},"acf":[],"_links":{"self":[{"href":"https:\/\/3onedatavn.com\/vi\/wp-json\/wp\/v2\/product\/1903","targetHints":{"allow":["GET"]}}],"collection":[{"href":"https:\/\/3onedatavn.com\/vi\/wp-json\/wp\/v2\/product"}],"about":[{"href":"https:\/\/3onedatavn.com\/vi\/wp-json\/wp\/v2\/types\/product"}],"wp:featuredmedia":[{"embeddable":true,"href":"https:\/\/3onedatavn.com\/vi\/wp-json\/wp\/v2\/media\/1906"}],"wp:attachment":[{"href":"https:\/\/3onedatavn.com\/vi\/wp-json\/wp\/v2\/media?parent=1903"}],"wp:term":[{"taxonomy":"product_brand","embeddable":true,"href":"https:\/\/3onedatavn.com\/vi\/wp-json\/wp\/v2\/product_brand?post=1903"},{"taxonomy":"product_cat","embeddable":true,"href":"https:\/\/3onedatavn.com\/vi\/wp-json\/wp\/v2\/product_cat?post=1903"},{"taxonomy":"product_tag","embeddable":true,"href":"https:\/\/3onedatavn.com\/vi\/wp-json\/wp\/v2\/product_tag?post=1903"}],"curies":[{"name":"wp","href":"https:\/\/api.w.org\/{rel}","templated":true}]}}