{"id":1910,"date":"2026-01-05T15:48:55","date_gmt":"2026-01-05T08:48:55","guid":{"rendered":"https:\/\/3onedatavn.com\/?post_type=product&#038;p=1910"},"modified":"2026-02-05T16:26:59","modified_gmt":"2026-02-05T09:26:59","slug":"ies2100sl-series","status":"publish","type":"product","link":"https:\/\/3onedatavn.com\/vi\/san-pham\/ies2100sl-series\/","title":{"rendered":"IES2100SL Series"},"content":{"rendered":"<p><strong>Gi\u1edbi thi\u1ec7u<\/strong><\/p>\n<p style=\"font-weight: 400;\">D\u00f2ng IES2100SL l\u00e0 c\u00e1c switch Ethernet c\u00f4ng nghi\u1ec7p kh\u00f4ng qu\u1ea3n l\u00fd (unmanaged) 100M v\u1edbi 5 \/ 8 \/ 16 c\u1ed5ng.\nD\u00f2ng s\u1ea3n ph\u1ea9m n\u00e0y bao g\u1ed3m 3 model, h\u1ed7 tr\u1ee3 c\u00e1c c\u1ed5ng \u0111\u1ed3ng 100M. Thi\u1ebft b\u1ecb s\u1eed d\u1ee5ng ki\u1ec3u l\u1eafp \u0111\u1eb7t DIN-Rail, \u0111\u00e1p \u1ee9ng y\u00eau c\u1ea7u c\u1ee7a nhi\u1ec1u k\u1ecbch b\u1ea3n \u1ee9ng d\u1ee5ng kh\u00e1c nhau.<\/p>\n<p style=\"font-weight: 400;\">C\u00f4ng t\u1eafc DIP c\u00f3 th\u1ec3 th\u1ef1c hi\u1ec7n c\u00e1c ch\u1ee9c n\u0103ng nh\u01b0 ch\u1ed1ng b\u00e3o l\u01b0u l\u01b0\u1ee3ng (storm suppression), \u0111i\u1ec1u khi\u1ec3n lu\u1ed3ng (flow control), VLAN v\u00e0 ph\u00e1t hi\u1ec7n v\u00f2ng l\u1eb7p (loop detection). Ngu\u1ed3n c\u1ea5p \u0111\u1ea7u v\u00e0o g\u1ed3m hai m\u1ea1ch ngu\u1ed3n \u0111\u1ed9c l\u1eadp, \u0111\u1ea3m b\u1ea3o thi\u1ebft b\u1ecb v\u1eabn ho\u1ea1t \u0111\u1ed9ng b\u00ecnh th\u01b0\u1eddng khi m\u1ed9t ngu\u1ed3n b\u1ecb s\u1ef1 c\u1ed1. Ph\u1ea7n c\u1ee9ng s\u1eed d\u1ee5ng thi\u1ebft k\u1ebf kh\u00f4ng qu\u1ea1t, ti\u00eau th\u1ee5 \u0111i\u1ec7n n\u0103ng th\u1ea5p, d\u1ea3i nhi\u1ec7t \u0111\u1ed9 v\u00e0 \u0111i\u1ec7n \u00e1p r\u1ed9ng, \u0111\u1ed3ng th\u1eddi \u0111\u00e3 v\u01b0\u1ee3t qua c\u00e1c b\u00e0i ki\u1ec3m tra ti\u00eau chu\u1ea9n c\u00f4ng nghi\u1ec7p nghi\u00eam ng\u1eb7t, \u0111\u00e1p \u1ee9ng t\u1ed1t c\u00e1c m\u00f4i tr\u01b0\u1eddng c\u00f4ng nghi\u1ec7p c\u00f3 y\u00eau c\u1ea7u kh\u1eaft khe v\u1ec1 EMC. S\u1ea3n ph\u1ea9m c\u00f3 th\u1ec3 \u0111\u01b0\u1ee3c s\u1eed d\u1ee5ng r\u1ed9ng r\u00e3i trong c\u00e1c l\u0129nh v\u1ef1c nh\u01b0 th\u00e0nh ph\u1ed1 th\u00f4ng minh, th\u00e0nh ph\u1ed1 an ninh, s\u1ea3n xu\u1ea5t th\u00f4ng minh v\u00e0 c\u00e1c ng\u00e0nh c\u00f4ng nghi\u1ec7p kh\u00e1c.<\/p>","protected":false},"excerpt":{"rendered":"<h1>Switch Ethernet c\u00f4ng nghi\u1ec7p kh\u00f4ng qu\u1ea3n l\u00fd 100M 5\/8\/16 c\u1ed5ng, l\u1eafp DIN-Rail<\/h1>\n<p>H\u1ed7 tr\u1ee3 5, 8 ho\u1eb7c 16 c\u1ed5ng \u0111\u1ed3ng 100M (t\u00f9y ch\u1ecdn)<br \/>\nH\u1ed7 tr\u1ee3 storm suppression, \u0111i\u1ec1u khi\u1ec3n lu\u1ed3ng (flow control), VLAN m\u1ed9t ph\u00edm (one-key VLAN) (5T, 8T), ph\u00e1t hi\u1ec7n v\u00f2ng l\u1eb7p (loop detection) (5T, 8T) v\u00e0 c\u00e1c ch\u1ee9c n\u0103ng kh\u00e1c.<br \/>\nH\u1ed7 tr\u1ee3 Jumbo Frame v\u1edbi k\u00edch th\u01b0\u1edbc l\u00ean \u0111\u1ebfn 2048 byte.<br \/>\nH\u1ed7 tr\u1ee3 ngu\u1ed3n d\u1ef1 ph\u00f2ng k\u00e9p, \u0111i\u1ec7n \u00e1p \u0111\u1ea7u v\u00e0o 12\/24\/48 VDC (d\u1ea3i 9\u201360 VDC).<br \/>\nH\u1ed7 tr\u1ee3 d\u1ea3i nhi\u1ec7t \u0111\u1ed9 ho\u1ea1t \u0111\u1ed9ng r\u1ed9ng t\u1eeb -40\u00b0C \u0111\u1ebfn 75\u00b0C<br \/>\nH\u1ed7 tr\u1ee3 c\u1ea5p b\u1ea3o v\u1ec7 IP40.<\/p>","protected":false},"featured_media":1913,"template":"","meta":[],"product_brand":[],"product_cat":[35],"product_tag":[],"class_list":{"0":"post-1910","1":"product","2":"type-product","3":"status-publish","4":"has-post-thumbnail","6":"product_cat-unmanaged-switch","8":"first","9":"instock","10":"shipping-taxable","11":"product-type-simple"},"acf":[],"_links":{"self":[{"href":"https:\/\/3onedatavn.com\/vi\/wp-json\/wp\/v2\/product\/1910","targetHints":{"allow":["GET"]}}],"collection":[{"href":"https:\/\/3onedatavn.com\/vi\/wp-json\/wp\/v2\/product"}],"about":[{"href":"https:\/\/3onedatavn.com\/vi\/wp-json\/wp\/v2\/types\/product"}],"wp:featuredmedia":[{"embeddable":true,"href":"https:\/\/3onedatavn.com\/vi\/wp-json\/wp\/v2\/media\/1913"}],"wp:attachment":[{"href":"https:\/\/3onedatavn.com\/vi\/wp-json\/wp\/v2\/media?parent=1910"}],"wp:term":[{"taxonomy":"product_brand","embeddable":true,"href":"https:\/\/3onedatavn.com\/vi\/wp-json\/wp\/v2\/product_brand?post=1910"},{"taxonomy":"product_cat","embeddable":true,"href":"https:\/\/3onedatavn.com\/vi\/wp-json\/wp\/v2\/product_cat?post=1910"},{"taxonomy":"product_tag","embeddable":true,"href":"https:\/\/3onedatavn.com\/vi\/wp-json\/wp\/v2\/product_tag?post=1910"}],"curies":[{"name":"wp","href":"https:\/\/api.w.org\/{rel}","templated":true}]}}