{"id":2049,"date":"2026-01-06T09:57:33","date_gmt":"2026-01-06T02:57:33","guid":{"rendered":"https:\/\/3onedatavn.com\/?post_type=product&#038;p=2049"},"modified":"2026-02-09T16:10:46","modified_gmt":"2026-02-09T09:10:46","slug":"iem7110-2g-4d-2c","status":"publish","type":"product","link":"https:\/\/3onedatavn.com\/vi\/san-pham\/iem7110-2g-4d-2c\/","title":{"rendered":"IEM7110-2G-4D-2C"},"content":{"rendered":"<p><strong>Gi\u1edbi thi\u1ec7u<\/strong><\/p>\n<p style=\"font-weight: 400;\">IEM7110-2G-4D-2C l\u00e0 m\u00f4-\u0111un switch Ethernet c\u00f4ng nghi\u1ec7p nh\u00fang qu\u1ea3n l\u00fd truy nh\u1eadp \u0111a d\u1ecbch v\u1ee5, c\u00f3 \u0111\u1eb7c \u0111i\u1ec3m t\u00edch h\u1ee3p cao, k\u00edch th\u01b0\u1edbc nh\u1ecf g\u1ecdn, ch\u1ee9c n\u0103ng phong ph\u00fa, d\u1ec5 s\u1eed d\u1ee5ng v\u00e0 thu\u1eadn ti\u1ec7n. S\u1ea3n ph\u1ea9m cung c\u1ea5p 4 c\u1ed5ng serial, 2 c\u1ed5ng CAN, 8 c\u1ed5ng Ethernet 100M v\u00e0 2 c\u1ed5ng Ethernet Gigabit, c\u00f3 th\u1ec3 c\u1ea5u h\u00ecnh th\u00e0nh c\u1ed5ng quang ho\u1eb7c c\u1ed5ng \u0111\u1ed3ng theo nhu c\u1ea7u; s\u1eed d\u1ee5ng h\u00ecnh th\u1ee9c l\u1eafp \u0111\u1eb7t nh\u00fang, cho ph\u00e9p ng\u01b0\u1eddi d\u00f9ng t\u00f9y ch\u1ec9nh quy c\u00e1ch backplane PCB v\u00e0 th\u00f4ng qua c\u00e1c ch\u00e2n m\u00f4-\u0111un \u0111\u1ec3 l\u1ef1a ch\u1ecdn lo\u1ea1i giao di\u1ec7n Ethernet ph\u00f9 h\u1ee3p, \u0111\u00e1p \u1ee9ng y\u00eau c\u1ea7u c\u1ee7a nhi\u1ec1u k\u1ecbch b\u1ea3n \u1ee9ng d\u1ee5ng kh\u00e1c nhau.<br \/>\nH\u1ec7 th\u1ed1ng qu\u1ea3n l\u00fd m\u1ea1ng h\u1ed7 tr\u1ee3 nhi\u1ec1u giao th\u1ee9c m\u1ea1ng v\u00e0 ti\u00eau chu\u1ea9n c\u00f4ng nghi\u1ec7p nh\u01b0 STP\/RSTP, VLAN 802.1Q, QoS, IGMP Static Multicast, Port Trunking, LLDP, Port Mirroring. \u0110\u1ed3ng th\u1eddi, h\u1ec7 th\u1ed1ng c\u0169ng cung c\u1ea5p \u0111\u1ea7y \u0111\u1ee7 c\u00e1c ch\u1ee9c n\u0103ng qu\u1ea3n l\u00fd, bao g\u1ed3m c\u1ea5u h\u00ecnh c\u1ed5ng, th\u1ed1ng k\u00ea c\u1ed5ng, ki\u1ec3m so\u00e1t truy c\u1eadp, ch\u1ea9n \u0111o\u00e1n m\u1ea1ng, c\u1ea5u h\u00ecnh nhanh, n\u00e2ng c\u1ea5p tr\u1ef1c tuy\u1ebfn, v.v., v\u00e0 h\u1ed7 tr\u1ee3 nhi\u1ec1u ph\u01b0\u01a1ng th\u1ee9c truy c\u1eadp nh\u01b0 CLI, WEB, Telnet, SNMP. M\u1ed7i c\u1ed5ng serial ho\u1eb7c CAN h\u1ed7 tr\u1ee3 4 phi\u00ean k\u1ebft n\u1ed1i TCP ho\u1eb7c UDP v\u00e0 nhi\u1ec1u ch\u1ebf \u0111\u1ed9 l\u00e0m vi\u1ec7c nh\u01b0 TCP Client, TCP Server, UDP, TCP Auto. H\u1ec7 th\u1ed1ng qu\u1ea3n l\u00fd m\u1ea1ng mang l\u1ea1i tr\u1ea3i nghi\u1ec7m ng\u01b0\u1eddi d\u00f9ng t\u1ed1t nh\u1edd thi\u1ebft k\u1ebf giao di\u1ec7n th\u00e2n thi\u1ec7n c\u00f9ng thao t\u00e1c v\u1eadn h\u00e0nh \u0111\u01a1n gi\u1ea3n v\u00e0 thu\u1eadn ti\u1ec7n.<br \/>\nPh\u1ea7n c\u1ee9ng s\u1eed d\u1ee5ng thi\u1ebft k\u1ebf kh\u00f4ng qu\u1ea1t, ti\u00eau th\u1ee5 \u0111i\u1ec7n n\u0103ng th\u1ea5p, d\u1ea3i nhi\u1ec7t \u0111\u1ed9 v\u00e0 \u0111i\u1ec7n \u00e1p r\u1ed9ng, \u0111\u1ed3ng th\u1eddi \u0111\u00e3 v\u01b0\u1ee3t qua c\u00e1c th\u1eed nghi\u1ec7m ti\u00eau chu\u1ea9n c\u00f4ng nghi\u1ec7p nghi\u00eam ng\u1eb7t, ph\u00f9 h\u1ee3p v\u1edbi m\u00f4i tr\u01b0\u1eddng c\u00f4ng nghi\u1ec7p c\u00f3 y\u00eau c\u1ea7u EMC kh\u1eaft khe. Thi\u1ebft b\u1ecb \u0111\u01b0\u1ee3c \u1ee9ng d\u1ee5ng r\u1ed9ng r\u00e3i trong l\u01b0\u1edbi \u0111i\u1ec7n th\u00f4ng minh, giao th\u00f4ng \u0111\u01b0\u1eddng s\u1eaft, th\u00e0nh ph\u1ed1 th\u00f4ng minh, th\u00e0nh ph\u1ed1 an ninh, n\u0103ng l\u01b0\u1ee3ng m\u1edbi, s\u1ea3n xu\u1ea5t th\u00f4ng minh v\u00e0 c\u00e1c l\u0129nh v\u1ef1c c\u00f4ng nghi\u1ec7p kh\u00e1c.<\/p>\n<p><br style=\"font-weight: 400;\" \/><br style=\"font-weight: 400;\" \/><span style=\"font-weight: 400;\"><strong>T\u00ednh n\u0103ng b\u1ed5 sung<\/strong><\/span><\/p>\n<p style=\"font-weight: 400;\">SNMPv1\/v2c \u0111\u01b0\u1ee3c s\u1eed d\u1ee5ng cho qu\u1ea3n l\u00fd m\u1ea1ng \u1edf nhi\u1ec1u c\u1ea5p \u0111\u1ed9 kh\u00e1c nhau<\/p>\n<p style=\"font-weight: 400;\">Port mirroring cho ph\u00e9p ph\u00e2n t\u00edch v\u00e0 gi\u00e1m s\u00e1t d\u1eef li\u1ec7u, thu\u1eadn ti\u1ec7n cho vi\u1ec7c g\u1ee1 l\u1ed7i (debug) tr\u1ef1c tuy\u1ebfn<\/p>\n<p style=\"font-weight: 400;\">QoS h\u1ed7 tr\u1ee3 ph\u00e2n lo\u1ea1i l\u01b0u l\u01b0\u1ee3ng th\u1eddi gian th\u1ef1c v\u00e0 thi\u1ebft l\u1eadp m\u1ee9c \u0111\u1ed9 \u01b0u ti\u00ean<\/p>\n<p style=\"font-weight: 400;\">LLDP cho ph\u00e9p t\u1ef1 \u0111\u1ed9ng ph\u00e1t hi\u1ec7n c\u1ea5u tr\u00fac li\u00ean k\u1ebft (topology), thu\u1eadn ti\u1ec7n cho qu\u1ea3n l\u00fd tr\u1ef1c quan<\/p>\n<p style=\"font-weight: 400;\">Qu\u1ea3n l\u00fd file gi\u00fap c\u1ea5u h\u00ecnh thi\u1ebft b\u1ecb nhanh ch\u00f3ng v\u00e0 n\u00e2ng c\u1ea5p tr\u1ef1c tuy\u1ebfn thu\u1eadn ti\u1ec7n<\/p>\n<p style=\"font-weight: 400;\">Qu\u1ea3n l\u00fd b\u0103ng th\u00f4ng cho ph\u00e9p ph\u00e2n b\u1ed5 b\u0103ng th\u00f4ng m\u1ea1ng m\u1ed9t c\u00e1ch h\u1ee3p l\u00fd, ng\u0103n ng\u1eeba c\u00e1c tr\u1ea1ng th\u00e1i m\u1ea1ng kh\u00f4ng th\u1ec3 d\u1ef1 \u0111o\u00e1n<\/p>\n<p style=\"font-weight: 400;\">Port statistics \u0111\u01b0\u1ee3c s\u1eed d\u1ee5ng \u0111\u1ec3 th\u1ed1ng k\u00ea l\u01b0u l\u01b0\u1ee3ng th\u1eddi gian th\u1ef1c c\u1ee7a t\u1eebng c\u1ed5ng<\/p>\n<p style=\"font-weight: 400;\">M\u1eadt kh\u1ea9u ng\u01b0\u1eddi d\u00f9ng cho ph\u00e9p qu\u1ea3n l\u00fd ng\u01b0\u1eddi d\u00f9ng theo ph\u00e2n c\u1ea5p, gi\u00fap n\u00e2ng cao t\u00ednh b\u1ea3o m\u1eadt trong qu\u1ea3n l\u00fd thi\u1ebft b\u1ecb<\/p>\n<p style=\"font-weight: 400;\">C\u1ea3nh b\u00e1o r\u01a1-le gi\u00fap thu\u1eadn ti\u1ec7n cho vi\u1ec7c x\u1eed l\u00fd s\u1ef1 c\u1ed1 t\u1ea1i hi\u1ec7n tr\u01b0\u1eddng l\u1eafp \u0111\u1eb7t<\/p>\n<p style=\"font-weight: 400;\">VLAN \u0111\u01b0\u1ee3c s\u1eed d\u1ee5ng \u0111\u1ec3 \u0111\u01a1n gi\u1ea3n h\u00f3a vi\u1ec7c l\u1eadp k\u1ebf ho\u1ea1ch m\u1ea1ng<\/p>\n<p style=\"font-weight: 400;\">Port Trunking c\u00f3 th\u1ec3 t\u0103ng b\u0103ng th\u00f4ng m\u1ea1ng v\u00e0 n\u00e2ng cao \u0111\u1ed9 tin c\u1eady c\u1ee7a k\u1ebft n\u1ed1i m\u1ea1ng, gi\u00fap t\u1ed1i \u01b0u h\u00f3a vi\u1ec7c s\u1eed d\u1ee5ng b\u0103ng th\u00f4ng<\/p>\n<p style=\"font-weight: 400;\">H\u1ed7 tr\u1ee3 GMP Snooping v\u00e0 Static Multicast nh\u1eb1m l\u1ecdc l\u01b0u l\u01b0\u1ee3ng multicast v\u00e0 ti\u1ebft ki\u1ec7m b\u0103ng th\u00f4ng<\/p>\n<p style=\"font-weight: 400;\">SW-Ring v\u00e0 STP\/RSTP c\u00f3 th\u1ec3 \u0111\u1ea3m b\u1ea3o d\u1ef1 ph\u00f2ng m\u1ea1ng, gi\u00fap ng\u0103n ng\u1eeba hi\u1ec7n t\u01b0\u1ee3ng b\u00e3o m\u1ea1ng (network storm)<\/p>\n<p style=\"font-weight: 400;\">C\u00e1c c\u1ed5ng serial h\u1ed7 tr\u1ee3 RS-232\/RS-485\/RS-422 v\u1edbi t\u1ed1c \u0111\u1ed9 baud t\u1eeb 300\u2013115.200 bps.<\/p>\n<p style=\"font-weight: 400;\">C\u1ed5ng CAN h\u1ed7 tr\u1ee3 truy\u1ec1n th\u00f4ng kh\u00f4ng ch\u1eb7n v\u1edbi t\u1ed1c \u0111\u1ed9 \u0111\u01b0\u1eddng truy\u1ec1n t\u1eeb 5 kbps \u0111\u1ebfn 1000 kbps.<\/p>","protected":false},"excerpt":{"rendered":"<h1>M\u00f4-\u0111un switch Ethernet c\u00f4ng nghi\u1ec7p qu\u1ea3n l\u00fd truy nh\u1eadp \u0111a d\u1ecbch v\u1ee5, l\u1eafp \u0111\u1eb7t nh\u00fang<\/h1>\n<p class=\"16\">H\u1ed7 tr\u1ee3 4 c\u1ed5ng serial, 2 c\u1ed5ng CAN, 8 c\u1ed5ng quang 100M ho\u1eb7c c\u1ed5ng \u0111\u1ed3ng (t\u00f9y ch\u1ecdn) v\u00e0 2 c\u1ed5ng quang Gigabit ho\u1eb7c c\u1ed5ng \u0111\u1ed3ng (t\u00f9y ch\u1ecdn)<\/p>\n<p class=\"16\">\u00c1p d\u1ee5ng c\u00f4ng ngh\u1ec7 SW-Ring \u0111\u01b0\u1ee3c c\u1ea5p b\u1eb1ng s\u00e1ng ch\u1ebf, h\u1ed7 tr\u1ee3 c\u00e1c c\u1ea5u tr\u00fac m\u1ea1ng v\u00f2ng \u0111\u01a1n, v\u00f2ng gh\u00e9p, chu\u1ed7i v\u00e0 dual-homing, v\u1edbi th\u1eddi gian t\u1ef1 \u0111\u1ed9ng kh\u00f4i ph\u1ee5c m\u1ea1ng khi x\u1ea3y ra s\u1ef1 c\u1ed1 &lt; 20 ms.<\/p>\n<p class=\"16\">\u0110i\u1ec7n \u00e1p \u0111\u1ea7u v\u00e0o: 3.3VDC (\u00b15%)<\/p>\n<p class=\"16\">H\u1ed7 tr\u1ee3 d\u1ea3i nhi\u1ec7t \u0111\u1ed9 ho\u1ea1t \u0111\u1ed9ng r\u1ed9ng t\u1eeb -40\u00b0C \u0111\u1ebfn 85\u2103<\/p>","protected":false},"featured_media":2053,"template":"","meta":[],"product_brand":[],"product_cat":[36],"product_tag":[],"class_list":{"0":"post-2049","1":"product","2":"type-product","3":"status-publish","4":"has-post-thumbnail","6":"product_cat-ethernet-switch-module","8":"first","9":"instock","10":"shipping-taxable","11":"product-type-simple"},"acf":[],"_links":{"self":[{"href":"https:\/\/3onedatavn.com\/vi\/wp-json\/wp\/v2\/product\/2049","targetHints":{"allow":["GET"]}}],"collection":[{"href":"https:\/\/3onedatavn.com\/vi\/wp-json\/wp\/v2\/product"}],"about":[{"href":"https:\/\/3onedatavn.com\/vi\/wp-json\/wp\/v2\/types\/product"}],"wp:featuredmedia":[{"embeddable":true,"href":"https:\/\/3onedatavn.com\/vi\/wp-json\/wp\/v2\/media\/2053"}],"wp:attachment":[{"href":"https:\/\/3onedatavn.com\/vi\/wp-json\/wp\/v2\/media?parent=2049"}],"wp:term":[{"taxonomy":"product_brand","embeddable":true,"href":"https:\/\/3onedatavn.com\/vi\/wp-json\/wp\/v2\/product_brand?post=2049"},{"taxonomy":"product_cat","embeddable":true,"href":"https:\/\/3onedatavn.com\/vi\/wp-json\/wp\/v2\/product_cat?post=2049"},{"taxonomy":"product_tag","embeddable":true,"href":"https:\/\/3onedatavn.com\/vi\/wp-json\/wp\/v2\/product_tag?post=2049"}],"curies":[{"name":"wp","href":"https:\/\/api.w.org\/{rel}","templated":true}]}}