{"id":2054,"date":"2026-01-06T10:04:35","date_gmt":"2026-01-06T03:04:35","guid":{"rendered":"https:\/\/3onedatavn.com\/?post_type=product&#038;p=2054"},"modified":"2026-02-09T15:50:50","modified_gmt":"2026-02-09T08:50:50","slug":"iem6300-20g","status":"publish","type":"product","link":"https:\/\/3onedatavn.com\/vi\/san-pham\/iem6300-20g\/","title":{"rendered":"IEM6300-20G"},"content":{"rendered":"<p><strong>Gi\u1edbi thi\u1ec7u<\/strong><\/p>\n<p style=\"font-weight: 400;\">IEM6300-20G l\u00e0 m\u00f4-\u0111un switch Ethernet c\u00f4ng nghi\u1ec7p nh\u00fang qu\u1ea3n l\u00fd truy nh\u1eadp \u0111a d\u1ecbch v\u1ee5, c\u00f3 \u0111\u1eb7c \u0111i\u1ec3m t\u00edch h\u1ee3p cao, k\u00edch th\u01b0\u1edbc nh\u1ecf g\u1ecdn, ch\u1ee9c n\u0103ng phong ph\u00fa, d\u1ec5 s\u1eed d\u1ee5ng v\u00e0 thu\u1eadn ti\u1ec7n. S\u1ea3n ph\u1ea9m cung c\u1ea5p 16 c\u1ed5ng Gigabit Ethernet \u0111\u1ed3ng v\u00e0 4 c\u1ed5ng Gigabit Ethernet quang; s\u1eed d\u1ee5ng ki\u1ec3u l\u1eafp \u0111\u1eb7t nh\u00fang, cho ph\u00e9p ng\u01b0\u1eddi d\u00f9ng t\u00f9y ch\u1ec9nh quy c\u00e1ch footprint PCB, \u0111\u1ed3ng th\u1eddi th\u00f4ng qua c\u00e1c ch\u00e2n m\u00f4-\u0111un c\u00f3 th\u1ec3 l\u1ef1a ch\u1ecdn lo\u1ea1i giao di\u1ec7n Ethernet ph\u00f9 h\u1ee3p, \u0111\u00e1p \u1ee9ng nhu c\u1ea7u c\u1ee7a nhi\u1ec1u k\u1ecbch b\u1ea3n \u1ee9ng d\u1ee5ng kh\u00e1c nhau.<br \/>\nH\u1ec7 th\u1ed1ng qu\u1ea3n l\u00fd m\u1ea1ng h\u1ed7 tr\u1ee3 nhi\u1ec1u giao th\u1ee9c m\u1ea1ng v\u00e0 ti\u00eau chu\u1ea9n c\u00f4ng nghi\u1ec7p kh\u00e1c nhau nh\u01b0 IPv6, Ring, STP\/RSTP\/MSTP, ERPS, DHCP Server\/Snooping\/Relay, VLAN, QoS, IGMP Snooping, LLDP, Port Trunking v\u00e0 Port Mirroring.\nH\u1ec7 th\u1ed1ng cung c\u1ea5p \u0111\u1ea7y \u0111\u1ee7 c\u00e1c ch\u1ee9c n\u0103ng qu\u1ea3n l\u00fd, h\u1ed7 tr\u1ee3 c\u1ea5u h\u00ecnh c\u1ed5ng, NAS, ACL, ch\u1ea9n \u0111o\u00e1n m\u1ea1ng, n\u00e2ng c\u1ea5p tr\u1ef1c tuy\u1ebfn, v.v. \u0110\u1ed3ng th\u1eddi h\u1ed7 tr\u1ee3 nhi\u1ec1u ph\u01b0\u01a1ng th\u1ee9c truy c\u1eadp nh\u01b0 CLI, WEB, TELNET, SSH, SNMP v\u00e0 c\u00e1c ph\u01b0\u01a1ng th\u1ee9c kh\u00e1c.\nV\u1edbi thi\u1ebft k\u1ebf giao di\u1ec7n th\u00e2n thi\u1ec7n, thao t\u00e1c \u0111\u01a1n gi\u1ea3n v\u00e0 thu\u1eadn ti\u1ec7n, h\u1ec7 th\u1ed1ng qu\u1ea3n l\u00fd m\u1ea1ng mang l\u1ea1i tr\u1ea3i nghi\u1ec7m ng\u01b0\u1eddi d\u00f9ng t\u1ed1t.<br \/>\nPh\u1ea7n c\u1ee9ng s\u1eed d\u1ee5ng thi\u1ebft k\u1ebf kh\u00f4ng qu\u1ea1t, ti\u00eau th\u1ee5 \u0111i\u1ec7n n\u0103ng th\u1ea5p, d\u1ea3i nhi\u1ec7t \u0111\u1ed9 v\u00e0 \u0111i\u1ec7n \u00e1p ho\u1ea1t \u0111\u1ed9ng r\u1ed9ng, \u0111\u1ed3ng th\u1eddi \u0111\u00e3 v\u01b0\u1ee3t qua c\u00e1c th\u1eed nghi\u1ec7m ti\u00eau chu\u1ea9n c\u00f4ng nghi\u1ec7p nghi\u00eam ng\u1eb7t, ph\u00f9 h\u1ee3p v\u1edbi m\u00f4i tr\u01b0\u1eddng c\u00f4ng nghi\u1ec7p c\u00f3 y\u00eau c\u1ea7u kh\u1eaft khe v\u1ec1 EMC. S\u1ea3n ph\u1ea9m c\u00f3 th\u1ec3 \u0111\u01b0\u1ee3c \u1ee9ng d\u1ee5ng r\u1ed9ng r\u00e3i trong c\u00e1c l\u0129nh v\u1ef1c nh\u01b0 giao th\u00f4ng \u0111\u01b0\u1eddng s\u1eaft, th\u00e0nh ph\u1ed1 th\u00f4ng minh, th\u00e0nh ph\u1ed1 an ninh, n\u0103ng l\u01b0\u1ee3ng m\u1edbi, s\u1ea3n xu\u1ea5t th\u00f4ng minh v\u00e0 c\u00e1c ng\u00e0nh c\u00f4ng nghi\u1ec7p kh\u00e1c.<\/p>\n<p><br style=\"font-weight: 400;\" \/><br style=\"font-weight: 400;\" \/><span style=\"font-weight: 400;\"><strong>T\u00ednh n\u0103ng b\u1ed5 sung<\/strong><\/span><\/p>\n<p style=\"font-weight: 400;\">IPv6 h\u1ed7 tr\u1ee3 b\u1ea3o m\u1eadt \u0111\u1ea7u cu\u1ed1i v\u00e0 cung c\u1ea5p kh\u00f4ng gian \u0111\u1ecba ch\u1ec9 v\u00f4 c\u00f9ng l\u1edbn, gi\u00fap thu\u1eadn ti\u1ec7n cho vi\u1ec7c thi\u1ebft k\u1ebf m\u1ea1ng ph\u00e2n c\u1ea5p.<\/p>\n<p style=\"font-weight: 400;\">SNMPv1\/v2c\/v3 \u0111\u01b0\u1ee3c s\u1eed d\u1ee5ng cho qu\u1ea3n l\u00fd m\u1ea1ng \u1edf nhi\u1ec1u c\u1ea5p \u0111\u1ed9 kh\u00e1c nhau<\/p>\n<p style=\"font-weight: 400;\">RMON c\u00f3 th\u1ec3 \u0111\u01b0\u1ee3c s\u1eed d\u1ee5ng \u0111\u1ec3 gi\u00e1m s\u00e1t m\u1ea1ng m\u1ed9t c\u00e1ch hi\u1ec7u qu\u1ea3 v\u00e0 linh ho\u1ea1t<\/p>\n<p style=\"font-weight: 400;\">QoS h\u1ed7 tr\u1ee3 ph\u00e2n lo\u1ea1i l\u01b0u l\u01b0\u1ee3ng th\u1eddi gian th\u1ef1c v\u00e0 thi\u1ebft l\u1eadp m\u1ee9c \u0111\u1ed9 \u01b0u ti\u00ean<\/p>\n<p style=\"font-weight: 400;\">LLDP cho ph\u00e9p t\u1ef1 \u0111\u1ed9ng ph\u00e1t hi\u1ec7n c\u1ea5u tr\u00fac li\u00ean k\u1ebft (topology), thu\u1eadn ti\u1ec7n cho qu\u1ea3n l\u00fd tr\u1ef1c quan<\/p>\n<p style=\"font-weight: 400;\">DHCP Server v\u00e0 DHCP Client c\u00f3 th\u1ec3 \u0111\u01b0\u1ee3c s\u1eed d\u1ee5ng \u0111\u1ec3 c\u1ea5p ph\u00e1t \u0111\u1ecba ch\u1ec9 IP theo nhi\u1ec1u chi\u1ebfn l\u01b0\u1ee3c kh\u00e1c nhau<\/p>\n<p style=\"font-weight: 400;\">DHCP Snooping gi\u00fap \u0111\u1ea3m b\u1ea3o c\u00e1c DHCP client ch\u1ec9 nh\u1eadn \u0111\u1ecba ch\u1ec9 IP t\u1eeb DHCP Server h\u1ee3p l\u1ec7<\/p>\n<p style=\"font-weight: 400;\">Ch\u1ee9c n\u0103ng DHCP Relay cho ph\u00e9p c\u1ea5u h\u00ecnh \u0111\u1ecba ch\u1ec9 IP, gateway v\u00e0 DNS xuy\u00ean qua c\u00e1c ph\u00e2n \u0111o\u1ea1n m\u1ea1ng kh\u00e1c nhau<\/p>\n<p style=\"font-weight: 400;\">Qu\u1ea3n l\u00fd file gi\u00fap c\u1ea5u h\u00ecnh thi\u1ebft b\u1ecb nhanh ch\u00f3ng v\u00e0 n\u00e2ng c\u1ea5p tr\u1ef1c tuy\u1ebfn thu\u1eadn ti\u1ec7n<\/p>\n<p style=\"font-weight: 400;\">C\u1ea5u h\u00ecnh ph\u00e2n quy\u1ec1n ng\u01b0\u1eddi d\u00f9ng cho ph\u00e9p thi\u1ebft l\u1eadp m\u1ee9c quy\u1ec1n h\u1ea1n cho t\u1eebng ng\u01b0\u1eddi d\u00f9ng<\/p>\n<p style=\"font-weight: 400;\">C\u1ea5u h\u00ecnh SSH v\u00e0 HTTPS c\u00f3 th\u1ec3 n\u00e2ng cao b\u1ea3o m\u1eadt qu\u1ea3n l\u00fd thi\u1ebft b\u1ecb v\u00e0 \u0111\u1ea3m b\u1ea3o an to\u00e0n truy c\u1eadp d\u1eef li\u1ec7u<\/p>\n<p style=\"font-weight: 400;\">H\u1ed7 tr\u1ee3 d\u1ecbch v\u1ee5 truy c\u1eadp m\u1ea1ng NAS, \u0111\u1ed3ng th\u1eddi \u0111\u1ea3m b\u1ea3o an to\u00e0n b\u1ea3o m\u1eadt cho nhi\u1ec1u d\u1ecbch v\u1ee5.<\/p>\n<p style=\"font-weight: 400;\">Ch\u1ee9c n\u0103ng MEP c\u00f3 th\u1ec3 x\u00e1c \u0111\u1ecbnh ph\u1ea1m vi v\u00e0 ranh gi\u1edbi c\u1ee7a mi\u1ec1n b\u1ea3o tr\u00ec<\/p>\n<p style=\"font-weight: 400;\">Ring v\u00e0 STP\/RSTP\/MSTP c\u00f3 th\u1ec3 \u0111\u1ea3m b\u1ea3o d\u1ef1 ph\u00f2ng m\u1ea1ng, gi\u00fap ng\u0103n ng\u1eeba hi\u1ec7n t\u01b0\u1ee3ng b\u00e3o m\u1ea1ng (network storm)<\/p>\n<p style=\"font-weight: 400;\">Ch\u1ee9c n\u0103ng ERPS c\u00f3 th\u1ec3 th\u1ef1c hi\u1ec7n d\u1ef1 ph\u00f2ng li\u00ean k\u1ebft v\u00e0 n\u00e2ng cao \u0111\u1ed9 tin c\u1eady c\u1ee7a m\u1ea1ng.<\/p>\n<p style=\"font-weight: 400;\">Storm suppression c\u00f3 th\u1ec3 h\u1ea1n ch\u1ebf ph\u00e1t s\u00f3ng, ph\u00e1t \u0111a \u0111i\u1ec3m kh\u00f4ng x\u00e1c \u0111\u1ecbnh v\u00e0 ph\u00e1t \u0111\u01a1n \u0111i\u1ec3m<\/p>\n<p style=\"font-weight: 400;\">VLAN \u0111\u01b0\u1ee3c s\u1eed d\u1ee5ng \u0111\u1ec3 \u0111\u01a1n gi\u1ea3n h\u00f3a vi\u1ec7c l\u1eadp k\u1ebf ho\u1ea1ch m\u1ea1ng<\/p>\n<p style=\"font-weight: 400;\">Port Trunking v\u00e0 LACP c\u00f3 th\u1ec3 t\u0103ng b\u0103ng th\u00f4ng m\u1ea1ng v\u00e0 n\u00e2ng cao \u0111\u1ed9 tin c\u1eady c\u1ee7a k\u1ebft n\u1ed1i m\u1ea1ng, gi\u00fap t\u1ed1i \u01b0u h\u00f3a vi\u1ec7c s\u1eed d\u1ee5ng b\u0103ng th\u00f4ng.<\/p>\n<p style=\"font-weight: 400;\">IGMP Snooping c\u00f3 th\u1ec3 \u0111\u01b0\u1ee3c s\u1eed d\u1ee5ng \u0111\u1ec3 l\u1ecdc l\u01b0u l\u01b0\u1ee3ng multicast, gi\u00fap ti\u1ebft ki\u1ec7m b\u0103ng th\u00f4ng m\u1ea1ng.<\/p>\n<p style=\"font-weight: 400;\">H\u1ed7 tr\u1ee3 ch\u1ee9c n\u0103ng DDM (Digital Diagnostic Monitoring), c\u00f3 th\u1ec3 gi\u00e1m s\u00e1t c\u00f4ng su\u1ea5t quang, nhi\u1ec7t \u0111\u1ed9 v\u00e0 c\u00e1c th\u00f4ng s\u1ed1 th\u1eddi gian th\u1ef1c kh\u00e1c c\u1ee7a m\u00f4-\u0111un quang SFP c\u00f3 ch\u1ee9c n\u0103ng DDM, gi\u00fap thu\u1eadn ti\u1ec7n trong vi\u1ec7c ch\u1ea9n \u0111o\u00e1n k\u1ebft n\u1ed1i s\u1ee3i quang.<\/p>\n<p style=\"font-weight: 400;\">Ch\u1ea9n \u0111o\u00e1n v\u00e0 x\u1eed l\u00fd s\u1ef1 c\u1ed1 m\u1ea1ng c\u00f3 th\u1ec3 \u0111\u01b0\u1ee3c th\u1ef1c hi\u1ec7n th\u00f4ng qua ch\u1ee9c n\u0103ng Ping, Ping6 v\u00e0 ph\u00e1t hi\u1ec7n c\u00e1p<\/p>\n<p style=\"font-weight: 400;\">Port mirroring cho ph\u00e9p ph\u00e2n t\u00edch v\u00e0 gi\u00e1m s\u00e1t d\u1eef li\u1ec7u, thu\u1eadn ti\u1ec7n cho vi\u1ec7c g\u1ee1 l\u1ed7i (debug) tr\u1ef1c tuy\u1ebfn<\/p>","protected":false},"excerpt":{"rendered":"<h1>M\u00f4-\u0111un switch Ethernet c\u00f4ng nghi\u1ec7p qu\u1ea3n l\u00fd, \u0111a d\u1ecbch v\u1ee5, l\u1eafp \u0111\u1eb7t nh\u00fang<\/h1>\n<p class=\"16\">H\u1ed7 tr\u1ee3 16 c\u1ed5ng 10\/100\/1000Base-T(X) v\u00e0 4 c\u1ed5ng 1000Base-X<\/p>\n<p class=\"16\">\u00c1p d\u1ee5ng c\u00f4ng ngh\u1ec7 SW-Ring \u0111\u01b0\u1ee3c c\u1ea5p b\u1eb1ng s\u00e1ng ch\u1ebf, h\u1ed7 tr\u1ee3 c\u00e1c c\u1ea5u tr\u00fac m\u1ea1ng v\u00f2ng \u0111\u01a1n, v\u00f2ng gh\u00e9p, chu\u1ed7i v\u00e0 dual-homing, v\u1edbi th\u1eddi gian t\u1ef1 \u0111\u1ed9ng kh\u00f4i ph\u1ee5c m\u1ea1ng khi x\u1ea3y ra s\u1ef1 c\u1ed1 &lt; 20 ms.<\/p>\n<p class=\"16\">H\u1ed7 tr\u1ee3 nhi\u1ec1u giao th\u1ee9c m\u1ea1ng v\u00e0 ti\u00eau chu\u1ea9n c\u00f4ng nghi\u1ec7p nh\u01b0 IPv6, STP\/RSTP\/MSTP, ERPS, VLAN, QoS, LACP, DHCP, IGMP Snooping, LLDP, ACL, SNMP v\u00e0 MEP.<\/p>\n<p class=\"16\">\u0110i\u1ec7n \u00e1p \u0111\u1ea7u v\u00e0o: 3.3VDC \u00b15%<\/p>\n<p class=\"16\">H\u1ed7 tr\u1ee3 d\u1ea3i nhi\u1ec7t \u0111\u1ed9 ho\u1ea1t \u0111\u1ed9ng r\u1ed9ng t\u1eeb -40\u00b0C \u0111\u1ebfn 75\u00b0C<\/p>","protected":false},"featured_media":2059,"template":"","meta":[],"product_brand":[],"product_cat":[36],"product_tag":[],"class_list":{"0":"post-2054","1":"product","2":"type-product","3":"status-publish","4":"has-post-thumbnail","6":"product_cat-ethernet-switch-module","8":"first","9":"instock","10":"shipping-taxable","11":"product-type-simple"},"acf":[],"_links":{"self":[{"href":"https:\/\/3onedatavn.com\/vi\/wp-json\/wp\/v2\/product\/2054","targetHints":{"allow":["GET"]}}],"collection":[{"href":"https:\/\/3onedatavn.com\/vi\/wp-json\/wp\/v2\/product"}],"about":[{"href":"https:\/\/3onedatavn.com\/vi\/wp-json\/wp\/v2\/types\/product"}],"wp:featuredmedia":[{"embeddable":true,"href":"https:\/\/3onedatavn.com\/vi\/wp-json\/wp\/v2\/media\/2059"}],"wp:attachment":[{"href":"https:\/\/3onedatavn.com\/vi\/wp-json\/wp\/v2\/media?parent=2054"}],"wp:term":[{"taxonomy":"product_brand","embeddable":true,"href":"https:\/\/3onedatavn.com\/vi\/wp-json\/wp\/v2\/product_brand?post=2054"},{"taxonomy":"product_cat","embeddable":true,"href":"https:\/\/3onedatavn.com\/vi\/wp-json\/wp\/v2\/product_cat?post=2054"},{"taxonomy":"product_tag","embeddable":true,"href":"https:\/\/3onedatavn.com\/vi\/wp-json\/wp\/v2\/product_tag?post=2054"}],"curies":[{"name":"wp","href":"https:\/\/api.w.org\/{rel}","templated":true}]}}