{"id":2069,"date":"2026-01-06T10:35:03","date_gmt":"2026-01-06T03:35:03","guid":{"rendered":"https:\/\/3onedatavn.com\/?post_type=product&#038;p=2069"},"modified":"2026-01-06T10:38:38","modified_gmt":"2026-01-06T03:38:38","slug":"ics5000-e24gp4gs","status":"publish","type":"product","link":"https:\/\/3onedatavn.com\/vi\/san-pham\/ics5000-e24gp4gs\/","title":{"rendered":"ICS5000-E24GP4GS"},"content":{"rendered":"<h1><strong>T\u1ed5ng quan d\u00f2ng switch PoE c\u00f4ng nghi\u1ec7p Gigabit 28 c\u1ed5ng qu\u1ea3n l\u00fd l\u1edbp 2 ICS5000-E24GP4GS<\/strong><\/h1>\n<p>ICS5000-E24GP4GS l\u00e0 switch PoE qu\u1ea3n l\u00fd l\u1edbp 2 c\u1ee7a 3onedata. Switch PoE c\u00f4ng nghi\u1ec7p n\u00e0y cung c\u1ea5p 24 c\u1ed5ng RJ45 10\/100\/1000Mbps t\u1ef1 th\u00edch \u1ee9ng v\u00e0 4 c\u1ed5ng SFP Gigabit, t\u1ea5t c\u1ea3 c\u00e1c c\u1ed5ng \u0111\u1ec1u h\u1ed7 tr\u1ee3 chuy\u1ec3n ti\u1ebfp t\u1ed1c \u0111\u1ed9 d\u00e2y (line-speed forwarding), mang l\u1ea1i s\u1ef1 linh ho\u1ea1t cao h\u01a1n cho h\u1ec7 th\u1ed1ng m\u1ea1ng. Thi\u1ebft b\u1ecb h\u1ed7 tr\u1ee3 VLAN v\u00e0 ACL d\u1ef1a tr\u00ean c\u1ed5ng, d\u1ec5 d\u00e0ng th\u1ef1c hi\u1ec7n gi\u00e1m s\u00e1t m\u1ea1ng, \u0111i\u1ec1u ti\u1ebft l\u01b0u l\u01b0\u1ee3ng, g\u1eafn th\u1ebb \u01b0u ti\u00ean v\u00e0 ki\u1ec3m so\u00e1t l\u01b0u l\u01b0\u1ee3ng; h\u1ed7 tr\u1ee3 c\u00f4ng ngh\u1ec7 b\u1ea3o v\u1ec7 li\u00ean k\u1ebft STP\/RSTP\/MSTP truy\u1ec1n th\u1ed1ng, n\u00e2ng cao \u0111\u00e1ng k\u1ec3 kh\u1ea3 n\u0103ng ch\u1ecbu l\u1ed7i v\u00e0 d\u1ef1 ph\u00f2ng nh\u1eb1m \u0111\u1ea3m b\u1ea3o m\u1ea1ng ho\u1ea1t \u0111\u1ed9ng \u1ed5n \u0111\u1ecbnh. Thi\u1ebft b\u1ecb c\u0169ng h\u1ed7 tr\u1ee3 ki\u1ec3m so\u00e1t ACL d\u1ef1a tr\u00ean th\u1eddi gian, gi\u00fap ki\u1ec3m so\u00e1t ch\u00ednh x\u00e1c th\u1eddi gian truy c\u1eadp; h\u1ed7 tr\u1ee3 x\u00e1c th\u1ef1c 802.1X d\u1ef1a tr\u00ean c\u1ed5ng v\u00e0 \u0111\u1ecba ch\u1ec9 MAC, cho ph\u00e9p c\u1ea5u h\u00ecnh quy\u1ec1n truy c\u1eadp ng\u01b0\u1eddi d\u00f9ng d\u1ec5 d\u00e0ng. Chi\u1ebfn l\u01b0\u1ee3c QoS ho\u00e0n ch\u1ec9nh c\u00f9ng nhi\u1ec1u ch\u1ee9c n\u0103ng VLAN gi\u00fap vi\u1ec7c qu\u1ea3n l\u00fd v\u00e0 b\u1ea3o tr\u00ec tr\u1edf n\u00ean thu\u1eadn ti\u1ec7n h\u01a1n. 24 c\u1ed5ng RJ45 h\u1ed7 tr\u1ee3 c\u1ea5p ngu\u1ed3n PoE theo chu\u1ea9n IEEE802.3af\/at, c\u00f3 th\u1ec3 ho\u1ea1t \u0111\u1ed9ng nh\u01b0 thi\u1ebft b\u1ecb c\u1ea5p ngu\u1ed3n Ethernet, t\u1ef1 \u0111\u1ed9ng ph\u00e1t hi\u1ec7n v\u00e0 nh\u1eadn di\u1ec7n thi\u1ebft b\u1ecb nh\u1eadn ngu\u1ed3n ph\u00f9 h\u1ee3p ti\u00eau chu\u1ea9n v\u00e0 c\u1ea5p ngu\u1ed3n qua c\u00e1p m\u1ea1ng. Thi\u1ebft b\u1ecb kh\u00f4ng c\u1ea7n c\u1ea5u h\u00ecnh, c\u1eafm l\u00e0 ch\u1ea1y (plug and play), cho ph\u00e9p m\u1edf r\u1ed9ng linh ho\u1ea1t m\u1ea1ng gia \u0111\u00ecnh v\u00e0 v\u0103n ph\u00f2ng m\u00e0 kh\u00f4ng b\u1ecb gi\u1edbi h\u1ea1n b\u1edfi b\u1ed1 tr\u00ed \u0111\u01b0\u1eddng d\u00e2y \u0111i\u1ec7n, \u0111\u1ed3ng th\u1eddi c\u00f3 th\u1ec3 \u0111\u01b0\u1ee3c \u1ee9ng d\u1ee5ng r\u1ed9ng r\u00e3i trong th\u00e0nh ph\u1ed1 an to\u00e0n, giao th\u00f4ng th\u00f4ng minh, \u0111\u01b0\u1eddng h\u1ea7m cao t\u1ed1c v\u00e0 c\u00e1c l\u0129nh v\u1ef1c kh\u00e1c.<\/p>\n<p><strong>T\u00ednh n\u0103ng b\u1ed5 sung<\/strong><br \/>\nComply with IEEE802.3i, IEEE802.3u, IEEE802.3ab, IEEE802.3x, IEEE802.3z, EEE802.3ad,standards; Supports IEEE802.3at\/af PoE standards<br \/>\nH\u1ed7 tr\u1ee3 c\u00f4ng su\u1ea5t PoE l\u00ean \u0111\u1ebfn 30W cho m\u1ed7i c\u1ed5ng PoE, t\u1ed5ng c\u00f4ng su\u1ea5t l\u00ean \u0111\u1ebfn 370W cho to\u00e0n b\u1ed9 c\u00e1c c\u1ed5ng PoE.<br \/>\nH\u1ed7 tr\u1ee3 \u0111i\u1ec1u khi\u1ec3n lu\u1ed3ng IEEE 802.3x trong ch\u1ebf \u0111\u1ed9 song c\u00f4ng to\u00e0n ph\u1ea7n (Full-duplex) v\u00e0 c\u01a1 ch\u1ebf backpressure trong ch\u1ebf \u0111\u1ed9 b\u00e1n song c\u00f4ng (Half-duplex).<br \/>\nH\u1ed7 tr\u1ee3 t\u1ef1 \u0111\u1ed9ng h\u1ecdc \u0111\u1ecba ch\u1ec9 MAC.<br \/>\n24 c\u1ed5ng RJ45 10\/100\/1000Mbps t\u1ef1 th\u00edch \u1ee9ng v\u00e0 4 c\u1ed5ng SFP Gigabit; t\u1ea5t c\u1ea3 c\u00e1c c\u1ed5ng \u0111\u1ed3ng \u0111\u1ec1u h\u1ed7 tr\u1ee3 t\u1ef1 \u0111\u1ed9ng MDI\/MDIX v\u00e0 t\u1ef1 \u0111\u1ed9ng \u0111\u00e0m ph\u00e1n (auto-negotiation), c\u00f3 th\u1ec3 t\u1ef1 \u0111\u1ed9ng \u0111i\u1ec1u ch\u1ec9nh ph\u01b0\u01a1ng th\u1ee9c v\u00e0 t\u1ed1c \u0111\u1ed9 truy\u1ec1n.<br \/>\n\u00c1p d\u1ee5ng ch\u1ebf \u0111\u1ed9 chuy\u1ec3n m\u1ea1ch l\u01b0u tr\u1eef v\u00e0 chuy\u1ec3n ti\u1ebfp<br \/>\nH\u1ed7 tr\u1ee3 SNMP\/RMON\/Telnet\/Web.<br \/>\nH\u1ed7 tr\u1ee3 Storm Control<br \/>\nH\u1ed7 tr\u1ee3 QoS, Port Mirroring, Link Aggregation v\u00e0 Access Control.<br \/>\n\u0110\u00e8n LED hai m\u00e0u \u0111\u1ed9ng, cung c\u1ea5p c\u1ea3nh b\u00e1o tr\u1ea1ng th\u00e1i ho\u1ea1t \u0111\u1ed9ng v\u00e0 h\u1ed7 tr\u1ee3 x\u1eed l\u00fd s\u1ef1 c\u1ed1 m\u1ed9t c\u00e1ch tr\u1ef1c quan, \u0111\u01a1n gi\u1ea3n.<br \/>\nT\u00edch h\u1ee3p ngu\u1ed3n chuy\u1ec3n m\u1ea1ch hi\u1ec7u su\u1ea5t cao 400W.<\/p>","protected":false},"excerpt":{"rendered":"<h1>Switch Ethernet c\u00f4ng nghi\u1ec7p Gigabit 28 c\u1ed5ng, l\u1edbp 2 \u0111\u01b0\u1ee3c qu\u1ea3n l\u00fd, l\u1eafp rack, h\u1ed7 tr\u1ee3 PoE.<\/h1>\n<p>24 c\u1ed5ng RJ45 Gigabit t\u1ef1 th\u00edch \u1ee9ng, 4 c\u1ed5ng SFP Gigabit.<br \/>\nH\u1ed7 tr\u1ee3 Auto-MDI\/MDIX cho c\u00e1c c\u1ed5ng.<br \/>\nB\u0103ng th\u00f4ng backplane l\u00ean \u0111\u1ebfn 56G.<br \/>\n\u00c1p d\u1ee5ng ch\u1ebf \u0111\u1ed9 chuy\u1ec3n m\u1ea1ch l\u01b0u tr\u1eef v\u00e0 chuy\u1ec3n ti\u1ebfp<br \/>\nH\u1ed7 tr\u1ee3 t\u1ef1 \u0111\u1ed9ng h\u1ecdc \u0111\u1ecba ch\u1ec9 MAC.<br \/>\nH\u1ed7 tr\u1ee3 qu\u1ea3n l\u00fd d\u1ef1a tr\u00ean n\u1ec1n web<br \/>\nC\u00f4ng su\u1ea5t PoE l\u00ean \u0111\u1ebfn 30W cho m\u1ed7i c\u1ed5ng PoE, t\u1ed5ng c\u00f4ng su\u1ea5t l\u00ean \u0111\u1ebfn 370W cho to\u00e0n b\u1ed9 c\u00e1c c\u1ed5ng PoE.<\/p>","protected":false},"featured_media":2072,"template":"","meta":[],"product_brand":[],"product_cat":[37],"product_tag":[],"class_list":{"0":"post-2069","1":"product","2":"type-product","3":"status-publish","4":"has-post-thumbnail","6":"product_cat-ethernet-poe-switch","8":"first","9":"instock","10":"shipping-taxable","11":"product-type-simple"},"acf":[],"_links":{"self":[{"href":"https:\/\/3onedatavn.com\/vi\/wp-json\/wp\/v2\/product\/2069","targetHints":{"allow":["GET"]}}],"collection":[{"href":"https:\/\/3onedatavn.com\/vi\/wp-json\/wp\/v2\/product"}],"about":[{"href":"https:\/\/3onedatavn.com\/vi\/wp-json\/wp\/v2\/types\/product"}],"wp:featuredmedia":[{"embeddable":true,"href":"https:\/\/3onedatavn.com\/vi\/wp-json\/wp\/v2\/media\/2072"}],"wp:attachment":[{"href":"https:\/\/3onedatavn.com\/vi\/wp-json\/wp\/v2\/media?parent=2069"}],"wp:term":[{"taxonomy":"product_brand","embeddable":true,"href":"https:\/\/3onedatavn.com\/vi\/wp-json\/wp\/v2\/product_brand?post=2069"},{"taxonomy":"product_cat","embeddable":true,"href":"https:\/\/3onedatavn.com\/vi\/wp-json\/wp\/v2\/product_cat?post=2069"},{"taxonomy":"product_tag","embeddable":true,"href":"https:\/\/3onedatavn.com\/vi\/wp-json\/wp\/v2\/product_tag?post=2069"}],"curies":[{"name":"wp","href":"https:\/\/api.w.org\/{rel}","templated":true}]}}