{"id":2079,"date":"2026-01-06T11:33:03","date_gmt":"2026-01-06T04:33:03","guid":{"rendered":"https:\/\/3onedatavn.com\/?post_type=product&#038;p=2079"},"modified":"2026-01-06T11:33:03","modified_gmt":"2026-01-06T04:33:03","slug":"ipmc100-series","status":"publish","type":"product","link":"https:\/\/3onedatavn.com\/vi\/san-pham\/ipmc100-series\/","title":{"rendered":"IPMC100 Series"},"content":{"rendered":"<h2>T\u1ed5ng quan v\u1ec1 B\u1ed9 chuy\u1ec3n \u0111\u1ed5i quang \u0111i\u1ec7n PoE Gigabit 2 c\u1ed5ng ho\u1eb7c 3 c\u1ed5ng \u2013 D\u00f2ng IPMC100 c\u1ee7a 3onedata<\/h2>\n<p>D\u00f2ng IPMC100 l\u00e0 b\u1ed9 chuy\u1ec3n \u0111\u1ed5i quang \u0111i\u1ec7n PoE c\u00f4ng nghi\u1ec7p Gigabit to\u00e0n ph\u1ea7n 2\/3 c\u1ed5ng, kh\u00f4ng qu\u1ea3n l\u00fd (unmanaged), trong \u0111\u00f3 ngu\u1ed3n c\u1ea5p PoE tu\u00e2n th\u1ee7 ti\u00eau chu\u1ea9n IEEE 802.3af\/at. D\u00f2ng s\u1ea3n ph\u1ea9m n\u00e0y bao g\u1ed3m b\u1ed1n model kh\u00e1c nhau, cung c\u1ea5p c\u00e1c t\u00f9y ch\u1ecdn nh\u01b0 c\u1ed5ng \u0111\u1ed3ng Gigabit, c\u1ed5ng quang Gigabit, khe c\u1eafm SFP Gigabit v\u00e0 c\u1ed5ng \u0111\u1ed3ng Gigabit PoE, \u0111\u1ed3ng th\u1eddi h\u1ed7 tr\u1ee3 l\u1eafp \u0111\u1eb7t DIN-Rail ho\u1eb7c g\u1eafn t\u01b0\u1eddng \u0111\u1ec3 \u0111\u00e1p \u1ee9ng y\u00eau c\u1ea7u tri\u1ec3n khai trong nhi\u1ec1u m\u00f4i tr\u01b0\u1eddng v\u00e0 k\u1ecbch b\u1ea3n \u1ee9ng d\u1ee5ng kh\u00e1c nhau.<br \/>\nThi\u1ebft k\u1ebf DIP switch cho ph\u00e9p chuy\u1ec3n \u0111\u1ed5i gi\u1eefa c\u00e1c ch\u1ebf \u0111\u1ed9 c\u1ea5p ngu\u1ed3n PoE cho PD chu\u1ea9n v\u00e0 PD kh\u00f4ng chu\u1ea9n, \u0111\u1ed3ng th\u1eddi h\u1ed7 tr\u1ee3 c\u00e1c ch\u1ee9c n\u0103ng nh\u01b0 Flow Control, Jumbo Frame v\u00e0 c\u1ea5u h\u00ecnh c\u1ed5ng RJ45 ho\u1ea1t \u0111\u1ed9ng \u1edf t\u1ed1c \u0111\u1ed9 c\u1ed1 \u0111\u1ecbnh 100M. Ph\u1ea7n c\u1ee9ng s\u1eed d\u1ee5ng thi\u1ebft k\u1ebf kh\u00f4ng qu\u1ea1t (fanless), ti\u00eau th\u1ee5 \u0111i\u1ec7n n\u0103ng th\u1ea5p, h\u1ed7 tr\u1ee3 d\u1ea3i nhi\u1ec7t \u0111\u1ed9 v\u00e0 \u0111i\u1ec7n \u00e1p r\u1ed9ng, \u0111\u1ed3ng th\u1eddi \u0111\u00e3 v\u01b0\u1ee3t qua c\u00e1c th\u1eed nghi\u1ec7m nghi\u00eam ng\u1eb7t theo ti\u00eau chu\u1ea9n c\u00f4ng nghi\u1ec7p, ph\u00f9 h\u1ee3p v\u1edbi m\u00f4i tr\u01b0\u1eddng c\u00f4ng nghi\u1ec7p c\u00f3 y\u00eau c\u1ea7u cao v\u1ec1 EMC. S\u1ea3n ph\u1ea9m c\u00f3 th\u1ec3 \u0111\u01b0\u1ee3c \u1ee9ng d\u1ee5ng r\u1ed9ng r\u00e3i trong l\u01b0\u1edbi \u0111i\u1ec7n th\u00f4ng minh, giao th\u00f4ng \u0111\u01b0\u1eddng s\u1eaft, th\u00e0nh ph\u1ed1 th\u00f4ng minh, an ninh \u0111\u00f4 th\u1ecb, n\u0103ng l\u01b0\u1ee3ng m\u1edbi, s\u1ea3n xu\u1ea5t th\u00f4ng minh v\u00e0 nhi\u1ec1u l\u0129nh v\u1ef1c c\u00f4ng nghi\u1ec7p kh\u00e1c.<\/p>","protected":false},"excerpt":{"rendered":"<h1>B\u1ed9 chuy\u1ec3n \u0111\u1ed5i quang \u0111i\u1ec7n PoE kh\u00f4ng qu\u1ea3n l\u00fd (Unmanaged) Full Gigabit 2 c\u1ed5ng ho\u1eb7c 3 c\u1ed5ng<\/h1>\n<p>T\u00f9y ch\u1ecdn 1 c\u1ed5ng quang Gigabit ho\u1eb7c 1 khe c\u1eafm SFP, c\u00f9ng v\u1edbi 1 ho\u1eb7c 2 c\u1ed5ng \u0111\u1ed3ng Gigabit PoE (t\u00f9y ch\u1ecdn).<br \/>\nC\u00f4ng su\u1ea5t ti\u00eau th\u1ee5 t\u1ed1i \u0111a c\u1ee7a m\u1ed9t c\u1ed5ng PoE l\u00e0 30W<br \/>\nPoE cung c\u1ea5p ngu\u1ed3n \u0111i\u1ec7n cho thi\u1ebft b\u1ecb \u0111\u01b0\u1ee3c c\u1ea5p ngu\u1ed3n th\u00f4ng qua c\u00e1p Ethernet, gi\u00fap gi\u1ea3m b\u1edbt vi\u1ec7c \u0111i d\u00e2y ngu\u1ed3n ri\u00eang cho thi\u1ebft b\u1ecb.<br \/>\nH\u1ed7 tr\u1ee3 \u0111i\u1ec7n \u00e1p \u0111\u1ea7u v\u00e0o 48VDC.<br \/>\nH\u1ed7 tr\u1ee3 ho\u1ea1t \u0111\u1ed9ng trong d\u1ea3i nhi\u1ec7t \u0111\u1ed9 r\u1ed9ng t\u1eeb -40 \u0111\u1ebfn 80 \u00b0C<\/p>","protected":false},"featured_media":2082,"template":"","meta":[],"product_brand":[],"product_cat":[38],"product_tag":[],"class_list":{"0":"post-2079","1":"product","2":"type-product","3":"status-publish","4":"has-post-thumbnail","6":"product_cat-poe-media-converter","8":"first","9":"instock","10":"shipping-taxable","11":"product-type-simple"},"acf":[],"_links":{"self":[{"href":"https:\/\/3onedatavn.com\/vi\/wp-json\/wp\/v2\/product\/2079","targetHints":{"allow":["GET"]}}],"collection":[{"href":"https:\/\/3onedatavn.com\/vi\/wp-json\/wp\/v2\/product"}],"about":[{"href":"https:\/\/3onedatavn.com\/vi\/wp-json\/wp\/v2\/types\/product"}],"wp:featuredmedia":[{"embeddable":true,"href":"https:\/\/3onedatavn.com\/vi\/wp-json\/wp\/v2\/media\/2082"}],"wp:attachment":[{"href":"https:\/\/3onedatavn.com\/vi\/wp-json\/wp\/v2\/media?parent=2079"}],"wp:term":[{"taxonomy":"product_brand","embeddable":true,"href":"https:\/\/3onedatavn.com\/vi\/wp-json\/wp\/v2\/product_brand?post=2079"},{"taxonomy":"product_cat","embeddable":true,"href":"https:\/\/3onedatavn.com\/vi\/wp-json\/wp\/v2\/product_cat?post=2079"},{"taxonomy":"product_tag","embeddable":true,"href":"https:\/\/3onedatavn.com\/vi\/wp-json\/wp\/v2\/product_tag?post=2079"}],"curies":[{"name":"wp","href":"https:\/\/api.w.org\/{rel}","templated":true}]}}