{"id":2090,"date":"2026-01-06T14:44:38","date_gmt":"2026-01-06T07:44:38","guid":{"rendered":"https:\/\/3onedatavn.com\/?post_type=product&#038;p=2090"},"modified":"2026-02-10T15:26:47","modified_gmt":"2026-02-10T08:26:47","slug":"imc100-series","status":"publish","type":"product","link":"https:\/\/3onedatavn.com\/vi\/san-pham\/imc100-series\/","title":{"rendered":"IMC100 Series"},"content":{"rendered":"<h2>T\u1ed5ng quan v\u1ec1 d\u00f2ng 3onedata IMC100 Series \u2013 B\u1ed9 chuy\u1ec3n \u0111\u1ed5i media Gigabit c\u00f4ng nghi\u1ec7p kh\u00f4ng qu\u1ea3n l\u00fd<\/h2>\n<p>D\u00f2ng IMC100 l\u00e0 c\u00e1c b\u1ed9 chuy\u1ec3n \u0111\u1ed5i media c\u00f4ng nghi\u1ec7p kh\u00f4ng qu\u1ea3n l\u00fd. D\u00f2ng s\u1ea3n ph\u1ea9m n\u00e0y g\u1ed3m 14 model, h\u1ed7 tr\u1ee3 nhi\u1ec1u t\u00f9y ch\u1ecdn giao di\u1ec7n kh\u00e1c nhau nh\u01b0 c\u1ed5ng quang 100M, c\u1ed5ng \u0111\u1ed3ng 100M, c\u1ed5ng quang Gigabit, c\u1ed5ng \u0111\u1ed3ng Gigabit v\u00e0 khe SFP Gigabit. C\u00e1c thi\u1ebft b\u1ecb s\u1eed d\u1ee5ng ph\u01b0\u01a1ng th\u1ee9c l\u1eafp \u0111\u1eb7t DIN-Rail, \u0111\u00e1p \u1ee9ng y\u00eau c\u1ea7u c\u1ee7a nhi\u1ec1u k\u1ecbch b\u1ea3n \u1ee9ng d\u1ee5ng kh\u00e1c nhau.<br \/>\nS\u1ea3n ph\u1ea9m h\u1ed7 tr\u1ee3 t\u00f9y ch\u1ecdn ngu\u1ed3n AC\/DC. DIP switch cho ph\u00e9p tri\u1ec3n khai c\u00e1c ch\u1ee9c n\u0103ng nh\u01b0 jumbo frame, LFP, VLAN m\u1ed9t ph\u00edm ho\u1eb7c \u0111i\u1ec1u khi\u1ec3n lu\u1ed3ng (flow control). Ph\u1ea7n c\u1ee9ng thi\u1ebft k\u1ebf kh\u00f4ng qu\u1ea1t, ti\u00eau th\u1ee5 \u0111i\u1ec7n n\u0103ng th\u1ea5p, d\u1ea3i nhi\u1ec7t \u0111\u1ed9 v\u00e0 \u0111i\u1ec7n \u00e1p r\u1ed9ng, \u0111\u1ed3ng th\u1eddi \u0111\u00e3 v\u01b0\u1ee3t qua c\u00e1c th\u1eed nghi\u1ec7m ti\u00eau chu\u1ea9n c\u00f4ng nghi\u1ec7p nghi\u00eam ng\u1eb7t, ph\u00f9 h\u1ee3p v\u1edbi m\u00f4i tr\u01b0\u1eddng c\u00f4ng nghi\u1ec7p c\u00f3 y\u00eau c\u1ea7u kh\u1eaft khe v\u1ec1 EMC. S\u1ea3n ph\u1ea9m \u0111\u01b0\u1ee3c \u1ee9ng d\u1ee5ng r\u1ed9ng r\u00e3i trong c\u00e1c l\u0129nh v\u1ef1c nh\u01b0 th\u00e0nh ph\u1ed1 th\u00f4ng minh, \u0111\u01b0\u1eddng s\u1eaft \u0111\u00f4 th\u1ecb, th\u00e0nh ph\u1ed1 an to\u00e0n, n\u0103ng l\u01b0\u1ee3ng m\u1edbi, s\u1ea3n xu\u1ea5t th\u00f4ng minh v\u00e0 c\u00e1c ng\u00e0nh c\u00f4ng nghi\u1ec7p kh\u00e1c.<\/p>","protected":false},"excerpt":{"rendered":"<h1>B\u1ed9 chuy\u1ec3n \u0111\u1ed5i quang c\u00f4ng nghi\u1ec7p Gigabit kh\u00f4ng qu\u1ea3n l\u00fd (Unmanaged Industrial Gigabit Media Converter)<\/h1>\n<p>1 c\u1ed5ng quang 100M\/Gigabit, 1 ho\u1eb7c 2 c\u1ed5ng \u0111\u1ed3ng 100M\/Gigabit ho\u1eb7c 1 khe c\u1eafm SFP Gigabit.<br \/>\nH\u1ed7 tr\u1ee3 t\u00f9y ch\u1ecdn AC\/DC, ngu\u1ed3n \u0111\u01a1n ho\u1eb7c ngu\u1ed3n k\u00e9p, \u0111i\u1ec7n \u00e1p \u0111\u1ea7u v\u00e0o: 12~48VDC\/DC ho\u1eb7c 100~240VAC\/DC.<br \/>\nH\u1ed7 tr\u1ee3 d\u1ea3i nhi\u1ec7t \u0111\u1ed9 ho\u1ea1t \u0111\u1ed9ng r\u1ed9ng t\u1eeb -40\u00b0C \u0111\u1ebfn 75\u00b0C<\/p>","protected":false},"featured_media":2093,"template":"","meta":[],"product_brand":[],"product_cat":[39],"product_tag":[],"class_list":{"0":"post-2090","1":"product","2":"type-product","3":"status-publish","4":"has-post-thumbnail","6":"product_cat-industrial-media-converter","8":"first","9":"instock","10":"shipping-taxable","11":"product-type-simple"},"acf":[],"_links":{"self":[{"href":"https:\/\/3onedatavn.com\/vi\/wp-json\/wp\/v2\/product\/2090","targetHints":{"allow":["GET"]}}],"collection":[{"href":"https:\/\/3onedatavn.com\/vi\/wp-json\/wp\/v2\/product"}],"about":[{"href":"https:\/\/3onedatavn.com\/vi\/wp-json\/wp\/v2\/types\/product"}],"wp:featuredmedia":[{"embeddable":true,"href":"https:\/\/3onedatavn.com\/vi\/wp-json\/wp\/v2\/media\/2093"}],"wp:attachment":[{"href":"https:\/\/3onedatavn.com\/vi\/wp-json\/wp\/v2\/media?parent=2090"}],"wp:term":[{"taxonomy":"product_brand","embeddable":true,"href":"https:\/\/3onedatavn.com\/vi\/wp-json\/wp\/v2\/product_brand?post=2090"},{"taxonomy":"product_cat","embeddable":true,"href":"https:\/\/3onedatavn.com\/vi\/wp-json\/wp\/v2\/product_cat?post=2090"},{"taxonomy":"product_tag","embeddable":true,"href":"https:\/\/3onedatavn.com\/vi\/wp-json\/wp\/v2\/product_tag?post=2090"}],"curies":[{"name":"wp","href":"https:\/\/api.w.org\/{rel}","templated":true}]}}