{"id":2097,"date":"2026-01-06T15:01:15","date_gmt":"2026-01-06T08:01:15","guid":{"rendered":"https:\/\/3onedatavn.com\/?post_type=product&#038;p=2097"},"modified":"2026-02-11T10:18:48","modified_gmt":"2026-02-11T03:18:48","slug":"ies2000-1bp-ss-lc-2p48","status":"publish","type":"product","link":"https:\/\/3onedatavn.com\/vi\/san-pham\/ies2000-1bp-ss-lc-2p48\/","title":{"rendered":"IES2000-1BP-SS-LC-2P48"},"content":{"rendered":"<p><strong>Gi\u1edbi thi\u1ec7u<\/strong><\/p>\n<p style=\"font-weight: 400;\">IES2000-1BP-SS-LC-2P48 l\u00e0 b\u1ed9 b\u1ea3o v\u1ec7 bypass c\u00e1p quang c\u00f4ng nghi\u1ec7p m\u1ed9t chi\u1ec1u, h\u1ed7 tr\u1ee3 giao di\u1ec7n LC \u0111\u01a1n mode, \u0111\u01a1n s\u1ee3i (single-mode single-fiber). Thi\u1ebft b\u1ecb c\u00f3 th\u1ec3 b\u1ed5 sung ch\u1ee9c n\u0103ng bypass cho b\u1ea5t k\u1ef3 n\u00fat m\u1ea1ng n\u00e0o. Khi n\u00fat m\u1ea1ng b\u1ecb m\u1ea5t ngu\u1ed3n ho\u1eb7c g\u1eb7p s\u1ef1 c\u1ed1, d\u1eef li\u1ec7u s\u1ebd t\u1ef1 \u0111\u1ed9ng truy\u1ec1n qua b\u1ed9 bypass n\u00e0y, gi\u00fap c\u00e1c n\u00fat kh\u00e1c trong m\u1ea1ng kh\u00f4ng b\u1ecb \u1ea3nh h\u01b0\u1edfng, t\u1eeb \u0111\u00f3 ng\u0103n ch\u1eb7n hi\u1ec7u qu\u1ea3 t\u00ecnh tr\u1ea1ng gi\u00e1n \u0111o\u1ea1n truy\u1ec1n th\u00f4ng to\u00e0n b\u1ed9 khu v\u1ef1c do l\u1ed7i t\u1ea1i m\u1ed9t n\u00fat m\u1ea1ng.<\/p>\n<p style=\"font-weight: 400;\">Ph\u1ea7n c\u1ee9ng s\u1eed d\u1ee5ng thi\u1ebft k\u1ebf kh\u00f4ng qu\u1ea1t, ti\u00eau th\u1ee5 \u0111i\u1ec7n n\u0103ng th\u1ea5p, d\u1ea3i nhi\u1ec7t \u0111\u1ed9 v\u00e0 \u0111i\u1ec7n \u00e1p ho\u1ea1t \u0111\u1ed9ng r\u1ed9ng, \u0111\u1ed3ng th\u1eddi \u0111\u00e3 v\u01b0\u1ee3t qua c\u00e1c th\u1eed nghi\u1ec7m ti\u00eau chu\u1ea9n c\u00f4ng nghi\u1ec7p nghi\u00eam ng\u1eb7t, ph\u00f9 h\u1ee3p v\u1edbi m\u00f4i tr\u01b0\u1eddng c\u00f4ng nghi\u1ec7p c\u00f3 y\u00eau c\u1ea7u kh\u1eaft khe v\u1ec1 EMC. S\u1ea3n ph\u1ea9m c\u00f3 th\u1ec3 \u0111\u01b0\u1ee3c \u1ee9ng d\u1ee5ng r\u1ed9ng r\u00e3i trong c\u00e1c l\u0129nh v\u1ef1c nh\u01b0 giao th\u00f4ng \u0111\u01b0\u1eddng s\u1eaft, th\u00e0nh ph\u1ed1 th\u00f4ng minh, th\u00e0nh ph\u1ed1 an ninh, n\u0103ng l\u01b0\u1ee3ng m\u1edbi, s\u1ea3n xu\u1ea5t th\u00f4ng minh v\u00e0 c\u00e1c ng\u00e0nh c\u00f4ng nghi\u1ec7p kh\u00e1c.<\/p>","protected":false},"excerpt":{"rendered":"<h1>B\u1ed9 b\u1ea3o v\u1ec7 bypass s\u1ee3i quang c\u00f4ng nghi\u1ec7p m\u1ed9t chi\u1ec1u, l\u1eafp DIN-Rail ho\u1eb7c g\u1eafn t\u01b0\u1eddng<\/h1>\n<p class=\"15\">H\u1ed7 tr\u1ee3 1 c\u1ed5ng bypass s\u1ee3i quang LC \u0111\u01a1n s\u1ee3i, \u0111\u01a1n mode<\/p>\n<p class=\"15\">Ngu\u1ed3n v\u00e0o: 12~48VDC, d\u1ef1 ph\u00f2ng ngu\u1ed3n k\u00e9p, h\u1ed7 tr\u1ee3 ch\u1ed1ng k\u1ebft n\u1ed1i ng\u01b0\u1ee3c.<\/p>\n<p class=\"15\">H\u1ed7 tr\u1ee3 d\u1ea3i nhi\u1ec7t \u0111\u1ed9 ho\u1ea1t \u0111\u1ed9ng r\u1ed9ng t\u1eeb -40\u00b0C \u0111\u1ebfn 75\u00b0C<\/p>\n<p class=\"15\">H\u1ed7 tr\u1ee3 c\u1ea5p b\u1ea3o v\u1ec7 IP40.<\/p>","protected":false},"featured_media":2100,"template":"","meta":[],"product_brand":[],"product_cat":[39],"product_tag":[],"class_list":{"0":"post-2097","1":"product","2":"type-product","3":"status-publish","4":"has-post-thumbnail","6":"product_cat-industrial-media-converter","8":"first","9":"instock","10":"shipping-taxable","11":"product-type-simple"},"acf":[],"_links":{"self":[{"href":"https:\/\/3onedatavn.com\/vi\/wp-json\/wp\/v2\/product\/2097","targetHints":{"allow":["GET"]}}],"collection":[{"href":"https:\/\/3onedatavn.com\/vi\/wp-json\/wp\/v2\/product"}],"about":[{"href":"https:\/\/3onedatavn.com\/vi\/wp-json\/wp\/v2\/types\/product"}],"wp:featuredmedia":[{"embeddable":true,"href":"https:\/\/3onedatavn.com\/vi\/wp-json\/wp\/v2\/media\/2100"}],"wp:attachment":[{"href":"https:\/\/3onedatavn.com\/vi\/wp-json\/wp\/v2\/media?parent=2097"}],"wp:term":[{"taxonomy":"product_brand","embeddable":true,"href":"https:\/\/3onedatavn.com\/vi\/wp-json\/wp\/v2\/product_brand?post=2097"},{"taxonomy":"product_cat","embeddable":true,"href":"https:\/\/3onedatavn.com\/vi\/wp-json\/wp\/v2\/product_cat?post=2097"},{"taxonomy":"product_tag","embeddable":true,"href":"https:\/\/3onedatavn.com\/vi\/wp-json\/wp\/v2\/product_tag?post=2097"}],"curies":[{"name":"wp","href":"https:\/\/api.w.org\/{rel}","templated":true}]}}