{"id":2122,"date":"2026-01-07T10:05:21","date_gmt":"2026-01-07T03:05:21","guid":{"rendered":"https:\/\/3onedatavn.com\/?post_type=product&#038;p=2122"},"modified":"2026-01-07T10:05:21","modified_gmt":"2026-01-07T03:05:21","slug":"model1100-c1","status":"publish","type":"product","link":"https:\/\/3onedatavn.com\/vi\/san-pham\/model1100-c1\/","title":{"rendered":"Model1100-C1"},"content":{"rendered":"<p><strong>Gi\u1edbi thi\u1ec7u<\/strong><\/p>\n<p>Model1100-C1 l\u00e0 bo m\u1ea1ch Media Converter 100M d\u1ea1ng rack, s\u1ea3n ph\u1ea9m h\u1ed7 tr\u1ee3 1 c\u1ed5ng \u0111\u1ed3ng 100M v\u00e0 1 c\u1ed5ng quang 100M, s\u1eed d\u1ee5ng ki\u1ec3u l\u1eafp tr\u01b0\u1ee3t v\u00e0 c\u00f3 th\u1ec3 d\u00f9ng c\u00f9ng v\u1edbi khung rack Media Converter RACK2000B.<\/p>\n<p>S\u1ea3n ph\u1ea9m h\u1ed7 tr\u1ee3 c\u00e1c ti\u00eau chu\u1ea9n IEEE802.3\/802.3u\/802.3x\/802.3ab, c\u1ed5ng \u0111\u1ed3ng h\u1ed7 tr\u1ee3 10\/100M, ch\u1ebf \u0111\u1ed9 song c\u00f4ng to\u00e0n ph\u1ea7n\/b\u00e1n song c\u00f4ng v\u00e0 t\u1ef1 \u0111\u1ed9ng th\u00edch \u1ee9ng MDI\/MDI-X, c\u00f3 th\u1ec3 th\u1ef1c hi\u1ec7n truy\u1ec1n th\u00f4ng d\u1eef li\u1ec7u gi\u1eefa c\u00e1p xo\u1eafn \u0111\u00f4i 10\/100Base-TX v\u00e0 c\u00e1p quang 100Base-FX, gi\u00fap m\u1edf r\u1ed9ng kho\u1ea3ng c\u00e1ch truy\u1ec1n d\u1eabn \u0111\u1ed3ng th\u1eddi \u0111\u1ea3m b\u1ea3o kh\u1ea3 n\u0103ng c\u00e1ch ly b\u1ea3o v\u1ec7 t\u1ed1t v\u00e0 an to\u00e0n d\u1eef li\u1ec7u cao.<\/p>\n<p>Ph\u1ea7n c\u1ee9ng \u0111\u01b0\u1ee3c thi\u1ebft k\u1ebf ti\u00eau th\u1ee5 \u0111i\u1ec7n n\u0103ng th\u1ea5p, d\u1ea3i nhi\u1ec7t \u0111\u1ed9 v\u00e0 \u0111i\u1ec7n \u00e1p ho\u1ea1t \u0111\u1ed9ng r\u1ed9ng, \u0111\u1ed3ng th\u1eddi \u0111\u00e3 v\u01b0\u1ee3t qua c\u00e1c th\u1eed nghi\u1ec7m ti\u00eau chu\u1ea9n c\u00f4ng nghi\u1ec7p nghi\u00eam ng\u1eb7t, ph\u00f9 h\u1ee3p v\u1edbi m\u00f4i tr\u01b0\u1eddng c\u00f4ng nghi\u1ec7p c\u00f3 y\u00eau c\u1ea7u cao v\u1ec1 EMC (t\u01b0\u01a1ng th\u00edch \u0111i\u1ec7n t\u1eeb), v\u00e0 c\u00f3 th\u1ec3 \u0111\u01b0\u1ee3c \u1ee9ng d\u1ee5ng r\u1ed9ng r\u00e3i trong l\u01b0\u1edbi \u0111i\u1ec7n th\u00f4ng minh, giao th\u00f4ng \u0111\u01b0\u1eddng s\u1eaft, th\u00e0nh ph\u1ed1 th\u00f4ng minh, th\u00e0nh ph\u1ed1 an to\u00e0n, n\u0103ng l\u01b0\u1ee3ng m\u1edbi, s\u1ea3n xu\u1ea5t th\u00f4ng minh v\u00e0 c\u00e1c l\u0129nh v\u1ef1c c\u00f4ng nghi\u1ec7p kh\u00e1c.<\/p>\n<h2><\/h2>","protected":false},"excerpt":{"rendered":"<h1>Bo m\u1ea1ch Media Converter 100M d\u1ea1ng rack, l\u1eafp tr\u01b0\u1ee3t<\/h1>\n<p class=\"15\">H\u1ed7 tr\u1ee3 1 c\u1ed5ng \u0111\u1ed3ng 100M v\u00e0 1 c\u1ed5ng quang 100M.<\/p>\n<p class=\"15\">\u0110i\u1ec7n \u00e1p \u0111\u1ea7u v\u00e0o: 5VDC<\/p>\n<p class=\"15\">H\u1ed7 tr\u1ee3 ho\u1ea1t \u0111\u1ed9ng trong d\u1ea3i nhi\u1ec7t \u0111\u1ed9 r\u1ed9ng t\u1eeb -10 \u0111\u1ebfn 60 \u00b0C<\/p>\n<p>&nbsp;<\/p>","protected":false},"featured_media":2124,"template":"","meta":[],"product_brand":[],"product_cat":[41],"product_tag":[],"class_list":{"0":"post-2122","1":"product","2":"type-product","3":"status-publish","4":"has-post-thumbnail","6":"product_cat-media-converter-chassis","8":"first","9":"instock","10":"shipping-taxable","11":"product-type-simple"},"acf":[],"_links":{"self":[{"href":"https:\/\/3onedatavn.com\/vi\/wp-json\/wp\/v2\/product\/2122","targetHints":{"allow":["GET"]}}],"collection":[{"href":"https:\/\/3onedatavn.com\/vi\/wp-json\/wp\/v2\/product"}],"about":[{"href":"https:\/\/3onedatavn.com\/vi\/wp-json\/wp\/v2\/types\/product"}],"wp:featuredmedia":[{"embeddable":true,"href":"https:\/\/3onedatavn.com\/vi\/wp-json\/wp\/v2\/media\/2124"}],"wp:attachment":[{"href":"https:\/\/3onedatavn.com\/vi\/wp-json\/wp\/v2\/media?parent=2122"}],"wp:term":[{"taxonomy":"product_brand","embeddable":true,"href":"https:\/\/3onedatavn.com\/vi\/wp-json\/wp\/v2\/product_brand?post=2122"},{"taxonomy":"product_cat","embeddable":true,"href":"https:\/\/3onedatavn.com\/vi\/wp-json\/wp\/v2\/product_cat?post=2122"},{"taxonomy":"product_tag","embeddable":true,"href":"https:\/\/3onedatavn.com\/vi\/wp-json\/wp\/v2\/product_tag?post=2122"}],"curies":[{"name":"wp","href":"https:\/\/api.w.org\/{rel}","templated":true}]}}