{"id":2130,"date":"2026-01-07T10:29:20","date_gmt":"2026-01-07T03:29:20","guid":{"rendered":"https:\/\/3onedatavn.com\/?post_type=product&#038;p=2130"},"modified":"2026-02-11T11:27:51","modified_gmt":"2026-02-11T04:27:51","slug":"ecu100m-series","status":"publish","type":"product","link":"https:\/\/3onedatavn.com\/vi\/san-pham\/ecu100m-series\/","title":{"rendered":"ECU100M Series"},"content":{"rendered":"<p><strong>Gi\u1edbi thi\u1ec7u<\/strong><\/p>\n<p style=\"font-weight: 400;\">D\u00f2ng ECU100 l\u00e0 c\u00e1c card con (daughter card) media converter quang c\u00f4ng nghi\u1ec7p 100M\/Gigabit kh\u00f4ng qu\u1ea3n l\u00fd (unmanaged). D\u00f2ng s\u1ea3n ph\u1ea9m n\u00e0y bao g\u1ed3m n\u0103m model, cung c\u1ea5p c\u00e1c t\u00f9y ch\u1ecdn nh\u01b0 c\u1ed5ng \u0111\u1ed3ng 100M, c\u1ed5ng quang 100M, c\u1ed5ng \u0111\u1ed3ng Gigabit, c\u1ed5ng quang Gigabit v\u00e0 khe c\u1eafm SFP Gigabit. Thi\u1ebft b\u1ecb s\u1eed d\u1ee5ng ki\u1ec3u l\u1eafp \u0111\u1eb7t d\u1ea1ng tr\u01b0\u1ee3t (slide-in). Card con c\u00f3 th\u1ec3 s\u1eed d\u1ee5ng c\u00f9ng v\u1edbi card qu\u1ea3n l\u00fd media converter, khung rack media converter ho\u1eb7c media converter \u0111\u1ed9c l\u1eadp.<\/p>\n<p style=\"font-weight: 400;\">C\u00f4ng t\u1eafc DIP c\u00f3 th\u1ec3 c\u1ea5u h\u00ecnh ch\u1ee9c n\u0103ng \u0111i\u1ec1u khi\u1ec3n lu\u1ed3ng (Flow Control), c\u00e1c s\u1ea3n ph\u1ea9m 1 c\u1ed5ng \u0111\u1ed3ng + 1 c\u1ed5ng quang h\u1ed7 tr\u1ee3 ch\u1ee9c n\u0103ng LFP (Link Fault Pass-through), khi b\u1eadt ch\u1ee9c n\u0103ng LFP v\u00e0 c\u1ed5ng x\u1ea3y ra s\u1ef1 c\u1ed1 li\u00ean k\u1ebft th\u00ec \u0111\u00e8n b\u00e1o LFP s\u1ebd s\u00e1ng \u0111\u1ec3 ph\u00e1t c\u1ea3nh b\u00e1o, gi\u00fap x\u1eed l\u00fd s\u1ef1 c\u1ed1 nhanh ch\u00f3ng t\u1ea1i hi\u1ec7n tr\u01b0\u1eddng; thi\u1ebft b\u1ecb \u0111\u01b0\u1ee3c thi\u1ebft k\u1ebf ti\u00eau th\u1ee5 \u0111i\u1ec7n n\u0103ng th\u1ea5p, d\u1ea3i nhi\u1ec7t \u0111\u1ed9 v\u00e0 \u0111i\u1ec7n \u00e1p ho\u1ea1t \u0111\u1ed9ng r\u1ed9ng, \u0111\u1ed3ng th\u1eddi \u0111\u00e3 v\u01b0\u1ee3t qua c\u00e1c th\u1eed nghi\u1ec7m ti\u00eau chu\u1ea9n c\u00f4ng nghi\u1ec7p nghi\u00eam ng\u1eb7t, ph\u00f9 h\u1ee3p v\u1edbi m\u00f4i tr\u01b0\u1eddng c\u00f4ng nghi\u1ec7p c\u00f3 y\u00eau c\u1ea7u cao v\u1ec1 EMC (t\u01b0\u01a1ng th\u00edch \u0111i\u1ec7n t\u1eeb), v\u00e0 c\u00f3 th\u1ec3 \u0111\u01b0\u1ee3c \u1ee9ng d\u1ee5ng r\u1ed9ng r\u00e3i trong l\u01b0\u1edbi \u0111i\u1ec7n th\u00f4ng minh, giao th\u00f4ng \u0111\u01b0\u1eddng s\u1eaft, th\u00e0nh ph\u1ed1 th\u00f4ng minh, th\u00e0nh ph\u1ed1 an to\u00e0n, n\u0103ng l\u01b0\u1ee3ng m\u1edbi, s\u1ea3n xu\u1ea5t th\u00f4ng minh v\u00e0 c\u00e1c l\u0129nh v\u1ef1c c\u00f4ng nghi\u1ec7p kh\u00e1c.<\/p>","protected":false},"excerpt":{"rendered":"<h1>Slide-in Mounting 100M\/Gigabit Industrial Media Converter Unmanaged Daughter Card<\/h1>\n<p class=\"15\">H\u1ed7 tr\u1ee3 t\u1ed1i \u0111a 1 c\u1ed5ng \u0111\u1ed3ng 100M, 1 c\u1ed5ng quang 100M, 2 c\u1ed5ng \u0111\u1ed3ng Gigabit ho\u1eb7c 2 c\u1ed5ng quang Gigabit<\/p>\n<p class=\"15\">\u0110i\u1ec7n \u00e1p \u0111\u1ea7u v\u00e0o: 5VDC<\/p>\n<p class=\"15\">H\u1ed7 tr\u1ee3 d\u1ea3i nhi\u1ec7t \u0111\u1ed9 ho\u1ea1t \u0111\u1ed9ng r\u1ed9ng t\u1eeb -40\u00b0C \u0111\u1ebfn 75\u00b0C<\/p>","protected":false},"featured_media":2132,"template":"","meta":[],"product_brand":[],"product_cat":[41],"product_tag":[],"class_list":{"0":"post-2130","1":"product","2":"type-product","3":"status-publish","4":"has-post-thumbnail","6":"product_cat-media-converter-chassis","8":"first","9":"instock","10":"shipping-taxable","11":"product-type-simple"},"acf":[],"_links":{"self":[{"href":"https:\/\/3onedatavn.com\/vi\/wp-json\/wp\/v2\/product\/2130","targetHints":{"allow":["GET"]}}],"collection":[{"href":"https:\/\/3onedatavn.com\/vi\/wp-json\/wp\/v2\/product"}],"about":[{"href":"https:\/\/3onedatavn.com\/vi\/wp-json\/wp\/v2\/types\/product"}],"wp:featuredmedia":[{"embeddable":true,"href":"https:\/\/3onedatavn.com\/vi\/wp-json\/wp\/v2\/media\/2132"}],"wp:attachment":[{"href":"https:\/\/3onedatavn.com\/vi\/wp-json\/wp\/v2\/media?parent=2130"}],"wp:term":[{"taxonomy":"product_brand","embeddable":true,"href":"https:\/\/3onedatavn.com\/vi\/wp-json\/wp\/v2\/product_brand?post=2130"},{"taxonomy":"product_cat","embeddable":true,"href":"https:\/\/3onedatavn.com\/vi\/wp-json\/wp\/v2\/product_cat?post=2130"},{"taxonomy":"product_tag","embeddable":true,"href":"https:\/\/3onedatavn.com\/vi\/wp-json\/wp\/v2\/product_tag?post=2130"}],"curies":[{"name":"wp","href":"https:\/\/api.w.org\/{rel}","templated":true}]}}