{"id":2134,"date":"2026-01-07T10:39:38","date_gmt":"2026-01-07T03:39:38","guid":{"rendered":"https:\/\/3onedatavn.com\/?post_type=product&#038;p=2134"},"modified":"2026-02-11T11:12:40","modified_gmt":"2026-02-11T04:12:40","slug":"nmu","status":"publish","type":"product","link":"https:\/\/3onedatavn.com\/vi\/san-pham\/nmu\/","title":{"rendered":"NMU"},"content":{"rendered":"<h2>T\u1ed5ng quan v\u1ec1 Card Media Converter C\u00f4ng Nghi\u1ec7p Gigabit NMU c\u1ee7a 3onedata.<\/h2>\n<p>NMU l\u00e0 card qu\u1ea3n l\u00fd media converter c\u00f4ng nghi\u1ec7p 100M\/Gigabit, c\u00f3 th\u1ec3 s\u1eed d\u1ee5ng c\u00f9ng v\u1edbi khung media converter, media converter \u0111\u1ed9c l\u1eadp v\u00e0 c\u00e1c card con (managed daughter card) c\u1ee7a media converter. Thi\u1ebft b\u1ecb cung c\u1ea5p nhi\u1ec1u giao di\u1ec7n nh\u01b0 c\u1ed5ng \u0111\u1ed3ng (copper port) v\u00e0 c\u1ed5ng Console, \u0111\u1ed3ng th\u1eddi s\u1eed d\u1ee5ng ki\u1ec3u l\u1eafp \u0111\u1eb7t d\u1ea1ng tr\u01b0\u1ee3t (slide-in), \u0111\u00e1p \u1ee9ng y\u00eau c\u1ea7u c\u1ee7a nhi\u1ec1u m\u00f4i tr\u01b0\u1eddng \u1ee9ng d\u1ee5ng kh\u00e1c nhau.<br \/>\nCung c\u1ea5p ch\u1ee9c n\u0103ng qu\u1ea3n l\u00fd t\u1eadp trung c\u00e1c card con (daughter card), h\u1ed7 tr\u1ee3 c\u1ea5u h\u00ecnh cho card nh\u01b0: ch\u1ebf \u0111\u1ed9 chuy\u1ec3n ti\u1ebfp (forwarding mode), c\u1ea3nh b\u00e1o li\u00ean k\u1ebft t\u1eeb xa (remote link alarm), One-key VLAN, ch\u1ebf \u0111\u1ed9 jumbo frame, c\u1ea3nh b\u00e1o v\u00e0 qu\u1ea3n l\u00fd b\u0103ng th\u00f4ng. V\u1edbi \u0111\u1ea7y \u0111\u1ee7 ch\u1ee9c n\u0103ng qu\u1ea3n l\u00fd, thi\u1ebft b\u1ecb h\u1ed7 tr\u1ee3 c\u1ea5u h\u00ecnh c\u1ed5ng, c\u1ea5u h\u00ecnh rack, ki\u1ec3m so\u00e1t truy c\u1eadp, qu\u1ea3n l\u00fd nh\u1eadt k\u00fd (log), c\u1ea5u h\u00ecnh nhanh, n\u00e2ng c\u1ea5p tr\u1ef1c tuy\u1ebfn,\u2026 \u0110\u1ed3ng th\u1eddi h\u1ed7 tr\u1ee3 nhi\u1ec1u ph\u01b0\u01a1ng th\u1ee9c truy c\u1eadp nh\u01b0 CLI, WEB, Telnet v\u00e0 SNMP. H\u1ec7 th\u1ed1ng qu\u1ea3n l\u00fd m\u1ea1ng \u0111\u01b0\u1ee3c thi\u1ebft k\u1ebf th\u00e2n thi\u1ec7n, thao t\u00e1c \u0111\u01a1n gi\u1ea3n v\u00e0 thu\u1eadn ti\u1ec7n, mang l\u1ea1i tr\u1ea3i nghi\u1ec7m s\u1eed d\u1ee5ng t\u1ed1t cho ng\u01b0\u1eddi d\u00f9ng.<br \/>\nC\u00f4ng t\u1eafc DIP c\u00f3 th\u1ec3 th\u1ef1c hi\u1ec7n c\u00e1c ch\u1ee9c n\u0103ng nh\u01b0 kh\u00f4i ph\u1ee5c c\u00e0i \u0111\u1eb7t g\u1ed1c v\u00e0 n\u00e2ng c\u1ea5p ph\u1ea7n m\u1ec1m; ph\u1ea7n c\u1ee9ng \u0111\u01b0\u1ee3c thi\u1ebft k\u1ebf kh\u00f4ng qu\u1ea1t, ti\u00eau th\u1ee5 \u0111i\u1ec7n n\u0103ng th\u1ea5p, d\u1ea3i nhi\u1ec7t \u0111\u1ed9 v\u00e0 \u0111i\u1ec7n \u00e1p ho\u1ea1t \u0111\u1ed9ng r\u1ed9ng, \u0111\u00e3 v\u01b0\u1ee3t qua c\u00e1c th\u1eed nghi\u1ec7m ti\u00eau chu\u1ea9n c\u00f4ng nghi\u1ec7p nghi\u00eam ng\u1eb7t, ph\u00f9 h\u1ee3p v\u1edbi m\u00f4i tr\u01b0\u1eddng c\u00f4ng nghi\u1ec7p c\u00f3 y\u00eau c\u1ea7u cao v\u1ec1 EMC (t\u01b0\u01a1ng th\u00edch \u0111i\u1ec7n t\u1eeb), v\u00e0 c\u00f3 th\u1ec3 \u0111\u01b0\u1ee3c \u1ee9ng d\u1ee5ng r\u1ed9ng r\u00e3i trong l\u01b0\u1edbi \u0111i\u1ec7n th\u00f4ng minh, giao th\u00f4ng \u0111\u01b0\u1eddng s\u1eaft, th\u00e0nh ph\u1ed1 th\u00f4ng minh, th\u00e0nh ph\u1ed1 an to\u00e0n, n\u0103ng l\u01b0\u1ee3ng m\u1edbi, s\u1ea3n xu\u1ea5t th\u00f4ng minh v\u00e0 c\u00e1c l\u0129nh v\u1ef1c c\u00f4ng nghi\u1ec7p kh\u00e1c.<\/p>","protected":false},"excerpt":{"rendered":"<h1>Card Media Converter C\u00f4ng Nghi\u1ec7p Gigabit.<\/h1>\n<p>Hai c\u1ed5ng \u0111\u1ed3ng 100M<br \/>\nH\u1ed7 tr\u1ee3 gi\u00e1m s\u00e1t v\u00e0 qu\u1ea3n l\u00fd theo th\u1eddi gian th\u1ef1c c\u00e1c card con tr\u00ean rack th\u00f4ng qua giao di\u1ec7n panel, \u0111\u1ed3ng th\u1eddi h\u1ed7 tr\u1ee3 gi\u00e1m s\u00e1t l\u01b0u l\u01b0\u1ee3ng th\u1eddi gian th\u1ef1c c\u1ee7a c\u1ed5ng quang.<br \/>\n\u0110i\u1ec7n \u00e1p \u0111\u1ea7u v\u00e0o: 5VDC<br \/>\nH\u1ed7 tr\u1ee3 d\u1ea3i nhi\u1ec7t \u0111\u1ed9 ho\u1ea1t \u0111\u1ed9ng r\u1ed9ng t\u1eeb -40\u00b0C \u0111\u1ebfn 75\u00b0C<\/p>","protected":false},"featured_media":2136,"template":"","meta":[],"product_brand":[],"product_cat":[41],"product_tag":[],"class_list":{"0":"post-2134","1":"product","2":"type-product","3":"status-publish","4":"has-post-thumbnail","6":"product_cat-media-converter-chassis","8":"first","9":"instock","10":"shipping-taxable","11":"product-type-simple"},"acf":[],"_links":{"self":[{"href":"https:\/\/3onedatavn.com\/vi\/wp-json\/wp\/v2\/product\/2134","targetHints":{"allow":["GET"]}}],"collection":[{"href":"https:\/\/3onedatavn.com\/vi\/wp-json\/wp\/v2\/product"}],"about":[{"href":"https:\/\/3onedatavn.com\/vi\/wp-json\/wp\/v2\/types\/product"}],"wp:featuredmedia":[{"embeddable":true,"href":"https:\/\/3onedatavn.com\/vi\/wp-json\/wp\/v2\/media\/2136"}],"wp:attachment":[{"href":"https:\/\/3onedatavn.com\/vi\/wp-json\/wp\/v2\/media?parent=2134"}],"wp:term":[{"taxonomy":"product_brand","embeddable":true,"href":"https:\/\/3onedatavn.com\/vi\/wp-json\/wp\/v2\/product_brand?post=2134"},{"taxonomy":"product_cat","embeddable":true,"href":"https:\/\/3onedatavn.com\/vi\/wp-json\/wp\/v2\/product_cat?post=2134"},{"taxonomy":"product_tag","embeddable":true,"href":"https:\/\/3onedatavn.com\/vi\/wp-json\/wp\/v2\/product_tag?post=2134"}],"curies":[{"name":"wp","href":"https:\/\/api.w.org\/{rel}","templated":true}]}}