{"id":2138,"date":"2026-01-07T10:47:31","date_gmt":"2026-01-07T03:47:31","guid":{"rendered":"https:\/\/3onedatavn.com\/?post_type=product&#038;p=2138"},"modified":"2026-01-07T10:49:49","modified_gmt":"2026-01-07T03:49:49","slug":"rack2000d","status":"publish","type":"product","link":"https:\/\/3onedatavn.com\/vi\/san-pham\/rack2000d\/","title":{"rendered":"RACK2000D"},"content":{"rendered":"<p><strong>Gi\u1edbi thi\u1ec7u<\/strong><\/p>\n<p style=\"font-weight: 400\">RACK2000Dis l\u00e0 khung rack media converter 16 khe c\u1eafm. Thi\u1ebft b\u1ecb c\u00f3 th\u1ec3 l\u1eafp t\u1ed1i \u0111a 16 module media converter v\u00e0 c\u1ea5p ngu\u1ed3n t\u1eadp trung cho ch\u00fang, gi\u00fap gi\u1ea3m thi\u1ec3u d\u00e2y c\u00e1p, thu\u1eadn ti\u1ec7n cho vi\u1ec7c qu\u1ea3n l\u00fd v\u00e0 b\u1ea3o tr\u00ec. S\u1ea3n ph\u1ea9m t\u01b0\u01a1ng th\u00edch v\u1edbi nhi\u1ec1u lo\u1ea1i media converter kh\u00e1c nhau, h\u1ed7 tr\u1ee3 c\u1ed5ng \u0111\u1ed3ng 100M, c\u1ed5ng quang 100M, c\u1ed5ng \u0111\u1ed3ng Gigabit v\u00e0 c\u1ed5ng quang Gigabit. Thi\u1ebft b\u1ecb s\u1eed d\u1ee5ng chu\u1ea9n l\u1eafp \u0111\u1eb7t rack 2U, \u0111\u00e1p \u1ee9ng y\u00eau c\u1ea7u c\u1ee7a nhi\u1ec1u m\u00f4i tr\u01b0\u1eddng \u1ee9ng d\u1ee5ng kh\u00e1c nhau.<\/p>\n<p style=\"font-weight: 400\">Khung media converter RACK2000D s\u1eed d\u1ee5ng thi\u1ebft k\u1ebf kh\u00f4ng qu\u1ea1t (fanless) v\u00e0 ngu\u1ed3n k\u00e9p, gi\u00fap gi\u1ea3m t\u1ea3i cho b\u1ed9 ngu\u1ed3n v\u00e0 k\u00e9o d\u00e0i tu\u1ed5i th\u1ecd thi\u1ebft b\u1ecb. Khi m\u1ed9t ngu\u1ed3n g\u1eb7p s\u1ef1 c\u1ed1, ngu\u1ed3n c\u00f2n l\u1ea1i v\u1eabn c\u00f3 th\u1ec3 ho\u1ea1t \u0111\u1ed9ng \u0111\u1ed9c l\u1eadp, \u0111\u1ea3m b\u1ea3o b\u1ed9 chuy\u1ec3n \u0111\u1ed5i ho\u1ea1t \u0111\u1ed9ng li\u00ean t\u1ee5c kh\u00f4ng b\u1ecb gi\u00e1n \u0111o\u1ea1n. Khi c\u1ea7n s\u1eeda ch\u1eefa ho\u1eb7c thay th\u1ebf ngu\u1ed3n, b\u1ea1n kh\u00f4ng c\u1ea7n th\u00e1o c\u00e1c media converter hay th\u00e1o khung rack ra kh\u1ecfi t\u1ee7 thi\u1ebft b\u1ecb. Ch\u1ec9 c\u1ea7n r\u00fat b\u1ed9 ngu\u1ed3n b\u1ecb l\u1ed7i t\u1eeb ph\u00eda sau rack \u0111\u1ec3 s\u1eeda ch\u1eefa ho\u1eb7c thay th\u1ebf, gi\u00fap vi\u1ec7c b\u1ea3o tr\u00ec tr\u1edf n\u00ean nhanh ch\u00f3ng v\u00e0 thu\u1eadn ti\u1ec7n. B\u1ed9 ngu\u1ed3n \u0111\u01b0\u1ee3c che ch\u1eafn ho\u00e0n to\u00e0n nh\u1eb1m ng\u0103n nhi\u1ec5u \u0111i\u1ec7n t\u1eeb \u1ea3nh h\u01b0\u1edfng \u0111\u1ebfn ho\u1ea1t \u0111\u1ed9ng b\u00ecnh th\u01b0\u1eddng c\u1ee7a c\u00e1c module. Ngu\u1ed3n chuy\u1ec3n m\u1ea1ch (switching power supply) \u0111\u01b0\u1ee3c trang b\u1ecb ch\u1ee9c n\u0103ng b\u1ea3o v\u1ec7 qu\u00e1 \u00e1p v\u00e0 qu\u00e1 d\u00f2ng. \u0110\u1ed9 g\u1ee3n s\u00f3ng v\u00e0 nhi\u1ec5u \u0111\u1ea7u ra c\u1ee7a ngu\u1ed3n nh\u1ecf h\u01a1n 50mV.<\/p>","protected":false},"excerpt":{"rendered":"<h1>Khung rack media converter 16 khe c\u1eafm, chu\u1ea9n 2U, l\u1eafp \u0111\u1eb7t t\u1ee7 rack.<\/h1>\n<p class=\"15\">H\u1ed7 tr\u1ee3 16 khe c\u1eafm (slots), cho ph\u00e9p qu\u1ea3n l\u00fd t\u1eadp trung nhi\u1ec1u lo\u1ea1i card media converter (d\u1ea1ng daughter card) kh\u00e1c nhau.<\/p>\n<p class=\"15\">S\u1eed d\u1ee5ng thi\u1ebft k\u1ebf kh\u00f4ng qu\u1ea1t (fanless) v\u1edbi kh\u1ea3 n\u0103ng t\u1ea3n nhi\u1ec7t v\u01b0\u1ee3t tr\u1ed9i.<\/p>\n<p class=\"15\">H\u1ed7 tr\u1ee3 c\u1eafm n\u00f3ng (hot-plug) b\u1ed9 chuy\u1ec3n \u0111\u1ed5i quang (media converter).<\/p>\n<p class=\"15\">H\u1ed7 tr\u1ee3 ngu\u1ed3n \u0111i\u1ec7n k\u00e9p, \u0111i\u1ec7n \u00e1p \u0111\u1ea7u v\u00e0o: 100~260VAC<\/p>\n<p class=\"15\">H\u1ed7 tr\u1ee3 d\u1ea3i nhi\u1ec7t \u0111\u1ed9 ho\u1ea1t \u0111\u1ed9ng r\u1ed9ng t\u1eeb -20\u00b0C \u0111\u1ebfn 60\u00b0C<\/p>\n<p>&nbsp;<\/p>","protected":false},"featured_media":2141,"template":"","meta":[],"product_brand":[],"product_cat":[41],"product_tag":[],"class_list":{"0":"post-2138","1":"product","2":"type-product","3":"status-publish","4":"has-post-thumbnail","6":"product_cat-media-converter-chassis","8":"first","9":"instock","10":"shipping-taxable","11":"product-type-simple"},"acf":[],"_links":{"self":[{"href":"https:\/\/3onedatavn.com\/vi\/wp-json\/wp\/v2\/product\/2138","targetHints":{"allow":["GET"]}}],"collection":[{"href":"https:\/\/3onedatavn.com\/vi\/wp-json\/wp\/v2\/product"}],"about":[{"href":"https:\/\/3onedatavn.com\/vi\/wp-json\/wp\/v2\/types\/product"}],"wp:featuredmedia":[{"embeddable":true,"href":"https:\/\/3onedatavn.com\/vi\/wp-json\/wp\/v2\/media\/2141"}],"wp:attachment":[{"href":"https:\/\/3onedatavn.com\/vi\/wp-json\/wp\/v2\/media?parent=2138"}],"wp:term":[{"taxonomy":"product_brand","embeddable":true,"href":"https:\/\/3onedatavn.com\/vi\/wp-json\/wp\/v2\/product_brand?post=2138"},{"taxonomy":"product_cat","embeddable":true,"href":"https:\/\/3onedatavn.com\/vi\/wp-json\/wp\/v2\/product_cat?post=2138"},{"taxonomy":"product_tag","embeddable":true,"href":"https:\/\/3onedatavn.com\/vi\/wp-json\/wp\/v2\/product_tag?post=2138"}],"curies":[{"name":"wp","href":"https:\/\/api.w.org\/{rel}","templated":true}]}}