{"id":2372,"date":"2026-01-07T14:39:41","date_gmt":"2026-01-07T07:39:41","guid":{"rendered":"https:\/\/3onedatavn.com\/?post_type=product&#038;p=2372"},"modified":"2026-02-11T16:55:11","modified_gmt":"2026-02-11T09:55:11","slug":"tns5000d-8t","status":"publish","type":"product","link":"https:\/\/3onedatavn.com\/vi\/san-pham\/tns5000d-8t\/","title":{"rendered":"TNS5000D-8T"},"content":{"rendered":"<p><strong>Gi\u1edbi thi\u1ec7u<\/strong><\/p>\n<p><span style=\"font-weight: 400;\">TNS5000D-8T l\u00e0 b\u1ed9 chuy\u1ec3n m\u1ea1ch Ethernet c\u00f4ng nghi\u1ec7p 8 c\u1ed5ng 100M l\u1edbp 2 kh\u00f4ng qu\u1ea3n l\u00fd, \u0111\u01b0\u1ee3c thi\u1ebft k\u1ebf cho l\u0129nh v\u1ef1c giao th\u00f4ng \u0111\u01b0\u1eddng s\u1eaft. S\u1ea3n ph\u1ea9m tu\u00e2n th\u1ee7 c\u00e1c ti\u00eau chu\u1ea9n ng\u00e0nh EN50155 v\u00e0 EN50121. C\u00e1c giao di\u1ec7n Ethernet, giao di\u1ec7n ngu\u1ed3n v\u00e0 c\u1ed5ng SERVICE s\u1eed d\u1ee5ng \u0111\u1ea7u n\u1ed1i M12 ch\u1eafc ch\u1eafn v\u00e0 tin c\u1eady, ph\u00f9 h\u1ee3p v\u1edbi m\u00f4i tr\u01b0\u1eddng c\u00f3 rung \u0111\u1ed9ng v\u00e0 va \u0111\u1eadp m\u1ea1nh. Thi\u1ebft b\u1ecb cung c\u1ea5p 8 c\u1ed5ng M12 100M v\u00e0 h\u1ed7 tr\u1ee3 l\u1eafp \u0111\u1eb7t treo t\u01b0\u1eddng, \u0111\u00e1p \u1ee9ng y\u00eau c\u1ea7u c\u1ee7a nhi\u1ec1u \u1ee9ng d\u1ee5ng kh\u00e1c nhau.<\/span><br style=\"font-weight: 400;\" \/><span style=\"font-weight: 400;\">Khi c\u1ed5ng x\u1ea3y ra l\u1ed7i li\u00ean k\u1ebft, \u0111\u00e8n b\u00e1o ALARM s\u1ebd s\u00e1ng v\u00e0 ph\u00e1t t\u00edn hi\u1ec7u c\u1ea3nh b\u00e1o; \u0111\u1ed3ng th\u1eddi, thi\u1ebft b\u1ecb c\u1ea3nh b\u00e1o \u0111\u01b0\u1ee3c k\u1ebft n\u1ed1i v\u1edbi r\u01a1-le s\u1ebd g\u1eedi c\u1ea3nh b\u00e1o \u0111\u1ec3 h\u1ed7 tr\u1ee3 khoanh v\u00f9ng v\u00e0 x\u1eed l\u00fd s\u1ef1 c\u1ed1 nhanh ch\u00f3ng t\u1ea1i hi\u1ec7n tr\u01b0\u1eddng. Ph\u1ea7n c\u1ee9ng s\u1eed d\u1ee5ng thi\u1ebft k\u1ebf kh\u00f4ng qu\u1ea1t, ti\u00eau th\u1ee5 \u0111i\u1ec7n n\u0103ng th\u1ea5p, h\u1ed7 tr\u1ee3 d\u1ea3i nhi\u1ec7t \u0111\u1ed9 v\u00e0 \u0111i\u1ec7n \u00e1p r\u1ed9ng, \u0111\u1ed3ng th\u1eddi \u0111\u00e3 v\u01b0\u1ee3t qua c\u00e1c b\u00e0i ki\u1ec3m tra nghi\u00eam ng\u1eb7t theo ti\u00eau chu\u1ea9n c\u00f4ng nghi\u1ec7p, ph\u00f9 h\u1ee3p v\u1edbi m\u00f4i tr\u01b0\u1eddng c\u00f4ng nghi\u1ec7p c\u00f3 y\u00eau c\u1ea7u kh\u1eaft khe v\u1ec1 kh\u1ea3 n\u0103ng ch\u1ed1ng nhi\u1ec5u \u0111i\u1ec7n t\u1eeb (EMC). S\u1ea3n ph\u1ea9m \u0111\u01b0\u1ee3c thi\u1ebft k\u1ebf chuy\u00ean d\u1ee5ng cho ng\u00e0nh \u0111\u01b0\u1eddng s\u1eaft v\u00e0 c\u00f3 th\u1ec3 \u0111\u01b0\u1ee3c \u1ee9ng d\u1ee5ng r\u1ed9ng r\u00e3i trong c\u00e1c h\u1ec7 th\u1ed1ng nh\u01b0 PIS tr\u00ean toa xe, CCTV v\u00e0 \u0111i\u1ec1u khi\u1ec3n t\u00e0u<\/span><\/p>","protected":false},"excerpt":{"rendered":"<h1>B\u1ed9 chuy\u1ec3n m\u1ea1ch Ethernet c\u00f4ng nghi\u1ec7p 8 c\u1ed5ng 100M l\u1edbp 2 kh\u00f4ng qu\u1ea3n l\u00fd, l\u1eafp \u0111\u1eb7t treo t\u01b0\u1eddng, d\u00f9ng cho giao th\u00f4ng \u0111\u01b0\u1eddng s\u1eaft<\/h1>\n<p class=\"16\">H\u1ed7 tr\u1ee3 8 c\u1ed5ng M12 Ethernet 100M<\/p>\n<p class=\"16\">Thi\u1ebft b\u1ecb h\u1ed7 tr\u1ee3 ngu\u1ed3n c\u1ea5p DC 110V (66\u2013154VDC) ho\u1eb7c DC 24V (9\u201336VDC)<\/p>\n<p class=\"16\">H\u1ed7 tr\u1ee3 ho\u1ea1t \u0111\u1ed9ng trong d\u1ea3i nhi\u1ec7t \u0111\u1ed9 r\u1ed9ng t\u1eeb -40 \u0111\u1ebfn 75 \u00b0C<\/p>","protected":false},"featured_media":2375,"template":"","meta":[],"product_brand":[],"product_cat":[49],"product_tag":[],"class_list":{"0":"post-2372","1":"product","2":"type-product","3":"status-publish","4":"has-post-thumbnail","6":"product_cat-en-50155-switch","8":"first","9":"instock","10":"shipping-taxable","11":"product-type-simple"},"acf":[],"_links":{"self":[{"href":"https:\/\/3onedatavn.com\/vi\/wp-json\/wp\/v2\/product\/2372","targetHints":{"allow":["GET"]}}],"collection":[{"href":"https:\/\/3onedatavn.com\/vi\/wp-json\/wp\/v2\/product"}],"about":[{"href":"https:\/\/3onedatavn.com\/vi\/wp-json\/wp\/v2\/types\/product"}],"wp:featuredmedia":[{"embeddable":true,"href":"https:\/\/3onedatavn.com\/vi\/wp-json\/wp\/v2\/media\/2375"}],"wp:attachment":[{"href":"https:\/\/3onedatavn.com\/vi\/wp-json\/wp\/v2\/media?parent=2372"}],"wp:term":[{"taxonomy":"product_brand","embeddable":true,"href":"https:\/\/3onedatavn.com\/vi\/wp-json\/wp\/v2\/product_brand?post=2372"},{"taxonomy":"product_cat","embeddable":true,"href":"https:\/\/3onedatavn.com\/vi\/wp-json\/wp\/v2\/product_cat?post=2372"},{"taxonomy":"product_tag","embeddable":true,"href":"https:\/\/3onedatavn.com\/vi\/wp-json\/wp\/v2\/product_tag?post=2372"}],"curies":[{"name":"wp","href":"https:\/\/api.w.org\/{rel}","templated":true}]}}