{"id":2539,"date":"2026-01-08T09:59:43","date_gmt":"2026-01-08T02:59:43","guid":{"rendered":"https:\/\/3onedatavn.com\/?post_type=product&#038;p=2539"},"modified":"2026-01-08T09:59:43","modified_gmt":"2026-01-08T02:59:43","slug":"ies6300tsn-8gt2gs-2lv","status":"publish","type":"product","link":"https:\/\/3onedatavn.com\/vi\/san-pham\/ies6300tsn-8gt2gs-2lv\/","title":{"rendered":"IES6300TSN-8GT2GS-2LV"},"content":{"rendered":"<h2>T\u1ed5ng quan v\u1ec1 switch Ethernet c\u00f4ng nghi\u1ec7p TSN qu\u1ea3n l\u00fd Layer 2 10 c\u1ed5ng IES6300TSN-8GT2GS-2LV c\u1ee7a 3onedata<\/h2>\n<p>IES6300TSN-8GT2GS-2LV l\u00e0 switch Ethernet c\u00f4ng nghi\u1ec7p qu\u1ea3n l\u00fd Layer 2 Gigabit 10 c\u1ed5ng. S\u1ea3n ph\u1ea9m cung c\u1ea5p c\u00e1c c\u1ed5ng \u0111\u1ed3ng Gigabit v\u00e0 khe c\u1eafm SFP Gigabit, \u0111\u1ed3ng th\u1eddi s\u1eed d\u1ee5ng ph\u01b0\u01a1ng th\u1ee9c l\u1eafp \u0111\u1eb7t DIN-Rail, \u0111\u00e1p \u1ee9ng y\u00eau c\u1ea7u c\u1ee7a nhi\u1ec1u m\u00f4i tr\u01b0\u1eddng \u1ee9ng d\u1ee5ng kh\u00e1c nhau<br \/>\nH\u1ec7 th\u1ed1ng qu\u1ea3n l\u00fd m\u1ea1ng h\u1ed7 tr\u1ee3 nhi\u1ec1u giao th\u1ee9c m\u1ea1ng v\u00e0 ti\u00eau chu\u1ea9n c\u00f4ng nghi\u1ec7p nh\u01b0 PTP, TSN, STP\/RSTP\/MSTP, ERPS, VLAN 802.1Q, QoS, IGMP Snooping, LLDP, DHCP Server, DHCP Snooping, Port Trunking, Port Mirroring. H\u1ec7 th\u1ed1ng c\u0169ng c\u00f3 \u0111\u1ea7y \u0111\u1ee7 c\u00e1c ch\u1ee9c n\u0103ng qu\u1ea3n l\u00fd nh\u01b0 c\u1ea5u h\u00ecnh c\u1ed5ng, c\u00e1ch ly c\u1ed5ng, th\u1ed1ng k\u00ea c\u1ed5ng, ki\u1ec3m so\u00e1t truy c\u1eadp, ch\u1ea9n \u0111o\u00e1n m\u1ea1ng, c\u1ea5u h\u00ecnh nhanh, n\u00e2ng c\u1ea5p tr\u1ef1c tuy\u1ebfn, v.v., v\u00e0 h\u1ed7 tr\u1ee3 c\u00e1c ph\u01b0\u01a1ng th\u1ee9c truy c\u1eadp nh\u01b0 CLI, WEB, Telnet, SSH, SNMP. H\u1ec7 th\u1ed1ng qu\u1ea3n l\u00fd m\u1ea1ng mang \u0111\u1ebfn tr\u1ea3i nghi\u1ec7m ng\u01b0\u1eddi d\u00f9ng t\u1ed1i \u01b0u nh\u1edd thi\u1ebft k\u1ebf giao di\u1ec7n th\u00e2n thi\u1ec7n c\u00f9ng thao t\u00e1c \u0111\u01a1n gi\u1ea3n, thu\u1eadn ti\u1ec7n.<br \/>\nThi\u1ebft k\u1ebf c\u00f4ng t\u1eafc DIP cho ph\u00e9p kh\u00f4i ph\u1ee5c c\u00e0i \u0111\u1eb7t g\u1ed1c c\u1ee7a thi\u1ebft b\u1ecb. Ngu\u1ed3n v\u00e0o g\u1ed3m hai m\u1ea1ch ngu\u1ed3n \u0111\u1ed9c l\u1eadp, \u0111\u1ea3m b\u1ea3o thi\u1ebft b\u1ecb v\u1eabn ho\u1ea1t \u0111\u1ed9ng b\u00ecnh th\u01b0\u1eddng khi m\u1ed9t ngu\u1ed3n g\u1eb7p s\u1ef1 c\u1ed1. Khi ngu\u1ed3n \u0111i\u1ec7n, c\u1ed5ng ho\u1eb7c c\u00e1c s\u1ef1 ki\u1ec7n c\u1ea5u h\u00ecnh kh\u00e1c x\u1ea3y ra l\u1ed7i ho\u1eb7c c\u1ea3nh b\u00e1o, \u0111\u00e8n ALM s\u1ebd s\u00e1ng v\u00e0 ph\u00e1t t\u00edn hi\u1ec7u c\u1ea3nh b\u00e1o; \u0111\u1ed3ng th\u1eddi, thi\u1ebft b\u1ecb c\u1ea3nh b\u00e1o k\u1ebft n\u1ed1i v\u1edbi relay c\u0169ng s\u1ebd g\u1eedi t\u00edn hi\u1ec7u \u0111\u1ec3 h\u1ed7 tr\u1ee3 x\u1eed l\u00fd s\u1ef1 c\u1ed1 nhanh ch\u00f3ng t\u1ea1i hi\u1ec7n tr\u01b0\u1eddng. Ph\u1ea7n c\u1ee9ng s\u1eed d\u1ee5ng thi\u1ebft k\u1ebf kh\u00f4ng qu\u1ea1t, ti\u00eau th\u1ee5 \u0111i\u1ec7n n\u0103ng th\u1ea5p, d\u1ea3i nhi\u1ec7t \u0111\u1ed9 v\u00e0 \u0111i\u1ec7n \u00e1p r\u1ed9ng, \u0111\u1ed3ng th\u1eddi \u0111\u00e3 v\u01b0\u1ee3t qua c\u00e1c th\u1eed nghi\u1ec7m ti\u00eau chu\u1ea9n c\u00f4ng nghi\u1ec7p nghi\u00eam ng\u1eb7t, ph\u00f9 h\u1ee3p v\u1edbi m\u00f4i tr\u01b0\u1eddng c\u00f4ng nghi\u1ec7p c\u00f3 y\u00eau c\u1ea7u cao v\u1ec1 EMC. S\u1ea3n ph\u1ea9m c\u00f3 th\u1ec3 \u0111\u01b0\u1ee3c \u1ee9ng d\u1ee5ng r\u1ed9ng r\u00e3i trong th\u00e0nh ph\u1ed1 th\u00f4ng minh, giao th\u00f4ng \u0111\u01b0\u1eddng s\u1eaft, \u0111\u00f4 th\u1ecb an ninh, n\u0103ng l\u01b0\u1ee3ng m\u1edbi, s\u1ea3n xu\u1ea5t th\u00f4ng minh v\u00e0 c\u00e1c l\u0129nh v\u1ef1c c\u00f4ng nghi\u1ec7p kh\u00e1c.<\/p>\n<p><strong>T\u00ednh n\u0103ng b\u1ed5 sung<\/strong><\/p>\n<p>SNMPv1\/v2c\/v3 \u0111\u01b0\u1ee3c s\u1eed d\u1ee5ng cho qu\u1ea3n l\u00fd m\u1ea1ng \u1edf nhi\u1ec1u c\u1ea5p \u0111\u1ed9 kh\u00e1c nhau<br \/>\nPort mirroring cho ph\u00e9p ph\u00e2n t\u00edch v\u00e0 gi\u00e1m s\u00e1t d\u1eef li\u1ec7u, thu\u1eadn ti\u1ec7n cho vi\u1ec7c g\u1ee1 l\u1ed7i (debug) tr\u1ef1c tuy\u1ebfn<br \/>\nH\u1ed7 tr\u1ee3 c\u1ea5u h\u00ecnh \u0111\u1ecba ch\u1ec9 IP t\u0129nh th\u1ee7 c\u00f4ng v\u00e0 c\u1ea5p ph\u00e1t \u0111\u1ecba ch\u1ec9 IP \u0111\u1ed9ng qua DHCP<br \/>\nM\u00e1y ch\u1ee7 NTP v\u00e0 m\u00e1y kh\u00e1ch NTP c\u00f3 th\u1ec3 cung c\u1ea5p \u0111\u1ed3ng b\u1ed9 th\u1eddi gian v\u1edbi \u0111\u1ed9 ch\u00ednh x\u00e1c \u0111\u1ebfn mili gi\u00e2y<br \/>\nQoS h\u1ed7 tr\u1ee3 nhi\u1ec1u ch\u1ebf \u0111\u1ed9 d\u1ef1a tr\u00ean CoS v\u00e0 DSCP, \u0111\u1ed3ng th\u1eddi h\u1ed7 tr\u1ee3 c\u00e1c c\u01a1 ch\u1ebf l\u1eadp l\u1ecbch l\u01b0u l\u01b0\u1ee3ng SP v\u00e0 WRR<br \/>\nLLDP cho ph\u00e9p t\u1ef1 \u0111\u1ed9ng ph\u00e1t hi\u1ec7n c\u1ea5u tr\u00fac li\u00ean k\u1ebft (topology), thu\u1eadn ti\u1ec7n cho qu\u1ea3n l\u00fd tr\u1ef1c quan<br \/>\nDHCP Server c\u00f3 th\u1ec3 \u0111\u01b0\u1ee3c s\u1eed d\u1ee5ng \u0111\u1ec3 ph\u00e2n ph\u1ed1i \u0111\u1ecba ch\u1ec9 IP theo nhi\u1ec1u chi\u1ebfn l\u01b0\u1ee3c kh\u00e1c nhau<br \/>\nDHCP Snooping gi\u00fap \u0111\u1ea3m b\u1ea3o c\u00e1c DHCP client ch\u1ec9 nh\u1eadn \u0111\u1ecba ch\u1ec9 IP t\u1eeb DHCP Server h\u1ee3p l\u1ec7<br \/>\nQu\u1ea3n l\u00fd file gi\u00fap c\u1ea5u h\u00ecnh thi\u1ebft b\u1ecb nhanh ch\u00f3ng v\u00e0 n\u00e2ng c\u1ea5p tr\u1ef1c tuy\u1ebfn thu\u1eadn ti\u1ec7n<br \/>\nTh\u00f4ng tin nh\u1eadt k\u00fd ghi l\u1ea1i c\u00e1c s\u1ef1 ki\u1ec7n kh\u1edfi \u0111\u1ed9ng, v\u1eadn h\u00e0nh, k\u1ebft n\u1ed1i v\u00e0 c\u1ea3nh b\u00e1o, c\u00f3 th\u1ec3 \u0111\u01b0\u1ee3c t\u1ea3i l\u00ean m\u00e1y ch\u1ee7 Syslog t\u1eeb xa<br \/>\nGi\u1edbi h\u1ea1n t\u1ed1c \u0111\u1ed9 l\u01b0u l\u01b0\u1ee3ng \u0111\u1ea7u v\u00e0o c\u1ee7a c\u1ed5ng (Port ingress rate limit), c\u00f3 th\u1ec3 ph\u00e2n chia m\u1ee9c \u01b0u ti\u00ean CoS v\u00e0 ki\u1ec3m so\u00e1t b\u0103ng th\u00f4ng d\u1eef li\u1ec7u m\u1ed9t c\u00e1ch h\u1ee3p l\u00fd theo b\u0103ng th\u00f4ng, giao th\u1ee9c, l\u01b0u l\u01b0\u1ee3ng b\u00e3o (storm) ho\u1eb7c lo\u1ea1i giao th\u1ee9c d\u1eef li\u1ec7u t\u00f9y ch\u1ec9nh.<br \/>\nTh\u1ed1ng k\u00ea c\u1ed5ng c\u00f3 th\u1ec3 \u0111\u01b0\u1ee3c s\u1eed d\u1ee5ng \u0111\u1ec3 theo d\u00f5i l\u01b0u l\u01b0\u1ee3ng th\u1eddi gian th\u1ef1c c\u1ee7a c\u1ed5ng, hi\u1ec3n th\u1ecb m\u1ee9c s\u1eed d\u1ee5ng m\u1ea1ng theo th\u1eddi gian th\u1ef1c d\u01b0\u1edbi d\u1ea1ng bi\u1ec3u \u0111\u1ed3 v\u00e0 ph\u00e1t hi\u1ec7n hi\u1ec7u su\u1ea5t m\u1ea1ng.<br \/>\nM\u1eadt kh\u1ea9u ng\u01b0\u1eddi d\u00f9ng cho ph\u00e9p qu\u1ea3n l\u00fd ng\u01b0\u1eddi d\u00f9ng theo ph\u00e2n c\u1ea5p, gi\u00fap n\u00e2ng cao t\u00ednh b\u1ea3o m\u1eadt trong qu\u1ea3n l\u00fd thi\u1ebft b\u1ecb<br \/>\nH\u1ed7 tr\u1ee3 c\u00e1c s\u1ef1 ki\u1ec7n c\u1ea3nh b\u00e1o nh\u01b0 c\u1ed5ng, nhi\u1ec7t \u0111\u1ed9, \u0111i\u1ec7n \u00e1p, t\u1ea3i m\u1ea1ng, m\u1ea5t g\u00f3i, l\u1ed7i v\u00e0 c\u00e1c s\u1ef1 ki\u1ec7n kh\u00e1c; h\u1ed7 tr\u1ee3 c\u00e1c ph\u01b0\u01a1ng th\u1ee9c c\u1ea3nh b\u00e1o nh\u01b0 SNMP Trap, relay, e-mail\u2026, gi\u00fap thu\u1eadn ti\u1ec7n ph\u00e1t hi\u1ec7n s\u1ef1 c\u1ed1 k\u1ecbp th\u1eddi trong qu\u00e1 tr\u00ecnh qu\u1ea3n l\u00fd t\u1eeb xa<br \/>\nKi\u1ec3m so\u00e1t truy c\u1eadp c\u00f3 th\u1ec3 n\u00e2ng cao t\u00ednh linh ho\u1ea1t v\u00e0 b\u1ea3o m\u1eadt c\u1ee7a m\u1ea1ng.<br \/>\nC\u1ea3nh b\u00e1o r\u01a1-le gi\u00fap thu\u1eadn ti\u1ec7n cho vi\u1ec7c x\u1eed l\u00fd s\u1ef1 c\u1ed1 t\u1ea1i hi\u1ec7n tr\u01b0\u1eddng l\u1eafp \u0111\u1eb7t<br \/>\nC\u1ea5u h\u00ecnh SSH c\u00f3 th\u1ec3 m\u00e3 h\u00f3a d\u1eef li\u1ec7u truy\u1ec1n t\u1ea3i, ng\u0103n ch\u1eb7n gi\u1ea3 m\u1ea1o DNS v\u00e0 IP.<br \/>\nVLAN \u0111\u01b0\u1ee3c s\u1eed d\u1ee5ng \u0111\u1ec3 \u0111\u01a1n gi\u1ea3n h\u00f3a vi\u1ec7c l\u1eadp k\u1ebf ho\u1ea1ch m\u1ea1ng<br \/>\nPort isolation cho ph\u00e9p c\u00e1ch ly c\u00e1c c\u1ed5ng trong c\u00f9ng m\u1ed9t VLAN, \u0111\u1ed3ng th\u1eddi ti\u1ebft ki\u1ec7m t\u00e0i nguy\u00ean VLAN<br \/>\nPort Trunking v\u00e0 LACP c\u00f3 th\u1ec3 t\u0103ng b\u0103ng th\u00f4ng m\u1ea1ng v\u00e0 n\u00e2ng cao \u0111\u1ed9 tin c\u1eady c\u1ee7a k\u1ebft n\u1ed1i m\u1ea1ng, gi\u00fap t\u1ed1i \u01b0u h\u00f3a vi\u1ec7c s\u1eed d\u1ee5ng b\u0103ng th\u00f4ng.<br \/>\nIGMP Snooping v\u00e0 multicast t\u0129nh c\u00f3 th\u1ec3 \u0111\u01b0\u1ee3c s\u1eed d\u1ee5ng \u0111\u1ec3 l\u1ecdc d\u1eef li\u1ec7u multicast, gi\u00fap ti\u1ebft ki\u1ec7m b\u0103ng th\u00f4ng m\u1ea1ng.<br \/>\nV\u1edbi \u0111\u1ed9 tin c\u1eady v\u00e0 \u1ed5n \u0111\u1ecbnh cao, ERPS c\u00f3 th\u1ec3 ng\u0103n ng\u1eeba hi\u1ec7n t\u01b0\u1ee3ng b\u00e3o broadcast do v\u00f2ng l\u1eb7p d\u1eef li\u1ec7u (data loopback)<br \/>\nRing v\u00e0 STP\/RSTP\/MSTP c\u00f3 th\u1ec3 \u0111\u1ea3m b\u1ea3o d\u1ef1 ph\u00f2ng m\u1ea1ng, gi\u00fap ng\u0103n ng\u1eeba hi\u1ec7n t\u01b0\u1ee3ng b\u00e3o m\u1ea1ng (network storm)<br \/>\nPh\u00e1t hi\u1ec7n v\u00f2ng l\u1eb7p (Loop detection) c\u00f3 th\u1ec3 lo\u1ea1i b\u1ecf hi\u1ec7u qu\u1ea3 \u1ea3nh h\u01b0\u1edfng do v\u00f2ng l\u1eb7p c\u1ed5ng (port loopback) b\u1eb1ng c\u00e1ch ph\u00e1t hi\u1ec7n s\u1ef1 t\u1ed3n t\u1ea1i c\u1ee7a v\u00f2ng l\u1eb7p<br \/>\nPing, Traceroute, ki\u1ec3m tra c\u00e1p v\u00e0 ch\u1ea9n \u0111o\u00e1n s\u1ed1 SFP c\u00f3 th\u1ec3 th\u1ef1c hi\u1ec7n ch\u1ea9n \u0111o\u00e1n v\u00e0 kh\u1eafc ph\u1ee5c s\u1ef1 c\u1ed1 m\u1ea1ng<\/p>","protected":false},"excerpt":{"rendered":"<h1>Switch Ethernet c\u00f4ng nghi\u1ec7p TSN qu\u1ea3n l\u00fd Layer 2 Gigabit 10 c\u1ed5ng<\/h1>\n<p>Support 8 Gigabit copper ports and 2 Gigabit SFP slots<br \/>\nH\u1ed7 tr\u1ee3 giao th\u1ee9c th\u1eddi gian ch\u00ednh x\u00e1c (PTP), cung c\u1ea5p \u0111\u1ed9 ch\u00ednh x\u00e1c \u0111\u1ed3ng b\u1ed9 h\u00f3a d\u01b0\u1edbi micro gi\u00e2y \u0111\u1ec3 \u0111\u00e1p \u1ee9ng y\u00eau c\u1ea7u v\u1ec1 \u0111\u1ed3ng b\u1ed9 h\u00f3a th\u1eddi gian ch\u00ednh x\u00e1c cao.<br \/>\nH\u1ed7 tr\u1ee3 c\u00e1c ti\u00eau chu\u1ea9n giao th\u1ee9c TSN nh\u01b0 IEEE 802.1Qbv, IEEE 802.1Qav v\u00e0 IEEE 802.1AS, c\u00f3 th\u1ec3 cung c\u1ea5p truy\u1ec1n d\u1eabn x\u00e1c \u0111\u1ecbnh (deterministic) v\u1edbi \u0111\u1ed9 tr\u1ec5 th\u1ea5p v\u00e0 \u0111\u1ed9 tin c\u1eady cao cho d\u1eef li\u1ec7u.<br \/>\n\u00c1p d\u1ee5ng c\u00f4ng ngh\u1ec7 SW-Ring \u0111\u01b0\u1ee3c c\u1ea5p b\u1eb1ng s\u00e1ng ch\u1ebf, h\u1ed7 tr\u1ee3 c\u00e1c c\u1ea5u tr\u00fac m\u1ea1ng v\u00f2ng \u0111\u01a1n, v\u00f2ng gh\u00e9p, chu\u1ed7i v\u00e0 dual-homing, v\u1edbi th\u1eddi gian t\u1ef1 \u0111\u1ed9ng kh\u00f4i ph\u1ee5c m\u1ea1ng khi x\u1ea3y ra s\u1ef1 c\u1ed1 &lt; 20 ms.<br \/>\nH\u1ed7 tr\u1ee3 ngu\u1ed3n k\u00e9p, \u0111i\u1ec7n \u00e1p \u0111\u1ea7u v\u00e0o: 9~60VDC<br \/>\nH\u1ed7 tr\u1ee3 d\u1ea3i nhi\u1ec7t \u0111\u1ed9 ho\u1ea1t \u0111\u1ed9ng r\u1ed9ng t\u1eeb -40\u00b0C \u0111\u1ebfn 75\u00b0C<\/p>","protected":false},"featured_media":2542,"template":"","meta":[],"product_brand":[],"product_cat":[52],"product_tag":[],"class_list":{"0":"post-2539","1":"product","2":"type-product","3":"status-publish","4":"has-post-thumbnail","6":"product_cat-tsn-switch","8":"first","9":"instock","10":"shipping-taxable","11":"product-type-simple"},"acf":[],"_links":{"self":[{"href":"https:\/\/3onedatavn.com\/vi\/wp-json\/wp\/v2\/product\/2539","targetHints":{"allow":["GET"]}}],"collection":[{"href":"https:\/\/3onedatavn.com\/vi\/wp-json\/wp\/v2\/product"}],"about":[{"href":"https:\/\/3onedatavn.com\/vi\/wp-json\/wp\/v2\/types\/product"}],"wp:featuredmedia":[{"embeddable":true,"href":"https:\/\/3onedatavn.com\/vi\/wp-json\/wp\/v2\/media\/2542"}],"wp:attachment":[{"href":"https:\/\/3onedatavn.com\/vi\/wp-json\/wp\/v2\/media?parent=2539"}],"wp:term":[{"taxonomy":"product_brand","embeddable":true,"href":"https:\/\/3onedatavn.com\/vi\/wp-json\/wp\/v2\/product_brand?post=2539"},{"taxonomy":"product_cat","embeddable":true,"href":"https:\/\/3onedatavn.com\/vi\/wp-json\/wp\/v2\/product_cat?post=2539"},{"taxonomy":"product_tag","embeddable":true,"href":"https:\/\/3onedatavn.com\/vi\/wp-json\/wp\/v2\/product_tag?post=2539"}],"curies":[{"name":"wp","href":"https:\/\/api.w.org\/{rel}","templated":true}]}}