{"id":2659,"date":"2026-01-09T14:25:50","date_gmt":"2026-01-09T07:25:50","guid":{"rendered":"https:\/\/3onedatavn.com\/?post_type=product&#038;p=2659"},"modified":"2026-02-25T12:01:41","modified_gmt":"2026-02-25T05:01:41","slug":"iap2300-2n2-5t-2lvi","status":"publish","type":"product","link":"https:\/\/3onedatavn.com\/vi\/san-pham\/iap2300-2n2-5t-2lvi\/","title":{"rendered":"IAP2300-2N2-5T-2LVI"},"content":{"rendered":"<p style=\"font-weight: 400;\"><strong>Gi\u1edbi thi\u1ec7u<\/strong><\/p>\n<p style=\"font-weight: 400;\">IAP2300-2N2-5T-2LVI l\u00e0 thi\u1ebft b\u1ecb AP kh\u00f4ng d\u00e2y c\u00f4ng nghi\u1ec7p. S\u1ea3n ph\u1ea9m h\u1ed7 tr\u1ee3 1 c\u1ed5ng WAN, 4 c\u1ed5ng LAN v\u00e0 2 giao di\u1ec7n \u0103ng-ten, v.v. Thi\u1ebft b\u1ecb s\u1eed d\u1ee5ng ph\u01b0\u01a1ng th\u1ee9c l\u1eafp \u0111\u1eb7t DIN-Rail, \u0111\u00e1p \u1ee9ng y\u00eau c\u1ea7u c\u1ee7a nhi\u1ec1u k\u1ecbch b\u1ea3n \u1ee9ng d\u1ee5ng kh\u00e1c nhau.<\/p>\n<p style=\"font-weight: 400;\">Thi\u1ebft b\u1ecb h\u1ed7 tr\u1ee3 b\u1ed1n ch\u1ebf \u0111\u1ed9 ho\u1ea1t \u0111\u1ed9ng: Routing, AP, Bridge v\u00e0 Client. H\u1ed7 tr\u1ee3 c\u00f4ng ngh\u1ec7 kh\u00f4ng d\u00e2y IEEE 802.11b\/g\/n v\u1edbi t\u1ed1c \u0111\u1ed9 truy\u1ec1n t\u1ea3i l\u00ean \u0111\u1ebfn 300Mbps. H\u1ed7 tr\u1ee3 c\u00e1c ph\u01b0\u01a1ng th\u1ee9c m\u00e3 h\u00f3a kh\u00f4ng d\u00e2y nh\u01b0 WPA, WPA2, WPA3; \u0111\u1ed3ng th\u1eddi t\u00edch h\u1ee3p c\u00e1c ch\u00ednh s\u00e1ch b\u1ea3o m\u1eadt nh\u01b0 \u1ea9n SSID, c\u00e1ch ly ng\u01b0\u1eddi d\u00f9ng kh\u00f4ng d\u00e2y, l\u1ecdc \u0111\u1ecba ch\u1ec9 MAC, r\u00e0ng bu\u1ed9c ARP, c\u1ea5u h\u00ecnh DMZ, v.v. H\u1ed7 tr\u1ee3 AP \u1ea3o (Virtual AP), cho ph\u00e9p m\u1ed9t thi\u1ebft b\u1ecb AP ph\u00e1t nhi\u1ec1u SSID c\u00f9ng l\u00fac.<\/p>\n<p style=\"font-weight: 400;\">Ngu\u1ed3n c\u1ea5p \u0111\u1ea7u v\u00e0o g\u1ed3m hai m\u1ea1ch ngu\u1ed3n \u0111\u1ed9c l\u1eadp, \u0111\u1ea3m b\u1ea3o thi\u1ebft b\u1ecb v\u1eabn ho\u1ea1t \u0111\u1ed9ng b\u00ecnh th\u01b0\u1eddng khi m\u1ed9t ngu\u1ed3n g\u1eb7p s\u1ef1 c\u1ed1. C\u00f4ng t\u1eafc DIP cho ph\u00e9p kh\u1edfi \u0111\u1ed9ng l\u1ea1i b\u1eb1ng m\u1ed9t n\u00fat (one-key reboot) v\u00e0 kh\u00f4i ph\u1ee5c c\u00e0i \u0111\u1eb7t g\u1ed1c (factory default). Khi ngu\u1ed3n ho\u1eb7c c\u1ed5ng x\u1ea3y ra s\u1ef1 c\u1ed1 m\u1ea5t li\u00ean k\u1ebft, \u0111\u00e8n b\u00e1o ALARM s\u1ebd s\u00e1ng v\u00e0 ph\u00e1t c\u1ea3nh b\u00e1o, h\u1ed7 tr\u1ee3 x\u1eed l\u00fd s\u1ef1 c\u1ed1 nhanh ch\u00f3ng t\u1ea1i hi\u1ec7n tr\u01b0\u1eddng. S\u1ea3n ph\u1ea9m \u00e1p d\u1ee5ng thi\u1ebft k\u1ebf c\u00f4ng nghi\u1ec7p kh\u00f4ng qu\u1ea1t (fanless), ti\u00eau th\u1ee5 \u0111i\u1ec7n n\u0103ng th\u1ea5p, d\u1ea3i nhi\u1ec7t \u0111\u1ed9 v\u00e0 \u0111i\u1ec7n \u00e1p ho\u1ea1t \u0111\u1ed9ng r\u1ed9ng, c\u00f3 kh\u1ea3 n\u0103ng th\u00edch \u1ee9ng v\u1edbi m\u00f4i tr\u01b0\u1eddng kh\u1eafc nghi\u1ec7t. Thi\u1ebft b\u1ecb c\u00f3 th\u1ec3 \u0111\u01b0\u1ee3c \u1ee9ng d\u1ee5ng r\u1ed9ng r\u00e3i trong c\u00e1c l\u0129nh v\u1ef1c nh\u01b0 giao th\u00f4ng \u0111\u01b0\u1eddng s\u1eaft, an ninh gi\u00e1m s\u00e1t, th\u00e0nh ph\u1ed1 th\u00f4ng minh, h\u1ea7m k\u1ef9 thu\u1eadt (integrated pipe gallery), t\u1ef1 \u0111\u1ed9ng h\u00f3a s\u1ea3n xu\u1ea5t, c\u1ed9t \u0111\u00e8n th\u00f4ng minh v\u00e0 c\u00e1c ng\u00e0nh c\u00f4ng nghi\u1ec7p kh\u00e1c.<\/p>\n<p style=\"font-weight: 400;\"><strong>T\u00ednh n\u0103ng v\u00e0 \u01b0u \u0111i\u1ec3m<\/strong><\/p>\n<p style=\"font-weight: 400;\">\u00a0H\u1ed7 tr\u1ee3 ch\u1ebf \u0111\u1ed9 ho\u1ea1t \u0111\u1ed9ng g\u1ed3m: Router, AP, Bridge v\u00e0 Client<\/p>\n<p style=\"font-weight: 400;\">\u00a0H\u1ed7 tr\u1ee3 k\u1ebft n\u1ed1i kh\u00f4ng d\u00e2y t\u1ed1c \u0111\u1ed9 cao, t\u1ed1c \u0111\u1ed9 truy\u1ec1n t\u1ea3i b\u0103ng t\u1ea7n 2.4GHz l\u00ean \u0111\u1ebfn 300Mbps<\/p>\n<p style=\"font-weight: 400;\">\u00a0H\u1ed7 tr\u1ee3 c\u00f4ng ngh\u1ec7 \u0111a lu\u1ed3ng 2\u00d72 MIMO<\/p>\n<p style=\"font-weight: 400;\">\u00a0H\u1ed7 tr\u1ee3 wireless probe, c\u00f3 th\u1ec3 th\u1ef1c hi\u1ec7n ch\u1ee9c n\u0103ng \u0111\u1ecbnh v\u1ecb c\u00e1 nh\u00e2n th\u00f4ng qua c\u00f4ng c\u1ee5 \u0111\u1ecbnh v\u1ecb (location engine)<\/p>\n<p style=\"font-weight: 400;\">\u00a0H\u1ed7 tr\u1ee3 c\u1ea5u h\u00ecnh nhi\u1ec1u SSID v\u00e0 cung c\u1ea5p ch\u1ee9c n\u0103ng \u1ea9n SSID<\/p>\n<p style=\"font-weight: 400;\">\u00a0H\u1ed7 tr\u1ee3 nhi\u1ec1u ch\u1ee9c n\u0103ng t\u01b0\u1eddng l\u1eeda nh\u01b0 chuy\u1ec3n ti\u1ebfp c\u1ed5ng (Port Forwarding), r\u00e0ng bu\u1ed9c ARP, c\u00e1ch ly DMZ, v.v.<\/p>\n<p style=\"font-weight: 400;\">\u00a0H\u1ed7 tr\u1ee3 qu\u1ea3n l\u00fd AC, SNMP v\u00e0 ch\u1ee9c n\u0103ng QoS<\/p>\n<p style=\"font-weight: 400;\">\u00a0H\u1ed7 tr\u1ee3 c\u00e1c chu\u1ea9n b\u1ea3o m\u1eadt WPA\/WPA2\/WPA<\/p>\n<p style=\"font-weight: 400;\">\u00a0H\u1ed7 tr\u1ee3 qu\u1ea3n l\u00fd ng\u01b0\u1eddi d\u00f9ng kh\u00f4ng d\u00e2y v\u00e0 gi\u00e1m s\u00e1t l\u01b0u l\u01b0\u1ee3ng<\/p>\n<p style=\"font-weight: 400;\">\u00a0D\u1ea3i nhi\u1ec7t \u0111\u1ed9 ho\u1ea1t \u0111\u1ed9ng r\u1ed9ng t\u1eeb -40\u00b0C \u0111\u1ebfn 75\u00b0C<\/p>\n<p style=\"font-weight: 400;\">\u00a0Kh\u1ea3 n\u0103ng ch\u1ed1ng nhi\u1ec5u m\u1ea1nh v\u00e0 m\u1ee9c \u0111\u1ed9 b\u1ea3o v\u1ec7 cao, d\u1ec5 d\u00e0ng th\u00edch \u1ee9ng v\u1edbi nhi\u1ec1u m\u00f4i tr\u01b0\u1eddng kh\u1eafc nghi\u1ec7t kh\u00e1c nhau<\/p>","protected":false},"excerpt":{"rendered":"<h1>Thi\u1ebft b\u1ecb AP kh\u00f4ng d\u00e2y \u0111\u01a1n b\u0103ng t\u1ea7n, l\u1eafp \u0111\u1eb7t DIN-Rail<\/h1>\n<p class=\"16\">H\u1ed7 tr\u1ee3 1 c\u1ed5ng WAN, 4 c\u1ed5ng LAN v\u00e0 2 giao di\u1ec7n \u0103ng-ten WiFi, v.v.<\/p>\n<p class=\"16\">H\u1ed7 tr\u1ee3 b\u1ed1n ch\u1ebf \u0111\u1ed9 ho\u1ea1t \u0111\u1ed9ng g\u1ed3m: Router, AP, Bridge v\u00e0 Client<\/p>\n<p class=\"16\">H\u1ed7 tr\u1ee3 d\u1ef1 ph\u00f2ng ngu\u1ed3n k\u00e9p, t\u00edch h\u1ee3p b\u1ea3o v\u1ec7 kh\u00f4ng ph\u00e2n c\u1ef1c; \u0111i\u1ec7n \u00e1p \u0111\u1ea7u v\u00e0o 12~36VDC<\/p>\n<p class=\"16\">H\u1ed7 tr\u1ee3 d\u1ea3i nhi\u1ec7t \u0111\u1ed9 ho\u1ea1t \u0111\u1ed9ng r\u1ed9ng t\u1eeb -40\u00b0C \u0111\u1ebfn 75\u00b0C<\/p>\n<p>&nbsp;<\/p>","protected":false},"featured_media":2663,"template":"","meta":[],"product_brand":[],"product_cat":[61],"product_tag":[],"class_list":{"0":"post-2659","1":"product","2":"type-product","3":"status-publish","4":"has-post-thumbnail","6":"product_cat-access-point","8":"first","9":"instock","10":"shipping-taxable","11":"product-type-simple"},"acf":[],"_links":{"self":[{"href":"https:\/\/3onedatavn.com\/vi\/wp-json\/wp\/v2\/product\/2659","targetHints":{"allow":["GET"]}}],"collection":[{"href":"https:\/\/3onedatavn.com\/vi\/wp-json\/wp\/v2\/product"}],"about":[{"href":"https:\/\/3onedatavn.com\/vi\/wp-json\/wp\/v2\/types\/product"}],"wp:featuredmedia":[{"embeddable":true,"href":"https:\/\/3onedatavn.com\/vi\/wp-json\/wp\/v2\/media\/2663"}],"wp:attachment":[{"href":"https:\/\/3onedatavn.com\/vi\/wp-json\/wp\/v2\/media?parent=2659"}],"wp:term":[{"taxonomy":"product_brand","embeddable":true,"href":"https:\/\/3onedatavn.com\/vi\/wp-json\/wp\/v2\/product_brand?post=2659"},{"taxonomy":"product_cat","embeddable":true,"href":"https:\/\/3onedatavn.com\/vi\/wp-json\/wp\/v2\/product_cat?post=2659"},{"taxonomy":"product_tag","embeddable":true,"href":"https:\/\/3onedatavn.com\/vi\/wp-json\/wp\/v2\/product_tag?post=2659"}],"curies":[{"name":"wp","href":"https:\/\/api.w.org\/{rel}","templated":true}]}}