{"id":2668,"date":"2026-01-14T10:56:49","date_gmt":"2026-01-14T03:56:49","guid":{"rendered":"https:\/\/3onedatavn.com\/?post_type=product&#038;p=2668"},"modified":"2026-01-14T10:59:17","modified_gmt":"2026-01-14T03:59:17","slug":"iac8500-1gc4gt","status":"publish","type":"product","link":"https:\/\/3onedatavn.com\/vi\/san-pham\/iac8500-1gc4gt\/","title":{"rendered":"IAC8500-1GC4GT"},"content":{"rendered":"<h2>T\u1ed5ng quan v\u1ec1 B\u1ed9 \u0111i\u1ec1u khi\u1ec3n kh\u00f4ng d\u00e2y c\u00f4ng nghi\u1ec7p 5 c\u1ed5ng Gigabit c\u1ee7a 3onedata \u2013 IAC8500-1GC4GT<\/h2>\n<p>IAC8500-1GC4GT l\u00e0 b\u1ed9 \u0111i\u1ec1u khi\u1ec3n kh\u00f4ng d\u00e2y c\u00f4ng nghi\u1ec7p 5 c\u1ed5ng Gigabit to\u00e0n ph\u1ea7n, \u0111\u01b0\u1ee3c s\u1eed d\u1ee5ng \u0111\u1ec3 qu\u1ea3n l\u00fd c\u00e1c thi\u1ebft b\u1ecb AP kh\u00f4ng d\u00e2y, bao g\u1ed3m d\u00f2ng IAP2300 v\u00e0 IAP2600, v.v. S\u1ea3n ph\u1ea9m cung c\u1ea5p c\u00e1c c\u1ed5ng LAN RJ45 Gigabit v\u00e0 c\u1ed5ng WAN Gigabit d\u1ea1ng Combo (khe SFP ho\u1eb7c RJ45) c\u00f9ng c\u00e1c giao di\u1ec7n kh\u00e1c, \u0111\u1ed3ng th\u1eddi s\u1eed d\u1ee5ng thi\u1ebft k\u1ebf l\u1eafp \u0111\u1eb7t rack 1U, \u0111\u00e1p \u1ee9ng y\u00eau c\u1ea7u c\u1ee7a nhi\u1ec1u m\u00f4i tr\u01b0\u1eddng \u1ee9ng d\u1ee5ng kh\u00e1c nhau.<br \/>\nH\u1ec7 th\u1ed1ng qu\u1ea3n l\u00fd m\u1ea1ng h\u1ed7 tr\u1ee3 nhi\u1ec1u giao th\u1ee9c m\u1ea1ng v\u00e0 ti\u00eau chu\u1ea9n c\u00f4ng nghi\u1ec7p, cho ph\u00e9p gi\u00e1m s\u00e1t tr\u1ef1c quan th\u00f4ng tin h\u1ec7 th\u1ed1ng c\u1ee7a thi\u1ebft b\u1ecb, gi\u00fap tr\u1ea1ng th\u00e1i AP, tr\u1ea1ng th\u00e1i h\u1ec7 th\u1ed1ng, tr\u1ea1ng th\u00e1i c\u1ed5ng v\u00e0 tr\u1ea1ng th\u00e1i m\u1ea1ng \u0111\u01b0\u1ee3c hi\u1ec3n th\u1ecb r\u00f5 r\u00e0ng v\u00e0 d\u1ec5 theo d\u00f5i h\u01a1n. M\u1ea1ng WAN h\u1ed7 tr\u1ee3 quay s\u1ed1 PPPoE, c\u1ea5u h\u00ecnh m\u1ea1ng t\u0129nh\/\u0111\u1ed9ng v\u00e0 c\u00f3 th\u1ec3 k\u1ebft n\u1ed1i v\u1edbi nhi\u1ec1u lo\u1ea1i m\u1ea1ng c\u1ee7a nh\u00e0 cung c\u1ea5p d\u1ecbch v\u1ee5. Thi\u1ebft b\u1ecb t\u00edch h\u1ee3p m\u00e1y ch\u1ee7 DHCP, c\u00f3 kh\u1ea3 n\u0103ng t\u1ef1 \u0111\u1ed9ng ph\u00e2n ph\u1ed1i \u0111\u1ecba ch\u1ec9 IP cho c\u00e1c thi\u1ebft b\u1ecb trong m\u1ea1ng LAN. S\u1ea3n ph\u1ea9m h\u1ed7 tr\u1ee3 qu\u1ea3n l\u00fd t\u1eadp trung c\u00e1c thi\u1ebft b\u1ecb AP kh\u00f4ng d\u00e2y, bao g\u1ed3m c\u1ea5u h\u00ecnh h\u00e0ng lo\u1ea1t, n\u00e2ng c\u1ea5p h\u00e0ng lo\u1ea1t v\u00e0 qu\u1ea3n l\u00fd v\u1ecb tr\u00ed, v.v. \u0110\u1ed3ng th\u1eddi h\u1ed7 tr\u1ee3 nhi\u1ec1u ch\u1ee9c n\u0103ng b\u1ea3o m\u1eadt nh\u01b0 l\u1ecdc IP, l\u1ecdc MAC, chuy\u1ec3n ti\u1ebfp c\u1ed5ng (Port Forwarding), chuy\u1ec3n h\u01b0\u1edbng c\u1ed5ng (Port Redirection) v\u00e0 DMZ, v.v. Thi\u1ebft b\u1ecb c\u0169ng h\u1ed7 tr\u1ee3 truy c\u1eadp qu\u1ea3n l\u00fd qua giao di\u1ec7n WEB, cho ph\u00e9p t\u1ea3i log v\u00e0 n\u00e2ng c\u1ea5p firmware th\u00f4ng qua USB flash disk. V\u1edbi giao di\u1ec7n h\u1ec7 th\u1ed1ng qu\u1ea3n l\u00fd m\u1ea1ng \u0111\u01b0\u1ee3c thi\u1ebft k\u1ebf th\u00e2n thi\u1ec7n, thao t\u00e1c \u0111\u01a1n gi\u1ea3n v\u00e0 thu\u1eadn ti\u1ec7n, s\u1ea3n ph\u1ea9m mang l\u1ea1i tr\u1ea3i nghi\u1ec7m s\u1eed d\u1ee5ng t\u1ed1t cho ng\u01b0\u1eddi d\u00f9ng.<br \/>\nNgu\u1ed3n v\u00e0o g\u1ed3m hai m\u1ea1ch c\u1ea5p ngu\u1ed3n \u0111\u1ed9c l\u1eadp, \u0111\u1ea3m b\u1ea3o thi\u1ebft b\u1ecb v\u1eabn ho\u1ea1t \u0111\u1ed9ng b\u00ecnh th\u01b0\u1eddng khi m\u1ed9t ngu\u1ed3n g\u1eb7p s\u1ef1 c\u1ed1. N\u00fat RESET cho ph\u00e9p kh\u00f4i ph\u1ee5c c\u00e0i \u0111\u1eb7t g\u1ed1c ngay l\u1eadp t\u1ee9c. Khi ngu\u1ed3n c\u1ea5p x\u1ea3y ra l\u1ed7i k\u1ebft n\u1ed1i, \u0111\u00e8n b\u00e1o ALM s\u1ebd s\u00e1ng v\u00e0 ph\u00e1t t\u00edn hi\u1ec7u c\u1ea3nh b\u00e1o; \u0111\u1ed3ng th\u1eddi, thi\u1ebft b\u1ecb b\u00e1o \u0111\u1ed9ng \u0111\u01b0\u1ee3c k\u1ebft n\u1ed1i v\u1edbi r\u01a1-le s\u1ebd k\u00edch ho\u1ea1t c\u1ea3nh b\u00e1o \u0111\u1ec3 h\u1ed7 tr\u1ee3 x\u1eed l\u00fd s\u1ef1 c\u1ed1 nhanh t\u1ea1i hi\u1ec7n tr\u01b0\u1eddng. Ph\u1ea7n c\u1ee9ng \u0111\u01b0\u1ee3c thi\u1ebft k\u1ebf kh\u00f4ng qu\u1ea1t, ti\u00eau th\u1ee5 \u0111i\u1ec7n n\u0103ng th\u1ea5p, h\u1ed7 tr\u1ee3 d\u1ea3i nhi\u1ec7t \u0111\u1ed9 v\u00e0 d\u1ea3i \u0111i\u1ec7n \u00e1p r\u1ed9ng, \u0111\u1ed3ng th\u1eddi \u0111\u00e3 v\u01b0\u1ee3t qua c\u00e1c th\u1eed nghi\u1ec7m nghi\u00eam ng\u1eb7t theo ti\u00eau chu\u1ea9n c\u00f4ng nghi\u1ec7p, \u0111\u00e1p \u1ee9ng y\u00eau c\u1ea7u cao v\u1ec1 t\u01b0\u01a1ng th\u00edch \u0111i\u1ec7n t\u1eeb (EMC) trong m\u00f4i tr\u01b0\u1eddng c\u00f4ng nghi\u1ec7p kh\u1eafc nghi\u1ec7t. Thi\u1ebft b\u1ecb c\u00f3 th\u1ec3 \u0111\u01b0\u1ee3c \u1ee9ng d\u1ee5ng r\u1ed9ng r\u00e3i trong truy c\u1eadp WLAN, ph\u1ee7 s\u00f3ng \u0111i\u1ec3m ph\u00e1t Wi-Fi v\u00e0 c\u00e1c l\u0129nh v\u1ef1c truy\u1ec1n th\u00f4ng kh\u00f4ng d\u00e2y c\u00f4ng nghi\u1ec7p kh\u00e1c<\/p>\n<p><strong>T\u00ednh n\u0103ng b\u1ed5 sung<\/strong><br \/>\nH\u1ed7 tr\u1ee3 c\u1ea3 ch\u1ebf \u0111\u1ed9 chuy\u1ec3n ti\u1ebfp t\u1eadp trung v\u00e0 ph\u00e2n t\u00e1n, t\u1ed1i \u01b0u hi\u1ec7u su\u1ea5t x\u1eed l\u00fd l\u01b0u l\u01b0\u1ee3ng, \u0111\u00e1p \u1ee9ng y\u00eau c\u1ea7u x\u00e2y d\u1ef1ng m\u1ea1ng linh ho\u1ea1t v\u00e0 truy c\u1eadp \u0111a d\u1ea1ng c\u1ee7a ng\u01b0\u1eddi d\u00f9ng<br \/>\nH\u1ed7 tr\u1ee3 ph\u00e1t hi\u1ec7n nhanh thi\u1ebft b\u1ecb AP kh\u00f4ng d\u00e2y, cho ph\u00e9p th\u1ef1c hi\u1ec7n qu\u1ea3n l\u00fd h\u1ee3p nh\u1ea5t gi\u1eefa m\u1ea1ng c\u00f3 d\u00e2y v\u00e0 kh\u00f4ng d\u00e2y<br \/>\nKhi s\u1eed d\u1ee5ng c\u00f9ng v\u1edbi c\u00e1c thi\u1ebft b\u1ecb AP kh\u00f4ng d\u00e2y chu\u1ea9n IEEE 802.11b\/g\/n\/ac, thi\u1ebft b\u1ecb c\u00f3 th\u1ec3 th\u1ef1c hi\u1ec7n roaming nhanh trong m\u1ea1ng Layer 2<br \/>\nCh\u1ee9c n\u0103ng gi\u00e1m s\u00e1t th\u00f4ng tin h\u1ec7 th\u1ed1ng gi\u00fap hi\u1ec3n th\u1ecb tr\u1ef1c quan tr\u1ea1ng th\u00e1i c\u1ed5ng thi\u1ebft b\u1ecb, tr\u1ea1ng th\u00e1i m\u1ea1ng, m\u1ee9c s\u1eed d\u1ee5ng CPU, m\u1ee9c s\u1eed d\u1ee5ng b\u1ed9 nh\u1edb v\u00e0 tr\u1ea1ng th\u00e1i k\u1ebft n\u1ed1i AP, v.v.<br \/>\nQu\u1ea3n l\u00fd theo nh\u00f3m cho ph\u00e9p c\u1ea5u h\u00ecnh h\u00e0ng lo\u1ea1t c\u00e1c thi\u1ebft l\u1eadp ng\u01b0\u1eddi d\u00f9ng, ch\u1ebf \u0111\u1ed9 m\u1ea1ng, tham s\u1ed1 Wi-Fi, danh s\u00e1ch \u0111en\/tr\u1eafng v\u00e0 ch\u1ee9c n\u0103ng probe c\u1ee7a thi\u1ebft b\u1ecb AP<br \/>\nH\u1ed7 tr\u1ee3 c\u1ea5u h\u00ecnh v\u00e0 n\u00e2ng c\u1ea5p thi\u1ebft b\u1ecb AP h\u00e0ng lo\u1ea1t tr\u1ef1c tuy\u1ebfn, thu\u1eadn ti\u1ec7n cho vi\u1ec7c l\u1eafp \u0111\u1eb7t v\u00e0 b\u1ea3o tr\u00ec<br \/>\nL\u1ecdc IP, l\u1ecdc MAC, l\u1ecdc URL v\u00e0 l\u1ecdc t\u1eeb kh\u00f3a gi\u00fap qu\u1ea3n l\u00fd v\u00e0 ki\u1ec3m so\u00e1t truy c\u1eadp m\u1ea1ng LAN.<br \/>\nC\u00e1c ch\u1ee9c n\u0103ng chuy\u1ec3n ti\u1ebfp c\u1ed5ng, chuy\u1ec3n h\u01b0\u1edbng c\u1ed5ng v\u00e0 thi\u1ebft l\u1eadp DMZ cho ph\u00e9p qu\u1ea3n l\u00fd v\u00e0 ki\u1ec3m so\u00e1t quy\u1ec1n truy c\u1eadp c\u1ee7a c\u00e1c thi\u1ebft b\u1ecb trong m\u1ea1ng LAN m\u1ed9t c\u00e1ch linh ho\u1ea1t<br \/>\nTruy c\u1eadp t\u1eeb xa cho ph\u00e9p m\u1ea1ng WAN truy c\u1eadp v\u00e0o thi\u1ebft b\u1ecb qu\u1ea3n l\u00fd<br \/>\nQu\u1ea3n l\u00fd log h\u1ed7 tr\u1ee3 xu\u1ea5t th\u00f4ng tin nh\u1eadt k\u00fd h\u1ec7 th\u1ed1ng<br \/>\nH\u1ed7 tr\u1ee3 c\u1ea5u h\u00ecnh nhanh thi\u1ebft b\u1ecb v\u00e0 n\u00e2ng c\u1ea5p tr\u1ef1c tuy\u1ebfn<br \/>\nKh\u1edfi \u0111\u1ed9ng l\u1ea1i theo l\u1ecbch gi\u00fap thi\u1ebft b\u1ecb v\u1eadn h\u00e0nh \u1ed5n \u0111\u1ecbnh v\u00e0 tr\u01a1n tru h\u01a1n<br \/>\nH\u1ed7 tr\u1ee3 t\u1ea3i log v\u00e0 n\u00e2ng c\u1ea5p firmware th\u00f4ng qua USB flash disk, thu\u1eadn ti\u1ec7n cho vi\u1ec7c b\u1ea3o tr\u00ec v\u00e0 qu\u1ea3n l\u00fd s\u1ea3n ph\u1ea9m<\/p>","protected":false},"excerpt":{"rendered":"<h1>B\u1ed9 \u0111i\u1ec1u khi\u1ec3n kh\u00f4ng d\u00e2y AC c\u00f4ng nghi\u1ec7p 5 c\u1ed5ng Gigabit<\/h1>\n<p>H\u1ed7 tr\u1ee3 1 c\u1ed5ng WAN Gigabit Combo (khe SFP ho\u1eb7c RJ45) v\u00e0 4 c\u1ed5ng LAN Gigabit RJ45<br \/>\nTrang b\u1ecb 2 c\u1ed5ng USB, h\u1ed7 tr\u1ee3 t\u1ea3i nh\u1eadt k\u00fd (log) v\u00e0 n\u00e2ng c\u1ea5p firmware th\u00f4ng qua USB flash disk<br \/>\nH\u1ed7 tr\u1ee3 qu\u1ea3n l\u00fd t\u1eadp trung c\u00e1c thi\u1ebft b\u1ecb AP, bao g\u1ed3m qu\u1ea3n l\u00fd nh\u00f3m, qu\u1ea3n l\u00fd v\u1ecb tr\u00ed, danh s\u00e1ch thi\u1ebft b\u1ecb v\u00e0 n\u00e2ng c\u1ea5p h\u00e0ng lo\u1ea1t thi\u1ebft b\u1ecb, v.v<br \/>\nH\u1ed7 tr\u1ee3 c\u1ea5u h\u00ecnh ngu\u1ed3n AC d\u1ef1 ph\u00f2ng k\u00e9p; d\u1ea3i \u0111i\u1ec7n \u00e1p \u0111\u1ea7u v\u00e0o: 110~240VAC<br \/>\nH\u1ed7 tr\u1ee3 d\u1ea3i nhi\u1ec7t \u0111\u1ed9 ho\u1ea1t \u0111\u1ed9ng r\u1ed9ng t\u1eeb -40\u00b0C \u0111\u1ebfn 75\u00b0C<\/p>","protected":false},"featured_media":2670,"template":"","meta":[],"product_brand":[],"product_cat":[62],"product_tag":[],"class_list":{"0":"post-2668","1":"product","2":"type-product","3":"status-publish","4":"has-post-thumbnail","6":"product_cat-access-controller","8":"first","9":"instock","10":"shipping-taxable","11":"product-type-simple"},"acf":[],"_links":{"self":[{"href":"https:\/\/3onedatavn.com\/vi\/wp-json\/wp\/v2\/product\/2668","targetHints":{"allow":["GET"]}}],"collection":[{"href":"https:\/\/3onedatavn.com\/vi\/wp-json\/wp\/v2\/product"}],"about":[{"href":"https:\/\/3onedatavn.com\/vi\/wp-json\/wp\/v2\/types\/product"}],"wp:featuredmedia":[{"embeddable":true,"href":"https:\/\/3onedatavn.com\/vi\/wp-json\/wp\/v2\/media\/2670"}],"wp:attachment":[{"href":"https:\/\/3onedatavn.com\/vi\/wp-json\/wp\/v2\/media?parent=2668"}],"wp:term":[{"taxonomy":"product_brand","embeddable":true,"href":"https:\/\/3onedatavn.com\/vi\/wp-json\/wp\/v2\/product_brand?post=2668"},{"taxonomy":"product_cat","embeddable":true,"href":"https:\/\/3onedatavn.com\/vi\/wp-json\/wp\/v2\/product_cat?post=2668"},{"taxonomy":"product_tag","embeddable":true,"href":"https:\/\/3onedatavn.com\/vi\/wp-json\/wp\/v2\/product_tag?post=2668"}],"curies":[{"name":"wp","href":"https:\/\/api.w.org\/{rel}","templated":true}]}}