{"id":2677,"date":"2026-01-14T11:29:31","date_gmt":"2026-01-14T04:29:31","guid":{"rendered":"https:\/\/3onedatavn.com\/?post_type=product&#038;p=2677"},"modified":"2026-03-13T09:23:05","modified_gmt":"2026-03-13T02:23:05","slug":"irt5300l-5t2d-2p12_36","status":"publish","type":"product","link":"https:\/\/3onedatavn.com\/vi\/san-pham\/irt5300l-5t2d-2p12_36\/","title":{"rendered":"IRT5300L-5T2D-2P12_36"},"content":{"rendered":"<h2><strong>Gi\u1edbi thi\u1ec7u<\/strong><\/h2>\n<p style=\"font-weight: 400;\">IRT5300L-5T2D-2P12_36 l\u00e0 b\u1ed9 \u0111\u1ecbnh tuy\u1ebfn 4G c\u00f4ng nghi\u1ec7p. Thi\u1ebft b\u1ecb cung c\u1ea5p c\u1ed5ng WAN 100M, c\u1ed5ng LAN 100M, c\u1ed5ng serial RS-232\/485\/422, giao di\u1ec7n I\/O (d\u1ef1 ph\u00f2ng), giao di\u1ec7n anten Wi-Fi, giao di\u1ec7n anten LTE v\u00e0 khe c\u1eafm SIM. Thi\u1ebft b\u1ecb s\u1eed d\u1ee5ng CPU c\u00f4ng nghi\u1ec7p 32-bit hi\u1ec7u n\u0103ng cao v\u00e0 \u00e1p d\u1ee5ng ki\u1ec3u l\u1eafp \u0111\u1eb7t thanh DIN, \u0111\u00e1p \u1ee9ng y\u00eau c\u1ea7u c\u1ee7a nhi\u1ec1u k\u1ecbch b\u1ea3n \u1ee9ng d\u1ee5ng kh\u00e1c nhau.<\/p>\n<p style=\"font-weight: 400;\">H\u1ec7 th\u1ed1ng qu\u1ea3n l\u00fd m\u1ea1ng h\u1ed7 tr\u1ee3 nhi\u1ec1u ch\u1ee9c n\u0103ng ph\u1ea7n m\u1ec1m nh\u01b0: Cellular WAN, Ethernet WAN, ki\u1ec3m tra li\u00ean k\u1ebft ICMP, c\u00e0i \u0111\u1eb7t DHCP, c\u00e0i \u0111\u1eb7t VLAN, t\u00ean mi\u1ec1n \u0111\u1ed9ng (Dynamic DNS), c\u1ea5u h\u00ecnh b\u1ea3ng \u0111\u1ecbnh tuy\u1ebfn, c\u00e0i \u0111\u1eb7t WLAN, chuy\u1ec3n ti\u1ebfp c\u1ed5ng (Port Forwarding), chuy\u1ec3n h\u01b0\u1edbng c\u1ed5ng (Port Redirection), c\u00e0i \u0111\u1eb7t DMZ, \u1ee9ng d\u1ee5ng v\u00e0 c\u1ea5u h\u00ecnh c\u1ed5ng serial, c\u00e0i \u0111\u1eb7t UPnP, VRRP, RIP, OSPF, DHCP t\u0129nh, v.v. Ngo\u00e0i ra, h\u1ec7 th\u1ed1ng c\u00f2n h\u1ed7 tr\u1ee3 c\u00e1c ch\u1ee9c n\u0103ng t\u01b0\u1eddng l\u1eeda nh\u01b0 l\u1ecdc IP, l\u1ecdc MAC, l\u1ecdc URL, l\u1ecdc t\u1eeb kh\u00f3a v\u00e0 danh s\u00e1ch \u0111en\/tr\u1eafng \u0111\u1ecba ch\u1ec9 IP, v.v., c\u00f9ng c\u00e1c ch\u1ee9c n\u0103ng \u0111\u01b0\u1eddng h\u1ea7m VPN nh\u01b0 GRE, IPSec, PPTP, L2TP, OpenVPN, v.v. H\u1ec7 th\u1ed1ng qu\u1ea3n l\u00fd m\u1ea1ng mang \u0111\u1ebfn tr\u1ea3i nghi\u1ec7m ng\u01b0\u1eddi d\u00f9ng t\u1ed1t nh\u1edd thi\u1ebft k\u1ebf giao di\u1ec7n th\u00e2n thi\u1ec7n c\u00f9ng thao t\u00e1c \u0111\u01a1n gi\u1ea3n v\u00e0 thu\u1eadn ti\u1ec7n.<\/p>\n<p style=\"font-weight: 400;\">Thi\u1ebft b\u1ecb s\u1eed d\u1ee5ng c\u01a1 ch\u1ebf d\u1ef1 ph\u00f2ng hai SIM (Dual-SIM) nh\u1eb1m \u0111\u1ea3m b\u1ea3o k\u1ebft n\u1ed1i m\u1ea1ng kh\u00f4ng d\u00e2y \u1ed5n \u0111\u1ecbnh. Ngu\u1ed3n c\u1ea5p \u0111\u1ea7u v\u00e0o c\u00f3 hai \u0111\u01b0\u1eddng c\u1ea5p ngu\u1ed3n, gi\u00fap thi\u1ebft b\u1ecb v\u1eabn ho\u1ea1t \u0111\u1ed9ng b\u00ecnh th\u01b0\u1eddng khi m\u1ed9t ngu\u1ed3n g\u1eb7p s\u1ef1 c\u1ed1. N\u00fat RESET cho ph\u00e9p kh\u1edfi \u0111\u1ed9ng l\u1ea1i thi\u1ebft b\u1ecb v\u00e0 kh\u00f4i ph\u1ee5c c\u00e0i \u0111\u1eb7t g\u1ed1c. Ph\u1ea7n c\u1ee9ng \u00e1p d\u1ee5ng thi\u1ebft k\u1ebf kh\u00f4ng qu\u1ea1t, ti\u00eau th\u1ee5 \u0111i\u1ec7n n\u0103ng th\u1ea5p, d\u1ea3i nhi\u1ec7t \u0111\u1ed9 v\u00e0 \u0111i\u1ec7n \u00e1p r\u1ed9ng, ph\u00f9 h\u1ee3p v\u1edbi nhi\u1ec1u m\u00f4i tr\u01b0\u1eddng c\u00f4ng nghi\u1ec7p kh\u1eafc nghi\u1ec7t. Thi\u1ebft b\u1ecb c\u00f3 th\u1ec3 \u0111\u01b0\u1ee3c \u1ee9ng d\u1ee5ng r\u1ed9ng r\u00e3i trong c\u00e1c l\u0129nh v\u1ef1c c\u00f4ng nghi\u1ec7p nh\u01b0 t\u1ef1 \u0111\u1ed9ng h\u00f3a nh\u00e0 m\u00e1y, c\u00f4ng nghi\u1ec7p h\u00f3a d\u1ea7u, gi\u00e1m s\u00e1t \u0111i\u1ec7n l\u1ef1c, gi\u00e1m s\u00e1t th\u1ee7y l\u1ee3i v\u00e0 nhi\u1ec1u \u1ee9ng d\u1ee5ng kh\u00e1c.<\/p>\n<h2><strong>T\u00ednh n\u0103ng v\u00e0 \u01b0u \u0111i\u1ec3m<\/strong><\/h2>\n<p><span style=\"font-weight: 400;\">H\u1ed7 tr\u1ee3 d\u1ef1 ph\u00f2ng hai SIM (Dual-SIM) v\u00e0 m\u1ea1ng di \u0111\u1ed9ng Cellular. Thi\u1ebft b\u1ecb \u0111\u01b0\u1ee3c t\u00edch h\u1ee3p c\u00e1c m\u00f4-\u0111un truy\u1ec1n th\u00f4ng kh\u00f4ng d\u00e2y 2G\/3G\/4G.<\/span><br style=\"font-weight: 400;\" \/><span style=\"font-weight: 400;\">H\u1ed7 tr\u1ee3 chuy\u1ec3n \u0111\u1ed5i d\u1ef1 ph\u00f2ng gi\u1eefa PPPoE, DHCP, IP t\u0129nh v\u00e0 m\u1ea1ng 4G \u0111\u1ec3 ph\u00f9 h\u1ee3p v\u1edbi c\u00e1c k\u1ecbch b\u1ea3n \u1ee9ng d\u1ee5ng kh\u00e1c nhau<\/span><br style=\"font-weight: 400;\" \/><span style=\"font-weight: 400;\">H\u1ed7 tr\u1ee3 t\u01b0\u1eddng l\u1eeda m\u1ea1ng, cho ph\u00e9p th\u1ef1c hi\u1ec7n l\u1ecdc v\u00e0 chuy\u1ec3n ti\u1ebfp theo quy t\u1eafc \u0111\u1ed1i v\u1edbi IP, MAC, URL, t\u1eeb kh\u00f3a, danh s\u00e1ch \u0111en\/tr\u1eafng \u0111\u1ecba ch\u1ec9 IP, v.v<\/span><br style=\"font-weight: 400;\" \/><span style=\"font-weight: 400;\">DHCP, m\u00e1y ch\u1ee7 DHCP c\u00f3 th\u1ec3 \u0111\u01b0\u1ee3c s\u1eed d\u1ee5ng \u0111\u1ec3 ph\u00e2n ph\u1ed1i \u0111\u1ecba ch\u1ec9 IP theo c\u00e1c ch\u00ednh s\u00e1ch kh\u00e1c nhau.<\/span><br style=\"font-weight: 400;\" \/><span style=\"font-weight: 400;\">H\u1ed7 tr\u1ee3 ch\u1ee9c n\u0103ng DDNS, cho ph\u00e9p ng\u01b0\u1eddi d\u00f9ng truy c\u1eadp m\u00e1y ch\u1ee7 th\u00f4ng qua t\u00ean mi\u1ec1n<\/span><br style=\"font-weight: 400;\" \/><span style=\"font-weight: 400;\">H\u1ed7 tr\u1ee3 c\u00e1c giao th\u1ee9c m\u00e3 h\u00f3a VPN nh\u01b0 GRE, PPTP, L2TP, IPSEC v\u00e0 OpenVPN, gi\u00fap \u0111\u1ea3m b\u1ea3o t\u00ednh ri\u00eang t\u01b0 v\u00e0 to\u00e0n v\u1eb9n d\u1eef li\u1ec7u, \u0111\u1ed3ng th\u1eddi ng\u0103n ch\u1eb7n c\u00e1c cu\u1ed9c t\u1ea5n c\u00f4ng ph\u00e1t l\u1ea1i (replay attack)<\/span><br style=\"font-weight: 400;\" \/><span style=\"font-weight: 400;\">H\u1ed7 tr\u1ee3 nhi\u1ec1u ch\u1ebf \u0111\u1ed9 ho\u1ea1t \u0111\u1ed9ng c\u1ed5ng serial nh\u01b0 RealCom, TCP Server, TCP Client, UDP Server, UDP Client, v.v.<\/span><br style=\"font-weight: 400;\" \/><span style=\"font-weight: 400;\">H\u1ed7 tr\u1ee3 c\u1ea5u h\u00ecnh VLAN, gi\u00fap \u0111\u01a1n gi\u1ea3n h\u00f3a vi\u1ec7c thi\u1ebft k\u1ebf m\u1ea1ng<\/span><br style=\"font-weight: 400;\" \/><span style=\"font-weight: 400;\">Qu\u1ea3n l\u00fd log ghi l\u1ea1i th\u00f4ng tin kh\u1edfi \u0111\u1ed9ng, v\u1eadn h\u00e0nh v\u00e0 k\u1ebft n\u1ed1i c\u1ee7a thi\u1ebft b\u1ecb<\/span><br style=\"font-weight: 400;\" \/><span style=\"font-weight: 400;\">VRRP, RIP, OSPF cho ph\u00e9p tri\u1ec3n khai c\u1ea5u h\u00ecnh \u0111\u1ecbnh tuy\u1ebfn \u0111\u1ed9ng<\/span><br style=\"font-weight: 400;\" \/><span style=\"font-weight: 400;\">H\u1ed7 tr\u1ee3 kh\u1edfi \u0111\u1ed9ng l\u1ea1i theo l\u1ecbch v\u00e0 kh\u1edfi \u0111\u1ed9ng l\u1ea1i khi ki\u1ec3m tra li\u00ean k\u1ebft ICMP<\/span><br style=\"font-weight: 400;\" \/><span style=\"font-weight: 400;\">H\u1ed7 tr\u1ee3 watchdog ph\u1ea7n c\u1ee9ng, gi\u00fap \u0111\u1ea3m b\u1ea3o \u0111\u1ed9 tin c\u1eady c\u1ee7a h\u1ec7 th\u1ed1ng<\/span><br style=\"font-weight: 400;\" \/><span style=\"font-weight: 400;\">Ping Test, System Log v\u00e0 Router Tracing gi\u00fap th\u1ef1c hi\u1ec7n ch\u1ea9n \u0111o\u00e1n m\u1ea1ng v\u00e0 x\u1eed l\u00fd s\u1ef1 c\u1ed1<\/span><\/p>","protected":false},"excerpt":{"rendered":"<h1>B\u1ed9 \u0111\u1ecbnh tuy\u1ebfn kh\u00f4ng d\u00e2y 4G c\u00f4ng nghi\u1ec7p, l\u1eafp \u0111\u1eb7t tr\u00ean thanh DIN<\/h1>\n<p>H\u1ed7 tr\u1ee3 1 c\u1ed5ng WAN 100M, 4 c\u1ed5ng LAN 100M, 1 c\u1ed5ng serial RS-232\/485\/422, 2 giao di\u1ec7n anten WiFi, 2 giao di\u1ec7n anten LTE v\u00e0 2 khe c\u1eafm SIM<br \/>\nH\u1ed7 tr\u1ee3 t\u1ea5t c\u1ea3 c\u00e1c m\u1ea1ng 4G bao g\u1ed3m FDD, TDD, WCDMA, TD-SCDMA, HSPA, CDMA v\u00e0 EVDO<br \/>\nNhi\u1ec1u ch\u1ebf \u0111\u1ed9 c\u1ed5ng serial: Realcom, TCP Server\/Client, UDP Server\/Client<br \/>\nD\u1ef1 ph\u00f2ng hai SIM (Dual-SIM) gi\u00fap \u0111\u1ea3m b\u1ea3o k\u1ebft n\u1ed1i m\u1ea1ng kh\u00f4ng d\u00e2y \u1ed5n \u0111\u1ecbnh.<br \/>\nT\u00edch h\u1ee3p b\u1ea3o m\u1eadt VPN v\u1edbi h\u1ed7 tr\u1ee3 OpenVPN, IPsec, PPTP v\u00e0 L2TP<br \/>\nD\u1ef1 ph\u00f2ng ngu\u1ed3n k\u00e9p v\u1edbi b\u1ea3o v\u1ec7 ch\u1ed1ng \u0111\u1ea3o c\u1ef1c, \u0111i\u1ec7n \u00e1p \u0111\u1ea7u v\u00e0o: 12~36VDC<br \/>\nD\u1ea3i nhi\u1ec7t \u0111\u1ed9 ho\u1ea1t \u0111\u1ed9ng r\u1ed9ng: -40~75\u2103, \u0111\u1ea3m b\u1ea3o \u0111\u1ed9 tin c\u1eady \u0111\u1ea1t chu\u1ea9n c\u00f4ng nghi\u1ec7p<\/p>","protected":false},"featured_media":2681,"template":"","meta":[],"product_brand":[],"product_cat":[65],"product_tag":[],"class_list":{"0":"post-2677","1":"product","2":"type-product","3":"status-publish","4":"has-post-thumbnail","6":"product_cat-4g-router","8":"first","9":"instock","10":"shipping-taxable","11":"product-type-simple"},"acf":[],"_links":{"self":[{"href":"https:\/\/3onedatavn.com\/vi\/wp-json\/wp\/v2\/product\/2677","targetHints":{"allow":["GET"]}}],"collection":[{"href":"https:\/\/3onedatavn.com\/vi\/wp-json\/wp\/v2\/product"}],"about":[{"href":"https:\/\/3onedatavn.com\/vi\/wp-json\/wp\/v2\/types\/product"}],"wp:featuredmedia":[{"embeddable":true,"href":"https:\/\/3onedatavn.com\/vi\/wp-json\/wp\/v2\/media\/2681"}],"wp:attachment":[{"href":"https:\/\/3onedatavn.com\/vi\/wp-json\/wp\/v2\/media?parent=2677"}],"wp:term":[{"taxonomy":"product_brand","embeddable":true,"href":"https:\/\/3onedatavn.com\/vi\/wp-json\/wp\/v2\/product_brand?post=2677"},{"taxonomy":"product_cat","embeddable":true,"href":"https:\/\/3onedatavn.com\/vi\/wp-json\/wp\/v2\/product_cat?post=2677"},{"taxonomy":"product_tag","embeddable":true,"href":"https:\/\/3onedatavn.com\/vi\/wp-json\/wp\/v2\/product_tag?post=2677"}],"curies":[{"name":"wp","href":"https:\/\/api.w.org\/{rel}","templated":true}]}}