{"id":2683,"date":"2026-01-14T11:32:29","date_gmt":"2026-01-14T04:32:29","guid":{"rendered":"https:\/\/3onedatavn.com\/?post_type=product&#038;p=2683"},"modified":"2026-01-14T11:32:29","modified_gmt":"2026-01-14T04:32:29","slug":"icpe2600-series","status":"publish","type":"product","link":"https:\/\/3onedatavn.com\/vi\/san-pham\/icpe2600-series\/","title":{"rendered":"ICPE2600 Series"},"content":{"rendered":"<h2>T\u1ed5ng quan v\u1ec1 B\u1ed9 \u0111\u1ecbnh tuy\u1ebfn 5G c\u00f4ng nghi\u1ec7p d\u00f2ng ICPE2600 c\u1ee7a 3onedata<\/h2>\n<p>D\u00f2ng ICPE2600 l\u00e0 b\u1ed9 \u0111\u1ecbnh tuy\u1ebfn kh\u00f4ng d\u00e2y 5G c\u00f4ng nghi\u1ec7p. Ngu\u1ed3n c\u1ea5p PoE c\u1ee7a thi\u1ebft b\u1ecb tu\u00e2n theo ti\u00eau chu\u1ea9n giao th\u1ee9c IEEE802.3af\/at. D\u00f2ng s\u1ea3n ph\u1ea9m n\u00e0y g\u1ed3m hai model, cung c\u1ea5p c\u1ed5ng WAN Gigabit PoE, c\u1ed5ng LAN Gigabit, c\u00e1c giao di\u1ec7n \u0103ng-ten 2.4G, 5.8G v\u00e0 5G Sub-6G. Thi\u1ebft b\u1ecb h\u1ed7 tr\u1ee3 l\u1eafp \u0111\u1eb7t treo t\u01b0\u1eddng ho\u1eb7c g\u1eafn c\u1ed9t, \u0111\u00e1p \u1ee9ng y\u00eau c\u1ea7u c\u1ee7a nhi\u1ec1u k\u1ecbch b\u1ea3n \u1ee9ng d\u1ee5ng kh\u00e1c nhau.<br \/>\nQu\u1ea3n l\u00fd m\u1ea1ng h\u1ed7 tr\u1ee3 nhi\u1ec1u ch\u1ee9c n\u0103ng ph\u1ea7n m\u1ec1m, bao g\u1ed3m WAN di \u0111\u1ed9ng 3G\/4G\/5G, Ethernet WAN, ki\u1ec3m tra li\u00ean k\u1ebft ICMP, sao l\u01b0u li\u00ean k\u1ebft (Link Backup), t\u00ean mi\u1ec1n \u0111\u1ed9ng (DDNS), c\u1ea5u h\u00ecnh b\u1ea3ng \u0111\u1ecbnh tuy\u1ebfn, thi\u1ebft l\u1eadp WLAN, chuy\u1ec3n ti\u1ebfp c\u1ed5ng (Port Forwarding), chuy\u1ec3n h\u01b0\u1edbng c\u1ed5ng (Port Redirection), c\u00e0i \u0111\u1eb7t DMZ, UPnP, VRRP, RIP, OSPF, DHCP t\u0129nh, QoS, v.v. Thi\u1ebft b\u1ecb c\u0169ng h\u1ed7 tr\u1ee3 c\u00e1c ch\u1ee9c n\u0103ng t\u01b0\u1eddng l\u1eeda, nh\u01b0 l\u1ecdc IP, l\u1ecdc MAC, l\u1ecdc URL v\u00e0 l\u1ecdc t\u1eeb kh\u00f3a, c\u00f9ng c\u00e1c ch\u1ee9c n\u0103ng \u0111\u01b0\u1eddng h\u1ea7m VPN bao g\u1ed3m GRE, IPSec, PPTP v\u00e0 L2TP. H\u1ec7 th\u1ed1ng mang \u0111\u1ebfn tr\u1ea3i nghi\u1ec7m s\u1eed d\u1ee5ng t\u1ed1t nh\u1edd giao di\u1ec7n qu\u1ea3n l\u00fd m\u1ea1ng \u0111\u01b0\u1ee3c thi\u1ebft k\u1ebf th\u00e2n thi\u1ec7n, thao t\u00e1c \u0111\u01a1n gi\u1ea3n v\u00e0 thu\u1eadn ti\u1ec7n cho ng\u01b0\u1eddi d\u00f9ng.<br \/>\nN\u00fat RESET cho ph\u00e9p kh\u1edfi \u0111\u1ed9ng l\u1ea1i thi\u1ebft b\u1ecb v\u00e0 kh\u00f4i ph\u1ee5c c\u00e0i \u0111\u1eb7t m\u1eb7c \u0111\u1ecbnh c\u1ee7a nh\u00e0 m\u00e1y ch\u1ec9 b\u1eb1ng m\u1ed9t thao t\u00e1c. T\u1ea5t c\u1ea3 c\u00e1c linh ki\u1ec7n \u0111\u1ec1u \u0111\u1ea1t c\u1ea5p c\u00f4ng nghi\u1ec7p, v\u1edbi c\u1ea5p b\u1ea3o v\u1ec7 IP68, gi\u00fap thi\u1ebft b\u1ecb th\u00edch nghi v\u1edbi c\u00e1c m\u00f4i tr\u01b0\u1eddng ngo\u00e0i tr\u1eddi kh\u1eafc nghi\u1ec7t. Thi\u1ebft b\u1ecb c\u00f3 th\u1ec3 \u0111\u01b0\u1ee3c \u1ee9ng d\u1ee5ng r\u1ed9ng r\u00e3i trong c\u00e1c l\u0129nh v\u1ef1c nh\u01b0 giao th\u00f4ng \u0111\u01b0\u1eddng s\u1eaft, an ninh gi\u00e1m s\u00e1t, th\u00e0nh ph\u1ed1 th\u00f4ng minh, h\u00e0nh lang \u0111\u01b0\u1eddng \u1ed1ng t\u1ed5ng h\u1ee3p, t\u1ef1 \u0111\u1ed9ng h\u00f3a s\u1ea3n xu\u1ea5t, c\u1ed9t \u0111\u00e8n th\u00f4ng minh v\u00e0 nhi\u1ec1u ng\u00e0nh c\u00f4ng nghi\u1ec7p kh\u00e1c.<\/p>\n<p><strong>T\u00ednh n\u0103ng b\u1ed5 sung<\/strong><br \/>\nH\u1ed7 tr\u1ee3 k\u1ebft n\u1ed1i kh\u00f4ng d\u00e2y t\u1ed1c \u0111\u1ed9 cao: t\u1ed1c \u0111\u1ed9 truy\u1ec1n 2.4GHz c\u00f3 th\u1ec3 \u0111\u1ea1t 300Mbps, 5.8GHz c\u00f3 th\u1ec3 \u0111\u1ea1t 867Mbps, v\u00e0 5G Sub-6G c\u00f3 th\u1ec3 \u0111\u1ea1t t\u1edbi 2Gbps<br \/>\nH\u1ed7 tr\u1ee3 hai b\u0103ng t\u1ea7n 2\u00d72 MIMO v\u1edbi 4 \u0103ng-ten \u0111a h\u01b0\u1edbng dual-RF; h\u1ed7 tr\u1ee3 5G Sub-6G 4\u00d74 MIMO v\u1edbi 4 \u0103ng-ten \u0111a h\u01b0\u1edbng.<br \/>\nH\u1ed7 tr\u1ee3 hai khe SIM d\u1ef1 ph\u00f2ng (dual SIM) cho m\u1ea1ng di \u0111\u1ed9ng, \u0111\u1ea3m b\u1ea3o kh\u1ea3 n\u0103ng k\u1ebft n\u1ed1i li\u00ean t\u1ee5c. Thi\u1ebft b\u1ecb \u0111\u01b0\u1ee3c t\u00edch h\u1ee3p s\u1eb5n module truy\u1ec1n th\u00f4ng kh\u00f4ng d\u00e2y 5G.<br \/>\nH\u1ed7 tr\u1ee3 quay s\u1ed1 PPPoE, nh\u1eadn \u0111\u1ecba ch\u1ec9 IP qua DHCP, v\u00e0 chuy\u1ec3n \u0111\u1ed5i d\u1ef1 ph\u00f2ng gi\u1eefa IP t\u0129nh v\u00e0 m\u1ea1ng di \u0111\u1ed9ng 3G\/4G\/5G, ph\u00f9 h\u1ee3p v\u1edbi nhi\u1ec1u k\u1ecbch b\u1ea3n \u1ee9ng d\u1ee5ng kh\u00e1c nhau<br \/>\nH\u1ed7 tr\u1ee3 t\u01b0\u1eddng l\u1eeda m\u1ea1ng, cho ph\u00e9p th\u1ef1c hi\u1ec7n l\u1ecdc v\u00e0 chuy\u1ec3n ti\u1ebfp theo IP, MAC, URL, t\u1eeb kh\u00f3a, v.v.<br \/>\nH\u1ed7 tr\u1ee3 m\u00e1y ch\u1ee7 DHCP, cho ph\u00e9p ph\u00e2n ph\u1ed1i \u0111\u1ecba ch\u1ec9 IP theo nhi\u1ec1u chi\u1ebfn l\u01b0\u1ee3c kh\u00e1c nhau.<br \/>\nH\u1ed7 tr\u1ee3 ch\u1ee9c n\u0103ng DDNS, cho ph\u00e9p ng\u01b0\u1eddi d\u00f9ng truy c\u1eadp m\u00e1y ch\u1ee7 th\u00f4ng qua t\u00ean mi\u1ec1n<br \/>\nH\u1ed7 tr\u1ee3 c\u00e1c giao th\u1ee9c m\u00e3 h\u00f3a VPN nh\u01b0 GRE, PPTP, L2TP v\u00e0 IPSec, gi\u00fap \u0111\u1ea3m b\u1ea3o t\u00ednh ri\u00eang t\u01b0 v\u00e0 to\u00e0n v\u1eb9n d\u1eef li\u1ec7u, \u0111\u1ed3ng th\u1eddi ng\u0103n ch\u1eb7n c\u00e1c cu\u1ed9c t\u1ea5n c\u00f4ng ph\u00e1t l\u1ea1i (replay attack)<br \/>\nH\u1ed7 tr\u1ee3 c\u00e1c ch\u1ee9c n\u0103ng chuy\u1ec3n ti\u1ebfp c\u1ed5ng (Port Forwarding), chuy\u1ec3n h\u01b0\u1edbng c\u1ed5ng (Port Redirection), v.v., cho ph\u00e9p th\u1ef1c hi\u1ec7n chuy\u1ec3n \u0111\u1ed5i \u0111\u1ecba ch\u1ec9 (Address Translation)<br \/>\nVRRP, RIP, OSPF cho ph\u00e9p tri\u1ec3n khai c\u1ea5u h\u00ecnh \u0111\u1ecbnh tuy\u1ebfn \u0111\u1ed9ng<br \/>\nQoS h\u1ed7 tr\u1ee3 ph\u00e2n lo\u1ea1i l\u01b0u l\u01b0\u1ee3ng th\u1eddi gian th\u1ef1c v\u00e0 thi\u1ebft l\u1eadp m\u1ee9c \u0111\u1ed9 \u01b0u ti\u00ean<br \/>\nH\u1ed7 tr\u1ee3 nh\u1eadt k\u00fd h\u1ec7 th\u1ed1ng (System Log), ki\u1ec3m tra Ping (Ping Test) v\u00e0 theo d\u00f5i tuy\u1ebfn \u0111\u01b0\u1eddng (Route Tracking), gi\u00fap ng\u01b0\u1eddi d\u00f9ng th\u1ef1c hi\u1ec7n ch\u1ea9n \u0111o\u00e1n v\u00e0 x\u1eed l\u00fd s\u1ef1 c\u1ed1 m\u1ea1ng.<\/p>","protected":false},"excerpt":{"rendered":"<h1>Router 5G c\u00f4ng nghi\u1ec7p<\/h1>\n<p>H\u1ed7 tr\u1ee3 1\u00d7Gigabit PoE WAN, 1\u00d7Gigabit LAN, 2\u00d7anten 2.4G, 2\u00d7anten 5.8G v\u00e0 4\u00d7anten 5G Sub-6G, \u0111\u00e1p \u1ee9ng nhu c\u1ea7u b\u0103ng th\u00f4ng cao cho \u1ee9ng d\u1ee5ng c\u00f4ng nghi\u1ec7p<br \/>\nH\u1ed7 tr\u1ee3 m\u1ea1ng di \u0111\u1ed9ng kh\u00f4ng d\u00e2y 5G NR, t\u01b0\u01a1ng th\u00edch v\u1edbi to\u00e0n b\u1ed9 c\u00e1c m\u1ea1ng 3G\/4G LTE<br \/>\nH\u1ed7 tr\u1ee3 b\u0103ng t\u1ea7n k\u00e9p 2.4GHz v\u00e0 5.8GHz<br \/>\nH\u1ed7 tr\u1ee3 ngu\u1ed3n v\u00e0o 12\u201348VDC; c\u1ed5ng WAN h\u1ed7 tr\u1ee3 PoE 48VDC<br \/>\nH\u1ed7 tr\u1ee3 d\u1ea3i nhi\u1ec7t \u0111\u1ed9 ho\u1ea1t \u0111\u1ed9ng r\u1ed9ng t\u1eeb -40\u00b0C \u0111\u1ebfn 75\u00b0C<\/p>","protected":false},"featured_media":2686,"template":"","meta":[],"product_brand":[],"product_cat":[66],"product_tag":[],"class_list":{"0":"post-2683","1":"product","2":"type-product","3":"status-publish","4":"has-post-thumbnail","6":"product_cat-5g-router","8":"first","9":"instock","10":"shipping-taxable","11":"product-type-simple"},"acf":[],"_links":{"self":[{"href":"https:\/\/3onedatavn.com\/vi\/wp-json\/wp\/v2\/product\/2683","targetHints":{"allow":["GET"]}}],"collection":[{"href":"https:\/\/3onedatavn.com\/vi\/wp-json\/wp\/v2\/product"}],"about":[{"href":"https:\/\/3onedatavn.com\/vi\/wp-json\/wp\/v2\/types\/product"}],"wp:featuredmedia":[{"embeddable":true,"href":"https:\/\/3onedatavn.com\/vi\/wp-json\/wp\/v2\/media\/2686"}],"wp:attachment":[{"href":"https:\/\/3onedatavn.com\/vi\/wp-json\/wp\/v2\/media?parent=2683"}],"wp:term":[{"taxonomy":"product_brand","embeddable":true,"href":"https:\/\/3onedatavn.com\/vi\/wp-json\/wp\/v2\/product_brand?post=2683"},{"taxonomy":"product_cat","embeddable":true,"href":"https:\/\/3onedatavn.com\/vi\/wp-json\/wp\/v2\/product_cat?post=2683"},{"taxonomy":"product_tag","embeddable":true,"href":"https:\/\/3onedatavn.com\/vi\/wp-json\/wp\/v2\/product_tag?post=2683"}],"curies":[{"name":"wp","href":"https:\/\/api.w.org\/{rel}","templated":true}]}}