{"id":2687,"date":"2026-01-14T11:40:37","date_gmt":"2026-01-14T04:40:37","guid":{"rendered":"https:\/\/3onedatavn.com\/?post_type=product&#038;p=2687"},"modified":"2026-01-14T11:40:37","modified_gmt":"2026-01-14T04:40:37","slug":"icpe2300-series","status":"publish","type":"product","link":"https:\/\/3onedatavn.com\/vi\/san-pham\/icpe2300-series\/","title":{"rendered":"ICPE2300 Series"},"content":{"rendered":"<p style=\"font-weight: 400;\"><strong>Gi\u1edbi thi\u1ec7u<\/strong><\/p>\n<p style=\"font-weight: 400;\">D\u00f2ng ICPE2300 l\u00e0 b\u1ed9 \u0111\u1ecbnh tuy\u1ebfn kh\u00f4ng d\u00e2y 5G c\u00f4ng nghi\u1ec7p. Ch\u1ee9c n\u0103ng nh\u1eadn ngu\u1ed3n PoE tu\u00e2n th\u1ee7 ti\u00eau chu\u1ea9n giao th\u1ee9c IEEE802.3af\/at. D\u00f2ng s\u1ea3n ph\u1ea9m n\u00e0y g\u1ed3m hai model, cung c\u1ea5p nhi\u1ec1u giao di\u1ec7n nh\u01b0 c\u1ed5ng COMBO, c\u1ed5ng \u0111\u1ed3ng Gigabit, USB, giao di\u1ec7n anten 2.4G, giao di\u1ec7n anten 5.8G, giao di\u1ec7n anten 5G Sub-6G, RS-232, RS-485\/422, CAN v\u00e0 I\/O. Thi\u1ebft b\u1ecb s\u1eed d\u1ee5ng ki\u1ec3u l\u1eafp \u0111\u1eb7t thanh DIN, \u0111\u00e1p \u1ee9ng y\u00eau c\u1ea7u c\u1ee7a nhi\u1ec1u k\u1ecbch b\u1ea3n \u1ee9ng d\u1ee5ng kh\u00e1c nhau.<\/p>\n<p style=\"font-weight: 400;\">H\u1ec7 th\u1ed1ng qu\u1ea3n l\u00fd m\u1ea1ng h\u1ed7 tr\u1ee3 nhi\u1ec1u ch\u1ee9c n\u0103ng ph\u1ea7n m\u1ec1m nh\u01b0: WAN di \u0111\u1ed9ng 3G\/4G\/5G, c\u00e0i \u0111\u1eb7t WAN, roaming WIFI &amp; 4G\/5G, ki\u1ec3m tra li\u00ean k\u1ebft ICMP, d\u1ef1 ph\u00f2ng \u0111\u01b0\u1eddng truy\u1ec1n (Link Backup), t\u00ean mi\u1ec1n \u0111\u1ed9ng (Dynamic DNS), c\u1ea5u h\u00ecnh danh s\u00e1ch \u0111\u1ecbnh tuy\u1ebfn, c\u00e0i \u0111\u1eb7t WLAN, chuy\u1ec3n ti\u1ebfp c\u1ed5ng (Port Forwarding), chuy\u1ec3n h\u01b0\u1edbng c\u1ed5ng (Port Redirection), c\u00e0i \u0111\u1eb7t DMZ, UPnP, VRRP, RIP, OSPF, DHCP t\u0129nh, QoS, v.v. Ngo\u00e0i ra, h\u1ec7 th\u1ed1ng c\u00f2n h\u1ed7 tr\u1ee3 c\u00e1c ch\u1ee9c n\u0103ng t\u01b0\u1eddng l\u1eeda nh\u01b0 l\u1ecdc IP, l\u1ecdc MAC, l\u1ecdc URL, l\u1ecdc t\u1eeb kh\u00f3a, danh s\u00e1ch \u0111en\/tr\u1eafng \u0111\u1ecba ch\u1ec9 IP v\u00e0 c\u00e1c ch\u1ee9c n\u0103ng \u0111\u01b0\u1eddng h\u1ea7m VPN bao g\u1ed3m GRE, IPSec, PPTP, L2TP. M\u1ed7i c\u1ed5ng serial ho\u1eb7c c\u1ed5ng CAN h\u1ed7 tr\u1ee3 4 phi\u00ean TCP ho\u1eb7c UDP, \u0111\u1ed3ng th\u1eddi h\u1ed7 tr\u1ee3 nhi\u1ec1u ch\u1ebf \u0111\u1ed9 ho\u1ea1t \u0111\u1ed9ng nh\u01b0 TCP Server, TCP Client, UDP Server, UDP Client, UDP Range v\u00e0 UDP Multicast. C\u1ed5ng I\/O h\u1ed7 tr\u1ee3 c\u00e1c ch\u1ebf \u0111\u1ed9 l\u00e0m vi\u1ec7c nh\u01b0 DI, Counter, DO v\u00e0 Pulse Output. H\u1ec7 th\u1ed1ng qu\u1ea3n l\u00fd m\u1ea1ng mang \u0111\u1ebfn tr\u1ea3i nghi\u1ec7m ng\u01b0\u1eddi d\u00f9ng t\u1ed1t nh\u1edd giao di\u1ec7n th\u00e2n thi\u1ec7n c\u00f9ng thao t\u00e1c d\u1ec5 d\u00e0ng v\u00e0 thu\u1eadn ti\u1ec7n.<\/p>\n<p style=\"font-weight: 400;\">N\u00fat RESET cho ph\u00e9p kh\u1edfi \u0111\u1ed9ng l\u1ea1i thi\u1ebft b\u1ecb v\u00e0 kh\u00f4i ph\u1ee5c c\u00e0i \u0111\u1eb7t g\u1ed1c ch\u1ec9 b\u1eb1ng m\u1ed9t thao t\u00e1c. Ph\u1ea7n c\u1ee9ng s\u1eed d\u1ee5ng thi\u1ebft k\u1ebf kh\u00f4ng qu\u1ea1t, ti\u00eau th\u1ee5 \u0111i\u1ec7n n\u0103ng th\u1ea5p, d\u1ea3i nhi\u1ec7t \u0111\u1ed9 v\u00e0 \u0111i\u1ec7n \u00e1p r\u1ed9ng, \u0111\u1ed3ng th\u1eddi \u0111\u00e3 v\u01b0\u1ee3t qua c\u00e1c b\u00e0i ki\u1ec3m tra ti\u00eau chu\u1ea9n c\u00f4ng nghi\u1ec7p nghi\u00eam ng\u1eb7t, ph\u00f9 h\u1ee3p v\u1edbi m\u00f4i tr\u01b0\u1eddng c\u00f4ng nghi\u1ec7p c\u00f3 y\u00eau c\u1ea7u cao v\u1ec1 t\u01b0\u01a1ng th\u00edch \u0111i\u1ec7n t\u1eeb (EMC). Thi\u1ebft b\u1ecb c\u00f3 th\u1ec3 \u0111\u01b0\u1ee3c \u1ee9ng d\u1ee5ng r\u1ed9ng r\u00e3i trong t\u1ef1 \u0111\u1ed9ng h\u00f3a nh\u00e0 m\u00e1y, c\u00f4ng nghi\u1ec7p h\u00f3a d\u1ea7u, gi\u00e1m s\u00e1t \u0111i\u1ec7n l\u1ef1c, m\u1ea1ng LAN trong nh\u00e0, chuy\u1ec3n \u0111\u1ed5i t\u00edn hi\u1ec7u 5G th\u00e0nh v\u00f9ng ph\u1ee7 WiFi, tri\u1ec3n khai truy c\u1eadp t\u1eeb xa cho thi\u1ebft b\u1ecb \u0111\u1ea7u cu\u1ed1i th\u00f4ng qua 5G v\u00e0 nhi\u1ec1u l\u0129nh v\u1ef1c c\u00f4ng nghi\u1ec7p kh\u00e1c.<\/p>","protected":false},"excerpt":{"rendered":"<h1>B\u1ed9 \u0111\u1ecbnh tuy\u1ebfn kh\u00f4ng d\u00e2y 5G c\u00f4ng nghi\u1ec7p trong nh\u00e0, l\u1eafp \u0111\u1eb7t tr\u00ean thanh DIN<\/h1>\n<p class=\"15\">H\u1ed7 tr\u1ee3 1 c\u1ed5ng COMBO Gigabit (WAN\/LAN, t\u00f9y ch\u1ecdn RJ45 ho\u1eb7c khe c\u1eafm SFP), 3 c\u1ed5ng \u0111\u1ed3ng Gigabit (LAN), 2 giao di\u1ec7n anten 2.4G, 2 giao di\u1ec7n anten 5.8G v\u00e0 4 giao di\u1ec7n anten 5G Sub-6G (t\u00f9y ch\u1ecdn 2 c\u1ed5ng RS-232, 2 c\u1ed5ng RS-485\/422, 2 c\u1ed5ng CAN v\u00e0 4 I\/O)<\/p>\n<p class=\"15\">C\u1ed5ng CAN v\u00e0 c\u1ed5ng serial h\u1ed7 tr\u1ee3 nhi\u1ec1u ch\u1ebf \u0111\u1ed9 ho\u1ea1t \u0111\u1ed9ng nh\u01b0 TCP Server, TCP Client, UDP Server, UDP Client, v.v.<\/p>\n<p class=\"15\">C\u1ed5ng I\/O h\u1ed7 tr\u1ee3 c\u00e1c ch\u1ebf \u0111\u1ed9 l\u00e0m vi\u1ec7c nh\u01b0 DI, Counter, DO v\u00e0 Pulse Output. C\u00e1c k\u00eanh DI v\u00e0 DO c\u00f3 th\u1ec3 \u0111\u01b0\u1ee3c qu\u1ea3n l\u00fd th\u00f4ng qua Modbus TCP Master<\/p>\n<p class=\"15\">H\u1ed7 tr\u1ee3 m\u1ea1ng di \u0111\u1ed9ng kh\u00f4ng d\u00e2y 5G NR, t\u01b0\u01a1ng th\u00edch v\u1edbi to\u00e0n b\u1ed9 c\u00e1c m\u1ea1ng 3G\/4G LTE<\/p>\n<p class=\"15\">H\u1ed7 tr\u1ee3 b\u0103ng t\u1ea7n k\u00e9p 2.4GHz v\u00e0 5.8GHz<\/p>\n<p class=\"15\">H\u1ed7 tr\u1ee3 ngu\u1ed3n \u0111i\u1ec7n m\u1ed9t chi\u1ec1u 12~48VDC v\u1edbi \u0111\u1ea7u v\u00e0o ngu\u1ed3n k\u00e9p (dual input), v\u00e0 c\u1ed5ng WAN h\u1ed7 tr\u1ee3 c\u1ea5p ngu\u1ed3n PoE 48VDC<\/p>\n<p class=\"15\">H\u1ed7 tr\u1ee3 d\u1ea3i nhi\u1ec7t \u0111\u1ed9 ho\u1ea1t \u0111\u1ed9ng r\u1ed9ng t\u1eeb -40\u00b0C \u0111\u1ebfn 75\u00b0C<\/p>\n<p>&nbsp;<\/p>","protected":false},"featured_media":2691,"template":"","meta":[],"product_brand":[],"product_cat":[66],"product_tag":[],"class_list":{"0":"post-2687","1":"product","2":"type-product","3":"status-publish","4":"has-post-thumbnail","6":"product_cat-5g-router","8":"first","9":"instock","10":"shipping-taxable","11":"product-type-simple"},"acf":[],"_links":{"self":[{"href":"https:\/\/3onedatavn.com\/vi\/wp-json\/wp\/v2\/product\/2687","targetHints":{"allow":["GET"]}}],"collection":[{"href":"https:\/\/3onedatavn.com\/vi\/wp-json\/wp\/v2\/product"}],"about":[{"href":"https:\/\/3onedatavn.com\/vi\/wp-json\/wp\/v2\/types\/product"}],"wp:featuredmedia":[{"embeddable":true,"href":"https:\/\/3onedatavn.com\/vi\/wp-json\/wp\/v2\/media\/2691"}],"wp:attachment":[{"href":"https:\/\/3onedatavn.com\/vi\/wp-json\/wp\/v2\/media?parent=2687"}],"wp:term":[{"taxonomy":"product_brand","embeddable":true,"href":"https:\/\/3onedatavn.com\/vi\/wp-json\/wp\/v2\/product_brand?post=2687"},{"taxonomy":"product_cat","embeddable":true,"href":"https:\/\/3onedatavn.com\/vi\/wp-json\/wp\/v2\/product_cat?post=2687"},{"taxonomy":"product_tag","embeddable":true,"href":"https:\/\/3onedatavn.com\/vi\/wp-json\/wp\/v2\/product_tag?post=2687"}],"curies":[{"name":"wp","href":"https:\/\/api.w.org\/{rel}","templated":true}]}}