{"id":2729,"date":"2026-01-14T16:44:30","date_gmt":"2026-01-14T09:44:30","guid":{"rendered":"https:\/\/3onedatavn.com\/?post_type=product&#038;p=2729"},"modified":"2026-03-09T11:22:25","modified_gmt":"2026-03-09T04:22:25","slug":"icp222-1t2f-2ci-tb-p1248vdc","status":"publish","type":"product","link":"https:\/\/3onedatavn.com\/vi\/san-pham\/icp222-1t2f-2ci-tb-p1248vdc\/","title":{"rendered":"ICP222-1T2F-2CI-TB-P(12~48VDC)"},"content":{"rendered":"<p><strong>Gi\u1edbi thi\u1ec7u<\/strong><\/p>\n<p style=\"font-weight: 400;\">ICP222-1T2F-2CI-TB-P (12~48VDC) l\u00e0 CAN server \u0111\u01b0\u1ee3c t\u00edch h\u1ee3p 2 c\u1ed5ng CAN, 2 c\u1ed5ng quang Ethernet 100M v\u00e0 1 c\u1ed5ng Ethernet \u0111\u1ed3ng 100M. Thi\u1ebft b\u1ecb c\u00f3 th\u1ec3 th\u1ef1c hi\u1ec7n k\u1ebft n\u1ed1i li\u00ean th\u00f4ng gi\u1eefa m\u1ea1ng CAN-Bus v\u00e0 Ethernet nh\u1eb1m m\u1edf r\u1ed9ng h\u01a1n n\u1eefa ph\u1ea1m vi truy\u1ec1n th\u00f4ng c\u1ee7a m\u1ea1ng CAN-Bus. S\u1ea3n ph\u1ea9m h\u1ed7 tr\u1ee3 2 c\u1ed5ng CAN sang 2 c\u1ed5ng Ethernet quang 100M v\u00e0 1 c\u1ed5ng Ethernet \u0111\u1ed3ng 100M. Thi\u1ebft b\u1ecb s\u1eed d\u1ee5ng ph\u01b0\u01a1ng th\u1ee9c l\u1eafp \u0111\u1eb7t DIN-Rail \u0111\u1ec3 \u0111\u00e1p \u1ee9ng y\u00eau c\u1ea7u c\u1ee7a c\u00e1c k\u1ecbch b\u1ea3n \u1ee9ng d\u1ee5ng kh\u00e1c nhau.<\/p>\n<p style=\"font-weight: 400;\">CAN server h\u1ed7 tr\u1ee3 nhi\u1ec1u giao th\u1ee9c m\u1ea1ng nh\u01b0 IPv4, IPv6, TCP, UDP, LLDP, SSH, TELNET, SW-Ring, ARP, ICMP, ICMPv6, HTTP, HTTPS, BOOTP, DNS, DHCP v\u00e0 DHCPv6. Thi\u1ebft b\u1ecb c\u0169ng cung c\u1ea5p c\u00e1c ch\u1ee9c n\u0103ng qu\u1ea3n l\u00fd ho\u00e0n ch\u1ec9nh nh\u01b0 Access Control, Rapid Configuration, Online Upgrading, v.v. M\u1ed7i c\u1ed5ng CAN h\u1ed7 tr\u1ee3 c\u00e1c ch\u1ebf \u0111\u1ed9 ho\u1ea1t \u0111\u1ed9ng TCP Server, TCP Client, UDP Server, UDP Client, UDP Rang, UDP Multicast v\u00e0 c\u00e1c ch\u1ebf \u0111\u1ed9 truy c\u1eadp TELNET, WEB, SSH. H\u1ec7 th\u1ed1ng qu\u1ea3n l\u00fd m\u1ea1ng mang l\u1ea1i tr\u1ea3i nghi\u1ec7m ng\u01b0\u1eddi d\u00f9ng t\u1ed1t v\u1edbi thi\u1ebft k\u1ebf giao di\u1ec7n th\u00e2n thi\u1ec7n, thao t\u00e1c \u0111\u01a1n gi\u1ea3n v\u00e0 thu\u1eadn ti\u1ec7n<\/p>\n<p style=\"font-weight: 400;\">N\u00fat Reset v\u00e0 c\u00f4ng t\u1eafc DIP c\u00f3 th\u1ec3 th\u1ef1c hi\u1ec7n kh\u00f4i ph\u1ee5c thi\u1ebft b\u1ecb v\u1ec1 c\u00e0i \u0111\u1eb7t m\u1eb7c \u0111\u1ecbnh c\u1ee7a nh\u00e0 m\u00e1y v\u00e0 k\u1ebft n\u1ed1i \u0111i\u1ec7n tr\u1edf \u0111\u1ea7u cu\u1ed1i. Ph\u1ea7n c\u1ee9ng \u0111\u01b0\u1ee3c thi\u1ebft k\u1ebf kh\u00f4ng qu\u1ea1t, ti\u00eau th\u1ee5 \u0111i\u1ec7n n\u0103ng th\u1ea5p, d\u1ea3i nhi\u1ec7t \u0111\u1ed9 v\u00e0 \u0111i\u1ec7n \u00e1p r\u1ed9ng, \u0111\u1ed3ng th\u1eddi \u0111\u00e3 v\u01b0\u1ee3t qua c\u00e1c th\u1eed nghi\u1ec7m nghi\u00eam ng\u1eb7t theo ti\u00eau chu\u1ea9n c\u00f4ng nghi\u1ec7p, ph\u00f9 h\u1ee3p v\u1edbi m\u00f4i tr\u01b0\u1eddng c\u00f4ng nghi\u1ec7p c\u00f3 y\u00eau c\u1ea7u kh\u1eaft khe v\u1ec1 EMC. Thi\u1ebft b\u1ecb c\u00f3 th\u1ec3 \u0111\u01b0\u1ee3c s\u1eed d\u1ee5ng r\u1ed9ng r\u00e3i trong \u0111i\u1ec1u khi\u1ec3n v\u00e0 qu\u1ea3n l\u00fd PLC, h\u1ec7 th\u1ed1ng t\u1ef1 \u0111\u1ed9ng h\u00f3a t\u00f2a nh\u00e0, h\u1ec7 th\u1ed1ng t\u1ef1 \u0111\u1ed9ng h\u00f3a y t\u1ebf, thi\u1ebft b\u1ecb \u0111o l\u01b0\u1eddng v\u00e0 h\u1ec7 th\u1ed1ng gi\u00e1m s\u00e1t m\u00f4i tr\u01b0\u1eddng.<\/p>\n<p><br style=\"font-weight: 400;\" \/><br style=\"font-weight: 400;\" \/><br style=\"font-weight: 400;\" \/><span style=\"font-weight: 400;\"><strong>T\u00ednh n\u0103ng b\u1ed5 sung<\/strong><\/span><\/p>\n<p style=\"font-weight: 400;\">\u00a0H\u1ed7 tr\u1ee3 1 c\u1ed5ng Ethernet \u0111\u1ed3ng 10\/100Base-T(X) v\u00e0 2 c\u1ed5ng Ethernet quang 100Base-FX<\/p>\n<p style=\"font-weight: 400;\">\u00a0H\u1ed7 tr\u1ee3 truy\u1ec1n th\u00f4ng t\u1ed1c \u0111\u1ed9 \u0111\u01b0\u1eddng truy\u1ec1n kh\u00f4ng ch\u1eb7n t\u1eeb 5kbps \u0111\u1ebfn 1000kbps<\/p>\n<p style=\"font-weight: 400;\">\u00a0H\u1ed7 tr\u1ee3 nhi\u1ec1u ch\u1ebf \u0111\u1ed9 ho\u1ea1t \u0111\u1ed9ng nh\u01b0 TCP Server, TCP Client, UDP Server, UDP Client, UDP Range v\u00e0 UDP Multicast<\/p>\n<p style=\"font-weight: 400;\">\u00a0SW-Ring c\u00f3 th\u1ec3 th\u1ef1c hi\u1ec7n d\u1ef1 ph\u00f2ng m\u1ea1ng v\u00e0 ng\u0103n ch\u1eb7n b\u00e3o m\u1ea1ng<\/p>\n<p style=\"font-weight: 400;\">\u00a0H\u1ed7 tr\u1ee3 truy\u1ec1n th\u00f4ng xuy\u00ean gateway v\u00e0 xuy\u00ean router<\/p>\n<p style=\"font-weight: 400;\">\u00a0H\u1ed7 tr\u1ee3 thi\u1ebft l\u1eadp th\u1eddi gian heartbeat v\u00e0 ng\u1eaft k\u1ebft n\u1ed1i khi qu\u00e1 th\u1eddi gian, cho ph\u00e9p t\u1ef1 \u0111\u1ed9ng ng\u1eaft c\u00e1c k\u1ebft n\u1ed1i TCP kh\u00f4ng ho\u1ea1t \u0111\u1ed9ng<\/p>\n<p style=\"font-weight: 400;\">\u00a0H\u1ed7 tr\u1ee3 gi\u00e1m s\u00e1t tr\u1ea1ng th\u00e1i v\u00e0 tham s\u1ed1 c\u1ee7a c\u1ed5ng CAN, gi\u00fap tr\u1ea1ng th\u00e1i truy\u1ec1n th\u00f4ng \u0111\u01b0\u1ee3c hi\u1ec3n th\u1ecb r\u00f5 r\u00e0ng<\/p>\n<p style=\"font-weight: 400;\">\u00a0H\u1ed7 tr\u1ee3 t\u1ef1 \u0111\u1ed9ng k\u1ebft n\u1ed1i l\u1ea1i khi m\u1ea1ng b\u1ecb gi\u00e1n \u0111o\u1ea1n \u0111\u1ec3 thi\u1ebft l\u1eadp k\u1ebft n\u1ed1i TCP \u1ed5n \u0111\u1ecbnh<\/p>\n<p style=\"font-weight: 400;\">\u00a0Thi\u1ebft l\u1eadp \u0111\u00f3ng khung d\u1eef li\u1ec7u CAN linh ho\u1ea1t, c\u00f3 th\u1ec3 \u0111\u00e1p \u1ee9ng nhi\u1ec1u nhu c\u1ea7u kh\u00e1c nhau c\u1ee7a ng\u01b0\u1eddi d\u00f9ng trong vi\u1ec7c ph\u00e2n chia d\u1eef li\u1ec7u.<\/p>\n<p style=\"font-weight: 400;\">\u00a0TCP cho ph\u00e9p nhi\u1ec1u ng\u01b0\u1eddi d\u00f9ng gi\u00e1m s\u00e1t v\u00e0 qu\u1ea3n l\u00fd thi\u1ebft b\u1ecb CAN \u0111\u1ed3ng th\u1eddi<\/p>\n<p style=\"font-weight: 400;\">\u00a0Ch\u1ebf \u0111\u1ed9 UDP h\u1ed7 tr\u1ee3 giao ti\u1ebfp \u0111\u1ed9c l\u1eadp ho\u1eb7c gi\u1eefa nhi\u1ec1u thi\u1ebft b\u1ecb, cho ph\u00e9p nhi\u1ec1u ng\u01b0\u1eddi d\u00f9ng gi\u00e1m s\u00e1t ho\u1eb7c qu\u1ea3n l\u00fd thi\u1ebft b\u1ecb CAN \u0111\u1ed3ng th\u1eddi<\/p>\n<p style=\"font-weight: 400;\">\u00a0H\u1ed7 tr\u1ee3 nhi\u1ec1u h\u00ecnh th\u1ee9c c\u1ea5u h\u00ecnh, nh\u01b0 c\u00f4ng c\u1ee5 c\u1ea5u h\u00ecnh tr\u00ean Windows, TELNET, SHD v\u00e0 WEB<\/p>\n<p style=\"font-weight: 400;\">\u00a0H\u1ed7 tr\u1ee3 c\u1ea5u h\u00ecnh th\u1ee7 c\u00f4ng ho\u1eb7c t\u1ef1 \u0111\u1ed9ng nh\u1eadn \u0111\u1ecba ch\u1ec9 IPv4 th\u00f4ng qua DHCP ho\u1eb7c BOOTP, v\u00e0 c\u1ea5u h\u00ecnh th\u1ee7 c\u00f4ng ho\u1eb7c t\u1ef1 \u0111\u1ed9ng nh\u1eadn \u0111\u1ecba ch\u1ec9 m\u1ea1ng IPv6 th\u00f4ng qua DHCPv6 ho\u1eb7c SLAAC<\/p>\n<p style=\"font-weight: 400;\">\u00a0LLDP cho ph\u00e9p t\u1ef1 \u0111\u1ed9ng ph\u00e1t hi\u1ec7n c\u1ea5u tr\u00fac li\u00ean k\u1ebft (topology), thu\u1eadn ti\u1ec7n cho qu\u1ea3n l\u00fd tr\u1ef1c quan<\/p>\n<p style=\"font-weight: 400;\">\u00a0H\u1ed7 tr\u1ee3 l\u1ecdc \u0111\u1ecba ch\u1ec9 IP v\u00e0 \u0111\u1ecba ch\u1ec9 MAC, gi\u00fap th\u1ef1c hi\u1ec7n ki\u1ec3m so\u00e1t truy c\u1eadp ch\u00ednh x\u00e1c m\u1ed9t c\u00e1ch d\u1ec5 d\u00e0ng<\/p>\n<p style=\"font-weight: 400;\">\u00a0H\u1ed7 tr\u1ee3 qu\u1ea3n l\u00fd ng\u01b0\u1eddi d\u00f9ng ph\u00e2n c\u1ea5p, cho ph\u00e9p qu\u1ea3n l\u00fd quy\u1ec1n h\u1ea1n linh ho\u1ea1t v\u00e0 th\u00e2n thi\u1ec7n v\u1edbi ng\u01b0\u1eddi d\u00f9ng<\/p>\n<p style=\"font-weight: 400;\">\u00a0Qu\u1ea3n l\u00fd file gi\u00fap c\u1ea5u h\u00ecnh thi\u1ebft b\u1ecb nhanh ch\u00f3ng v\u00e0 n\u00e2ng c\u1ea5p tr\u1ef1c tuy\u1ebfn thu\u1eadn ti\u1ec7n<\/p>\n<p style=\"font-weight: 400;\">\u00a0SSHD v\u00e0 HTTPS gi\u00fap \u0111\u1ea3m b\u1ea3o t\u00ednh b\u1ea3o m\u1eadt khi truy c\u1eadp d\u1eef li\u1ec7u<\/p>\n<p style=\"font-weight: 400;\">\u00a0C\u00f3 th\u1ec3 th\u1ef1c hi\u1ec7n ch\u1ea9n \u0111o\u00e1n v\u00e0 kh\u1eafc ph\u1ee5c s\u1ef1 c\u1ed1 m\u1ea1ng th\u00f4ng qua Ping, Traceroute v\u00e0 ch\u1ea9n \u0111o\u00e1n b\u1eaft g\u00f3i tin (packet capture)<\/p>\n<p style=\"font-weight: 400;\">\u00a0H\u1ed7 tr\u1ee3 ch\u1ee9c n\u0103ng ARP, gi\u00fap ng\u0103n ch\u1eb7n \u0111\u1ecba ch\u1ec9 MAC c\u1ee7a thi\u1ebft b\u1ecb b\u1ecb switch ho\u1eb7c router l\u00e0m h\u1ebft h\u1ea1n (aging) d\u1eabn \u0111\u1ebfn kh\u00f4ng th\u1ec3 giao ti\u1ebfp<\/p>","protected":false},"excerpt":{"rendered":"<h1>CAN Server 2 c\u1ed5ng l\u1eafp \u0111\u1eb7t tr\u00ean thanh DIN-Rail<\/h1>\n<p class=\"16\">H\u1ed7 tr\u1ee3 2 c\u1ed5ng CAN sang 2 c\u1ed5ng Ethernet quang 100M v\u00e0 1 c\u1ed5ng Ethernet \u0111\u1ed3ng 100M<\/p>\n<p class=\"16\">\u00c1p d\u1ee5ng c\u00f4ng ngh\u1ec7 m\u1ea1ng v\u00f2ng SW-Ring \u0111\u01b0\u1ee3c c\u1ea5p b\u1eb1ng s\u00e1ng ch\u1ebf v\u00e0 h\u1ed7 tr\u1ee3 ch\u1ee9c n\u0103ng v\u00f2ng \u0111\u01a1n. Th\u1eddi gian t\u1ef1 \u0111\u1ed9ng kh\u00f4i ph\u1ee5c khi m\u1ea1ng g\u1eb7p s\u1ef1 c\u1ed1 &lt;20ms<\/p>\n<p class=\"16\">H\u1ed7 tr\u1ee3 nhi\u1ec1u ch\u1ebf \u0111\u1ed9 ho\u1ea1t \u0111\u1ed9ng nh\u01b0 TCP Server, TCP Client, UDP Server, UDP Client, UDP Range v\u00e0 UDP Multicast<\/p>\n<p class=\"16\">H\u1ed7 tr\u1ee3 t\u1ed1c \u0111\u1ed9 baud CAN t\u1eeb 5K \u0111\u1ebfn 1000Kbps<\/p>\n<p class=\"16\">H\u1ed7 tr\u1ee3 ngu\u1ed3n v\u00e0o d\u1ea3i \u0111i\u1ec7n \u00e1p r\u1ed9ng 12~48VDC<\/p>\n<p class=\"16\">H\u1ed7 tr\u1ee3 d\u1ea3i nhi\u1ec7t \u0111\u1ed9 ho\u1ea1t \u0111\u1ed9ng r\u1ed9ng t\u1eeb -40\u00b0C \u0111\u1ebfn 75\u00b0C<\/p>\n<p>&nbsp;<\/p>","protected":false},"featured_media":2733,"template":"","meta":[],"product_brand":[],"product_cat":[72],"product_tag":[],"class_list":{"0":"post-2729","1":"product","2":"type-product","3":"status-publish","4":"has-post-thumbnail","6":"product_cat-can-bus-device-server","8":"first","9":"instock","10":"shipping-taxable","11":"product-type-simple"},"acf":[],"_links":{"self":[{"href":"https:\/\/3onedatavn.com\/vi\/wp-json\/wp\/v2\/product\/2729","targetHints":{"allow":["GET"]}}],"collection":[{"href":"https:\/\/3onedatavn.com\/vi\/wp-json\/wp\/v2\/product"}],"about":[{"href":"https:\/\/3onedatavn.com\/vi\/wp-json\/wp\/v2\/types\/product"}],"wp:featuredmedia":[{"embeddable":true,"href":"https:\/\/3onedatavn.com\/vi\/wp-json\/wp\/v2\/media\/2733"}],"wp:attachment":[{"href":"https:\/\/3onedatavn.com\/vi\/wp-json\/wp\/v2\/media?parent=2729"}],"wp:term":[{"taxonomy":"product_brand","embeddable":true,"href":"https:\/\/3onedatavn.com\/vi\/wp-json\/wp\/v2\/product_brand?post=2729"},{"taxonomy":"product_cat","embeddable":true,"href":"https:\/\/3onedatavn.com\/vi\/wp-json\/wp\/v2\/product_cat?post=2729"},{"taxonomy":"product_tag","embeddable":true,"href":"https:\/\/3onedatavn.com\/vi\/wp-json\/wp\/v2\/product_tag?post=2729"}],"curies":[{"name":"wp","href":"https:\/\/api.w.org\/{rel}","templated":true}]}}