{"id":2744,"date":"2026-02-04T10:15:34","date_gmt":"2026-02-04T03:15:34","guid":{"rendered":"https:\/\/3onedatavn.com\/?post_type=product&#038;p=2744"},"modified":"2026-02-04T10:18:21","modified_gmt":"2026-02-04T03:18:21","slug":"iap2300c-series-2","status":"publish","type":"product","link":"https:\/\/3onedatavn.com\/vi\/san-pham\/iap2300c-series-2\/","title":{"rendered":"IAP2300C Series"},"content":{"rendered":"<h2>T\u1ed5ng quan v\u1ec1 D\u00f2ng Thi\u1ebft b\u1ecb Wireless Client C\u00f4ng nghi\u1ec7p IAP2300C c\u1ee7a 3onedata<\/h2>\n<p>D\u00f2ng IAP2300C l\u00e0 c\u00e1c thi\u1ebft b\u1ecb Wireless Client c\u00f4ng nghi\u1ec7p 100M. D\u00f2ng s\u1ea3n ph\u1ea9m n\u00e0y g\u1ed3m 4 model, cung c\u1ea5p c\u00e1c giao di\u1ec7n nh\u01b0 c\u1ed5ng WAN 100M, c\u1ed5ng LAN 100M, giao di\u1ec7n anten b\u0103ng t\u1ea7n k\u00e9p 2.4G\/5G, c\u1ed5ng serial v\u00e0 c\u00e1c giao di\u1ec7n kh\u00e1c.\nD\u00f2ng s\u1ea3n ph\u1ea9m n\u00e0y \u0111\u01b0\u1ee3c trang b\u1ecb 1 c\u1ed5ng n\u1ed1i ti\u1ebfp v\u00e0 h\u1ed7 tr\u1ee3 ch\u1ee9c n\u0103ng Serial Port Server ho\u1eb7c Modbus Gateway, cho ph\u00e9p thi\u1ebft b\u1ecb serial c\u00f3 th\u1ec3 nhanh ch\u00f3ng \u0111\u01b0\u1ee3c t\u00edch h\u1ee3p v\u00e0o m\u1ea1ng ho\u1eb7c th\u1ef1c hi\u1ec7n chuy\u1ec3n \u0111\u1ed5i gi\u1eefa giao th\u1ee9c Modbus RTU\/ASCII v\u00e0 Modbus TCP. S\u1ea3n ph\u1ea9m h\u1ed7 tr\u1ee3 l\u1eafp \u0111\u1eb7t DIN-Rail ho\u1eb7c treo t\u01b0\u1eddng, \u0111\u00e1p \u1ee9ng y\u00eau c\u1ea7u c\u1ee7a nhi\u1ec1u m\u00f4i tr\u01b0\u1eddng \u1ee9ng d\u1ee5ng kh\u00e1c nhau.<br \/>\nH\u1ec7 th\u1ed1ng qu\u1ea3n l\u00fd h\u1ed7 tr\u1ee3 c\u00e1c ch\u1ebf \u0111\u1ed9 l\u00e0m vi\u1ec7c kh\u00f4ng d\u00e2y g\u1ed3m: Routing, AP, Bridge, Client v\u00e0 Dual Link. Thi\u1ebft b\u1ecb h\u1ed7 tr\u1ee3 c\u00f4ng ngh\u1ec7 kh\u00f4ng d\u00e2y IEEE 802.11a\/b\/g\/n; t\u1ed1c \u0111\u1ed9 kh\u00f4ng d\u00e2y c\u1ee7a phi\u00ean b\u1ea3n \u0111\u01a1n b\u0103ng t\u1ea7n 2E \u0111\u1ea1t t\u1ed1i \u0111a 300Mbps, trong khi phi\u00ean b\u1ea3n b\u0103ng t\u1ea7n k\u00e9p 2E2E \u0111\u1ea1t t\u1ed1i \u0111a 600Mbps. Thi\u1ebft b\u1ecb h\u1ed7 tr\u1ee3 c\u00e1c ph\u01b0\u01a1ng th\u1ee9c m\u00e3 h\u00f3a kh\u00f4ng d\u00e2y nh\u01b0 WPA\/WPA2\/WPA3 phi\u00ean b\u1ea3n c\u00e1 nh\u00e2n (Personal) v\u00e0 doanh nghi\u1ec7p (Enterprise), \u0111\u1ed3ng th\u1eddi t\u00edch h\u1ee3p nhi\u1ec1u ch\u00ednh s\u00e1ch b\u1ea3o m\u1eadt nh\u01b0 \u1ea9n SSID, c\u00e1ch ly ng\u01b0\u1eddi d\u00f9ng kh\u00f4ng d\u00e2y, l\u1ecdc \u0111\u1ecba ch\u1ec9 IP, l\u1ecdc \u0111\u1ecba ch\u1ec9 MAC, l\u1ecdc URL, chuy\u1ec3n ti\u1ebfp c\u1ed5ng, chuy\u1ec3n h\u01b0\u1edbng c\u1ed5ng, r\u00e0ng bu\u1ed9c ARP, c\u1ea5u h\u00ecnh DMZ, v.v. H\u1ed7 tr\u1ee3 Virtual AP, t\u1ee9c l\u00e0 m\u1ed9t thi\u1ebft b\u1ecb AP c\u00f3 th\u1ec3 ph\u00e1t nhi\u1ec1u SSID. Thi\u1ebft b\u1ecb h\u1ed7 tr\u1ee3 roaming nhanh \u0111\u01a1n b\u0103ng t\u1ea7n, roaming hi\u1ec7u qu\u1ea3 cho client v\u00e0 roaming li\u1ec1n m\u1ea1ch dual-link. Th\u1eddi gian roaming hi\u1ec7u qu\u1ea3 ch\u1ec9 kho\u1ea3ng 50ms, \u0111\u00e1p \u1ee9ng y\u00eau c\u1ea7u roaming nhanh v\u00e0 kh\u00f4i ph\u1ee5c d\u1eef li\u1ec7u kh\u00f4ng d\u00e2y trong m\u00f4i tr\u01b0\u1eddng c\u00f4ng nghi\u1ec7p. Roaming li\u1ec1n m\u1ea1ch dual-link cho ph\u00e9p ng\u01b0\u1eddi d\u00f9ng trong m\u1ea1ng WLAN (Wireless Local Area Network) \u0111\u01b0\u1ee3c c\u1ea5u th\u00e0nh t\u1eeb nhi\u1ec1u AP c\u00f3 th\u1ec3 th\u1ef1c hi\u1ec7n roaming m\u00e0 kh\u00f4ng c\u1ea7n thao t\u00e1c chuy\u1ec3n \u0111\u1ed5i AP th\u1ee7 c\u00f4ng. \u1ede ch\u1ebf \u0111\u1ed9 Serial Server, m\u1ed7i c\u1ed5ng n\u1ed1i ti\u1ebfp h\u1ed7 tr\u1ee3 t\u1ed1i \u0111a 4 phi\u00ean k\u1ebft n\u1ed1i TCP ho\u1eb7c UDP v\u00e0 nhi\u1ec1u ch\u1ebf \u0111\u1ed9 l\u00e0m vi\u1ec7c nh\u01b0 RealCom, TCP Server, TCP Client, UDP Server v\u00e0 UDP Client. Trong ch\u1ebf \u0111\u1ed9 giao th\u1ee9c Modbus, thi\u1ebft b\u1ecb h\u1ed7 tr\u1ee3 c\u00e1c ch\u1ebf \u0111\u1ed9 l\u00e0m vi\u1ec7c nh\u01b0 RTU Master, RTU Slave, ASCII Master v\u00e0 ASCII Slave. T\u1ed1i \u0111a c\u00f3 th\u1ec3 truy c\u1eadp 256 thi\u1ebft b\u1ecb Modbus TCP Client (Master) v\u00e0 k\u1ebft n\u1ed1i 128 thi\u1ebft b\u1ecb Modbus TCP Server (Slave).<br \/>\nN\u00fat b\u1ea5m c\u00f3 th\u1ec3 th\u1ef1c hi\u1ec7n kh\u00f4i ph\u1ee5c c\u00e0i \u0111\u1eb7t g\u1ed1c, b\u1eadt ch\u1ebf \u0111\u1ed9 g\u1ee1 l\u1ed7i WLAN (2T) ho\u1eb7c kh\u1edfi \u0111\u1ed9ng l\u1ea1i thi\u1ebft b\u1ecb (5T). Ph\u1ea7n c\u1ee9ng \u0111\u01b0\u1ee3c thi\u1ebft k\u1ebf kh\u00f4ng qu\u1ea1t, ti\u00eau th\u1ee5 \u0111i\u1ec7n n\u0103ng th\u1ea5p, h\u1ed7 tr\u1ee3 d\u1ea3i nhi\u1ec7t \u0111\u1ed9 v\u00e0 d\u1ea3i \u0111i\u1ec7n \u00e1p r\u1ed9ng. S\u1ea3n ph\u1ea9m \u0111\u00e3 v\u01b0\u1ee3t qua c\u00e1c th\u1eed nghi\u1ec7m nghi\u00eam ng\u1eb7t theo ti\u00eau chu\u1ea9n c\u00f4ng nghi\u1ec7p, c\u00f3 kh\u1ea3 n\u0103ng th\u00edch \u1ee9ng v\u1edbi m\u00f4i tr\u01b0\u1eddng c\u00f4ng nghi\u1ec7p c\u00f3 y\u00eau c\u1ea7u cao v\u1ec1 t\u01b0\u01a1ng th\u00edch \u0111i\u1ec7n t\u1eeb (EMC). Thi\u1ebft b\u1ecb c\u00f3 th\u1ec3 \u0111\u01b0\u1ee3c \u1ee9ng d\u1ee5ng r\u1ed9ng r\u00e3i trong ng\u00e0nh robot, nh\u01b0 robot ph\u00e2n lo\u1ea1i, robot v\u1eadn chuy\u1ec3n h\u00e0ng h\u00f3a c\u1ee1 nh\u1ecf, v.v.<\/p>\n<p><strong>T\u00ednh n\u0103ng b\u1ed5 sung<\/strong><br \/>\nH\u1ed7 tr\u1ee3 c\u00e1c ch\u1ebf \u0111\u1ed9 m\u1ea1ng nh\u01b0: ch\u1ebf \u0111\u1ed9 \u0111\u1ecbnh tuy\u1ebfn (Routing), ch\u1ebf \u0111\u1ed9 AP, ch\u1ebf \u0111\u1ed9 c\u1ea7u n\u1ed1i (Bridge), ch\u1ebf \u0111\u1ed9 Client v\u00e0 ch\u1ebf \u0111\u1ed9 Dual-link; h\u1ed7 tr\u1ee3 c\u00e1c ph\u01b0\u01a1ng th\u1ee9c k\u1ebft n\u1ed1i nh\u01b0 WDS v\u00e0 Universal Bridge<br \/>\nCh\u1ebf \u0111\u1ed9 Client h\u1ed7 tr\u1ee3 k\u1ebft n\u1ed1i NAT kh\u00f4ng d\u00e2y; m\u1ea1ng kh\u00f4ng d\u00e2y c\u00f3 th\u1ec3 k\u1ebft n\u1ed1i v\u1edbi m\u1ea1ng b\u00ean ngo\u00e0i th\u00f4ng qua PPPoE, IP t\u0129nh ho\u1eb7c DHCP (c\u1ea5p ph\u00e1t \u0111\u1ed9ng), \u0111\u1ed3ng th\u1eddi th\u1ef1c hi\u1ec7n chuy\u1ec3n \u0111\u1ed5i \u0111\u1ecbnh tuy\u1ebfn<br \/>\nH\u1ed7 tr\u1ee3 k\u1ebft n\u1ed1i kh\u00f4ng d\u00e2y t\u1ed1c \u0111\u1ed9 cao; t\u1ed1c \u0111\u1ed9 truy\u1ec1n c\u1ee7a phi\u00ean b\u1ea3n \u0111\u01a1n b\u0103ng t\u1ea7n 2E \u0111\u1ea1t t\u1ed1i \u0111a 300Mbps, v\u00e0 phi\u00ean b\u1ea3n b\u0103ng t\u1ea7n k\u00e9p 2E2E \u0111\u1ea1t t\u1ed1i \u0111a 600Mbps<br \/>\nH\u1ed7 tr\u1ee3 c\u00f4ng ngh\u1ec7 roaming nhanh gi\u1eefa nhi\u1ec1u AP; th\u1eddi gian chuy\u1ec3n \u0111\u1ed5i c\u1ee7a roaming hi\u1ec7u qu\u1ea3 nh\u1ecf h\u01a1n 50ms<br \/>\nH\u1ed7 tr\u1ee3 qu\u1ea3n l\u00fd m\u1ea1ng SNMP v\u00e0 c\u1ea3nh b\u00e1o Trap, \u0111\u1ed3ng th\u1eddi cho ph\u00e9p truy\u1ec1n multicast xuy\u00ean su\u1ed1t<br \/>\nH\u1ed7 tr\u1ee3 c\u1ea5u h\u00ecnh nhi\u1ec1u SSID v\u00e0 cung c\u1ea5p ch\u1ee9c n\u0103ng \u1ea9n SSID<br \/>\nH\u1ed7 tr\u1ee3 ph\u01b0\u01a1ng th\u1ee9c m\u00e3 h\u00f3a kh\u00f4ng d\u00e2y WPA\/WPA2\/WPA3 cho c\u1ea3 phi\u00ean b\u1ea3n Personal v\u00e0 Enterprise, c\u00f9ng thu\u1eadt to\u00e1n m\u00e3 h\u00f3a TKIP\/AES<br \/>\nQu\u1ea3n l\u00fd AC cho ph\u00e9p ch\u1ec9 \u0111\u1ecbnh th\u00f4ng tin thi\u1ebft b\u1ecb AC \u0111\u1ec3 th\u1ef1c hi\u1ec7n qu\u1ea3n l\u00fd \u0111\u1ecbnh h\u01b0\u1edbng<br \/>\nH\u1ed7 tr\u1ee3 wireless probe, c\u00f3 th\u1ec3 th\u1ef1c hi\u1ec7n ch\u1ee9c n\u0103ng \u0111\u1ecbnh v\u1ecb c\u00e1 nh\u00e2n th\u00f4ng qua c\u00f4ng c\u1ee5 \u0111\u1ecbnh v\u1ecb (location engine)<br \/>\nCh\u1ee9c n\u0103ng roaming proxy cho ph\u00e9p host roaming ho\u1ea1t \u0111\u1ed9ng qua c\u00e1c ph\u00e2n \u0111o\u1ea1n m\u1ea1ng kh\u00e1c nhau, t\u1eeb \u0111\u00f3 h\u1ea1n ch\u1ebf vi\u1ec7c gi\u00e1n \u0111o\u1ea1n d\u1eef li\u1ec7u do thi\u1ebft b\u1ecb t\u1ea7ng tr\u00ean kh\u00f4ng c\u1eadp nh\u1eadt k\u1ecbp th\u1eddi b\u1ea3ng chuy\u1ec3n ti\u1ebfp<br \/>\nH\u1ed7 tr\u1ee3 c\u00e1c ch\u1ee9c n\u0103ng t\u01b0\u1eddng l\u1eeda nh\u01b0: l\u1ecdc IP, l\u1ecdc MAC, l\u1ecdc URL, chuy\u1ec3n ti\u1ebfp c\u1ed5ng, li\u00ean k\u1ebft ARP v\u00e0 v\u00f9ng c\u00e1ch ly DMZ<br \/>\nThi\u1ebft b\u1ecb h\u1ed7 tr\u1ee3 qu\u1ea3n l\u00fd wireless user v\u00e0 user event, cung c\u1ea5p c\u01a1 ch\u1ebf blacklist\/whitelist filtering, \u0111\u1ed3ng th\u1eddi h\u1ed7 tr\u1ee3 th\u00f4ng b\u00e1o online\/offline \u0111\u1ed1i v\u1edbi ng\u01b0\u1eddi d\u00f9ng kh\u00f4ng d\u00e2y<br \/>\nWMM gi\u00fap n\u00e2ng cao ch\u1ea5t l\u01b0\u1ee3ng truy\u1ec1n t\u1ea3i cho c\u00e1c \u1ee9ng d\u1ee5ng tho\u1ea1i, video v\u00e0 c\u00e1c \u1ee9ng d\u1ee5ng kh\u00e1c trong m\u1ea1ng kh\u00f4ng d\u00e2y<br \/>\nCh\u1ee9c n\u0103ng ph\u00e1t hi\u1ec7n m\u1ea1ng cho ph\u00e9p th\u1ef1c hi\u1ec7n ch\u1ea9n \u0111o\u00e1n m\u1ea1ng v\u00e0 c\u00e1c thao t\u00e1c kh\u00f4i ph\u1ee5c m\u1ea1ng chuy\u00ean bi\u1ec7t<br \/>\nH\u1ed7 tr\u1ee3 ch\u00ednh s\u00e1ch QoS cho ph\u00e9p gi\u1edbi h\u1ea1n b\u0103ng th\u00f4ng c\u1ee7a \u0111\u1ecba ch\u1ec9 IP ho\u1eb7c MAC trong ph\u1ea1m vi ch\u1ec9 \u0111\u1ecbnh<br \/>\nThi\u1ebft b\u1ecb h\u1ed7 tr\u1ee3 ch\u1ea9n \u0111o\u00e1n v\u00e0 x\u1eed l\u00fd s\u1ef1 c\u1ed1 m\u1ea1ng b\u1eb1ng c\u00f4ng c\u1ee5 Ping v\u00e0 Traceroute<br \/>\nThi\u1ebft b\u1ecb h\u1ed7 tr\u1ee3 qu\u1ea3n l\u00fd serial port log v\u00e0 system log, \u0111\u1ed3ng th\u1eddi th\u1ef1c hi\u1ec7n \u0111\u1ed3ng b\u1ed9 h\u00f3a system log t\u1edbi remote log server<br \/>\n\u1ee8ng d\u1ee5ng serial cho ph\u00e9p thi\u1ebft b\u1ecb c\u1ed5ng n\u1ed1i ti\u1ebfp \u0111\u01b0\u1ee3c k\u1ebft n\u1ed1i m\u1ea1ng ngay l\u1eadp t\u1ee9c, \u0111\u1ed3ng th\u1eddi h\u1ed7 tr\u1ee3 Virtual COM v\u00e0 k\u1ebft n\u1ed1i m\u1ea1ng TCP\/UDP<br \/>\nH\u1ed7 tr\u1ee3 truy\u1ec1n th\u00f4ng c\u1ed5ng serial v\u1edbi t\u1ed1c \u0111\u1ed9 \u0111\u01b0\u1eddng truy\u1ec1n t\u1eeb 300bps \u0111\u1ebfn 115200bps, \u0111\u1ea3m b\u1ea3o giao ti\u1ebfp kh\u00f4ng ch\u1eb7n<br \/>\nH\u1ed7 tr\u1ee3 nhi\u1ec1u ch\u1ebf \u0111\u1ed9 c\u1ed5ng serial nh\u01b0: RealCom, TCP Server, TCP Client, UDP Server, UDP Client,vv<br \/>\nH\u1ed7 tr\u1ee3 c\u00e1c ch\u1ebf \u0111\u1ed9 giao th\u1ee9c Modbus nh\u01b0: RTU Master, RTU Slave, ASCII Master, ASCII Slave v\u00e0 c\u00e1c ch\u1ebf \u0111\u1ed9 kh\u00e1c<br \/>\nH\u1ed7 tr\u1ee3 t\u1ed1i \u0111a 256 thi\u1ebft b\u1ecb Modbus TCP Client (Master) truy c\u1eadp v\u00e0 k\u1ebft n\u1ed1i t\u1ed1i \u0111a 128 thi\u1ebft b\u1ecb Modbus TCP Server (Slave)<br \/>\nThi\u1ebft b\u1ecb h\u1ed7 tr\u1ee3 c\u01a1 ch\u1ebf mapping gi\u1eefa ID \u1ea3o v\u00e0 ID th\u1ef1c, gi\u00fap th\u1ef1c hi\u1ec7n truy c\u1eadp linh ho\u1ea1t v\u00e0 qu\u1ea3n l\u00fd hi\u1ec7u qu\u1ea3 gi\u1eefa c\u00e1c thi\u1ebft b\u1ecb Master\/Slave<\/p>","protected":false},"excerpt":{"rendered":"<h1>Thi\u1ebft b\u1ecb Wireless Client c\u00f4ng nghi\u1ec7p<\/h1>\n<p>H\u1ed7 tr\u1ee3 2 ho\u1eb7c 5 c\u1ed5ng \u0111\u1ed3ng 100M, 1 c\u1ed5ng serial RS-232\/485\/422 ho\u1eb7c RS-232\/485 (t\u00f9y ch\u1ecdn)<br \/>\nH\u1ed7 tr\u1ee3 t\u00f9y ch\u1ecdn b\u0103ng t\u1ea7n k\u00e9p 2.4GHz &amp; 5GHz, b\u0103ng t\u1ea7n \u0111\u01a1n 2.4GHz ho\u1eb7c b\u0103ng t\u1ea7n \u0111\u01a1n 5GHz; h\u1ed7 tr\u1ee3 t\u1ed1i \u0111a 4 anten b\u0103ng t\u1ea7n k\u00e9p 2.4G\/5G \u0111\u1ec3 k\u1ebft n\u1ed1i<br \/>\nH\u1ed7 tr\u1ee3 t\u00f9y ch\u1ecdn c\u00e1c ch\u1ebf \u0111\u1ed9 m\u1ea1ng kh\u00f4ng d\u00e2y nh\u01b0: Router, AP, Bridge, Client v\u00e0 Dual Link<br \/>\nH\u1ed7 tr\u1ee3 nhi\u1ec1u ch\u1ebf \u0111\u1ed9 c\u1ed5ng serial nh\u01b0: RealCom, TCP Server, TCP Client, UDP Server, UDP Client<br \/>\nH\u1ed7 tr\u1ee3 chuy\u1ec3n \u0111\u1ed5i gi\u1eefa giao th\u1ee9c Modbus RTU\/ASCII v\u00e0 Modbus TCP<br \/>\nH\u1ed7 tr\u1ee3 ngu\u1ed3n v\u00e0o 12~36VDC<br \/>\nH\u1ed7 tr\u1ee3 d\u1ea3i nhi\u1ec7t \u0111\u1ed9 ho\u1ea1t \u0111\u1ed9ng r\u1ed9ng t\u1eeb -40\u00b0C \u0111\u1ebfn 75\u00b0C<\/p>","protected":false},"featured_media":2745,"template":"","meta":[],"product_brand":[],"product_cat":[63],"product_tag":[],"class_list":{"0":"post-2744","1":"product","2":"type-product","3":"status-publish","4":"has-post-thumbnail","6":"product_cat-wireless-roaming-client","8":"first","9":"instock","10":"shipping-taxable","11":"product-type-simple"},"acf":[],"_links":{"self":[{"href":"https:\/\/3onedatavn.com\/vi\/wp-json\/wp\/v2\/product\/2744","targetHints":{"allow":["GET"]}}],"collection":[{"href":"https:\/\/3onedatavn.com\/vi\/wp-json\/wp\/v2\/product"}],"about":[{"href":"https:\/\/3onedatavn.com\/vi\/wp-json\/wp\/v2\/types\/product"}],"wp:featuredmedia":[{"embeddable":true,"href":"https:\/\/3onedatavn.com\/vi\/wp-json\/wp\/v2\/media\/2745"}],"wp:attachment":[{"href":"https:\/\/3onedatavn.com\/vi\/wp-json\/wp\/v2\/media?parent=2744"}],"wp:term":[{"taxonomy":"product_brand","embeddable":true,"href":"https:\/\/3onedatavn.com\/vi\/wp-json\/wp\/v2\/product_brand?post=2744"},{"taxonomy":"product_cat","embeddable":true,"href":"https:\/\/3onedatavn.com\/vi\/wp-json\/wp\/v2\/product_cat?post=2744"},{"taxonomy":"product_tag","embeddable":true,"href":"https:\/\/3onedatavn.com\/vi\/wp-json\/wp\/v2\/product_tag?post=2744"}],"curies":[{"name":"wp","href":"https:\/\/api.w.org\/{rel}","templated":true}]}}