{"id":2751,"date":"2026-02-04T10:33:59","date_gmt":"2026-02-04T03:33:59","guid":{"rendered":"https:\/\/3onedatavn.com\/?post_type=product&#038;p=2751"},"modified":"2026-03-09T14:25:26","modified_gmt":"2026-03-09T07:25:26","slug":"rio1000-series","status":"publish","type":"product","link":"https:\/\/3onedatavn.com\/vi\/san-pham\/rio1000-series\/","title":{"rendered":"RIO1000 Series"},"content":{"rendered":"<p><strong>Gi\u1edbi thi\u1ec7u<\/strong><\/p>\n<p style=\"font-weight: 400;\">D\u00f2ng RIO1000 l\u00e0 I\/O server c\u00f4ng nghi\u1ec7p \u0111\u01b0\u1ee3c thi\u1ebft k\u1ebf chuy\u00ean d\u1ee5ng cho c\u00e1c thi\u1ebft b\u1ecb I\/O \u0111\u1ec3 thu th\u1eadp v\u00e0 \u0111i\u1ec1u khi\u1ec3n d\u1eef li\u1ec7u, c\u00f3 th\u1ec3 chuy\u1ec3n \u0111\u1ed5i d\u1eef li\u1ec7u I\/O thu th\u1eadp \u0111\u01b0\u1ee3c sang giao th\u1ee9c Modbus TCP. D\u00f2ng s\u1ea3n ph\u1ea9m n\u00e0y h\u1ed7 tr\u1ee3 8 DI v\u00e0 8 DO, ho\u1eb7c 6 DI v\u00e0 6 RO. Thi\u1ebft b\u1ecb s\u1eed d\u1ee5ng ki\u1ec3u l\u1eafp \u0111\u1eb7t DIN-Rail, \u0111\u00e1p \u1ee9ng y\u00eau c\u1ea7u c\u1ee7a nhi\u1ec1u k\u1ecbch b\u1ea3n \u1ee9ng d\u1ee5ng kh\u00e1c nhau<\/p>\n<p style=\"font-weight: 400;\">I\/O server h\u1ed7 tr\u1ee3 nhi\u1ec1u giao th\u1ee9c m\u1ea1ng nh\u01b0 Modbus TCP, TCP, IP, UDP, TELNET, ARP, ICMP, HTTP, HTTPS, SNMP, SSH, SMTP, SNTP, DNS v\u00e0 DHCP. Thi\u1ebft b\u1ecb c\u00f3 c\u00e1c ch\u1ee9c n\u0103ng qu\u1ea3n l\u00fd ho\u00e0n ch\u1ec9nh v\u00e0 h\u1ed7 tr\u1ee3 c\u1ea5u h\u00ecnh point-to-point, ki\u1ec3m so\u00e1t truy c\u1eadp (Access Control), ch\u1ea9n \u0111o\u00e1n m\u1ea1ng, c\u1ea5u h\u00ecnh nhanh, n\u00e2ng c\u1ea5p tr\u1ef1c tuy\u1ebfn, v.v. Thi\u1ebft b\u1ecb h\u1ed7 tr\u1ee3 c\u00e1c ch\u1ebf \u0111\u1ed9 ho\u1ea1t \u0111\u1ed9ng nh\u01b0 DI, Counter, DO, Pulse Output, v.v.; h\u1ed7 tr\u1ee3 truy c\u1eadp thi\u1ebft b\u1ecb Modbus TCP master (Client); \u0111\u1ed3ng th\u1eddi h\u1ed7 tr\u1ee3 c\u00e1c ph\u01b0\u01a1ng th\u1ee9c truy c\u1eadp nh\u01b0 TELNET, WEB, SSH. H\u1ec7 th\u1ed1ng qu\u1ea3n l\u00fd m\u1ea1ng mang l\u1ea1i tr\u1ea3i nghi\u1ec7m ng\u01b0\u1eddi d\u00f9ng t\u1ed1t nh\u1edd thi\u1ebft k\u1ebf giao di\u1ec7n th\u00e2n thi\u1ec7n c\u00f9ng thao t\u00e1c \u0111\u01a1n gi\u1ea3n v\u00e0 thu\u1eadn ti\u1ec7n.<\/p>\n<p style=\"font-weight: 400;\">N\u00fat RESET cho ph\u00e9p kh\u00f4i ph\u1ee5c c\u00e0i \u0111\u1eb7t m\u1eb7c \u0111\u1ecbnh c\u1ee7a nh\u00e0 m\u00e1y ngay l\u1eadp t\u1ee9c. Ph\u1ea7n c\u1ee9ng \u0111\u01b0\u1ee3c thi\u1ebft k\u1ebf kh\u00f4ng qu\u1ea1t, ti\u00eau th\u1ee5 \u0111i\u1ec7n n\u0103ng th\u1ea5p, h\u1ed7 tr\u1ee3 d\u1ea3i nhi\u1ec7t \u0111\u1ed9 v\u00e0 \u0111i\u1ec7n \u00e1p r\u1ed9ng, \u0111\u1ed3ng th\u1eddi \u0111\u00e3 v\u01b0\u1ee3t qua c\u00e1c b\u00e0i ki\u1ec3m tra ti\u00eau chu\u1ea9n c\u00f4ng nghi\u1ec7p nghi\u00eam ng\u1eb7t, ph\u00f9 h\u1ee3p v\u1edbi m\u00f4i tr\u01b0\u1eddng c\u00f4ng nghi\u1ec7p c\u00f3 y\u00eau c\u1ea7u cao v\u1ec1 EMC. Thi\u1ebft b\u1ecb c\u00f3 th\u1ec3 \u0111\u01b0\u1ee3c s\u1eed d\u1ee5ng r\u1ed9ng r\u00e3i trong \u0111i\u1ec1u khi\u1ec3n v\u00e0 qu\u1ea3n l\u00fd PLC, h\u1ec7 th\u1ed1ng t\u1ef1 \u0111\u1ed9ng h\u00f3a t\u00f2a nh\u00e0, h\u1ec7 th\u1ed1ng t\u1ef1 \u0111\u1ed9ng h\u00f3a y t\u1ebf, thi\u1ebft b\u1ecb \u0111o l\u01b0\u1eddng v\u00e0 h\u1ec7 th\u1ed1ng gi\u00e1m s\u00e1t l\u1ef1c m\u00f4i tr\u01b0\u1eddng<\/p>\n<p><br style=\"font-weight: 400;\" \/><br style=\"font-weight: 400;\" \/><span style=\"font-weight: 400;\"><strong>T\u00ednh n\u0103ng b\u1ed5 sung<\/strong><\/span><\/p>\n<p style=\"font-weight: 400;\">\u00a0H\u1ed7 tr\u1ee3 2 c\u1ed5ng Ethernet t\u1ef1 th\u00edch \u1ee9ng 10\/100Base-T(X) v\u00e0 cung c\u1ea5p \u0111\u1ecba ch\u1ec9 IP k\u00e9p v\u00e0 MAC k\u00e9p, \u0111\u00e1p \u1ee9ng y\u00eau c\u1ea7u qu\u1ea3n l\u00fd \u0111a m\u1ea1ng ho\u1eb7c sao l\u01b0u m\u1ea1ng.<\/p>\n<p style=\"font-weight: 400;\">\u00a0H\u1ed7 tr\u1ee3 c\u00e0i \u0111\u1eb7t watchdog truy\u1ec1n th\u00f4ng v\u00e0 chuy\u1ec3n sang ch\u1ebf \u0111\u1ed9 an to\u00e0n c\u1ee7a k\u00eanh DO<\/p>\n<p style=\"font-weight: 400;\">\u00a0H\u1ed7 tr\u1ee3 t\u00f9y ch\u1ec9nh \u0111\u1ecba ch\u1ec9 b\u1eaft \u0111\u1ea7u v\u00e0 m\u00e3 ch\u1ee9c n\u0103ng c\u1ee7a Modbus TCP Slave<\/p>\n<p style=\"font-weight: 400;\">\u00a0H\u1ed7 tr\u1ee3 ph\u00e1t hi\u1ec7n tr\u1ea1ng th\u00e1i k\u00eanh DI v\u00e0 ch\u1ebf \u0111\u1ed9 b\u1ed9 \u0111\u1ebfm (counter), c\u00f3 th\u1ec3 s\u1eed d\u1ee5ng nh\u01b0 ti\u1ebfp \u0111i\u1ec3m kh\u00f4 ho\u1eb7c ti\u1ebfp \u0111i\u1ec3m \u01b0\u1edbt<\/p>\n<p style=\"font-weight: 400;\">\u00a0H\u1ed7 tr\u1ee3 \u0111i\u1ec1u khi\u1ec3n tr\u1ea1ng th\u00e1i k\u00eanh DO v\u00e0 ch\u1ebf \u0111\u1ed9 \u0111\u1ea7u ra xung s\u1ed1, v\u1edbi t\u1ea7n s\u1ed1 xung t\u1ed1i \u0111a 500Hz<\/p>\n<p style=\"font-weight: 400;\">\u00a0SNMPv1\/v2c\/v3 \u0111\u01b0\u1ee3c s\u1eed d\u1ee5ng cho qu\u1ea3n l\u00fd m\u1ea1ng \u1edf nhi\u1ec1u c\u1ea5p \u0111\u1ed9 kh\u00e1c nhau<\/p>\n<p style=\"font-weight: 400;\">\u00a0H\u1ed7 tr\u1ee3 c\u00e1c h\u00ecnh th\u1ee9c c\u1ea5u h\u00ecnh v\u00e0 ki\u1ec3m so\u00e1t truy c\u1eadp nh\u01b0 TELNET, SSHD, HTTP, HTTPS, v.v<\/p>\n<p style=\"font-weight: 400;\">\u00a0SSHD v\u00e0 HTTPS gi\u00fap \u0111\u1ea3m b\u1ea3o t\u00ednh b\u1ea3o m\u1eadt khi truy c\u1eadp d\u1eef li\u1ec7u<\/p>\n<p style=\"font-weight: 400;\">\u00a0M\u1eadt kh\u1ea9u ng\u01b0\u1eddi d\u00f9ng cho ph\u00e9p qu\u1ea3n l\u00fd ng\u01b0\u1eddi d\u00f9ng theo ph\u00e2n c\u1ea5p, gi\u00fap n\u00e2ng cao t\u00ednh b\u1ea3o m\u1eadt trong qu\u1ea3n l\u00fd thi\u1ebft b\u1ecb<\/p>\n<p style=\"font-weight: 400;\">\u00a0H\u1ed7 tr\u1ee3 l\u1ecdc \u0111\u1ecba ch\u1ec9 IP v\u00e0 \u0111\u1ecba ch\u1ec9 MAC, gi\u00fap th\u1ef1c hi\u1ec7n ki\u1ec3m so\u00e1t truy c\u1eadp ch\u00ednh x\u00e1c m\u1ed9t c\u00e1ch d\u1ec5 d\u00e0ng<\/p>\n<p style=\"font-weight: 400;\">\u00a0H\u1ed7 tr\u1ee3 nhi\u1ec1u ph\u01b0\u01a1ng th\u1ee9c c\u1ea3nh b\u00e1o, bao g\u1ed3m e-mail, log server v\u00e0 SNMP Trap<\/p>\n<p style=\"font-weight: 400;\">\u00a0H\u1ed7 tr\u1ee3 c\u1ea3nh b\u00e1o SNMP Trap khi tr\u1ea1ng th\u00e1i DI v\u00e0 DO thay \u0111\u1ed5i, v\u00e0 c\u00f3 th\u1ec3 t\u00f9y ch\u1ec9nh ID \u0111\u1eb7c bi\u1ec7t<\/p>\n<p style=\"font-weight: 400;\">\u00a0H\u1ed7 tr\u1ee3 c\u00e1c c\u1ea3nh b\u00e1o s\u1ef1 ki\u1ec7n h\u1ec7 th\u1ed1ng nh\u01b0 kh\u1edfi \u0111\u1ed9ng n\u00f3ng\/l\u1ea1nh (warm\/cold start), l\u1ed7i li\u00ean k\u1ebft m\u1ea1ng, l\u1ed7i web log, thay \u0111\u1ed5i IP v\u00e0 c\u00e1c s\u1ef1 ki\u1ec7n kh\u00e1c<\/p>\n<p style=\"font-weight: 400;\">\u00a0H\u1ed7 tr\u1ee3 gi\u00e1m s\u00e1t tr\u1ea1ng th\u00e1i nh\u01b0 b\u1ea3ng \u0111\u1ecbnh tuy\u1ebfn, m\u1ea1ng h\u1ec7 th\u1ed1ng v\u00e0 nh\u1eadt k\u00fd h\u1ec7 th\u1ed1ng<\/p>\n<p style=\"font-weight: 400;\">\u00a0H\u1ed7 tr\u1ee3 c\u1ea5u h\u00ecnh \u0111\u1ecbnh tuy\u1ebfn t\u0129nh v\u00e0 ch\u1ec9 \u0111\u1ecbnh c\u1ed5ng ra d\u1eef li\u1ec7u khi truy\u1ec1n qua c\u00e1c ph\u00e2n \u0111o\u1ea1n m\u1ea1ng<\/p>\n<p style=\"font-weight: 400;\">\u00a0C\u00f3 th\u1ec3 th\u1ef1c hi\u1ec7n ch\u1ea9n \u0111o\u00e1n v\u00e0 kh\u1eafc ph\u1ee5c s\u1ef1 c\u1ed1 m\u1ea1ng th\u00f4ng qua Ping, Traceroute v\u00e0 ch\u1ea9n \u0111o\u00e1n b\u1eaft g\u00f3i tin (packet capture)<\/p>\n<p style=\"font-weight: 400;\">\u00a0Qu\u1ea3n l\u00fd file gi\u00fap c\u1ea5u h\u00ecnh thi\u1ebft b\u1ecb nhanh ch\u00f3ng v\u00e0 n\u00e2ng c\u1ea5p tr\u1ef1c tuy\u1ebfn thu\u1eadn ti\u1ec7n<\/p>\n<p style=\"font-weight: 400;\">\u00a0H\u1ed7 tr\u1ee3 truy\u1ec1n th\u00f4ng point-to-point, v\u00e0 nhi\u1ec1u t\u00edn hi\u1ec7u I\/O c\u00f3 th\u1ec3 \u0111\u01b0\u1ee3c t\u00edch h\u1ee3p tr\u00ean m\u1ed9t \u0111\u01b0\u1eddng m\u1ea1ng \u0111\u1ec3 truy\u1ec1n t\u00edn hi\u1ec7u t\u1eeb \u0111\u1ea7u v\u00e0o \u0111\u1ebfn \u0111i\u1ec1u khi\u1ec3n \u0111\u1ea7u ra<\/p>","protected":false},"excerpt":{"rendered":"<h1>B\u1ed9 I\/O Server c\u00f4ng nghi\u1ec7p g\u1eafn DIN-Rail v\u1edbi 2 giao di\u1ec7n Ethernet<\/h1>\n<p>H\u1ed7 tr\u1ee3 2 giao di\u1ec7n Ethernet 10\/100Base-T(X) t\u1ef1 th\u00edch \u1ee9ng<br \/>\nH\u1ed7 tr\u1ee3 giao th\u1ee9c Modbus TCP v\u00e0 c\u00f3 th\u1ec3 qu\u1ea3n l\u00fd k\u00eanh DI, k\u00eanh DO v\u00e0 th\u00f4ng tin h\u1ec7 th\u1ed1ng thi\u1ebft b\u1ecb th\u00f4ng qua Modbus TCP Master<br \/>\nH\u1ed7 tr\u1ee3 t\u00f9y ch\u1ec9nh \u0111\u1ecba ch\u1ec9 thanh ghi Modbus TCP slave \u0111\u1ec3 thu\u1eadn ti\u1ec7n cho vi\u1ec7c n\u00e2ng c\u1ea5p h\u1ec7 th\u1ed1ng hi\u1ec7n tr\u01b0\u1eddng c\u00f4ng nghi\u1ec7p<br \/>\nH\u1ed7 tr\u1ee3 c\u00e1c ch\u1ebf \u0111\u1ed9 ho\u1ea1t \u0111\u1ed9ng nh\u01b0 DI, Counter, DO v\u00e0 Pulse Output<br \/>\nH\u1ed7 tr\u1ee3 c\u00e1c ch\u1ebf \u0111\u1ed9 m\u1ea1ng nh\u01b0 ch\u1ebf \u0111\u1ed9 d\u1ef1 ph\u00f2ng (redundant mode), ch\u1ebf \u0111\u1ed9 chuy\u1ec3n m\u1ea1ch (switching mode) v\u00e0 ch\u1ebf \u0111\u1ed9 IP k\u00e9p (dual IP mode), \u0111\u00e1p \u1ee9ng nhu c\u1ea7u c\u1ee7a nhi\u1ec1u m\u00f4i tr\u01b0\u1eddng m\u1ea1ng kh\u00e1c nhau.<br \/>\nH\u1ed7 tr\u1ee3 ngu\u1ed3n c\u1ea5p \u0111\u1ea7u v\u00e0o 12~48VDC<br \/>\nH\u1ed7 tr\u1ee3 d\u1ea3i nhi\u1ec7t \u0111\u1ed9 ho\u1ea1t \u0111\u1ed9ng r\u1ed9ng t\u1eeb -40\u00b0C \u0111\u1ebfn 75\u00b0C<\/p>","protected":false},"featured_media":2752,"template":"","meta":[],"product_brand":[],"product_cat":[73],"product_tag":[],"class_list":{"0":"post-2751","1":"product","2":"type-product","3":"status-publish","4":"has-post-thumbnail","6":"product_cat-i-o-server","8":"first","9":"instock","10":"shipping-taxable","11":"product-type-simple"},"acf":[],"_links":{"self":[{"href":"https:\/\/3onedatavn.com\/vi\/wp-json\/wp\/v2\/product\/2751","targetHints":{"allow":["GET"]}}],"collection":[{"href":"https:\/\/3onedatavn.com\/vi\/wp-json\/wp\/v2\/product"}],"about":[{"href":"https:\/\/3onedatavn.com\/vi\/wp-json\/wp\/v2\/types\/product"}],"wp:featuredmedia":[{"embeddable":true,"href":"https:\/\/3onedatavn.com\/vi\/wp-json\/wp\/v2\/media\/2752"}],"wp:attachment":[{"href":"https:\/\/3onedatavn.com\/vi\/wp-json\/wp\/v2\/media?parent=2751"}],"wp:term":[{"taxonomy":"product_brand","embeddable":true,"href":"https:\/\/3onedatavn.com\/vi\/wp-json\/wp\/v2\/product_brand?post=2751"},{"taxonomy":"product_cat","embeddable":true,"href":"https:\/\/3onedatavn.com\/vi\/wp-json\/wp\/v2\/product_cat?post=2751"},{"taxonomy":"product_tag","embeddable":true,"href":"https:\/\/3onedatavn.com\/vi\/wp-json\/wp\/v2\/product_tag?post=2751"}],"curies":[{"name":"wp","href":"https:\/\/api.w.org\/{rel}","templated":true}]}}