{"id":2759,"date":"2026-02-04T10:37:40","date_gmt":"2026-02-04T03:37:40","guid":{"rendered":"https:\/\/3onedatavn.com\/?post_type=product&#038;p=2759"},"modified":"2026-02-04T10:37:40","modified_gmt":"2026-02-04T03:37:40","slug":"igw3700-4t-rj-ss-p24vdc","status":"publish","type":"product","link":"https:\/\/3onedatavn.com\/vi\/san-pham\/igw3700-4t-rj-ss-p24vdc\/","title":{"rendered":"IGW3700-4T-RJ-SS-P(24VDC)"},"content":{"rendered":"<p>GW3700-4T-RJ-SS-P (24VDC) l\u00e0 gateway m\u1ea1nh m\u1ebd v\u00e0 d\u1ec5 c\u1ea5u h\u00ecnh, cho ph\u00e9p truy\u1ec1n th\u00f4ng d\u1eef li\u1ec7u gi\u1eefa m\u1ea1ng EtherCAT v\u00e0 m\u1ea1ng Profinet, \u0111\u1ed3ng th\u1eddi c\u00f3 th\u1ec3 k\u1ebft n\u1ed1i m\u1ea1ng Profinet v\u00e0o m\u1ea1ng EtherCAT. Thi\u1ebft b\u1ecb Profinet c\u00f3 th\u1ec3 \u0111\u01b0\u1ee3c k\u1ebft n\u1ed1i v\u00e0o m\u1ea1ng EtherCAT. \u1ee8ng d\u1ee5ng cho c\u00e1c thi\u1ebft b\u1ecb nh\u01b0: bi\u1ebfn t\u1ea7n, \u0111\u1ed9ng c\u01a1 b\u01b0\u1edbc, servo drive, thi\u1ebft b\u1ecb \u0111o l\u01b0\u1eddng, PLC, DCS, FCS v\u00e0 c\u00e1c thi\u1ebft b\u1ecb kh\u00e1c h\u1ed7 tr\u1ee3 giao di\u1ec7n PROFINET.<\/p>\n<p>\u1ede ph\u00eda Profinet, gateway ho\u1ea1t \u0111\u1ed9ng nh\u01b0 m\u1ed9t thi\u1ebft b\u1ecb Profinet IO, cung c\u1ea5p cho ng\u01b0\u1eddi d\u00f9ng file GSDML c\u1ee7a gateway n\u00e0y. Ng\u01b0\u1eddi d\u00f9ng t\u1ea3i file GSDML v\u00e0o TIA Portal \u0111\u1ec3 c\u1ea5u h\u00ecnh m\u1ea1ng Profinet. \u1ede ph\u00eda EtherCAT, thi\u1ebft b\u1ecb ho\u1ea1t \u0111\u1ed9ng nh\u01b0 m\u1ed9t EtherCAT slave, v\u00e0 \u1edf ph\u00eda PROFINET, thi\u1ebft b\u1ecb ho\u1ea1t \u0111\u1ed9ng nh\u01b0 m\u1ed9t PROFINET slave.<\/p>\n<h2>T\u00ednh n\u0103ng v\u00e0 \u01b0u \u0111i\u1ec3m<\/h2>\n<p>H\u1ed7 tr\u1ee3 nhi\u1ec1u lo\u1ea1i d\u1eef li\u1ec7u v\u00e0o\/ra 512 byte \u1edf ph\u00eda EtherCAT<br \/>\nH\u1ed7 tr\u1ee3 giao th\u1ee9c PROFINET\/IO ti\u00eau chu\u1ea9n<br \/>\nTi\u00eau th\u1ee5 \u0111i\u1ec7n n\u0103ng th\u1ea5p<br \/>\nC\u1ea5u h\u00ecnh \u0111\u01a1n gi\u1ea3n<br \/>\nHi\u1ec7u qu\u1ea3 chi ph\u00ed cao, c\u00f3 th\u1ec3 t\u00f9y ch\u1ec9nh nhanh ch\u00f3ng<\/p>","protected":false},"excerpt":{"rendered":"<h1>B\u1ed9 chuy\u1ec3n \u0111\u1ed5i giao th\u1ee9c EtherCAT sang Profinet<\/h1>\n<p>H\u1ed7 tr\u1ee3 2 c\u1ed5ng EtherCAT 10\/100 Mbit\/s (RJ45) v\u00e0 2 c\u1ed5ng Profinet 10\/100 Mbit\/s (RJ45)<br \/>\nH\u1ed7 tr\u1ee3 giao th\u1ee9c EtherCAT sang Profinet<br \/>\nH\u1ed7 tr\u1ee3 giao th\u1ee9c PROFINET\/IO ti\u00eau chu\u1ea9n<br \/>\nH\u1ed7 tr\u1ee3 ngu\u1ed3n c\u1ea5p DC 24V<br \/>\nH\u1ed7 tr\u1ee3 d\u1ea3i nhi\u1ec7t \u0111\u1ed9 r\u1ed9ng -25~55 \u2103<\/p>","protected":false},"featured_media":2760,"template":"","meta":[],"product_brand":[],"product_cat":[74],"product_tag":[],"class_list":{"0":"post-2759","1":"product","2":"type-product","3":"status-publish","4":"has-post-thumbnail","6":"product_cat-modbus-gateway","8":"first","9":"instock","10":"shipping-taxable","11":"product-type-simple"},"acf":[],"_links":{"self":[{"href":"https:\/\/3onedatavn.com\/vi\/wp-json\/wp\/v2\/product\/2759","targetHints":{"allow":["GET"]}}],"collection":[{"href":"https:\/\/3onedatavn.com\/vi\/wp-json\/wp\/v2\/product"}],"about":[{"href":"https:\/\/3onedatavn.com\/vi\/wp-json\/wp\/v2\/types\/product"}],"wp:featuredmedia":[{"embeddable":true,"href":"https:\/\/3onedatavn.com\/vi\/wp-json\/wp\/v2\/media\/2760"}],"wp:attachment":[{"href":"https:\/\/3onedatavn.com\/vi\/wp-json\/wp\/v2\/media?parent=2759"}],"wp:term":[{"taxonomy":"product_brand","embeddable":true,"href":"https:\/\/3onedatavn.com\/vi\/wp-json\/wp\/v2\/product_brand?post=2759"},{"taxonomy":"product_cat","embeddable":true,"href":"https:\/\/3onedatavn.com\/vi\/wp-json\/wp\/v2\/product_cat?post=2759"},{"taxonomy":"product_tag","embeddable":true,"href":"https:\/\/3onedatavn.com\/vi\/wp-json\/wp\/v2\/product_tag?post=2759"}],"curies":[{"name":"wp","href":"https:\/\/api.w.org\/{rel}","templated":true}]}}