{"id":2815,"date":"2026-02-04T14:33:22","date_gmt":"2026-02-04T07:33:22","guid":{"rendered":"https:\/\/3onedatavn.com\/?post_type=product&#038;p=2815"},"modified":"2026-02-04T14:34:45","modified_gmt":"2026-02-04T07:34:45","slug":"sw485a","status":"publish","type":"product","link":"https:\/\/3onedatavn.com\/vi\/san-pham\/sw485a\/","title":{"rendered":"SW485A"},"content":{"rendered":"<h2>T\u1ed5ng quan v\u1ec1 b\u1ed9 chuy\u1ec3n \u0111\u1ed5i RS-485 sang RS-232 \u0111\u1ed9 nh\u1ea1y cao SW485A c\u1ee7a 3onedata<\/h2>\n<p>SW485A l\u00e0 b\u1ed9 chuy\u1ec3n \u0111\u1ed5i giao di\u1ec7n RS-232 sang RS-485 d\u1ea1ng nh\u1ecf g\u1ecdn, c\u1ea5p c\u00f4ng nghi\u1ec7p, c\u00f3 \u0111\u1ed9 nh\u1ea1y cao, cho ph\u00e9p th\u1ef1c hi\u1ec7n chuy\u1ec3n \u0111\u1ed5i d\u1eef li\u1ec7u hai chi\u1ec1u gi\u1eefa c\u1ed5ng n\u1ed1i ti\u1ebfp RS-232 v\u00e0 RS-485, \u0111\u1ed3ng th\u1eddi kh\u00f4ng c\u1ea7n ngu\u1ed3n c\u1ea5p ngo\u00e0i. Thi\u1ebft b\u1ecb cung c\u1ea5p 1 c\u1ed5ng RS-232 v\u00e0 1 c\u1ed5ng RS-485, \u0111\u01b0\u1ee3c trang b\u1ecb b\u1ea3o v\u1ec7 ch\u1ed1ng xung 600W v\u00e0 ch\u1ed1ng t\u0129nh \u0111i\u1ec7n 15kV, gi\u00fap ng\u0103n ng\u1eeba hi\u1ec7u qu\u1ea3 h\u01b0 h\u1ecfng thi\u1ebft b\u1ecb.<br \/>\nC\u1ed5ng RS-232 c\u1ee7a SW485A s\u1eed d\u1ee5ng giao di\u1ec7n DB9 d\u1ea1ng l\u1ed7, c\u00f3 th\u1ec3 k\u1ebft n\u1ed1i tr\u1ef1c ti\u1ebfp v\u1edbi PC v\u00e0 l\u1ea5y ngu\u1ed3n t\u1eeb c\u1ed5ng n\u1ed1i ti\u1ebfp c\u1ee7a PC th\u00f4ng qua c\u00e1c \u0111\u01b0\u1eddng t\u00edn hi\u1ec7u TXD, RTS v\u00e0 DTR. SW485A c\u00f3 th\u1ec3 nh\u1eadn \u0111\u1ee7 ngu\u1ed3n \u0111i\u1ec7n t\u1eeb c\u00e1c t\u00edn hi\u1ec7u d\u1eef li\u1ec7u\/handshake n\u00e0y b\u1ea5t k\u1ec3 t\u00edn hi\u1ec7u \u1edf m\u1ee9c cao hay th\u1ea5p.<br \/>\nC\u00e1c ch\u1ec9 ti\u00eau thi\u1ebft k\u1ebf c\u1ee7a SW485A ho\u00e0n to\u00e0n \u0111\u00e1p \u1ee9ng y\u00eau c\u1ea7u c\u1ee7a ti\u00eau chu\u1ea9n c\u00f4ng nghi\u1ec7p. \u0110\u1ed9 nh\u1ea1y thu c\u1ee7a thi\u1ebft b\u1ecb thu\u1ed9c h\u00e0ng \u0111\u1ea7u trong c\u00f9ng lo\u1ea1i, \u0111\u1eb7c bi\u1ec7t ph\u00f9 h\u1ee3p cho c\u00e1c h\u1ec7 th\u1ed1ng c\u00f4ng nghi\u1ec7p y\u00eau c\u1ea7u t\u1ed1c \u0111\u1ed9 thu th\u1eadp nhanh v\u00e0 l\u01b0\u1ee3ng d\u1eef li\u1ec7u l\u1edbn.<\/p>","protected":false},"excerpt":{"rendered":"<h1>B\u1ed9 chuy\u1ec3n \u0111\u1ed5i RS-485 sang RS-232 \u0111\u1ed9 nh\u1ea1y cao<\/h1>\n<p>H\u1ed7 tr\u1ee3 chuy\u1ec3n \u0111\u1ed5i d\u1eef li\u1ec7u hai chi\u1ec1u gi\u1eefa 1 c\u1ed5ng n\u1ed1i ti\u1ebfp RS-232 v\u00e0 1 c\u1ed5ng n\u1ed1i ti\u1ebfp RS-485<br \/>\nC\u1ed5ng n\u1ed1i ti\u1ebfp c\u00f3 \u0111\u1ed9 nh\u1ea1y thu cao<br \/>\nC\u00f4ng ngh\u1ec7 c\u1ea5p ngu\u1ed3n qua c\u1ed5ng \u0111\u1ed9c \u0111\u00e1o, kh\u00f4ng c\u1ea7n ngu\u1ed3n c\u1ea5p ngo\u00e0i<br \/>\nTi\u00eau th\u1ee5 \u0111i\u1ec7n n\u0103ng th\u1ea5p, \u1edf tr\u1ea1ng th\u00e1i t\u0129nh t\u01b0\u01a1ng \u0111\u01b0\u01a1ng v\u1edbi \u0111\u00e8n LED th\u00f4ng th\u01b0\u1eddng, c\u00f3 th\u1ec3 \u0111\u01b0\u1ee3c xem l\u00e0 thi\u1ebft b\u1ecb th\u1ee5 \u0111\u1ed9ng<br \/>\nT\u1ef1 \u0111\u1ed9ng ph\u00e1t hi\u1ec7n t\u1ed1c \u0111\u1ed9 t\u00edn hi\u1ec7u c\u1ed5ng n\u1ed1i ti\u1ebfp, chuy\u1ec3n ti\u1ebfp t\u1ef1 \u0111\u1ed9ng kh\u00f4ng \u0111\u1ed9 tr\u1ec5<br \/>\nC\u1ed5ng n\u1ed1i ti\u1ebfp cung c\u1ea5p b\u1ea3o v\u1ec7 ch\u1ed1ng xung 600W v\u00e0 ch\u1ed1ng t\u0129nh \u0111i\u1ec7n 15kV<br \/>\nH\u1ed7 tr\u1ee3 d\u1ea3i nhi\u1ec7t \u0111\u1ed9 ho\u1ea1t \u0111\u1ed9ng r\u1ed9ng t\u1eeb -40\u00b0C \u0111\u1ebfn 80\u00b0C<\/p>","protected":false},"featured_media":2816,"template":"","meta":[],"product_brand":[],"product_cat":[75],"product_tag":[],"class_list":{"0":"post-2815","1":"product","2":"type-product","3":"status-publish","4":"has-post-thumbnail","6":"product_cat-serial-converter","8":"first","9":"instock","10":"shipping-taxable","11":"product-type-simple"},"acf":[],"_links":{"self":[{"href":"https:\/\/3onedatavn.com\/vi\/wp-json\/wp\/v2\/product\/2815","targetHints":{"allow":["GET"]}}],"collection":[{"href":"https:\/\/3onedatavn.com\/vi\/wp-json\/wp\/v2\/product"}],"about":[{"href":"https:\/\/3onedatavn.com\/vi\/wp-json\/wp\/v2\/types\/product"}],"wp:featuredmedia":[{"embeddable":true,"href":"https:\/\/3onedatavn.com\/vi\/wp-json\/wp\/v2\/media\/2816"}],"wp:attachment":[{"href":"https:\/\/3onedatavn.com\/vi\/wp-json\/wp\/v2\/media?parent=2815"}],"wp:term":[{"taxonomy":"product_brand","embeddable":true,"href":"https:\/\/3onedatavn.com\/vi\/wp-json\/wp\/v2\/product_brand?post=2815"},{"taxonomy":"product_cat","embeddable":true,"href":"https:\/\/3onedatavn.com\/vi\/wp-json\/wp\/v2\/product_cat?post=2815"},{"taxonomy":"product_tag","embeddable":true,"href":"https:\/\/3onedatavn.com\/vi\/wp-json\/wp\/v2\/product_tag?post=2815"}],"curies":[{"name":"wp","href":"https:\/\/api.w.org\/{rel}","templated":true}]}}