{"id":2829,"date":"2026-02-09T09:33:15","date_gmt":"2026-02-09T02:33:15","guid":{"rendered":"https:\/\/3onedatavn.com\/?post_type=product&#038;p=2829"},"modified":"2026-02-09T09:33:15","modified_gmt":"2026-02-09T02:33:15","slug":"mc201-f","status":"publish","type":"product","link":"https:\/\/3onedatavn.com\/vi\/san-pham\/mc201-f\/","title":{"rendered":"MC201-F"},"content":{"rendered":"<p><strong>Gi\u1edbi thi\u1ec7u<\/strong><\/p>\n<p style=\"font-weight: 400;\">MC201-F l\u00e0 b\u1ed9 chuy\u1ec3n \u0111\u1ed5i t\u00edn hi\u1ec7u bus CAN sang t\u00edn hi\u1ec7u quang. Thi\u1ebft b\u1ecb \u0111\u01b0\u1ee3c thi\u1ebft k\u1ebf \u0111\u1eb7c bi\u1ec7t \u0111\u1ec3 gi\u1ea3i quy\u1ebft c\u00e1c v\u1ea5n \u0111\u1ec1 nh\u01b0 kho\u1ea3ng c\u00e1ch truy\u1ec1n ng\u1eafn v\u00e0 nhi\u1ec5u \u0111i\u1ec7n t\u1eeb trong qu\u00e1 tr\u00ecnh truy\u1ec1n bus CAN. N\u00f3 h\u1ed7 tr\u1ee3 truy\u1ec1n minh b\u1ea1ch t\u1eeb 1 c\u1ed5ng CAN sang 1 c\u1ed5ng c\u00e1p quang v\u00e0 s\u1eed d\u1ee5ng l\u1eafp \u0111\u1eb7t tr\u00ean t\u01b0\u1eddng, \u0111\u00e1p \u1ee9ng y\u00eau c\u1ea7u c\u1ee7a nhi\u1ec1u m\u00f4i tr\u01b0\u1eddng kh\u00e1c nhau.<\/p>\n<p style=\"font-weight: 400;\">C\u00f4ng t\u1eafc DIP cho ph\u00e9p thi\u1ebft l\u1eadp t\u1ed1c \u0111\u1ed9 baud c\u1ee7a c\u1ed5ng CAN. Ph\u1ea7n c\u1ee9ng s\u1eed d\u1ee5ng thi\u1ebft k\u1ebf kh\u00f4ng qu\u1ea1t, ti\u00eau th\u1ee5 \u0111i\u1ec7n n\u0103ng th\u1ea5p, d\u1ea3i nhi\u1ec7t \u0111\u1ed9 v\u00e0 \u0111i\u1ec7n \u00e1p r\u1ed9ng, \u0111\u00e3 v\u01b0\u1ee3t qua c\u00e1c b\u00e0i ki\u1ec3m tra nghi\u00eam ng\u1eb7t theo ti\u00eau chu\u1ea9n c\u00f4ng nghi\u1ec7p, ph\u00f9 h\u1ee3p v\u1edbi m\u00f4i tr\u01b0\u1eddng c\u00f4ng nghi\u1ec7p c\u00f3 y\u00eau c\u1ea7u kh\u1eaft khe v\u1ec1 EMC. Thi\u1ebft b\u1ecb c\u00f3 th\u1ec3 \u0111\u01b0\u1ee3c s\u1eed d\u1ee5ng r\u1ed9ng r\u00e3i trong \u0111i\u1ec1u khi\u1ec3n v\u00e0 qu\u1ea3n l\u00fd PLC, t\u1ef1 \u0111\u1ed9ng h\u00f3a t\u00f2a nh\u00e0, h\u1ec7 th\u1ed1ng t\u1ef1 \u0111\u1ed9ng h\u00f3a y t\u1ebf, thi\u1ebft b\u1ecb \u0111o l\u01b0\u1eddng v\u00e0 h\u1ec7 th\u1ed1ng gi\u00e1m s\u00e1t m\u00f4i tr\u01b0\u1eddng.<\/p>","protected":false},"excerpt":{"rendered":"<h1>B\u1ed9 MODEM CAN sang c\u00e1p quang, l\u1eafp \u0111\u1eb7t tr\u00ean t\u01b0\u1eddng<\/h1>\n<p class=\"15\">H\u1ed7 tr\u1ee3 1 c\u1ed5ng CAN sang 1 c\u1ed5ng c\u00e1p quang<\/p>\n<p class=\"15\">C\u1ed5ng CAN h\u1ed7 tr\u1ee3 hai t\u00f9y ch\u1ecdn v\u1ec1 t\u1ed1c \u0111\u1ed9 baud: t\u1ef1 \u0111\u1ed9ng ph\u00e1t hi\u1ec7n ho\u1eb7c do ng\u01b0\u1eddi d\u00f9ng \u0111\u1ecbnh ngh\u0129a. D\u1ea3i t\u1ed1c \u0111\u1ed9 baud t\u1eeb 2,5 kbps \u0111\u1ebfn 1000 kbps<\/p>\n<p class=\"15\">Khi s\u1eed d\u1ee5ng theo c\u1eb7p, vi\u1ec7c nh\u1eadn, l\u01b0u tr\u1eef v\u00e0 chuy\u1ec3n ti\u1ebfp d\u1eef li\u1ec7u c\u00f3 th\u1ec3 th\u1ef1c hi\u1ec7n gi\u1eefa hai m\u1ea1ng CAN v\u1edbi t\u1ed1c \u0111\u1ed9 kh\u00e1c nhau<\/p>\n<p class=\"15\">Thi\u1ebft b\u1ecb c\u00f3 th\u1ec3 m\u1edf r\u1ed9ng kho\u1ea3ng c\u00e1ch truy\u1ec1n c\u1ee7a bus CAN, kho\u1ea3ng c\u00e1ch truy\u1ec1n c\u1ee7a c\u1ed5ng c\u00e1p quang l\u00ean t\u1edbi 15km<\/p>\n<p class=\"15\">H\u1ed7 tr\u1ee3 d\u1ea3i nhi\u1ec7t \u0111\u1ed9 ho\u1ea1t \u0111\u1ed9ng r\u1ed9ng t\u1eeb -40\u00b0C \u0111\u1ebfn 75\u00b0C<\/p>\n<p>&nbsp;<\/p>","protected":false},"featured_media":2832,"template":"","meta":[],"product_brand":[],"product_cat":[76],"product_tag":[],"class_list":{"0":"post-2829","1":"product","2":"type-product","3":"status-publish","4":"has-post-thumbnail","6":"product_cat-fieldbus-to-fiber-converter","8":"first","9":"instock","10":"shipping-taxable","11":"product-type-simple"},"acf":[],"_links":{"self":[{"href":"https:\/\/3onedatavn.com\/vi\/wp-json\/wp\/v2\/product\/2829","targetHints":{"allow":["GET"]}}],"collection":[{"href":"https:\/\/3onedatavn.com\/vi\/wp-json\/wp\/v2\/product"}],"about":[{"href":"https:\/\/3onedatavn.com\/vi\/wp-json\/wp\/v2\/types\/product"}],"wp:featuredmedia":[{"embeddable":true,"href":"https:\/\/3onedatavn.com\/vi\/wp-json\/wp\/v2\/media\/2832"}],"wp:attachment":[{"href":"https:\/\/3onedatavn.com\/vi\/wp-json\/wp\/v2\/media?parent=2829"}],"wp:term":[{"taxonomy":"product_brand","embeddable":true,"href":"https:\/\/3onedatavn.com\/vi\/wp-json\/wp\/v2\/product_brand?post=2829"},{"taxonomy":"product_cat","embeddable":true,"href":"https:\/\/3onedatavn.com\/vi\/wp-json\/wp\/v2\/product_cat?post=2829"},{"taxonomy":"product_tag","embeddable":true,"href":"https:\/\/3onedatavn.com\/vi\/wp-json\/wp\/v2\/product_tag?post=2829"}],"curies":[{"name":"wp","href":"https:\/\/api.w.org\/{rel}","templated":true}]}}