{"id":2858,"date":"2026-02-09T10:06:49","date_gmt":"2026-02-09T03:06:49","guid":{"rendered":"https:\/\/3onedatavn.com\/?post_type=product&#038;p=2858"},"modified":"2026-02-09T10:06:49","modified_gmt":"2026-02-09T03:06:49","slug":"usb8485i","status":"publish","type":"product","link":"https:\/\/3onedatavn.com\/vi\/san-pham\/usb8485i\/","title":{"rendered":"USB8485I"},"content":{"rendered":"<h2>T\u1ed5ng quan b\u1ed9 chuy\u1ec3n \u0111\u1ed5i USB c\u00e1ch ly sang 8 c\u1ed5ng RS-485\/422 USB8485I c\u1ee7a 3onedata<\/h2>\n<p>USB8485I l\u00e0 b\u1ed9 chuy\u1ec3n \u0111\u1ed5i giao di\u1ec7n USB sang RS-485\/422 c\u00f3 c\u00e1ch ly, cho ph\u00e9p chuy\u1ec3n \u0111\u1ed5i d\u1eef li\u1ec7u hai chi\u1ec1u gi\u1eefa giao di\u1ec7n USB v\u00e0 8 c\u1ed5ng n\u1ed1i ti\u1ebfp RS-485\/422. S\u1ea3n ph\u1ea9m h\u1ed7 tr\u1ee3 1 c\u1ed5ng USB v\u00e0 8 c\u1ed5ng n\u1ed1i ti\u1ebfp RS-485\/422. C\u00e1c c\u1ed5ng n\u1ed1i ti\u1ebfp \u0111\u01b0\u1ee3c trang b\u1ecb b\u1ea3o v\u1ec7 ch\u1ed1ng t\u0129nh \u0111i\u1ec7n 15kV v\u00e0 c\u00e1ch ly \u0111i\u1ec7n 2kVAC, gi\u00fap b\u1ea3o v\u1ec7 thi\u1ebft b\u1ecb hi\u1ec7u qu\u1ea3 kh\u1ecfi h\u01b0 h\u1ecfng. Thi\u1ebft b\u1ecb \u0111\u01b0\u1ee3c thi\u1ebft k\u1ebf d\u1ea1ng \u0111\u1ec3 b\u00e0n, \u0111\u00e1p \u1ee9ng y\u00eau c\u1ea7u c\u1ee7a nhi\u1ec1u l\u0129nh v\u1ef1c \u1ee9ng d\u1ee5ng kh\u00e1c nhau.<br \/>\nS\u1ea3n ph\u1ea9m cung c\u1ea5p ph\u1ea7n m\u1ec1m driver t\u01b0\u01a1ng th\u00edch; khi k\u1ebft n\u1ed1i giao di\u1ec7n USB v\u1edbi PC, h\u1ec7 th\u1ed1ng s\u1ebd t\u1ea1o ra m\u1ed9t c\u1ed5ng COM n\u1ed1i ti\u1ebfp \u1ea3o tr\u00ean m\u00e1y t\u00ednh. M\u00e1y t\u00ednh (host PC) c\u00f3 th\u1ec3 \u0111\u1ed3ng th\u1eddi giao ti\u1ebfp v\u1edbi c\u00e1c thi\u1ebft b\u1ecb n\u1ed1i ti\u1ebfp RS-485\/422 th\u00f4ng qua c\u1ed5ng COM \u1ea3o n\u00e0y.<br \/>\nPh\u1ea7n c\u1ee9ng thi\u1ebft k\u1ebf kh\u00f4ng qu\u1ea1t, ti\u00eau th\u1ee5 \u0111i\u1ec7n n\u0103ng th\u1ea5p, d\u1ea3i nhi\u1ec7t \u0111\u1ed9 r\u1ed9ng v\u00e0 \u0111\u00e3 v\u01b0\u1ee3t qua c\u00e1c b\u00e0i ki\u1ec3m tra ti\u00eau chu\u1ea9n c\u00f4ng nghi\u1ec7p nghi\u00eam ng\u1eb7t, ph\u00f9 h\u1ee3p v\u1edbi m\u00f4i tr\u01b0\u1eddng c\u00f4ng nghi\u1ec7p c\u00f3 y\u00eau c\u1ea7u kh\u1eaft khe v\u1ec1 EMC. S\u1ea3n ph\u1ea9m \u0111\u01b0\u1ee3c s\u1eed d\u1ee5ng r\u1ed9ng r\u00e3i trong PLC, \u0111i\u1ec1u khi\u1ec3n t\u1ef1 \u0111\u1ed9ng c\u00f4ng nghi\u1ec7p, h\u1ec7 th\u1ed1ng thu ph\u00ed th\u1ebb IC v\u00e0 h\u1ec7 th\u1ed1ng \u0111i\u1ec1u khi\u1ec3n thu th\u1eadp d\u1eef li\u1ec7u, v.v.<\/p>","protected":false},"excerpt":{"rendered":"<h1>B\u1ed9 chuy\u1ec3n \u0111\u1ed5i USB sang 8 c\u1ed5ng RS-485\/422 c\u00f3 c\u00e1ch ly<\/h1>\n<p>H\u1ed7 tr\u1ee3 chuy\u1ec3n \u0111\u1ed5i d\u1eef li\u1ec7u hai chi\u1ec1u gi\u1eefa 1 c\u1ed5ng USB v\u00e0 8 c\u1ed5ng serial RS-485\/422<br \/>\nM\u1ee9c s\u1eed d\u1ee5ng CPU th\u1ea5p khi v\u1eadn h\u00e0nh, hi\u1ec7u n\u0103ng \u1ed5n \u0111\u1ecbnh<br \/>\nT\u1ef1 \u0111\u1ed9ng \u0111i\u1ec1u ch\u1ec9nh t\u1ed1c \u0111\u1ed9 t\u00edn hi\u1ec7u c\u1ed5ng serial, baud rate 300bps~115200bps<br \/>\nC\u1ed5ng n\u1ed1i ti\u1ebfp h\u1ed7 tr\u1ee3 b\u1ea3o v\u1ec7 t\u0129nh \u0111i\u1ec7n 15kV v\u00e0 c\u00e1ch ly 2kVAC<br \/>\nH\u1ed7 tr\u1ee3 ngu\u1ed3n c\u1ea5p 9VDC<br \/>\nH\u1ed7 tr\u1ee3 ho\u1ea1t \u0111\u1ed9ng trong d\u1ea3i nhi\u1ec7t \u0111\u1ed9 r\u1ed9ng t\u1eeb -40 \u0111\u1ebfn 75 \u00b0C<\/p>","protected":false},"featured_media":2859,"template":"","meta":[],"product_brand":[],"product_cat":[77],"product_tag":[],"class_list":{"0":"post-2858","1":"product","2":"type-product","3":"status-publish","4":"has-post-thumbnail","6":"product_cat-usb-to-serial-converter","8":"first","9":"instock","10":"shipping-taxable","11":"product-type-simple"},"acf":[],"_links":{"self":[{"href":"https:\/\/3onedatavn.com\/vi\/wp-json\/wp\/v2\/product\/2858","targetHints":{"allow":["GET"]}}],"collection":[{"href":"https:\/\/3onedatavn.com\/vi\/wp-json\/wp\/v2\/product"}],"about":[{"href":"https:\/\/3onedatavn.com\/vi\/wp-json\/wp\/v2\/types\/product"}],"wp:featuredmedia":[{"embeddable":true,"href":"https:\/\/3onedatavn.com\/vi\/wp-json\/wp\/v2\/media\/2859"}],"wp:attachment":[{"href":"https:\/\/3onedatavn.com\/vi\/wp-json\/wp\/v2\/media?parent=2858"}],"wp:term":[{"taxonomy":"product_brand","embeddable":true,"href":"https:\/\/3onedatavn.com\/vi\/wp-json\/wp\/v2\/product_brand?post=2858"},{"taxonomy":"product_cat","embeddable":true,"href":"https:\/\/3onedatavn.com\/vi\/wp-json\/wp\/v2\/product_cat?post=2858"},{"taxonomy":"product_tag","embeddable":true,"href":"https:\/\/3onedatavn.com\/vi\/wp-json\/wp\/v2\/product_tag?post=2858"}],"curies":[{"name":"wp","href":"https:\/\/api.w.org\/{rel}","templated":true}]}}