{"id":2908,"date":"2026-02-10T10:47:34","date_gmt":"2026-02-10T03:47:34","guid":{"rendered":"https:\/\/3onedatavn.com\/?post_type=product&#038;p=2908"},"modified":"2026-02-10T10:47:34","modified_gmt":"2026-02-10T03:47:34","slug":"ies2210-series-2","status":"publish","type":"product","link":"https:\/\/3onedatavn.com\/vi\/san-pham\/ies2210-series-2\/","title":{"rendered":"IES2210 Series"},"content":{"rendered":"<h2>Overview of 3onedata&#8217;s Unmanaged 6\/10 Port Gigabit PoE Switch IES2210 Series<\/h2>\n<p>D\u00f2ng IES2210 l\u00e0 switch Ethernet c\u00f4ng nghi\u1ec7p kh\u00f4ng qu\u1ea3n l\u00fd l\u1edbp 2, 6\/10 c\u1ed5ng, h\u1ed7 tr\u1ee3 100M\/Gigabit. D\u00f2ng s\u1ea3n ph\u1ea9m n\u00e0y cung c\u1ea5p c\u00e1c c\u1ed5ng \u0111\u1ed3ng 100M (t\u00f9y ch\u1ecdn PoE) v\u00e0 c\u1ed5ng Combo Gigabit (khe SFP ho\u1eb7c RJ45), trong \u0111\u00f3 ngu\u1ed3n PoE tu\u00e2n th\u1ee7 ti\u00eau chu\u1ea9n giao th\u1ee9c IEEE 802.3af\/at. Thi\u1ebft b\u1ecb h\u1ed7 tr\u1ee3 l\u1eafp \u0111\u1eb7t DIN-Rail ho\u1eb7c treo t\u01b0\u1eddng, \u0111\u00e1p \u1ee9ng y\u00eau c\u1ea7u c\u1ee7a nhi\u1ec1u m\u00f4i tr\u01b0\u1eddng \u1ee9ng d\u1ee5ng kh\u00e1c nhau.<br \/>\nD\u00f2ng s\u1ea3n ph\u1ea9m n\u00e0y h\u1ed7 tr\u1ee3 t\u00f9y ch\u1ecdn ngu\u1ed3n AC\/DC. \u0110\u1ea7u v\u00e0o ngu\u1ed3n g\u1ed3m hai m\u1ea1ch ngu\u1ed3n \u0111\u1ed9c l\u1eadp, \u0111\u1ea3m b\u1ea3o thi\u1ebft b\u1ecb v\u1eabn ho\u1ea1t \u0111\u1ed9ng b\u00ecnh th\u01b0\u1eddng khi m\u1ed9t ngu\u1ed3n g\u1eb7p s\u1ef1 c\u1ed1. Thi\u1ebft k\u1ebf c\u00f4ng t\u1eafc DIP cho ph\u00e9p thi\u1ebft l\u1eadp \u0111i\u1ec1u khi\u1ec3n lu\u1ed3ng, c\u1ed1 \u0111\u1ecbnh t\u1ed1c \u0111\u1ed9 c\u1ed5ng \u1edf 10M v\u00e0 ch\u1ee9c n\u0103ng c\u1ea3nh b\u00e1o. Khi x\u1ea3y ra l\u1ed7i k\u1ebft n\u1ed1i t\u1ea1i c\u1ed5ng, \u0111\u00e8n b\u00e1o ALM s\u1ebd s\u00e1ng v\u00e0 ph\u00e1t t\u00edn hi\u1ec7u c\u1ea3nh b\u00e1o; \u0111\u1ed3ng th\u1eddi, thi\u1ebft b\u1ecb c\u1ea3nh b\u00e1o \u0111\u01b0\u1ee3c k\u1ebft n\u1ed1i qua r\u01a1-le s\u1ebd ph\u00e1t t\u00edn hi\u1ec7u b\u00e1o \u0111\u1ed9ng, gi\u00fap nhanh ch\u00f3ng x\u00e1c \u0111\u1ecbnh v\u00e0 x\u1eed l\u00fd s\u1ef1 c\u1ed1 t\u1ea1i hi\u1ec7n tr\u01b0\u1eddng. Ph\u1ea7n c\u1ee9ng s\u1eed d\u1ee5ng thi\u1ebft k\u1ebf kh\u00f4ng qu\u1ea1t, ti\u00eau th\u1ee5 \u0111i\u1ec7n n\u0103ng th\u1ea5p, d\u1ea3i nhi\u1ec7t \u0111\u1ed9 v\u00e0 \u0111i\u1ec7n \u00e1p r\u1ed9ng, \u0111\u1ed3ng th\u1eddi \u0111\u00e3 v\u01b0\u1ee3t qua c\u00e1c th\u1eed nghi\u1ec7m ti\u00eau chu\u1ea9n c\u00f4ng nghi\u1ec7p nghi\u00eam ng\u1eb7t, ph\u00f9 h\u1ee3p v\u1edbi m\u00f4i tr\u01b0\u1eddng c\u00f4ng nghi\u1ec7p c\u00f3 y\u00eau c\u1ea7u EMC kh\u1eaft khe. Thi\u1ebft b\u1ecb \u0111\u01b0\u1ee3c \u1ee9ng d\u1ee5ng r\u1ed9ng r\u00e3i trong l\u01b0\u1edbi \u0111i\u1ec7n th\u00f4ng minh, \u0111\u01b0\u1eddng s\u1eaft \u2013 giao th\u00f4ng \u0111\u00f4 th\u1ecb, th\u00e0nh ph\u1ed1 th\u00f4ng minh, th\u00e0nh ph\u1ed1 an ninh, n\u0103ng l\u01b0\u1ee3ng m\u1edbi, s\u1ea3n xu\u1ea5t th\u00f4ng minh v\u00e0 c\u00e1c l\u0129nh v\u1ef1c c\u00f4ng nghi\u1ec7p kh\u00e1c.<\/p>","protected":false},"excerpt":{"rendered":"<h1>6 Port or 10 Port Gigabit Unmanaged PoE Switch<\/h1>\n<p>Hai c\u1ed5ng Combo Gigabit (khe SFP ho\u1eb7c RJ45), b\u1ed1n ho\u1eb7c t\u00e1m c\u1ed5ng \u0111\u1ed3ng 100M (t\u00f9y ch\u1ecdn PoE)<br \/>\nM\u1ed7i c\u1ed5ng PoE h\u1ed7 tr\u1ee3 c\u00f4ng su\u1ea5t t\u1ed1i \u0111a l\u00ean \u0111\u1ebfn 30 W.<br \/>\nH\u1ed7 tr\u1ee3 t\u00f9y ch\u1ecdn ngu\u1ed3n AC\/DC, ngu\u1ed3n DC k\u00e9p d\u1ef1 ph\u00f2ng<br \/>\nH\u1ed7 tr\u1ee3 d\u1ea3i nhi\u1ec7t \u0111\u1ed9 ho\u1ea1t \u0111\u1ed9ng r\u1ed9ng t\u1eeb -40\u00b0C \u0111\u1ebfn 75\u00b0C<\/p>","protected":false},"featured_media":2911,"template":"","meta":[],"product_brand":[],"product_cat":[37],"product_tag":[],"class_list":{"0":"post-2908","1":"product","2":"type-product","3":"status-publish","4":"has-post-thumbnail","6":"product_cat-ethernet-poe-switch","8":"first","9":"instock","10":"shipping-taxable","11":"product-type-simple"},"acf":[],"_links":{"self":[{"href":"https:\/\/3onedatavn.com\/vi\/wp-json\/wp\/v2\/product\/2908","targetHints":{"allow":["GET"]}}],"collection":[{"href":"https:\/\/3onedatavn.com\/vi\/wp-json\/wp\/v2\/product"}],"about":[{"href":"https:\/\/3onedatavn.com\/vi\/wp-json\/wp\/v2\/types\/product"}],"wp:featuredmedia":[{"embeddable":true,"href":"https:\/\/3onedatavn.com\/vi\/wp-json\/wp\/v2\/media\/2911"}],"wp:attachment":[{"href":"https:\/\/3onedatavn.com\/vi\/wp-json\/wp\/v2\/media?parent=2908"}],"wp:term":[{"taxonomy":"product_brand","embeddable":true,"href":"https:\/\/3onedatavn.com\/vi\/wp-json\/wp\/v2\/product_brand?post=2908"},{"taxonomy":"product_cat","embeddable":true,"href":"https:\/\/3onedatavn.com\/vi\/wp-json\/wp\/v2\/product_cat?post=2908"},{"taxonomy":"product_tag","embeddable":true,"href":"https:\/\/3onedatavn.com\/vi\/wp-json\/wp\/v2\/product_tag?post=2908"}],"curies":[{"name":"wp","href":"https:\/\/api.w.org\/{rel}","templated":true}]}}