{"id":2928,"date":"2026-02-10T11:13:43","date_gmt":"2026-02-10T04:13:43","guid":{"rendered":"https:\/\/3onedatavn.com\/?post_type=product&#038;p=2928"},"modified":"2026-02-10T11:13:43","modified_gmt":"2026-02-10T04:13:43","slug":"ies6300-8ghp2gs2hs-2p48-360w-2","status":"publish","type":"product","link":"https:\/\/3onedatavn.com\/vi\/san-pham\/ies6300-8ghp2gs2hs-2p48-360w-2\/","title":{"rendered":"IES6300-8GHP2GS2HS-2P48-360W"},"content":{"rendered":"<h2>T\u1ed5ng quan v\u1ec1 Switch PoE qu\u1ea3n l\u00fd Layer 2 Gigabit 12 c\u1ed5ng 3onedata IES6300-8GHP2GS2HS<\/h2>\n<p>IES6300-8GHP2GS2HS-2P48-360W l\u00e0 switch Ethernet c\u00f4ng nghi\u1ec7p PoE qu\u1ea3n l\u00fd Layer 2 Gigabit 12 c\u1ed5ng. Ngu\u1ed3n PoE tu\u00e2n th\u1ee7 ti\u00eau chu\u1ea9n giao th\u1ee9c IEEE 802.3af\/at\/bt. S\u1ea3n ph\u1ea9m cung c\u1ea5p nhi\u1ec1u lo\u1ea1i giao di\u1ec7n, bao g\u1ed3m c\u1ed5ng \u0111\u1ed3ng PoE Gigabit, khe SFP 100M\/1G, khe SFP 100M\/1G\/2.5G v\u00e0 c\u1ed5ng I\/O. Thi\u1ebft b\u1ecb h\u1ed7 tr\u1ee3 l\u1eafp \u0111\u1eb7t tr\u00ean thanh DIN (DIN-Rail), \u0111\u00e1p \u1ee9ng y\u00eau c\u1ea7u c\u1ee7a nhi\u1ec1u k\u1ecbch b\u1ea3n \u1ee9ng d\u1ee5ng kh\u00e1c nhau.<br \/>\nH\u1ec7 th\u1ed1ng qu\u1ea3n l\u00fd m\u1ea1ng h\u1ed7 tr\u1ee3 nhi\u1ec1u giao th\u1ee9c m\u1ea1ng v\u00e0 ti\u00eau chu\u1ea9n c\u00f4ng nghi\u1ec7p nh\u01b0 Ring, STP\/RSTP\/MSTP, ERPS, DHCP Server\/Snooping\/Relay, VLAN, QoS, IGMP Snooping, LLDP, MEP, LACP v\u00e0 Port Mirroring.\nH\u1ec7 th\u1ed1ng cung c\u1ea5p \u0111\u1ea7y \u0111\u1ee7 c\u00e1c ch\u1ee9c n\u0103ng qu\u1ea3n l\u00fd, h\u1ed7 tr\u1ee3 c\u1ea5u h\u00ecnh c\u1ed5ng, NAS, ACL, ch\u1ea9n \u0111o\u00e1n m\u1ea1ng, n\u00e2ng c\u1ea5p tr\u1ef1c tuy\u1ebfn, v.v. Thi\u1ebft b\u1ecb h\u1ed7 tr\u1ee3 nhi\u1ec1u ph\u01b0\u01a1ng th\u1ee9c truy c\u1eadp v\u00e0 qu\u1ea3n l\u00fd nh\u01b0 CLI, WEB, TELNET, SSH, SNMP. V\u1edbi thi\u1ebft k\u1ebf giao di\u1ec7n qu\u1ea3n l\u00fd th\u00e2n thi\u1ec7n, thao t\u00e1c \u0111\u01a1n gi\u1ea3n v\u00e0 thu\u1eadn ti\u1ec7n, h\u1ec7 th\u1ed1ng qu\u1ea3n l\u00fd m\u1ea1ng mang l\u1ea1i tr\u1ea3i nghi\u1ec7m s\u1eed d\u1ee5ng t\u1ed1t cho ng\u01b0\u1eddi d\u00f9ng.<br \/>\nNgu\u1ed3n DC \u0111\u01b0\u1ee3c thi\u1ebft k\u1ebf v\u1edbi hai m\u1ea1ch ngu\u1ed3n \u0111\u1ed9c l\u1eadp, \u0111\u1ea3m b\u1ea3o thi\u1ebft b\u1ecb v\u1eabn ho\u1ea1t \u0111\u1ed9ng b\u00ecnh th\u01b0\u1eddng khi m\u1ed9t ngu\u1ed3n g\u1eb7p s\u1ef1 c\u1ed1. Thi\u1ebft k\u1ebf c\u00f4ng t\u1eafc DIP cho ph\u00e9p th\u1ef1c hi\u1ec7n kh\u00f4i ph\u1ee5c c\u00e0i \u0111\u1eb7t g\u1ed1c c\u1ee7a thi\u1ebft b\u1ecb.Khi ngu\u1ed3n DC ho\u1eb7c c\u1ed5ng x\u1ea3y ra l\u1ed7i k\u1ebft n\u1ed1i, \u0111\u00e8n b\u00e1o ALM s\u1ebd s\u00e1ng v\u00e0 ph\u00e1t t\u00edn hi\u1ec7u c\u1ea3nh b\u00e1o; \u0111\u1ed3ng th\u1eddi, thi\u1ebft b\u1ecb c\u1ea3nh b\u00e1o k\u1ebft n\u1ed1i v\u1edbi r\u01a1-le s\u1ebd ph\u00e1t b\u00e1o \u0111\u1ed9ng, gi\u00fap x\u1eed l\u00fd s\u1ef1 c\u1ed1 t\u1ea1i hi\u1ec7n tr\u01b0\u1eddng m\u1ed9t c\u00e1ch nhanh ch\u00f3ng.Ph\u1ea7n c\u1ee9ng \u0111\u01b0\u1ee3c thi\u1ebft k\u1ebf kh\u00f4ng qu\u1ea1t, ti\u00eau th\u1ee5 \u0111i\u1ec7n n\u0103ng th\u1ea5p v\u00e0 ho\u1ea1t \u0111\u1ed9ng trong d\u1ea3i nhi\u1ec7t \u0111\u1ed9 r\u1ed9ng; s\u1ea3n ph\u1ea9m \u0111\u00e3 v\u01b0\u1ee3t qua c\u00e1c b\u00e0i ki\u1ec3m tra nghi\u00eam ng\u1eb7t theo ti\u00eau chu\u1ea9n c\u00f4ng nghi\u1ec7p, ph\u00f9 h\u1ee3p v\u1edbi m\u00f4i tr\u01b0\u1eddng c\u00f4ng nghi\u1ec7p c\u00f3 y\u00eau c\u1ea7u kh\u1eaft khe v\u1ec1 EMC.S\u1ea3n ph\u1ea9m \u0111\u01b0\u1ee3c \u1ee9ng d\u1ee5ng r\u1ed9ng r\u00e3i trong c\u00e1c l\u0129nh v\u1ef1c nh\u01b0 ph\u1ee7 s\u00f3ng AP, giao th\u00f4ng \u0111\u01b0\u1eddng s\u1eaft, th\u00e0nh ph\u1ed1 th\u00f4ng minh, th\u00e0nh ph\u1ed1 an to\u00e0n, n\u0103ng l\u01b0\u1ee3ng m\u1edbi, l\u01b0\u1edbi \u0111i\u1ec7n th\u00f4ng minh, s\u1ea3n xu\u1ea5t th\u00f4ng minh v\u00e0 nhi\u1ec1u l\u0129nh v\u1ef1c c\u00f4ng nghi\u1ec7p kh\u00e1c.<\/p>\n<p><strong>T\u00ednh n\u0103ng b\u1ed5 sung<\/strong><br \/>\nSNMPv1\/v2c\/v3 \u0111\u01b0\u1ee3c s\u1eed d\u1ee5ng cho qu\u1ea3n l\u00fd m\u1ea1ng \u1edf nhi\u1ec1u c\u1ea5p \u0111\u1ed9 kh\u00e1c nhau<br \/>\nRMON c\u00f3 th\u1ec3 \u0111\u01b0\u1ee3c s\u1eed d\u1ee5ng \u0111\u1ec3 gi\u00e1m s\u00e1t m\u1ea1ng m\u1ed9t c\u00e1ch hi\u1ec7u qu\u1ea3 v\u00e0 linh ho\u1ea1t<br \/>\nQoS h\u1ed7 tr\u1ee3 ph\u00e2n lo\u1ea1i l\u01b0u l\u01b0\u1ee3ng th\u1eddi gian th\u1ef1c v\u00e0 thi\u1ebft l\u1eadp m\u1ee9c \u0111\u1ed9 \u01b0u ti\u00ean<br \/>\nLLDP cho ph\u00e9p t\u1ef1 \u0111\u1ed9ng ph\u00e1t hi\u1ec7n c\u1ea5u tr\u00fac li\u00ean k\u1ebft (topology), thu\u1eadn ti\u1ec7n cho qu\u1ea3n l\u00fd tr\u1ef1c quan<br \/>\nDHCP Server v\u00e0 DHCP Client c\u00f3 th\u1ec3 \u0111\u01b0\u1ee3c s\u1eed d\u1ee5ng \u0111\u1ec3 c\u1ea5p ph\u00e1t \u0111\u1ecba ch\u1ec9 IP theo nhi\u1ec1u chi\u1ebfn l\u01b0\u1ee3c kh\u00e1c nhau<br \/>\nDHCP Snooping gi\u00fap \u0111\u1ea3m b\u1ea3o c\u00e1c DHCP client ch\u1ec9 nh\u1eadn \u0111\u1ecba ch\u1ec9 IP t\u1eeb DHCP Server h\u1ee3p l\u1ec7<br \/>\nCh\u1ee9c n\u0103ng DHCP Relay cho ph\u00e9p c\u1ea5u h\u00ecnh \u0111\u1ecba ch\u1ec9 IP, gateway v\u00e0 DNS xuy\u00ean qua c\u00e1c ph\u00e2n \u0111o\u1ea1n m\u1ea1ng kh\u00e1c nhau<br \/>\nQu\u1ea3n l\u00fd file gi\u00fap c\u1ea5u h\u00ecnh thi\u1ebft b\u1ecb nhanh ch\u00f3ng v\u00e0 n\u00e2ng c\u1ea5p tr\u1ef1c tuy\u1ebfn thu\u1eadn ti\u1ec7n<br \/>\nNh\u1eadt k\u00fd c\u1ea3nh b\u00e1o v\u00e0 m\u00e1y ch\u1ee7 log c\u00f3 th\u1ec3 ghi l\u1ea1i c\u00e1c ho\u1ea1t \u0111\u1ed9ng c\u1ee7a ng\u01b0\u1eddi d\u00f9ng, l\u1ed7i h\u1ec7 th\u1ed1ng, b\u1ea3o m\u1eadt h\u1ec7 th\u1ed1ng v\u00e0 c\u00e1c th\u00f4ng tin kh\u00e1c c\u1ea3 t\u1ea1i ch\u1ed7 v\u00e0 t\u1eeb xa<br \/>\nC\u1ea5u h\u00ecnh ph\u00e2n quy\u1ec1n ng\u01b0\u1eddi d\u00f9ng cho ph\u00e9p thi\u1ebft l\u1eadp m\u1ee9c quy\u1ec1n h\u1ea1n cho t\u1eebng ng\u01b0\u1eddi d\u00f9ng<br \/>\nC\u1ea5u h\u00ecnh SSH v\u00e0 HTTPS c\u00f3 th\u1ec3 n\u00e2ng cao b\u1ea3o m\u1eadt qu\u1ea3n l\u00fd thi\u1ebft b\u1ecb v\u00e0 \u0111\u1ea3m b\u1ea3o an to\u00e0n truy c\u1eadp d\u1eef li\u1ec7u<br \/>\nH\u1ed7 tr\u1ee3 d\u1ecbch v\u1ee5 truy c\u1eadp m\u1ea1ng NAS, \u0111\u1ed3ng th\u1eddi \u0111\u1ea3m b\u1ea3o an to\u00e0n b\u1ea3o m\u1eadt cho nhi\u1ec1u d\u1ecbch v\u1ee5.<br \/>\nCh\u1ee9c n\u0103ng MEP c\u00f3 th\u1ec3 x\u00e1c \u0111\u1ecbnh ph\u1ea1m vi v\u00e0 ranh gi\u1edbi c\u1ee7a mi\u1ec1n b\u1ea3o tr\u00ec<br \/>\nCh\u1ee9c n\u0103ng c\u1ea5u h\u00ecnh EVC cho ph\u00e9p thi\u1ebft l\u1eadp k\u1ebft n\u1ed1i d\u1ecbch v\u1ee5 Ethernet gi\u1eefa hai \u0111i\u1ec3m.<br \/>\nRing v\u00e0 STP\/RSTP\/MSTP c\u00f3 th\u1ec3 \u0111\u1ea3m b\u1ea3o d\u1ef1 ph\u00f2ng m\u1ea1ng, gi\u00fap ng\u0103n ng\u1eeba hi\u1ec7n t\u01b0\u1ee3ng b\u00e3o m\u1ea1ng (network storm)<br \/>\nCh\u1ee9c n\u0103ng ERPS c\u00f3 th\u1ec3 th\u1ef1c hi\u1ec7n d\u1ef1 ph\u00f2ng li\u00ean k\u1ebft v\u00e0 n\u00e2ng cao \u0111\u1ed9 tin c\u1eady c\u1ee7a m\u1ea1ng.<br \/>\nC\u1ea3nh b\u00e1o r\u01a1-le gi\u00fap thu\u1eadn ti\u1ec7n cho vi\u1ec7c x\u1eed l\u00fd s\u1ef1 c\u1ed1 t\u1ea1i hi\u1ec7n tr\u01b0\u1eddng l\u1eafp \u0111\u1eb7t<br \/>\nStorm suppression c\u00f3 th\u1ec3 h\u1ea1n ch\u1ebf ph\u00e1t s\u00f3ng, ph\u00e1t \u0111a \u0111i\u1ec3m kh\u00f4ng x\u00e1c \u0111\u1ecbnh v\u00e0 ph\u00e1t \u0111\u01a1n \u0111i\u1ec3m<br \/>\nVLAN \u0111\u01b0\u1ee3c s\u1eed d\u1ee5ng \u0111\u1ec3 \u0111\u01a1n gi\u1ea3n h\u00f3a vi\u1ec7c l\u1eadp k\u1ebf ho\u1ea1ch m\u1ea1ng<br \/>\nPort Trunking v\u00e0 LACP c\u00f3 th\u1ec3 t\u0103ng b\u0103ng th\u00f4ng m\u1ea1ng v\u00e0 n\u00e2ng cao \u0111\u1ed9 tin c\u1eady c\u1ee7a k\u1ebft n\u1ed1i m\u1ea1ng, gi\u00fap t\u1ed1i \u01b0u h\u00f3a vi\u1ec7c s\u1eed d\u1ee5ng b\u0103ng th\u00f4ng.<br \/>\nIGMP Snooping c\u00f3 th\u1ec3 \u0111\u01b0\u1ee3c s\u1eed d\u1ee5ng \u0111\u1ec3 l\u1ecdc l\u01b0u l\u01b0\u1ee3ng multicast, gi\u00fap ti\u1ebft ki\u1ec7m b\u0103ng th\u00f4ng m\u1ea1ng.<br \/>\nC\u00f4ng ngh\u1ec7 PoE cho ph\u00e9p c\u1ea5p ngu\u1ed3n tr\u1ef1c ti\u1ebfp qua c\u00e1p Ethernet, gi\u00fap gi\u1ea3m s\u1ed1 l\u01b0\u1ee3ng d\u00e2y k\u1ebft n\u1ed1i cho c\u00e1c thi\u1ebft b\u1ecb s\u1eed d\u1ee5ng ngu\u1ed3n.<br \/>\nH\u1ed7 tr\u1ee3 c\u1ed5ng I\/O \u0111\u1ea7u v\u00e0o v\u00e0 \u0111\u1ea7u ra, c\u1ea3nh b\u00e1o tr\u1ea1ng th\u00e1i I\/O v\u00e0 \u0111i\u1ec1u khi\u1ec3n thi\u1ebft b\u1ecb t\u1eeb xa.<br \/>\nCh\u1ea9n \u0111o\u00e1n v\u00e0 x\u1eed l\u00fd s\u1ef1 c\u1ed1 m\u1ea1ng c\u00f3 th\u1ec3 \u0111\u01b0\u1ee3c th\u1ef1c hi\u1ec7n th\u00f4ng qua ch\u1ee9c n\u0103ng Ping v\u00e0 ph\u00e1t hi\u1ec7n c\u00e1p<br \/>\nPort mirroring cho ph\u00e9p ph\u00e2n t\u00edch v\u00e0 gi\u00e1m s\u00e1t d\u1eef li\u1ec7u, thu\u1eadn ti\u1ec7n cho vi\u1ec7c g\u1ee1 l\u1ed7i (debug) tr\u1ef1c tuy\u1ebfn<br \/>\nH\u1ed7 tr\u1ee3 h\u1ec7 th\u1ed1ng ch\u00ednh v\u00e0 d\u1ef1 ph\u00f2ng. Khi h\u1ec7 th\u1ed1ng ch\u00ednh g\u1eb7p s\u1ef1 c\u1ed1 trong qu\u00e1 tr\u00ecnh kh\u1edfi \u0111\u1ed9ng, h\u1ec7 th\u1ed1ng d\u1ef1 ph\u00f2ng s\u1ebd t\u1ef1 \u0111\u1ed9ng kh\u1edfi \u0111\u1ed9ng.<br \/>\nH\u1ed7 tr\u1ee3 kh\u1edfi \u0111\u1ed9ng nhanh h\u1ec7 th\u1ed1ng ngu\u1ed3n c\u1ee7a thi\u1ebft b\u1ecb trong v\u00f2ng 20 gi\u00e2y.<\/p>","protected":false},"excerpt":{"rendered":"<h1>Switch c\u00f4ng nghi\u1ec7p PoE++ qu\u1ea3n l\u00fd Layer 2 Gigabit 12 c\u1ed5ng<\/h1>\n<p>2 c\u1ed5ng SFP 100M\/1G\/2.5G, 2 c\u1ed5ng SFP 100M\/1G, 8 c\u1ed5ng Gigabit PoE, 2 DI v\u00e0 2 DO<br \/>\nT\u1ea5t c\u1ea3 c\u00e1c c\u1ed5ng PoE tu\u00e2n th\u1ee7 ti\u00eau chu\u1ea9n IEEE 802.3af\/at\/bt. M\u1ed7i c\u1ed5ng PoE h\u1ed7 tr\u1ee3 c\u00f4ng su\u1ea5t t\u1ed1i \u0111a 90W, t\u1ed5ng c\u00f4ng su\u1ea5t PoE t\u1ed1i \u0111a l\u00ean \u0111\u1ebfn 360W.<br \/>\nSW-Ring: h\u1ed7 tr\u1ee3 v\u00f2ng \u0111\u01a1n (single ring), v\u00f2ng gh\u00e9p (coupling ring), chu\u1ed7i (chain), Dual-homing; th\u1eddi gian ph\u1ee5c h\u1ed3i &lt; 20 ms.<br \/>\nH\u1ed7 tr\u1ee3 nhi\u1ec1u giao th\u1ee9c m\u1ea1ng v\u00e0 ti\u00eau chu\u1ea9n c\u00f4ng nghi\u1ec7p, nh\u01b0 STP\/RSTP\/MSTP, ERPS, PoE, DHCP, VLAN, QoS, IGMP Snooping, LLDP, ACL v\u00e0 SNMP.<br \/>\nH\u1ed7 tr\u1ee3 ngu\u1ed3n \u0111i\u1ec7n d\u1ef1 ph\u00f2ng k\u00e9p, \u0111i\u1ec7n \u00e1p \u0111\u1ea7u v\u00e0o 50~55VDC.<br \/>\nH\u1ed7 tr\u1ee3 d\u1ea3i nhi\u1ec7t \u0111\u1ed9 ho\u1ea1t \u0111\u1ed9ng r\u1ed9ng t\u1eeb -40\u00b0C \u0111\u1ebfn 75\u00b0C<\/p>","protected":false},"featured_media":2933,"template":"","meta":[],"product_brand":[],"product_cat":[37],"product_tag":[],"class_list":{"0":"post-2928","1":"product","2":"type-product","3":"status-publish","4":"has-post-thumbnail","6":"product_cat-ethernet-poe-switch","8":"first","9":"instock","10":"shipping-taxable","11":"product-type-simple"},"acf":[],"_links":{"self":[{"href":"https:\/\/3onedatavn.com\/vi\/wp-json\/wp\/v2\/product\/2928","targetHints":{"allow":["GET"]}}],"collection":[{"href":"https:\/\/3onedatavn.com\/vi\/wp-json\/wp\/v2\/product"}],"about":[{"href":"https:\/\/3onedatavn.com\/vi\/wp-json\/wp\/v2\/types\/product"}],"wp:featuredmedia":[{"embeddable":true,"href":"https:\/\/3onedatavn.com\/vi\/wp-json\/wp\/v2\/media\/2933"}],"wp:attachment":[{"href":"https:\/\/3onedatavn.com\/vi\/wp-json\/wp\/v2\/media?parent=2928"}],"wp:term":[{"taxonomy":"product_brand","embeddable":true,"href":"https:\/\/3onedatavn.com\/vi\/wp-json\/wp\/v2\/product_brand?post=2928"},{"taxonomy":"product_cat","embeddable":true,"href":"https:\/\/3onedatavn.com\/vi\/wp-json\/wp\/v2\/product_cat?post=2928"},{"taxonomy":"product_tag","embeddable":true,"href":"https:\/\/3onedatavn.com\/vi\/wp-json\/wp\/v2\/product_tag?post=2928"}],"curies":[{"name":"wp","href":"https:\/\/api.w.org\/{rel}","templated":true}]}}